{"id":7522,"date":"2020-02-21T13:57:49","date_gmt":"2020-02-21T12:57:49","guid":{"rendered":"https:\/\/www.esdes.fr\/?page_id=7522"},"modified":"2024-02-27T09:56:24","modified_gmt":"2024-02-27T08:56:24","slug":"esdes-is-hiring","status":"publish","type":"page","link":"https:\/\/www.esdes.fr\/en\/welcome\/research\/research-actualities\/esdes-is-hiring\/","title":{"rendered":"Esdes is hiring"},"content":{"rendered":"<p>As part of its development, the Esdes Business School regularly recruits <strong>full-time research<\/strong> <strong>professors<\/strong>. You can submit an application using the form below:<\/p><div class=\"frm_forms \" id=\"frm_form_15_container\" >\n<form enctype=\"multipart\/form-data\" method=\"post\" class=\"frm-show-form  frm_js_validate  frm_ajax_submit  frm_pro_form \" id=\"form_candidaturespontaneeda38689882\" >\n<div class=\"frm_form_fields \">\n<fieldset>\n<legend class=\"frm_screen_reader\">Unsolicited application<\/legend>\r\n\r\n<div class=\"frm_fields_container\">\n<input type=\"hidden\" name=\"frm_action\" value=\"create\" \/>\n<input type=\"hidden\" name=\"form_id\" value=\"15\" \/>\n<input type=\"hidden\" name=\"frm_hide_fields_15\" id=\"frm_hide_fields_15\" value=\"\" \/>\n<input type=\"hidden\" name=\"form_key\" value=\"candidaturespontaneeda38689882\" \/>\n<input type=\"hidden\" name=\"item_meta[0]\" value=\"\" \/>\n<input type=\"hidden\" id=\"frm_submit_entry_15\" name=\"frm_submit_entry_15\" value=\"408cc83652\" \/><input type=\"hidden\" name=\"_wp_http_referer\" value=\"\/en\/wp-json\/wp\/v2\/pages\/7522\" \/><div id=\"frm_field_71_container\" class=\"frm_form_field form-field  frm_required_field frm_top_container\">\r\n    <label for=\"field_nhctk3f30b3bd60\" id=\"field_nhctk3f30b3bd60_label\" class=\"frm_primary_label\">Civility\r\n        <span class=\"frm_required\">*<\/span>\r\n    <\/label>\r\n    \t\t<select name=\"item_meta[71]\" id=\"field_nhctk3f30b3bd60\"  data-reqmsg=\"Veuillez remplir ce champ\" aria-required=\"true\" data-invmsg=\"Civility is invalid\" aria-invalid=\"false\"  >\n\t\t<option  value=\"Undefined\">Undefined<\/option><option  value=\"Madam\">Madam<\/option><option  value=\"Mister\">Mister<\/option>\t<\/select>\n\t\r\n    \r\n    \r\n<\/div>\n<div id=\"frm_field_72_container\" class=\"frm_form_field form-field  frm_required_field frm_top_container\">\r\n    <label for=\"field_dxkpm993ddf271b\" id=\"field_dxkpm993ddf271b_label\" class=\"frm_primary_label\">First Name\r\n        <span class=\"frm_required\">*<\/span>\r\n    <\/label>\r\n    <input type=\"text\" id=\"field_dxkpm993ddf271b\" name=\"item_meta[72]\" value=\"\"  data-reqmsg=\"Veuillez remplir ce champ\" aria-required=\"true\" data-invmsg=\"texte est non valide\" aria-invalid=\"false\"  \/>\r\n    \r\n    \r\n<\/div>\n<div id=\"frm_field_73_container\" class=\"frm_form_field form-field  frm_required_field frm_top_container\">\r\n    <label for=\"field_gtx447270008e0a\" id=\"field_gtx447270008e0a_label\" class=\"frm_primary_label\">Last Name\r\n        <span class=\"frm_required\">*<\/span>\r\n    <\/label>\r\n    <input type=\"text\" id=\"field_gtx447270008e0a\" name=\"item_meta[73]\" value=\"\"  data-reqmsg=\"Veuillez remplir ce champ\" aria-required=\"true\" data-invmsg=\"texte est non valide\" aria-invalid=\"false\"  \/>\r\n    \r\n    \r\n<\/div>\n<div id=\"frm_field_74_container\" class=\"frm_form_field form-field  frm_required_field frm_top_container\">\r\n    <label for=\"field_dj2q5001f04eb88\" id=\"field_dj2q5001f04eb88_label\" class=\"frm_primary_label\">E-mail\r\n        <span class=\"frm_required\">*<\/span>\r\n    <\/label>\r\n    <input type=\"email\" id=\"field_dj2q5001f04eb88\" name=\"item_meta[74]\" value=\"\"  data-reqmsg=\"Veuillez remplir ce champ\" aria-required=\"true\" data-invmsg=\"E-mail est non valide\" aria-invalid=\"false\"  \/>\r\n    \r\n    \r\n<\/div>\n<div id=\"frm_field_75_container\" class=\"frm_form_field form-field  frm_required_field frm_top_container\">\r\n    <label for=\"field_2vder424db0d950\" id=\"field_2vder424db0d950_label\" class=\"frm_primary_label\">Phone Number\r\n        <span class=\"frm_required\">*<\/span>\r\n    <\/label>\r\n    <input type=\"tel\" id=\"field_2vder424db0d950\" name=\"item_meta[75]\" value=\"\"  data-reqmsg=\"Veuillez remplir ce champ\" aria-required=\"true\" data-invmsg=\"Phone est non valide\" aria-invalid=\"false\" pattern=\"((\\+\\d{1,3}(-|.| )?\\(?\\d\\)?(-| |.)?\\d{1,5})|(\\(?\\d{2,6}\\)?))(-|.| )?(\\d{3,4})(-|.| )?(\\d{4})(( x| ext)\\d{1,5}){0,1}$\"  \/>\r\n    \r\n    \r\n<\/div>\n<div id=\"frm_field_76_container\" class=\"frm_form_field form-field  frm_required_field frm_top_container\">\r\n    <label for=\"field_q50w\" id=\"field_q50w_label\" class=\"frm_primary_label\">Teaching and Research Discipline \r\n        <span class=\"frm_required\">*<\/span>\r\n    <\/label>\r\n    <input type=\"text\" id=\"field_q50w\" name=\"item_meta[76]\" value=\"\"  maxlength=\"100\" data-reqmsg=\"Veuillez remplir ce champ\" aria-required=\"true\" data-invmsg=\"texte est non valide\" aria-invalid=\"false\"  \/>\r\n    \r\n    \r\n<\/div>\n<div id=\"frm_field_77_container\" class=\"frm_form_field form-field  frm_required_field frm_top_container\">\r\n    <div  id=\"field_srm1_label\" class=\"frm_primary_label\">Motivation letter ( to load - PDF File)\r\n        <span class=\"frm_required\">*<\/span>\r\n    <\/div>\r\n    <input type=\"hidden\" name=\"item_meta[77]\"  data-reqmsg=\"Veuillez remplir ce champ\"  value=\"\" data-frmfile=\"77\" \/>\n\n<div class=\"frm_dropzone frm_single_upload frm_clearfix\" id=\"file77_dropzone\" role=\"group\" >\n\t<div class=\"fallback\">\n\t\t<input type=\"file\" name=\"file77\" id=\"field_srm1\"\n\t\t\t data-reqmsg=\"Veuillez remplir ce champ\" data-invmsg=\"T\u00e9l\u00e9versement de fichier est non valide\" aria-invalid=\"false\"  \t\t\t\/>\n\t\t\t\t<div class=\"frm_clearfix \"><\/div>\n\t<\/div>\n\t<div class=\"dz-message needsclick\">\n\t\t\t\t<svg  viewBox=\"0 0 18 18\" class=\"frmsvg frm-svg-icon\">\n\t<path viewBox=\"0 0 18 18\" fill-rule=\"evenodd\" clip-rule=\"evenodd\" d=\"M8.2 4v8a.8.8 0 001.5 0V4l2.1 2.2A.7.7 0 1013 5L9.5 1.7a.7.7 0 00-1.1 0L5.1 5.2a.8.8 0 001 1l2.1-2zm7.6 4.3c.4 0 .7.3.7.7v6.8c0 .4-.3.7-.8.7H2.3a.8.8 0 01-.8-.8V9A.8.8 0 013 9v6h12V9c0-.4.3-.8.8-.8z\"><\/path>\n<\/svg>\t\t<span class=\"frm_upload_text\"><button type=\"button\" aria-label=\"Motivation letter ( to load - PDF File). D\u00e9poser un fichier ici ou cliquer pour t\u00e9l\u00e9charger. Maximum file size: 20.97MB\">D\u00e9poser un fichier ici ou cliquer pour t\u00e9l\u00e9charger<\/button><\/span>\n\t\t<span class=\"frm_compact_text\"><button type=\"button\" aria-label=\"Motivation letter ( to load - PDF File). Choisir un fichier. Maximum file size: 20.97MB\">Choisir un fichier<\/button><\/span>\n\t\t<div class=\"frm_small_text\">\n\t\t\t<p>Maximum file size: 20.97MB<\/p>\n\t\t<\/div>\n\t<\/div>\n<\/div>\n\r\n    \r\n    \r\n<\/div>\n<div id=\"frm_field_78_container\" class=\"frm_form_field form-field  frm_required_field frm_top_container\">\r\n    <div  id=\"field_tpvf91e231d2160_label\" class=\"frm_primary_label\">Resume (To load - PDF File )\r\n        <span class=\"frm_required\">*<\/span>\r\n    <\/div>\r\n    <input type=\"hidden\" name=\"item_meta[78]\"  data-reqmsg=\"Veuillez remplir ce champ\"  value=\"\" data-frmfile=\"78\" \/>\n\n<div class=\"frm_dropzone frm_single_upload frm_clearfix\" id=\"file78_dropzone\" role=\"group\" >\n\t<div class=\"fallback\">\n\t\t<input type=\"file\" name=\"file78\" id=\"field_tpvf91e231d2160\"\n\t\t\t data-reqmsg=\"Veuillez remplir ce champ\" data-invmsg=\"T\u00e9l\u00e9versement de fichier est non valide\" aria-invalid=\"false\"  \t\t\t\/>\n\t\t\t\t<div class=\"frm_clearfix \"><\/div>\n\t<\/div>\n\t<div class=\"dz-message needsclick\">\n\t\t\t\t<svg  viewBox=\"0 0 18 18\" class=\"frmsvg frm-svg-icon\">\n\t<path viewBox=\"0 0 18 18\" fill-rule=\"evenodd\" clip-rule=\"evenodd\" d=\"M8.2 4v8a.8.8 0 001.5 0V4l2.1 2.2A.7.7 0 1013 5L9.5 1.7a.7.7 0 00-1.1 0L5.1 5.2a.8.8 0 001 1l2.1-2zm7.6 4.3c.4 0 .7.3.7.7v6.8c0 .4-.3.7-.8.7H2.3a.8.8 0 01-.8-.8V9A.8.8 0 013 9v6h12V9c0-.4.3-.8.8-.8z\"><\/path>\n<\/svg>\t\t<span class=\"frm_upload_text\"><button type=\"button\" aria-label=\"Resume (To load - PDF File ). D\u00e9poser un fichier ici ou cliquer pour t\u00e9l\u00e9charger. Maximum file size: 20.97MB\">D\u00e9poser un fichier ici ou cliquer pour t\u00e9l\u00e9charger<\/button><\/span>\n\t\t<span class=\"frm_compact_text\"><button type=\"button\" aria-label=\"Resume (To load - PDF File ). Choisir un fichier. Maximum file size: 20.97MB\">Choisir un fichier<\/button><\/span>\n\t\t<div class=\"frm_small_text\">\n\t\t\t<p>Maximum file size: 20.97MB<\/p>\n\t\t<\/div>\n\t<\/div>\n<\/div>\n\r\n    \r\n    \r\n<\/div>\n<div id=\"frm_field_79_container\" class=\"frm_form_field form-field  frm_top_container\">\r\n    <div  id=\"field_jk8eoe9aca7b1d3_label\" class=\"frm_primary_label\">Other document (optional) (to load - PDF file)\r\n        <span class=\"frm_required\"><\/span>\r\n    <\/div>\r\n    <input type=\"hidden\" name=\"item_meta[79]\"  value=\"\" data-frmfile=\"79\" \/>\n\n<div class=\"frm_dropzone frm_single_upload frm_clearfix\" id=\"file79_dropzone\" role=\"group\" >\n\t<div class=\"fallback\">\n\t\t<input type=\"file\" name=\"file79\" id=\"field_jk8eoe9aca7b1d3\"\n\t\t\t data-invmsg=\"T\u00e9l\u00e9versement de fichier est non valide\" aria-invalid=\"false\"  \t\t\t\/>\n\t\t\t\t<div class=\"frm_clearfix \"><\/div>\n\t<\/div>\n\t<div class=\"dz-message needsclick\">\n\t\t\t\t<svg  viewBox=\"0 0 18 18\" class=\"frmsvg frm-svg-icon\">\n\t<path viewBox=\"0 0 18 18\" fill-rule=\"evenodd\" clip-rule=\"evenodd\" d=\"M8.2 4v8a.8.8 0 001.5 0V4l2.1 2.2A.7.7 0 1013 5L9.5 1.7a.7.7 0 00-1.1 0L5.1 5.2a.8.8 0 001 1l2.1-2zm7.6 4.3c.4 0 .7.3.7.7v6.8c0 .4-.3.7-.8.7H2.3a.8.8 0 01-.8-.8V9A.8.8 0 013 9v6h12V9c0-.4.3-.8.8-.8z\"><\/path>\n<\/svg>\t\t<span class=\"frm_upload_text\"><button type=\"button\" aria-label=\"Other document (optional) (to load - PDF file). D\u00e9poser un fichier ici ou cliquer pour t\u00e9l\u00e9charger. Maximum file size: 20.97MB\">D\u00e9poser un fichier ici ou cliquer pour t\u00e9l\u00e9charger<\/button><\/span>\n\t\t<span class=\"frm_compact_text\"><button type=\"button\" aria-label=\"Other document (optional) (to load - PDF file). Choisir un fichier. Maximum file size: 20.97MB\">Choisir un fichier<\/button><\/span>\n\t\t<div class=\"frm_small_text\">\n\t\t\t<p>Maximum file size: 20.97MB<\/p>\n\t\t<\/div>\n\t<\/div>\n<\/div>\n\r\n    \r\n    \r\n<\/div>\n<div id=\"frm_field_80_container\" class=\"frm_form_field form-field  frm_none_container\">\r\n    <div  id=\"field_q43q_label\" class=\"frm_primary_label\">reCAPTCHA\r\n        <span class=\"frm_required\"><\/span>\r\n    <\/div>\r\n    <div  id=\"field_q43q\" class=\"frm-g-recaptcha\" data-sitekey=\"6LdZecoZAAAAAASWV36E1d8R47CXs9iA1-vJaWki\" data-size=\"normal\" data-theme=\"light\"><\/div>\r\n    \r\n    \r\n<\/div>\n<div id=\"frm_field_81_container\" class=\"frm_form_field form-field  frm_required_field frm_none_container vertical_radio\">\r\n    <div  id=\"field_ugrp83331efc0e939_label\" class=\"frm_primary_label\">GDPR\r\n        <span class=\"frm_required\">*<\/span>\r\n    <\/div>\r\n    <div class=\"frm_opt_container\" aria-labelledby=\"field_ugrp83331efc0e939_label\" role=\"group\">\t\t<div class=\"frm_checkbox\" id=\"frm_checkbox_81-0\">\t\t\t<label  for=\"field_ugrp83331efc0e939-0\">\n\t\t\t<input type=\"checkbox\" name=\"item_meta[81][]\" id=\"field_ugrp83331efc0e939-0\" value=\"By checking this box, I consent to the use of my contact information for the purposes of the GDPR.\"  data-reqmsg=\"Veuillez remplir ce champ\" data-invmsg=\"GDPR is invalid\" aria-invalid=\"false\"   aria-required=\"true\"  \/> By checking this box, I consent to the use of my contact information for the purposes of the GDPR.<\/label><\/div>\n<\/div>\r\n    \r\n    \r\n<\/div>\n<input type=\"hidden\" name=\"item_meta[82]\" id=\"field_email_notification3321fc3a71a9\" value=\"\"     \/>\n\t<input type=\"hidden\" name=\"item_key\" value=\"\" \/>\n\t\t\t\t<div class=\"frm__65279e1f8d625\">\n\t\t\t\t<label for=\"frm_email_15\" >\n\t\t\t\t\tIf you are human, leave this field blank.\t\t\t\t<\/label>\n\t\t\t\t<input  id=\"frm_email_15\" type=\"text\" class=\"frm_verify\" name=\"frm__65279e1f8d625\" value=\"\" autocomplete=\"off\"  \/>\n\t\t\t<\/div>\n\t\t<input name=\"frm_state\" type=\"hidden\" value=\"r8BzPGE\/FU69BHGc8WVuqvPKh+mENeF9C3mEoj+gVbk=\" \/><div class=\"frm_submit\">\r\n\r\n<button class=\"frm_button_submit frm_final_submit\" type=\"submit\"   formnovalidate=\"formnovalidate\">Send<\/button>\r\n\r\n<\/div><\/div>\n<\/fieldset>\n<\/div>\n\n<\/form>\n<\/div>\n<div class=\"wp-block-contact js-fade-scroll\">\n  <p class=\"wp-block-contact-title\">Contact us if you have any questions<\/p>\n\n        <div class=\"contact-info\">\n        <p class=\"contact-item\">\n          <span class=\"contact-strong\">Academic research<\/span><br>\n          <span class=\"contact-light\"><\/span>\n        <\/p>\n        <span class=\"contact-separate\"><\/span>\n        <p class=\"contact-item\">\n          <a class=\"icon-phone contact-button show-for-small-only\" href=\"tel:\"><\/a>\n          <span class=\"contact-strong hide-for-small-only\"><\/span><br>\n          <a class=\"icon-mail contact-button show-for-small-only\" href=\"mailto:esdes.recrutement@univ-catholyon.fr\"><\/a>\n          <span class=\"contact-light hide-for-small-only\">esdes.recrutement@univ-catholyon.fr<\/span>\n        <\/p>\n      <\/div>\n    <\/div>","protected":false},"excerpt":{"rendered":"<p>As part of its development, the Esdes Business School regularly recruits full-time research professors. You can submit an application using the form below:<\/p>\n","protected":false},"author":64,"featured_media":6129,"parent":7515,"menu_order":0,"comment_status":"closed","ping_status":"closed","template":"","meta":{"_acf_changed":false,"footnotes":""},"class_list":["post-7522","page","type-page","status-publish","has-post-thumbnail","hentry"],"acf":[],"yoast_head":"<!-- This site is optimized with the Yoast SEO plugin v24.1 - https:\/\/yoast.com\/wordpress\/plugins\/seo\/ -->\n<title>Esdes is hiring - ESDES Business School<\/title>\n<meta name=\"robots\" content=\"index, follow, max-snippet:-1, max-image-preview:large, max-video-preview:-1\" \/>\n<link rel=\"canonical\" href=\"https:\/\/www.esdes.fr\/en\/welcome\/research\/research-actualities\/esdes-is-hiring\/\" \/>\n<meta property=\"og:locale\" content=\"en_US\" \/>\n<meta property=\"og:type\" content=\"article\" \/>\n<meta property=\"og:title\" content=\"Esdes is hiring - ESDES Business School\" \/>\n<meta property=\"og:description\" content=\"As part of its development, the Esdes Business School regularly recruits full-time research professors. You can submit an application using the form below:\" \/>\n<meta property=\"og:url\" content=\"https:\/\/www.esdes.fr\/en\/welcome\/research\/research-actualities\/esdes-is-hiring\/\" \/>\n<meta property=\"og:site_name\" content=\"ESDES Business School\" \/>\n<meta property=\"article:modified_time\" content=\"2024-02-27T08:56:24+00:00\" \/>\n<meta property=\"og:image\" content=\"https:\/\/www.esdes.fr\/wp-content\/uploads\/sites\/12\/2020\/07\/header_recrute.jpg\" \/>\n\t<meta property=\"og:image:width\" content=\"1920\" \/>\n\t<meta property=\"og:image:height\" content=\"575\" \/>\n\t<meta property=\"og:image:type\" content=\"image\/jpeg\" \/>\n<meta name=\"twitter:card\" content=\"summary_large_image\" \/>\n<meta name=\"twitter:label1\" content=\"Est. reading time\" \/>\n\t<meta name=\"twitter:data1\" content=\"1 minute\" \/>\n<script type=\"application\/ld+json\" class=\"yoast-schema-graph\">{\"@context\":\"https:\/\/schema.org\",\"@graph\":[{\"@type\":\"WebPage\",\"@id\":\"https:\/\/www.esdes.fr\/en\/welcome\/research\/research-actualities\/esdes-is-hiring\/\",\"url\":\"https:\/\/www.esdes.fr\/en\/welcome\/research\/research-actualities\/esdes-is-hiring\/\",\"name\":\"Esdes is hiring - ESDES Business School\",\"isPartOf\":{\"@id\":\"https:\/\/www.esdes.fr\/en\/#website\"},\"primaryImageOfPage\":{\"@id\":\"https:\/\/www.esdes.fr\/en\/welcome\/research\/research-actualities\/esdes-is-hiring\/#primaryimage\"},\"image\":{\"@id\":\"https:\/\/www.esdes.fr\/en\/welcome\/research\/research-actualities\/esdes-is-hiring\/#primaryimage\"},\"thumbnailUrl\":\"https:\/\/www.esdes.fr\/wp-content\/uploads\/sites\/12\/2020\/07\/header_recrute.jpg\",\"datePublished\":\"2020-02-21T12:57:49+00:00\",\"dateModified\":\"2024-02-27T08:56:24+00:00\",\"breadcrumb\":{\"@id\":\"https:\/\/www.esdes.fr\/en\/welcome\/research\/research-actualities\/esdes-is-hiring\/#breadcrumb\"},\"inLanguage\":\"en-US\",\"potentialAction\":[{\"@type\":\"ReadAction\",\"target\":[\"https:\/\/www.esdes.fr\/en\/welcome\/research\/research-actualities\/esdes-is-hiring\/\"]}]},{\"@type\":\"ImageObject\",\"inLanguage\":\"en-US\",\"@id\":\"https:\/\/www.esdes.fr\/en\/welcome\/research\/research-actualities\/esdes-is-hiring\/#primaryimage\",\"url\":\"https:\/\/www.esdes.fr\/wp-content\/uploads\/sites\/12\/2020\/07\/header_recrute.jpg\",\"contentUrl\":\"https:\/\/www.esdes.fr\/wp-content\/uploads\/sites\/12\/2020\/07\/header_recrute.jpg\",\"width\":1920,\"height\":575,\"caption\":\"header illustration serrer la main\"},{\"@type\":\"BreadcrumbList\",\"@id\":\"https:\/\/www.esdes.fr\/en\/welcome\/research\/research-actualities\/esdes-is-hiring\/#breadcrumb\",\"itemListElement\":[{\"@type\":\"ListItem\",\"position\":1,\"name\":\"Accueil\",\"item\":\"https:\/\/www.esdes.fr\/en\/\"},{\"@type\":\"ListItem\",\"position\":2,\"name\":\"Welcome\",\"item\":\"https:\/\/www.esdes.fr\/en\/\"},{\"@type\":\"ListItem\",\"position\":3,\"name\":\"Faculty &#038; Research\",\"item\":\"https:\/\/www.esdes.fr\/en\/welcome\/research\/\"},{\"@type\":\"ListItem\",\"position\":4,\"name\":\"Research news\",\"item\":\"https:\/\/www.esdes.fr\/en\/welcome\/research\/research-actualities\/\"},{\"@type\":\"ListItem\",\"position\":5,\"name\":\"Esdes is hiring\"}]},{\"@type\":\"WebSite\",\"@id\":\"https:\/\/www.esdes.fr\/en\/#website\",\"url\":\"https:\/\/www.esdes.fr\/en\/\",\"name\":\"ESDES Business School\",\"description\":\"ESDES - Grande \u00c9cole de management et commerce\",\"publisher\":{\"@id\":\"https:\/\/www.esdes.fr\/en\/#organization\"},\"potentialAction\":[{\"@type\":\"SearchAction\",\"target\":{\"@type\":\"EntryPoint\",\"urlTemplate\":\"https:\/\/www.esdes.fr\/en\/?s={search_term_string}\"},\"query-input\":{\"@type\":\"PropertyValueSpecification\",\"valueRequired\":true,\"valueName\":\"search_term_string\"}}],\"inLanguage\":\"en-US\"},{\"@type\":\"Organization\",\"@id\":\"https:\/\/www.esdes.fr\/en\/#organization\",\"name\":\"ESDES Business School\",\"url\":\"https:\/\/www.esdes.fr\/en\/\",\"logo\":{\"@type\":\"ImageObject\",\"inLanguage\":\"en-US\",\"@id\":\"https:\/\/www.esdes.fr\/en\/#\/schema\/logo\/image\/\",\"url\":\"https:\/\/www.esdes.fr\/wp-content\/uploads\/sites\/12\/2020\/05\/logo-esdes-ucly_blanc-website-5.svg\",\"contentUrl\":\"https:\/\/www.esdes.fr\/wp-content\/uploads\/sites\/12\/2020\/05\/logo-esdes-ucly_blanc-website-5.svg\",\"caption\":\"ESDES Business School\"},\"image\":{\"@id\":\"https:\/\/www.esdes.fr\/en\/#\/schema\/logo\/image\/\"}}]}<\/script>\n<!-- \/ Yoast SEO plugin. -->","yoast_head_json":{"title":"Esdes is hiring - ESDES Business School","robots":{"index":"index","follow":"follow","max-snippet":"max-snippet:-1","max-image-preview":"max-image-preview:large","max-video-preview":"max-video-preview:-1"},"canonical":"https:\/\/www.esdes.fr\/en\/welcome\/research\/research-actualities\/esdes-is-hiring\/","og_locale":"en_US","og_type":"article","og_title":"Esdes is hiring - ESDES Business School","og_description":"As part of its development, the Esdes Business School regularly recruits full-time research professors. You can submit an application using the form below:","og_url":"https:\/\/www.esdes.fr\/en\/welcome\/research\/research-actualities\/esdes-is-hiring\/","og_site_name":"ESDES Business School","article_modified_time":"2024-02-27T08:56:24+00:00","og_image":[{"width":1920,"height":575,"url":"https:\/\/www.esdes.fr\/wp-content\/uploads\/sites\/12\/2020\/07\/header_recrute.jpg","type":"image\/jpeg"}],"twitter_card":"summary_large_image","twitter_misc":{"Est. reading time":"1 minute"},"schema":{"@context":"https:\/\/schema.org","@graph":[{"@type":"WebPage","@id":"https:\/\/www.esdes.fr\/en\/welcome\/research\/research-actualities\/esdes-is-hiring\/","url":"https:\/\/www.esdes.fr\/en\/welcome\/research\/research-actualities\/esdes-is-hiring\/","name":"Esdes is hiring - ESDES Business School","isPartOf":{"@id":"https:\/\/www.esdes.fr\/en\/#website"},"primaryImageOfPage":{"@id":"https:\/\/www.esdes.fr\/en\/welcome\/research\/research-actualities\/esdes-is-hiring\/#primaryimage"},"image":{"@id":"https:\/\/www.esdes.fr\/en\/welcome\/research\/research-actualities\/esdes-is-hiring\/#primaryimage"},"thumbnailUrl":"https:\/\/www.esdes.fr\/wp-content\/uploads\/sites\/12\/2020\/07\/header_recrute.jpg","datePublished":"2020-02-21T12:57:49+00:00","dateModified":"2024-02-27T08:56:24+00:00","breadcrumb":{"@id":"https:\/\/www.esdes.fr\/en\/welcome\/research\/research-actualities\/esdes-is-hiring\/#breadcrumb"},"inLanguage":"en-US","potentialAction":[{"@type":"ReadAction","target":["https:\/\/www.esdes.fr\/en\/welcome\/research\/research-actualities\/esdes-is-hiring\/"]}]},{"@type":"ImageObject","inLanguage":"en-US","@id":"https:\/\/www.esdes.fr\/en\/welcome\/research\/research-actualities\/esdes-is-hiring\/#primaryimage","url":"https:\/\/www.esdes.fr\/wp-content\/uploads\/sites\/12\/2020\/07\/header_recrute.jpg","contentUrl":"https:\/\/www.esdes.fr\/wp-content\/uploads\/sites\/12\/2020\/07\/header_recrute.jpg","width":1920,"height":575,"caption":"header illustration serrer la main"},{"@type":"BreadcrumbList","@id":"https:\/\/www.esdes.fr\/en\/welcome\/research\/research-actualities\/esdes-is-hiring\/#breadcrumb","itemListElement":[{"@type":"ListItem","position":1,"name":"Accueil","item":"https:\/\/www.esdes.fr\/en\/"},{"@type":"ListItem","position":2,"name":"Welcome","item":"https:\/\/www.esdes.fr\/en\/"},{"@type":"ListItem","position":3,"name":"Faculty &#038; Research","item":"https:\/\/www.esdes.fr\/en\/welcome\/research\/"},{"@type":"ListItem","position":4,"name":"Research news","item":"https:\/\/www.esdes.fr\/en\/welcome\/research\/research-actualities\/"},{"@type":"ListItem","position":5,"name":"Esdes is hiring"}]},{"@type":"WebSite","@id":"https:\/\/www.esdes.fr\/en\/#website","url":"https:\/\/www.esdes.fr\/en\/","name":"ESDES Business School","description":"ESDES - Grande \u00c9cole de management et commerce","publisher":{"@id":"https:\/\/www.esdes.fr\/en\/#organization"},"potentialAction":[{"@type":"SearchAction","target":{"@type":"EntryPoint","urlTemplate":"https:\/\/www.esdes.fr\/en\/?s={search_term_string}"},"query-input":{"@type":"PropertyValueSpecification","valueRequired":true,"valueName":"search_term_string"}}],"inLanguage":"en-US"},{"@type":"Organization","@id":"https:\/\/www.esdes.fr\/en\/#organization","name":"ESDES Business School","url":"https:\/\/www.esdes.fr\/en\/","logo":{"@type":"ImageObject","inLanguage":"en-US","@id":"https:\/\/www.esdes.fr\/en\/#\/schema\/logo\/image\/","url":"https:\/\/www.esdes.fr\/wp-content\/uploads\/sites\/12\/2020\/05\/logo-esdes-ucly_blanc-website-5.svg","contentUrl":"https:\/\/www.esdes.fr\/wp-content\/uploads\/sites\/12\/2020\/05\/logo-esdes-ucly_blanc-website-5.svg","caption":"ESDES Business School"},"image":{"@id":"https:\/\/www.esdes.fr\/en\/#\/schema\/logo\/image\/"}}]}},"_links":{"self":[{"href":"https:\/\/www.esdes.fr\/en\/wp-json\/wp\/v2\/pages\/7522","targetHints":{"allow":["GET"]}}],"collection":[{"href":"https:\/\/www.esdes.fr\/en\/wp-json\/wp\/v2\/pages"}],"about":[{"href":"https:\/\/www.esdes.fr\/en\/wp-json\/wp\/v2\/types\/page"}],"author":[{"embeddable":true,"href":"https:\/\/www.esdes.fr\/en\/wp-json\/wp\/v2\/users\/64"}],"replies":[{"embeddable":true,"href":"https:\/\/www.esdes.fr\/en\/wp-json\/wp\/v2\/comments?post=7522"}],"version-history":[{"count":7,"href":"https:\/\/www.esdes.fr\/en\/wp-json\/wp\/v2\/pages\/7522\/revisions"}],"predecessor-version":[{"id":36757,"href":"https:\/\/www.esdes.fr\/en\/wp-json\/wp\/v2\/pages\/7522\/revisions\/36757"}],"up":[{"embeddable":true,"href":"https:\/\/www.esdes.fr\/en\/wp-json\/wp\/v2\/pages\/7515"}],"wp:featuredmedia":[{"embeddable":true,"href":"https:\/\/www.esdes.fr\/en\/wp-json\/wp\/v2\/media\/6129"}],"wp:attachment":[{"href":"https:\/\/www.esdes.fr\/en\/wp-json\/wp\/v2\/media?parent=7522"}],"curies":[{"name":"wp","href":"https:\/\/api.w.org\/{rel}","templated":true}]}}