{"id":7347,"date":"2020-04-10T10:48:41","date_gmt":"2020-04-10T08:48:41","guid":{"rendered":"https:\/\/www.esdes.fr\/?page_id=7347"},"modified":"2024-02-09T10:21:08","modified_gmt":"2024-02-09T09:21:08","slug":"going-abroad","status":"publish","type":"page","link":"https:\/\/www.esdes.fr\/en\/welcome\/about-esdes\/international-school\/going-abroad\/","title":{"rendered":"Going Abroad"},"content":{"rendered":"<p>Whether for professional or personal purposes, at Esdes we prepare students to evolve in a multicultural environment by giving them all the keys to succeed in living abroad: official English tests (TOEFL, TOEIC...), workshops, English classes and specialization courses...<\/p><p>In addition to the compulsory exchanges in 2<sup>nd<\/sup> year, students can have even more international experiences: they can spend up to 36 months abroad (in the <a href=\"https:\/\/www.esdes.fr\/en\/welcome\/programs\/master-in-management\/\">Master in Management Program<\/a>), through <a href=\"https:\/\/www.esdes.fr\/en\/welcome\/about-esdes\/professionalization\/internships\/\">internships<\/a> and <a href=\"https:\/\/www.esdes.fr\/en\/welcome\/about-esdes\/international-school\/partner-universities\/\">exchange semesters<\/a>.<\/p><h2 class=\"wp-block-heading\"><strong>TIPS FOR A SUCCESSFUL STAY&nbsp;<\/strong><\/h2><ul class=\"wp-block-list\"><li>Be curious: find out about the destinations on offer (climate, customs, food).<\/li>\n\n<li>Vary your sources of information: the website of the partner university, pakata, diplomatie.gouv, numbeo to estimate the cost of living, the Routard travel guide... Contacting students who have already left for this university or students currently on exchange will be a plus.<\/li>\n\n<li>Being prepared will help you adapt better! There is a risk of culture shock with some destinations.<\/li>\n\n<li>Plan ahead: check the validity of your passport and the entry conditions for the desired country (visa, vaccinations...). Think about arranging appropriate health cover depending on the country you are visiting (see ameli.fr). &nbsp;<\/li>\n\n<li>Immerse yourself. Choosing to live with locals or other foreigners rather than French housemates makes it easier to learn the language.<\/li>\n\n<li>Give yourself the means to choose. A good ranking and a good TOEFL score increase your chances of going to the destination of your choice.<\/li><\/ul><p><strong>Throughout their stay, students are in contact on a regular basis with an Esdes referent teacher.<\/strong><\/p><h2 class=\"wp-block-heading\"><strong>ESDES HELPS YOU TO GO ABROA<\/strong>D<\/h2><p>There are two student scholarships:<\/p><ul class=\"wp-block-list\"><li><strong>The <a href=\"https:\/\/erasmus-plus.ec.europa.eu\/opportunities\/opportunities-for-individuals\/students\/studying-abroad\">Erasmus grant<\/a><\/strong><\/li><\/ul><p>In Europe, depending on the chosen country, this scholarship allows students going abroad as part of an exchange agreement to receive:<\/p><p>- from \u20ac170 to \u20ac270\/month as part of their studies<\/p><p>- from 320\u20ac to 420\u20ac\/month as part of an internship.<\/p><ul class=\"wp-block-list\"><li><strong>The <a href=\"https:\/\/www.european-funding-guide.eu\/scholarship\/6901-international-mobility-grants\">international student mobility grant for the region (La bourse r\u00e9gion mobilit\u00e9 internationale \u00e9tudiants)<\/a><\/strong><\/li><\/ul><p>This grant from the Auvergne-Rh\u00f4ne-Alpes region enables students on exchange to receive<\/p><p>- 95\u20ac\/week (17 weeks on average) - 48 weeks maximum throughout their entire studies.<br><\/p>","protected":false},"excerpt":{"rendered":"<p>Whether for professional or personal purposes, at Esdes we prepare students to evolve in a multicultural environment by giving them all the keys to [&hellip;]<\/p>\n","protected":false},"author":64,"featured_media":50221,"parent":3958,"menu_order":0,"comment_status":"closed","ping_status":"closed","template":"","meta":{"_acf_changed":false,"footnotes":""},"class_list":["post-7347","page","type-page","status-publish","has-post-thumbnail","hentry"],"acf":[],"yoast_head":"<!-- This site is optimized with the Yoast SEO plugin v24.1 - https:\/\/yoast.com\/wordpress\/plugins\/seo\/ -->\n<title>Going Abroad - ESDES Business School<\/title>\n<meta name=\"robots\" content=\"index, follow, max-snippet:-1, max-image-preview:large, max-video-preview:-1\" \/>\n<link rel=\"canonical\" href=\"https:\/\/www.esdes.fr\/en\/welcome\/about-esdes\/international-school\/going-abroad\/\" \/>\n<meta property=\"og:locale\" content=\"en_US\" \/>\n<meta property=\"og:type\" content=\"article\" \/>\n<meta property=\"og:title\" content=\"Going Abroad - ESDES Business School\" \/>\n<meta property=\"og:description\" content=\"Whether for professional or personal purposes, at Esdes we prepare students to evolve in a multicultural environment by giving them all the keys to [&hellip;]\" \/>\n<meta property=\"og:url\" content=\"https:\/\/www.esdes.fr\/en\/welcome\/about-esdes\/international-school\/going-abroad\/\" \/>\n<meta property=\"og:site_name\" content=\"ESDES Business School\" \/>\n<meta property=\"article:modified_time\" content=\"2024-02-09T09:21:08+00:00\" \/>\n<meta property=\"og:image\" content=\"https:\/\/www.esdes.fr\/wp-content\/uploads\/sites\/12\/2020\/10\/partir-a-letranger.png\" \/>\n\t<meta property=\"og:image:width\" content=\"1920\" \/>\n\t<meta property=\"og:image:height\" content=\"575\" \/>\n\t<meta property=\"og:image:type\" content=\"image\/png\" \/>\n<meta name=\"twitter:card\" content=\"summary_large_image\" \/>\n<meta name=\"twitter:label1\" content=\"Est. reading time\" \/>\n\t<meta name=\"twitter:data1\" content=\"2 minutes\" \/>\n<script type=\"application\/ld+json\" class=\"yoast-schema-graph\">{\"@context\":\"https:\/\/schema.org\",\"@graph\":[{\"@type\":\"WebPage\",\"@id\":\"https:\/\/www.esdes.fr\/en\/welcome\/about-esdes\/international-school\/going-abroad\/\",\"url\":\"https:\/\/www.esdes.fr\/en\/welcome\/about-esdes\/international-school\/going-abroad\/\",\"name\":\"Going Abroad - ESDES Business School\",\"isPartOf\":{\"@id\":\"https:\/\/www.esdes.fr\/en\/#website\"},\"primaryImageOfPage\":{\"@id\":\"https:\/\/www.esdes.fr\/en\/welcome\/about-esdes\/international-school\/going-abroad\/#primaryimage\"},\"image\":{\"@id\":\"https:\/\/www.esdes.fr\/en\/welcome\/about-esdes\/international-school\/going-abroad\/#primaryimage\"},\"thumbnailUrl\":\"https:\/\/www.esdes.fr\/wp-content\/uploads\/sites\/12\/2025\/12\/decouvrir-le-monde-choix-1.png\",\"datePublished\":\"2020-04-10T08:48:41+00:00\",\"dateModified\":\"2024-02-09T09:21:08+00:00\",\"breadcrumb\":{\"@id\":\"https:\/\/www.esdes.fr\/en\/welcome\/about-esdes\/international-school\/going-abroad\/#breadcrumb\"},\"inLanguage\":\"en-US\",\"potentialAction\":[{\"@type\":\"ReadAction\",\"target\":[\"https:\/\/www.esdes.fr\/en\/welcome\/about-esdes\/international-school\/going-abroad\/\"]}]},{\"@type\":\"ImageObject\",\"inLanguage\":\"en-US\",\"@id\":\"https:\/\/www.esdes.fr\/en\/welcome\/about-esdes\/international-school\/going-abroad\/#primaryimage\",\"url\":\"https:\/\/www.esdes.fr\/wp-content\/uploads\/sites\/12\/2025\/12\/decouvrir-le-monde-choix-1.png\",\"contentUrl\":\"https:\/\/www.esdes.fr\/wp-content\/uploads\/sites\/12\/2025\/12\/decouvrir-le-monde-choix-1.png\",\"width\":1920,\"height\":575},{\"@type\":\"BreadcrumbList\",\"@id\":\"https:\/\/www.esdes.fr\/en\/welcome\/about-esdes\/international-school\/going-abroad\/#breadcrumb\",\"itemListElement\":[{\"@type\":\"ListItem\",\"position\":1,\"name\":\"Accueil\",\"item\":\"https:\/\/www.esdes.fr\/en\/\"},{\"@type\":\"ListItem\",\"position\":2,\"name\":\"Welcome\",\"item\":\"https:\/\/www.esdes.fr\/en\/\"},{\"@type\":\"ListItem\",\"position\":3,\"name\":\"About Esdes\",\"item\":\"https:\/\/www.esdes.fr\/en\/welcome\/about-esdes\/\"},{\"@type\":\"ListItem\",\"position\":4,\"name\":\"International School\",\"item\":\"https:\/\/www.esdes.fr\/en\/welcome\/about-esdes\/international-school\/\"},{\"@type\":\"ListItem\",\"position\":5,\"name\":\"Going Abroad\"}]},{\"@type\":\"WebSite\",\"@id\":\"https:\/\/www.esdes.fr\/en\/#website\",\"url\":\"https:\/\/www.esdes.fr\/en\/\",\"name\":\"ESDES Business School\",\"description\":\"ESDES - Grande \u00c9cole de management et commerce\",\"publisher\":{\"@id\":\"https:\/\/www.esdes.fr\/en\/#organization\"},\"potentialAction\":[{\"@type\":\"SearchAction\",\"target\":{\"@type\":\"EntryPoint\",\"urlTemplate\":\"https:\/\/www.esdes.fr\/en\/?s={search_term_string}\"},\"query-input\":{\"@type\":\"PropertyValueSpecification\",\"valueRequired\":true,\"valueName\":\"search_term_string\"}}],\"inLanguage\":\"en-US\"},{\"@type\":\"Organization\",\"@id\":\"https:\/\/www.esdes.fr\/en\/#organization\",\"name\":\"ESDES Business School\",\"url\":\"https:\/\/www.esdes.fr\/en\/\",\"logo\":{\"@type\":\"ImageObject\",\"inLanguage\":\"en-US\",\"@id\":\"https:\/\/www.esdes.fr\/en\/#\/schema\/logo\/image\/\",\"url\":\"https:\/\/www.esdes.fr\/wp-content\/uploads\/sites\/12\/2020\/05\/logo-esdes-ucly_blanc-website-5.svg\",\"contentUrl\":\"https:\/\/www.esdes.fr\/wp-content\/uploads\/sites\/12\/2020\/05\/logo-esdes-ucly_blanc-website-5.svg\",\"caption\":\"ESDES Business School\"},\"image\":{\"@id\":\"https:\/\/www.esdes.fr\/en\/#\/schema\/logo\/image\/\"}}]}<\/script>\n<!-- \/ Yoast SEO plugin. -->","yoast_head_json":{"title":"Going Abroad - ESDES Business School","robots":{"index":"index","follow":"follow","max-snippet":"max-snippet:-1","max-image-preview":"max-image-preview:large","max-video-preview":"max-video-preview:-1"},"canonical":"https:\/\/www.esdes.fr\/en\/welcome\/about-esdes\/international-school\/going-abroad\/","og_locale":"en_US","og_type":"article","og_title":"Going Abroad - ESDES Business School","og_description":"Whether for professional or personal purposes, at Esdes we prepare students to evolve in a multicultural environment by giving them all the keys to [&hellip;]","og_url":"https:\/\/www.esdes.fr\/en\/welcome\/about-esdes\/international-school\/going-abroad\/","og_site_name":"ESDES Business School","article_modified_time":"2024-02-09T09:21:08+00:00","og_image":[{"width":1920,"height":575,"url":"https:\/\/www.esdes.fr\/wp-content\/uploads\/sites\/12\/2020\/10\/partir-a-letranger.png","type":"image\/png"}],"twitter_card":"summary_large_image","twitter_misc":{"Est. reading time":"2 minutes"},"schema":{"@context":"https:\/\/schema.org","@graph":[{"@type":"WebPage","@id":"https:\/\/www.esdes.fr\/en\/welcome\/about-esdes\/international-school\/going-abroad\/","url":"https:\/\/www.esdes.fr\/en\/welcome\/about-esdes\/international-school\/going-abroad\/","name":"Going Abroad - ESDES Business School","isPartOf":{"@id":"https:\/\/www.esdes.fr\/en\/#website"},"primaryImageOfPage":{"@id":"https:\/\/www.esdes.fr\/en\/welcome\/about-esdes\/international-school\/going-abroad\/#primaryimage"},"image":{"@id":"https:\/\/www.esdes.fr\/en\/welcome\/about-esdes\/international-school\/going-abroad\/#primaryimage"},"thumbnailUrl":"https:\/\/www.esdes.fr\/wp-content\/uploads\/sites\/12\/2025\/12\/decouvrir-le-monde-choix-1.png","datePublished":"2020-04-10T08:48:41+00:00","dateModified":"2024-02-09T09:21:08+00:00","breadcrumb":{"@id":"https:\/\/www.esdes.fr\/en\/welcome\/about-esdes\/international-school\/going-abroad\/#breadcrumb"},"inLanguage":"en-US","potentialAction":[{"@type":"ReadAction","target":["https:\/\/www.esdes.fr\/en\/welcome\/about-esdes\/international-school\/going-abroad\/"]}]},{"@type":"ImageObject","inLanguage":"en-US","@id":"https:\/\/www.esdes.fr\/en\/welcome\/about-esdes\/international-school\/going-abroad\/#primaryimage","url":"https:\/\/www.esdes.fr\/wp-content\/uploads\/sites\/12\/2025\/12\/decouvrir-le-monde-choix-1.png","contentUrl":"https:\/\/www.esdes.fr\/wp-content\/uploads\/sites\/12\/2025\/12\/decouvrir-le-monde-choix-1.png","width":1920,"height":575},{"@type":"BreadcrumbList","@id":"https:\/\/www.esdes.fr\/en\/welcome\/about-esdes\/international-school\/going-abroad\/#breadcrumb","itemListElement":[{"@type":"ListItem","position":1,"name":"Accueil","item":"https:\/\/www.esdes.fr\/en\/"},{"@type":"ListItem","position":2,"name":"Welcome","item":"https:\/\/www.esdes.fr\/en\/"},{"@type":"ListItem","position":3,"name":"About Esdes","item":"https:\/\/www.esdes.fr\/en\/welcome\/about-esdes\/"},{"@type":"ListItem","position":4,"name":"International School","item":"https:\/\/www.esdes.fr\/en\/welcome\/about-esdes\/international-school\/"},{"@type":"ListItem","position":5,"name":"Going Abroad"}]},{"@type":"WebSite","@id":"https:\/\/www.esdes.fr\/en\/#website","url":"https:\/\/www.esdes.fr\/en\/","name":"ESDES Business School","description":"ESDES - Grande \u00c9cole de management et commerce","publisher":{"@id":"https:\/\/www.esdes.fr\/en\/#organization"},"potentialAction":[{"@type":"SearchAction","target":{"@type":"EntryPoint","urlTemplate":"https:\/\/www.esdes.fr\/en\/?s={search_term_string}"},"query-input":{"@type":"PropertyValueSpecification","valueRequired":true,"valueName":"search_term_string"}}],"inLanguage":"en-US"},{"@type":"Organization","@id":"https:\/\/www.esdes.fr\/en\/#organization","name":"ESDES Business School","url":"https:\/\/www.esdes.fr\/en\/","logo":{"@type":"ImageObject","inLanguage":"en-US","@id":"https:\/\/www.esdes.fr\/en\/#\/schema\/logo\/image\/","url":"https:\/\/www.esdes.fr\/wp-content\/uploads\/sites\/12\/2020\/05\/logo-esdes-ucly_blanc-website-5.svg","contentUrl":"https:\/\/www.esdes.fr\/wp-content\/uploads\/sites\/12\/2020\/05\/logo-esdes-ucly_blanc-website-5.svg","caption":"ESDES Business School"},"image":{"@id":"https:\/\/www.esdes.fr\/en\/#\/schema\/logo\/image\/"}}]}},"_links":{"self":[{"href":"https:\/\/www.esdes.fr\/en\/wp-json\/wp\/v2\/pages\/7347","targetHints":{"allow":["GET"]}}],"collection":[{"href":"https:\/\/www.esdes.fr\/en\/wp-json\/wp\/v2\/pages"}],"about":[{"href":"https:\/\/www.esdes.fr\/en\/wp-json\/wp\/v2\/types\/page"}],"author":[{"embeddable":true,"href":"https:\/\/www.esdes.fr\/en\/wp-json\/wp\/v2\/users\/64"}],"replies":[{"embeddable":true,"href":"https:\/\/www.esdes.fr\/en\/wp-json\/wp\/v2\/comments?post=7347"}],"version-history":[{"count":8,"href":"https:\/\/www.esdes.fr\/en\/wp-json\/wp\/v2\/pages\/7347\/revisions"}],"predecessor-version":[{"id":36280,"href":"https:\/\/www.esdes.fr\/en\/wp-json\/wp\/v2\/pages\/7347\/revisions\/36280"}],"up":[{"embeddable":true,"href":"https:\/\/www.esdes.fr\/en\/wp-json\/wp\/v2\/pages\/3958"}],"wp:featuredmedia":[{"embeddable":true,"href":"https:\/\/www.esdes.fr\/en\/wp-json\/wp\/v2\/media\/50221"}],"wp:attachment":[{"href":"https:\/\/www.esdes.fr\/en\/wp-json\/wp\/v2\/media?parent=7347"}],"curies":[{"name":"wp","href":"https:\/\/api.w.org\/{rel}","templated":true}]}}