{"id":7250,"date":"2020-04-10T10:35:18","date_gmt":"2020-04-10T08:35:18","guid":{"rendered":"https:\/\/www.esdes.fr\/?page_id=7250"},"modified":"2022-06-14T15:14:55","modified_gmt":"2022-06-14T13:14:55","slug":"patrons-of-our-cohorts","status":"publish","type":"page","link":"https:\/\/www.esdes.fr\/en\/welcome\/about-esdes\/our-success-stories\/patrons-of-our-cohorts\/","title":{"rendered":"Patrons of our cohorts"},"content":{"rendered":"<div class=\"wp-block-table js-fade-scroll\">\n  <p class=\"wp-block-table-title\">Patrons of our cohorts of Master in Management<\/p>\n\n  <div class=\"wp-block-table-responsive\">\n    <table>\n      \n      <tbody>\n                  <tr>\n                          <td>Class of 2021<\/td>\n                          <td>Jean-Michel BERARD<\/td>\n                          <td>ESKER<\/td>\n                      <\/tr>\n                  <tr>\n                          <td>Class of 2019 &amp; 2020<\/td>\n                          <td>Ga\u00ebtan DE SAINTE MARIE<\/td>\n                          <td>QANTIS<\/td>\n                      <\/tr>\n                  <tr>\n                          <td>Class of 2018<\/td>\n                          <td>Xavier DU CREST DE VILLENEUVE<\/td>\n                          <td>HI (Handicap International)<\/td>\n                      <\/tr>\n                  <tr>\n                          <td>Class of 2017<\/td>\n                          <td>Patrick THOLLIN<\/td>\n                          <td>EFI AUTOMOTIVE<\/td>\n                      <\/tr>\n                  <tr>\n                          <td>Class of 2016<\/td>\n                          <td>Laurent HUYN<\/td>\n                          <td>LUSTUCRU FRAIS<\/td>\n                      <\/tr>\n                  <tr>\n                          <td>Class of 2015<\/td>\n                          <td>St\u00e9phane BOURDONNEC<\/td>\n                          <td>SOCI\u00c9T\u00c9 G\u00c9N\u00c9RALE<\/td>\n                      <\/tr>\n                  <tr>\n                          <td>Class of 2014<\/td>\n                          <td>Antoine FREROT<\/td>\n                          <td>VEOLIA<\/td>\n                      <\/tr>\n                  <tr>\n                          <td>Class of 2013<\/td>\n                          <td>Franck RIBOUD<\/td>\n                          <td>DANONE<\/td>\n                      <\/tr>\n                  <tr>\n                          <td>Class of 2012<\/td>\n                          <td>Alain MERA<\/td>\n                          <td>FITCH RATING<\/td>\n                      <\/tr>\n              <\/tbody>\n    <\/table>\n  <\/div>\n\n  <p class=\"wp-block-table-caption\"><\/p>\n<\/div><div class=\"wp-block-table js-fade-scroll\">\n  <p class=\"wp-block-table-title\">Patrons of our cohorts of Bachelor in Business<\/p>\n\n  <div class=\"wp-block-table-responsive\">\n    <table>\n      \n      <tbody>\n                  <tr>\n                          <td>Class of 2021<\/td>\n                          <td>F\u00e9lix BAEZNER<\/td>\n                          <td>CAPSA Container<\/td>\n                      <\/tr>\n                  <tr>\n                          <td>Class of 2019 &amp;2020<\/td>\n                          <td>Louis BONDUELLE<\/td>\n                          <td>CHEZ NESTOR<\/td>\n                      <\/tr>\n                  <tr>\n                          <td>Class of 2018<\/td>\n                          <td>Victoire VELLER<\/td>\n                          <td>CHOPARD<\/td>\n                      <\/tr>\n              <\/tbody>\n    <\/table>\n  <\/div>\n\n  <p class=\"wp-block-table-caption\"><\/p>\n<\/div>","protected":false},"excerpt":{"rendered":"","protected":false},"author":64,"featured_media":2396,"parent":7248,"menu_order":0,"comment_status":"closed","ping_status":"closed","template":"","meta":{"_acf_changed":false,"footnotes":""},"class_list":["post-7250","page","type-page","status-publish","has-post-thumbnail","hentry"],"acf":[],"yoast_head":"<!-- This site is optimized with the Yoast SEO plugin v24.1 - https:\/\/yoast.com\/wordpress\/plugins\/seo\/ -->\n<title>Patrons of our cohorts - ESDES Business School<\/title>\n<meta name=\"robots\" content=\"index, follow, max-snippet:-1, max-image-preview:large, max-video-preview:-1\" \/>\n<link rel=\"canonical\" href=\"https:\/\/www.esdes.fr\/en\/welcome\/about-esdes\/our-success-stories\/patrons-of-our-cohorts\/\" \/>\n<meta property=\"og:locale\" content=\"en_US\" \/>\n<meta property=\"og:type\" content=\"article\" \/>\n<meta property=\"og:title\" content=\"Patrons of our cohorts - ESDES Business School\" \/>\n<meta property=\"og:url\" content=\"https:\/\/www.esdes.fr\/en\/welcome\/about-esdes\/our-success-stories\/patrons-of-our-cohorts\/\" \/>\n<meta property=\"og:site_name\" content=\"ESDES Business School\" \/>\n<meta property=\"article:modified_time\" content=\"2022-06-14T13:14:55+00:00\" \/>\n<meta property=\"og:image\" content=\"https:\/\/www.esdes.fr\/wp-content\/uploads\/sites\/12\/2020\/05\/1920x575-rdd.jpg\" \/>\n\t<meta property=\"og:image:width\" content=\"1920\" \/>\n\t<meta property=\"og:image:height\" content=\"575\" \/>\n\t<meta property=\"og:image:type\" content=\"image\/jpeg\" \/>\n<meta name=\"twitter:card\" content=\"summary_large_image\" \/>\n<script type=\"application\/ld+json\" class=\"yoast-schema-graph\">{\"@context\":\"https:\/\/schema.org\",\"@graph\":[{\"@type\":\"WebPage\",\"@id\":\"https:\/\/www.esdes.fr\/en\/welcome\/about-esdes\/our-success-stories\/patrons-of-our-cohorts\/\",\"url\":\"https:\/\/www.esdes.fr\/en\/welcome\/about-esdes\/our-success-stories\/patrons-of-our-cohorts\/\",\"name\":\"Patrons of our cohorts - ESDES Business School\",\"isPartOf\":{\"@id\":\"https:\/\/www.esdes.fr\/en\/#website\"},\"primaryImageOfPage\":{\"@id\":\"https:\/\/www.esdes.fr\/en\/welcome\/about-esdes\/our-success-stories\/patrons-of-our-cohorts\/#primaryimage\"},\"image\":{\"@id\":\"https:\/\/www.esdes.fr\/en\/welcome\/about-esdes\/our-success-stories\/patrons-of-our-cohorts\/#primaryimage\"},\"thumbnailUrl\":\"https:\/\/www.esdes.fr\/wp-content\/uploads\/sites\/12\/2020\/05\/1920x575-rdd.jpg\",\"datePublished\":\"2020-04-10T08:35:18+00:00\",\"dateModified\":\"2022-06-14T13:14:55+00:00\",\"breadcrumb\":{\"@id\":\"https:\/\/www.esdes.fr\/en\/welcome\/about-esdes\/our-success-stories\/patrons-of-our-cohorts\/#breadcrumb\"},\"inLanguage\":\"en-US\",\"potentialAction\":[{\"@type\":\"ReadAction\",\"target\":[\"https:\/\/www.esdes.fr\/en\/welcome\/about-esdes\/our-success-stories\/patrons-of-our-cohorts\/\"]}]},{\"@type\":\"ImageObject\",\"inLanguage\":\"en-US\",\"@id\":\"https:\/\/www.esdes.fr\/en\/welcome\/about-esdes\/our-success-stories\/patrons-of-our-cohorts\/#primaryimage\",\"url\":\"https:\/\/www.esdes.fr\/wp-content\/uploads\/sites\/12\/2020\/05\/1920x575-rdd.jpg\",\"contentUrl\":\"https:\/\/www.esdes.fr\/wp-content\/uploads\/sites\/12\/2020\/05\/1920x575-rdd.jpg\",\"width\":1920,\"height\":575,\"caption\":\"header remise des dipl\u00f4mes RDD ESDES dipl\u00f4m\u00e9s chapeau\"},{\"@type\":\"BreadcrumbList\",\"@id\":\"https:\/\/www.esdes.fr\/en\/welcome\/about-esdes\/our-success-stories\/patrons-of-our-cohorts\/#breadcrumb\",\"itemListElement\":[{\"@type\":\"ListItem\",\"position\":1,\"name\":\"Accueil\",\"item\":\"https:\/\/www.esdes.fr\/en\/\"},{\"@type\":\"ListItem\",\"position\":2,\"name\":\"Welcome\",\"item\":\"https:\/\/www.esdes.fr\/en\/\"},{\"@type\":\"ListItem\",\"position\":3,\"name\":\"About Esdes\",\"item\":\"https:\/\/www.esdes.fr\/en\/welcome\/about-esdes\/\"},{\"@type\":\"ListItem\",\"position\":4,\"name\":\"Our success stories\",\"item\":\"https:\/\/www.esdes.fr\/en\/welcome\/about-esdes\/our-success-stories\/\"},{\"@type\":\"ListItem\",\"position\":5,\"name\":\"Patrons of our cohorts\"}]},{\"@type\":\"WebSite\",\"@id\":\"https:\/\/www.esdes.fr\/en\/#website\",\"url\":\"https:\/\/www.esdes.fr\/en\/\",\"name\":\"ESDES Business School\",\"description\":\"ESDES - Grande \u00c9cole de management et commerce\",\"publisher\":{\"@id\":\"https:\/\/www.esdes.fr\/en\/#organization\"},\"potentialAction\":[{\"@type\":\"SearchAction\",\"target\":{\"@type\":\"EntryPoint\",\"urlTemplate\":\"https:\/\/www.esdes.fr\/en\/?s={search_term_string}\"},\"query-input\":{\"@type\":\"PropertyValueSpecification\",\"valueRequired\":true,\"valueName\":\"search_term_string\"}}],\"inLanguage\":\"en-US\"},{\"@type\":\"Organization\",\"@id\":\"https:\/\/www.esdes.fr\/en\/#organization\",\"name\":\"ESDES Business School\",\"url\":\"https:\/\/www.esdes.fr\/en\/\",\"logo\":{\"@type\":\"ImageObject\",\"inLanguage\":\"en-US\",\"@id\":\"https:\/\/www.esdes.fr\/en\/#\/schema\/logo\/image\/\",\"url\":\"https:\/\/www.esdes.fr\/wp-content\/uploads\/sites\/12\/2020\/05\/logo-esdes-ucly_blanc-website-5.svg\",\"contentUrl\":\"https:\/\/www.esdes.fr\/wp-content\/uploads\/sites\/12\/2020\/05\/logo-esdes-ucly_blanc-website-5.svg\",\"caption\":\"ESDES Business School\"},\"image\":{\"@id\":\"https:\/\/www.esdes.fr\/en\/#\/schema\/logo\/image\/\"}}]}<\/script>\n<!-- \/ Yoast SEO plugin. -->","yoast_head_json":{"title":"Patrons of our cohorts - ESDES Business School","robots":{"index":"index","follow":"follow","max-snippet":"max-snippet:-1","max-image-preview":"max-image-preview:large","max-video-preview":"max-video-preview:-1"},"canonical":"https:\/\/www.esdes.fr\/en\/welcome\/about-esdes\/our-success-stories\/patrons-of-our-cohorts\/","og_locale":"en_US","og_type":"article","og_title":"Patrons of our cohorts - ESDES Business School","og_url":"https:\/\/www.esdes.fr\/en\/welcome\/about-esdes\/our-success-stories\/patrons-of-our-cohorts\/","og_site_name":"ESDES Business School","article_modified_time":"2022-06-14T13:14:55+00:00","og_image":[{"width":1920,"height":575,"url":"https:\/\/www.esdes.fr\/wp-content\/uploads\/sites\/12\/2020\/05\/1920x575-rdd.jpg","type":"image\/jpeg"}],"twitter_card":"summary_large_image","schema":{"@context":"https:\/\/schema.org","@graph":[{"@type":"WebPage","@id":"https:\/\/www.esdes.fr\/en\/welcome\/about-esdes\/our-success-stories\/patrons-of-our-cohorts\/","url":"https:\/\/www.esdes.fr\/en\/welcome\/about-esdes\/our-success-stories\/patrons-of-our-cohorts\/","name":"Patrons of our cohorts - ESDES Business School","isPartOf":{"@id":"https:\/\/www.esdes.fr\/en\/#website"},"primaryImageOfPage":{"@id":"https:\/\/www.esdes.fr\/en\/welcome\/about-esdes\/our-success-stories\/patrons-of-our-cohorts\/#primaryimage"},"image":{"@id":"https:\/\/www.esdes.fr\/en\/welcome\/about-esdes\/our-success-stories\/patrons-of-our-cohorts\/#primaryimage"},"thumbnailUrl":"https:\/\/www.esdes.fr\/wp-content\/uploads\/sites\/12\/2020\/05\/1920x575-rdd.jpg","datePublished":"2020-04-10T08:35:18+00:00","dateModified":"2022-06-14T13:14:55+00:00","breadcrumb":{"@id":"https:\/\/www.esdes.fr\/en\/welcome\/about-esdes\/our-success-stories\/patrons-of-our-cohorts\/#breadcrumb"},"inLanguage":"en-US","potentialAction":[{"@type":"ReadAction","target":["https:\/\/www.esdes.fr\/en\/welcome\/about-esdes\/our-success-stories\/patrons-of-our-cohorts\/"]}]},{"@type":"ImageObject","inLanguage":"en-US","@id":"https:\/\/www.esdes.fr\/en\/welcome\/about-esdes\/our-success-stories\/patrons-of-our-cohorts\/#primaryimage","url":"https:\/\/www.esdes.fr\/wp-content\/uploads\/sites\/12\/2020\/05\/1920x575-rdd.jpg","contentUrl":"https:\/\/www.esdes.fr\/wp-content\/uploads\/sites\/12\/2020\/05\/1920x575-rdd.jpg","width":1920,"height":575,"caption":"header remise des dipl\u00f4mes RDD ESDES dipl\u00f4m\u00e9s chapeau"},{"@type":"BreadcrumbList","@id":"https:\/\/www.esdes.fr\/en\/welcome\/about-esdes\/our-success-stories\/patrons-of-our-cohorts\/#breadcrumb","itemListElement":[{"@type":"ListItem","position":1,"name":"Accueil","item":"https:\/\/www.esdes.fr\/en\/"},{"@type":"ListItem","position":2,"name":"Welcome","item":"https:\/\/www.esdes.fr\/en\/"},{"@type":"ListItem","position":3,"name":"About Esdes","item":"https:\/\/www.esdes.fr\/en\/welcome\/about-esdes\/"},{"@type":"ListItem","position":4,"name":"Our success stories","item":"https:\/\/www.esdes.fr\/en\/welcome\/about-esdes\/our-success-stories\/"},{"@type":"ListItem","position":5,"name":"Patrons of our cohorts"}]},{"@type":"WebSite","@id":"https:\/\/www.esdes.fr\/en\/#website","url":"https:\/\/www.esdes.fr\/en\/","name":"ESDES Business School","description":"ESDES - Grande \u00c9cole de management et commerce","publisher":{"@id":"https:\/\/www.esdes.fr\/en\/#organization"},"potentialAction":[{"@type":"SearchAction","target":{"@type":"EntryPoint","urlTemplate":"https:\/\/www.esdes.fr\/en\/?s={search_term_string}"},"query-input":{"@type":"PropertyValueSpecification","valueRequired":true,"valueName":"search_term_string"}}],"inLanguage":"en-US"},{"@type":"Organization","@id":"https:\/\/www.esdes.fr\/en\/#organization","name":"ESDES Business School","url":"https:\/\/www.esdes.fr\/en\/","logo":{"@type":"ImageObject","inLanguage":"en-US","@id":"https:\/\/www.esdes.fr\/en\/#\/schema\/logo\/image\/","url":"https:\/\/www.esdes.fr\/wp-content\/uploads\/sites\/12\/2020\/05\/logo-esdes-ucly_blanc-website-5.svg","contentUrl":"https:\/\/www.esdes.fr\/wp-content\/uploads\/sites\/12\/2020\/05\/logo-esdes-ucly_blanc-website-5.svg","caption":"ESDES Business School"},"image":{"@id":"https:\/\/www.esdes.fr\/en\/#\/schema\/logo\/image\/"}}]}},"_links":{"self":[{"href":"https:\/\/www.esdes.fr\/en\/wp-json\/wp\/v2\/pages\/7250","targetHints":{"allow":["GET"]}}],"collection":[{"href":"https:\/\/www.esdes.fr\/en\/wp-json\/wp\/v2\/pages"}],"about":[{"href":"https:\/\/www.esdes.fr\/en\/wp-json\/wp\/v2\/types\/page"}],"author":[{"embeddable":true,"href":"https:\/\/www.esdes.fr\/en\/wp-json\/wp\/v2\/users\/64"}],"replies":[{"embeddable":true,"href":"https:\/\/www.esdes.fr\/en\/wp-json\/wp\/v2\/comments?post=7250"}],"version-history":[{"count":4,"href":"https:\/\/www.esdes.fr\/en\/wp-json\/wp\/v2\/pages\/7250\/revisions"}],"predecessor-version":[{"id":24236,"href":"https:\/\/www.esdes.fr\/en\/wp-json\/wp\/v2\/pages\/7250\/revisions\/24236"}],"up":[{"embeddable":true,"href":"https:\/\/www.esdes.fr\/en\/wp-json\/wp\/v2\/pages\/7248"}],"wp:featuredmedia":[{"embeddable":true,"href":"https:\/\/www.esdes.fr\/en\/wp-json\/wp\/v2\/media\/2396"}],"wp:attachment":[{"href":"https:\/\/www.esdes.fr\/en\/wp-json\/wp\/v2\/media?parent=7250"}],"curies":[{"name":"wp","href":"https:\/\/api.w.org\/{rel}","templated":true}]}}