{"id":7189,"date":"2020-06-16T14:30:18","date_gmt":"2020-06-16T12:30:18","guid":{"rendered":"https:\/\/www.esdes.fr\/?page_id=7189"},"modified":"2024-11-15T11:03:24","modified_gmt":"2024-11-15T10:03:24","slug":"facilities-campus","status":"publish","type":"page","link":"https:\/\/www.esdes.fr\/en\/welcome\/student-life-services\/campus-life\/facilities-campus\/","title":{"rendered":"Facilities, campus"},"content":{"rendered":"<p><a href=\"https:\/\/www.ucly.fr\/en\/\">The Catholic University of Lyon (UCLy)<\/a> has 2 campuses located 10 minutes\u2019 walk from each other: <a href=\"https:\/\/www.ucly.fr\/en\/ucly\/ucly-campuses\/campus-carnot\/\">Carnot campus<\/a> and <a href=\"https:\/\/www.ucly.fr\/en\/ucly\/ucly-campuses\/campus-saint-paul\/\">Saint Paul campus<\/a>.<br>Esdes, The Business School of UCLy, is located on the Saint Paul campus, right in the heart of Lyon, and is easily accessible by public transport.<\/p><p>There is also a new campus in Annecy. Discover about it: <a href=\"https:\/\/www.esdes.fr\/en\/welcome\/student-life-services\/campus-life\/facilities-campus\/the-annecy-campus\/\">Annecy campus<\/a><\/p><center><iframe loading=\"lazy\" width=\"672\" height=\"378\" src=\"https:\/\/www.youtube.com\/embed\/3Aw8pidvSQs\" title=\"Choose Esdes for your management studies in France!\" frameborder=\"0\" allow=\"accelerometer; autoplay; clipboard-write; encrypted-media; gyroscope; picture-in-picture; web-share\" referrerpolicy=\"strict-origin-when-cross-origin\" allowfullscreen><\/iframe><\/center><p>The campus is very spacious with 35 000 sq. m, and includes:<\/p><ul class=\"wp-block-list\"><li>Amphitheaters<\/li>\n\n<li>IT department and computer rooms<\/li>\n\n<li>Educational Facilities<\/li>\n\n<li>Student labs<\/li>\n\n<li>Exhibition halls<\/li>\n\n<li>Canteen<\/li>\n\n<li>Gym<\/li>\n\n<li>Henri de Lubac university library<\/li>\n\n<li>Music room<\/li>\n\n<li>Student lounge and eating facilities<\/li><\/ul><div class=\"wp-block-gallery-ucly js-fade-scroll\"><div class=\"owl-carousel owl-theme owl-gallery\"><div class=\"item\"><img loading=\"lazy\" decoding=\"async\" width=\"900\" height=\"520\" src=\"https:\/\/www.esdes.fr\/wp-content\/uploads\/sites\/12\/2020\/06\/1920x575-campus-2-900x520.jpg\" class=\"\" alt=\"header drone campus saint paul\" \/><div class=\"wp-block-gallery-ucly-caption\"><\/div><\/div><div class=\"item\"><img loading=\"lazy\" decoding=\"async\" width=\"900\" height=\"520\" src=\"https:\/\/www.esdes.fr\/wp-content\/uploads\/sites\/12\/2020\/05\/1920x1280-home-900x520.jpg\" class=\"\" alt=\"HP hall saint paul\" \/><div class=\"wp-block-gallery-ucly-caption\"><\/div><\/div><div class=\"item\"><img loading=\"lazy\" decoding=\"async\" width=\"900\" height=\"520\" src=\"https:\/\/www.esdes.fr\/wp-content\/uploads\/sites\/12\/2020\/05\/1920x575-campus-bibliotheque-900x520.jpg\" class=\"\" alt=\"header biblioth\u00e8que campus saint paul \u00e9tudiants qui r\u00e9visent\" \/><div class=\"wp-block-gallery-ucly-caption\"><\/div><\/div><div class=\"item\"><img loading=\"lazy\" decoding=\"async\" width=\"900\" height=\"520\" src=\"https:\/\/www.esdes.fr\/wp-content\/uploads\/sites\/12\/2020\/05\/1920x575-etudiants-4-900x520.jpg\" class=\"\" alt=\"header \u00e9tudiants hall saint paul\" \/><div class=\"wp-block-gallery-ucly-caption\"><\/div><\/div><\/div><div class=\"owl-numbers\"><span class=\"owl-number-current\"><\/span><span class=\"owl-number-sep\"><\/span><span class=\"owl-number-total\"><\/span><\/div><\/div><h2 class=\"wp-block-heading\">SAINT PAUL CAMPUS<\/h2><p>Address: 10 place des Archives, 69002 Lyon<\/p><iframe loading=\"lazy\" src=\"https:\/\/www.google.com\/maps\/d\/embed?mid=1l1FVfzGedkIa_dmFiTmOurp_jbU\" width=\"640\" height=\"480\"><\/iframe><h2 class=\"wp-block-heading\">DISCOVER THE CAMPUS <\/h2><iframe loading=\"lazy\" src=\"https:\/\/www.google.com\/maps\/embed?pb=!4v1594284306472!6m8!1m7!1sCAoSLEFGMVFpcE01TDJHUkxxUGJiS05QNUpaaWpEc1U5VVJfWFNKalM3TTUzOGhH!2m2!1d45.74694869382179!2d4.826272116694327!3f154.7808952703469!4f0.21601074070224513!5f0.7820865974627469\" width=\"600\" height=\"450\" frameborder=\"0\" style=\"border:0;\" allowfullscreen=\"\" aria-hidden=\"false\" tabindex=\"0\"><\/iframe><h2 class=\"wp-block-heading\">NEAREST METRO AND TRAM STOPS<\/h2><p>Campus Saint Paul | <a href=\"https:\/\/www.tcl.fr\/en\/journey-planner\/interactive-map\">metro line A (Perrache) - Tram T1 (Place des Archives) - Tram T2 (Perrache)<\/a><\/p><p>For transport to and from <a href=\"https:\/\/www.lyonaeroports.com\/en\">Lyon Saint-Exup\u00e9ry Airport<\/a>, the <a href=\"https:\/\/www.rhonexpress.fr\/en_GB\/?path=\">Rh\u00f4nexpress<\/a> is the best option; it takes you to the city center in around 30 minutes. Taxi services are available but are more expensive.<br>If you are an international degree-seeking student and wish to benefit from our airport pick-up,&nbsp;<a href=\"https:\/\/www.esdes.fr\/en\/contact-us\/\">please click here to register.<\/a><\/p><h2 class=\"wp-block-heading\">ANNECY CAMPUS<\/h2><div class=\"wp-block-cross-content js-fade-scroll\">\n    <p class=\"wp-block-cross-content-title\">Click here to discover it<\/p>\n            <div class=\"row wp-block-cross-content-row\">\n                                <div class=\"column small-12 medium-6 large-4 wp-block-cross-content-col\">\n                        <a class=\"wp-block-cross-content-top\" href=\"https:\/\/www.esdes.fr\/en\/welcome\/student-life-services\/campus-life\/facilities-campus\/the-annecy-campus\/\" title=\"The Annecy campus\">\n                            <span class=\"wp-block-cross-content-name\">The Annecy campus<\/span>\n                            <span class=\"wp-block-cross-content-image\"><img loading=\"lazy\" decoding=\"async\" width=\"630\" height=\"570\" src=\"https:\/\/www.esdes.fr\/wp-content\/uploads\/sites\/12\/2025\/12\/le-campus-dannecy-campus-alpes-europe-630x570.png\" class=\" wp-post-image\" alt=\"\" \/><\/span>\n                            <span class=\"wp-block-cross-content-more\">\n                                <span class=\"icon-more\"><\/span>\n                            <\/span>\n                        <\/a>\n                        <div class=\"wp-block-cross-content-excerpt\"><\/div>\n                    <\/div>\n                                    <\/div>\n    <\/div>","protected":false},"excerpt":{"rendered":"<p>The Catholic University of Lyon (UCLy) has 2 campuses located 10 minutes\u2019 walk from each other: Carnot campus and Saint Paul campus.Esdes, The Business [&hellip;]<\/p>\n","protected":false},"author":64,"featured_media":2348,"parent":4175,"menu_order":0,"comment_status":"closed","ping_status":"closed","template":"","meta":{"_acf_changed":false,"footnotes":""},"class_list":["post-7189","page","type-page","status-publish","has-post-thumbnail","hentry"],"acf":[],"yoast_head":"<!-- This site is optimized with the Yoast SEO plugin v24.1 - https:\/\/yoast.com\/wordpress\/plugins\/seo\/ -->\n<title>Facilities, campus - ESDES<\/title>\n<meta name=\"description\" content=\"The Catholic University of Lyon (UCLy) has three campuses, come to discover it!\" \/>\n<meta name=\"robots\" content=\"index, follow, max-snippet:-1, max-image-preview:large, max-video-preview:-1\" \/>\n<link rel=\"canonical\" href=\"https:\/\/www.esdes.fr\/en\/welcome\/student-life-services\/campus-life\/facilities-campus\/\" \/>\n<meta property=\"og:locale\" content=\"en_US\" \/>\n<meta property=\"og:type\" content=\"article\" \/>\n<meta property=\"og:title\" content=\"Facilities, campus - ESDES\" \/>\n<meta property=\"og:description\" content=\"The Catholic University of Lyon (UCLy) has three campuses, come to discover it!\" \/>\n<meta property=\"og:url\" content=\"https:\/\/www.esdes.fr\/en\/welcome\/student-life-services\/campus-life\/facilities-campus\/\" \/>\n<meta property=\"og:site_name\" content=\"ESDES Business School\" \/>\n<meta property=\"article:modified_time\" content=\"2024-11-15T10:03:24+00:00\" \/>\n<meta property=\"og:image\" content=\"https:\/\/www.esdes.fr\/wp-content\/uploads\/sites\/12\/2020\/05\/1920x575-campus.jpg\" \/>\n\t<meta property=\"og:image:width\" content=\"1920\" \/>\n\t<meta property=\"og:image:height\" content=\"575\" \/>\n\t<meta property=\"og:image:type\" content=\"image\/jpeg\" \/>\n<meta name=\"twitter:card\" content=\"summary_large_image\" \/>\n<meta name=\"twitter:label1\" content=\"Est. reading time\" \/>\n\t<meta name=\"twitter:data1\" content=\"2 minutes\" \/>\n<script type=\"application\/ld+json\" class=\"yoast-schema-graph\">{\"@context\":\"https:\/\/schema.org\",\"@graph\":[{\"@type\":\"WebPage\",\"@id\":\"https:\/\/www.esdes.fr\/en\/welcome\/student-life-services\/campus-life\/facilities-campus\/\",\"url\":\"https:\/\/www.esdes.fr\/en\/welcome\/student-life-services\/campus-life\/facilities-campus\/\",\"name\":\"Facilities, campus - ESDES\",\"isPartOf\":{\"@id\":\"https:\/\/www.esdes.fr\/en\/#website\"},\"primaryImageOfPage\":{\"@id\":\"https:\/\/www.esdes.fr\/en\/welcome\/student-life-services\/campus-life\/facilities-campus\/#primaryimage\"},\"image\":{\"@id\":\"https:\/\/www.esdes.fr\/en\/welcome\/student-life-services\/campus-life\/facilities-campus\/#primaryimage\"},\"thumbnailUrl\":\"https:\/\/www.esdes.fr\/wp-content\/uploads\/sites\/12\/2020\/05\/1920x575-campus.jpg\",\"datePublished\":\"2020-06-16T12:30:18+00:00\",\"dateModified\":\"2024-11-15T10:03:24+00:00\",\"description\":\"The Catholic University of Lyon (UCLy) has three campuses, come to discover it!\",\"breadcrumb\":{\"@id\":\"https:\/\/www.esdes.fr\/en\/welcome\/student-life-services\/campus-life\/facilities-campus\/#breadcrumb\"},\"inLanguage\":\"en-US\",\"potentialAction\":[{\"@type\":\"ReadAction\",\"target\":[\"https:\/\/www.esdes.fr\/en\/welcome\/student-life-services\/campus-life\/facilities-campus\/\"]}]},{\"@type\":\"ImageObject\",\"inLanguage\":\"en-US\",\"@id\":\"https:\/\/www.esdes.fr\/en\/welcome\/student-life-services\/campus-life\/facilities-campus\/#primaryimage\",\"url\":\"https:\/\/www.esdes.fr\/wp-content\/uploads\/sites\/12\/2020\/05\/1920x575-campus.jpg\",\"contentUrl\":\"https:\/\/www.esdes.fr\/wp-content\/uploads\/sites\/12\/2020\/05\/1920x575-campus.jpg\",\"width\":1920,\"height\":575,\"caption\":\"header hall saint paul campus\"},{\"@type\":\"BreadcrumbList\",\"@id\":\"https:\/\/www.esdes.fr\/en\/welcome\/student-life-services\/campus-life\/facilities-campus\/#breadcrumb\",\"itemListElement\":[{\"@type\":\"ListItem\",\"position\":1,\"name\":\"Accueil\",\"item\":\"https:\/\/www.esdes.fr\/en\/\"},{\"@type\":\"ListItem\",\"position\":2,\"name\":\"Welcome\",\"item\":\"https:\/\/www.esdes.fr\/en\/\"},{\"@type\":\"ListItem\",\"position\":3,\"name\":\"Student Life &#038; Services\",\"item\":\"https:\/\/www.esdes.fr\/en\/welcome\/student-life-services\/\"},{\"@type\":\"ListItem\",\"position\":4,\"name\":\"Campus life\",\"item\":\"https:\/\/www.esdes.fr\/en\/welcome\/student-life-services\/campus-life\/\"},{\"@type\":\"ListItem\",\"position\":5,\"name\":\"Facilities, campus\"}]},{\"@type\":\"WebSite\",\"@id\":\"https:\/\/www.esdes.fr\/en\/#website\",\"url\":\"https:\/\/www.esdes.fr\/en\/\",\"name\":\"ESDES Business School\",\"description\":\"ESDES - Grande \u00c9cole de management et commerce\",\"publisher\":{\"@id\":\"https:\/\/www.esdes.fr\/en\/#organization\"},\"potentialAction\":[{\"@type\":\"SearchAction\",\"target\":{\"@type\":\"EntryPoint\",\"urlTemplate\":\"https:\/\/www.esdes.fr\/en\/?s={search_term_string}\"},\"query-input\":{\"@type\":\"PropertyValueSpecification\",\"valueRequired\":true,\"valueName\":\"search_term_string\"}}],\"inLanguage\":\"en-US\"},{\"@type\":\"Organization\",\"@id\":\"https:\/\/www.esdes.fr\/en\/#organization\",\"name\":\"ESDES Business School\",\"url\":\"https:\/\/www.esdes.fr\/en\/\",\"logo\":{\"@type\":\"ImageObject\",\"inLanguage\":\"en-US\",\"@id\":\"https:\/\/www.esdes.fr\/en\/#\/schema\/logo\/image\/\",\"url\":\"https:\/\/www.esdes.fr\/wp-content\/uploads\/sites\/12\/2020\/05\/logo-esdes-ucly_blanc-website-5.svg\",\"contentUrl\":\"https:\/\/www.esdes.fr\/wp-content\/uploads\/sites\/12\/2020\/05\/logo-esdes-ucly_blanc-website-5.svg\",\"caption\":\"ESDES Business School\"},\"image\":{\"@id\":\"https:\/\/www.esdes.fr\/en\/#\/schema\/logo\/image\/\"}}]}<\/script>\n<!-- \/ Yoast SEO plugin. -->","yoast_head_json":{"title":"Facilities, campus - ESDES","description":"The Catholic University of Lyon (UCLy) has three campuses, come to discover it!","robots":{"index":"index","follow":"follow","max-snippet":"max-snippet:-1","max-image-preview":"max-image-preview:large","max-video-preview":"max-video-preview:-1"},"canonical":"https:\/\/www.esdes.fr\/en\/welcome\/student-life-services\/campus-life\/facilities-campus\/","og_locale":"en_US","og_type":"article","og_title":"Facilities, campus - ESDES","og_description":"The Catholic University of Lyon (UCLy) has three campuses, come to discover it!","og_url":"https:\/\/www.esdes.fr\/en\/welcome\/student-life-services\/campus-life\/facilities-campus\/","og_site_name":"ESDES Business School","article_modified_time":"2024-11-15T10:03:24+00:00","og_image":[{"width":1920,"height":575,"url":"https:\/\/www.esdes.fr\/wp-content\/uploads\/sites\/12\/2020\/05\/1920x575-campus.jpg","type":"image\/jpeg"}],"twitter_card":"summary_large_image","twitter_misc":{"Est. reading time":"2 minutes"},"schema":{"@context":"https:\/\/schema.org","@graph":[{"@type":"WebPage","@id":"https:\/\/www.esdes.fr\/en\/welcome\/student-life-services\/campus-life\/facilities-campus\/","url":"https:\/\/www.esdes.fr\/en\/welcome\/student-life-services\/campus-life\/facilities-campus\/","name":"Facilities, campus - ESDES","isPartOf":{"@id":"https:\/\/www.esdes.fr\/en\/#website"},"primaryImageOfPage":{"@id":"https:\/\/www.esdes.fr\/en\/welcome\/student-life-services\/campus-life\/facilities-campus\/#primaryimage"},"image":{"@id":"https:\/\/www.esdes.fr\/en\/welcome\/student-life-services\/campus-life\/facilities-campus\/#primaryimage"},"thumbnailUrl":"https:\/\/www.esdes.fr\/wp-content\/uploads\/sites\/12\/2020\/05\/1920x575-campus.jpg","datePublished":"2020-06-16T12:30:18+00:00","dateModified":"2024-11-15T10:03:24+00:00","description":"The Catholic University of Lyon (UCLy) has three campuses, come to discover it!","breadcrumb":{"@id":"https:\/\/www.esdes.fr\/en\/welcome\/student-life-services\/campus-life\/facilities-campus\/#breadcrumb"},"inLanguage":"en-US","potentialAction":[{"@type":"ReadAction","target":["https:\/\/www.esdes.fr\/en\/welcome\/student-life-services\/campus-life\/facilities-campus\/"]}]},{"@type":"ImageObject","inLanguage":"en-US","@id":"https:\/\/www.esdes.fr\/en\/welcome\/student-life-services\/campus-life\/facilities-campus\/#primaryimage","url":"https:\/\/www.esdes.fr\/wp-content\/uploads\/sites\/12\/2020\/05\/1920x575-campus.jpg","contentUrl":"https:\/\/www.esdes.fr\/wp-content\/uploads\/sites\/12\/2020\/05\/1920x575-campus.jpg","width":1920,"height":575,"caption":"header hall saint paul campus"},{"@type":"BreadcrumbList","@id":"https:\/\/www.esdes.fr\/en\/welcome\/student-life-services\/campus-life\/facilities-campus\/#breadcrumb","itemListElement":[{"@type":"ListItem","position":1,"name":"Accueil","item":"https:\/\/www.esdes.fr\/en\/"},{"@type":"ListItem","position":2,"name":"Welcome","item":"https:\/\/www.esdes.fr\/en\/"},{"@type":"ListItem","position":3,"name":"Student Life &#038; Services","item":"https:\/\/www.esdes.fr\/en\/welcome\/student-life-services\/"},{"@type":"ListItem","position":4,"name":"Campus life","item":"https:\/\/www.esdes.fr\/en\/welcome\/student-life-services\/campus-life\/"},{"@type":"ListItem","position":5,"name":"Facilities, campus"}]},{"@type":"WebSite","@id":"https:\/\/www.esdes.fr\/en\/#website","url":"https:\/\/www.esdes.fr\/en\/","name":"ESDES Business School","description":"ESDES - Grande \u00c9cole de management et commerce","publisher":{"@id":"https:\/\/www.esdes.fr\/en\/#organization"},"potentialAction":[{"@type":"SearchAction","target":{"@type":"EntryPoint","urlTemplate":"https:\/\/www.esdes.fr\/en\/?s={search_term_string}"},"query-input":{"@type":"PropertyValueSpecification","valueRequired":true,"valueName":"search_term_string"}}],"inLanguage":"en-US"},{"@type":"Organization","@id":"https:\/\/www.esdes.fr\/en\/#organization","name":"ESDES Business School","url":"https:\/\/www.esdes.fr\/en\/","logo":{"@type":"ImageObject","inLanguage":"en-US","@id":"https:\/\/www.esdes.fr\/en\/#\/schema\/logo\/image\/","url":"https:\/\/www.esdes.fr\/wp-content\/uploads\/sites\/12\/2020\/05\/logo-esdes-ucly_blanc-website-5.svg","contentUrl":"https:\/\/www.esdes.fr\/wp-content\/uploads\/sites\/12\/2020\/05\/logo-esdes-ucly_blanc-website-5.svg","caption":"ESDES Business School"},"image":{"@id":"https:\/\/www.esdes.fr\/en\/#\/schema\/logo\/image\/"}}]}},"_links":{"self":[{"href":"https:\/\/www.esdes.fr\/en\/wp-json\/wp\/v2\/pages\/7189","targetHints":{"allow":["GET"]}}],"collection":[{"href":"https:\/\/www.esdes.fr\/en\/wp-json\/wp\/v2\/pages"}],"about":[{"href":"https:\/\/www.esdes.fr\/en\/wp-json\/wp\/v2\/types\/page"}],"author":[{"embeddable":true,"href":"https:\/\/www.esdes.fr\/en\/wp-json\/wp\/v2\/users\/64"}],"replies":[{"embeddable":true,"href":"https:\/\/www.esdes.fr\/en\/wp-json\/wp\/v2\/comments?post=7189"}],"version-history":[{"count":14,"href":"https:\/\/www.esdes.fr\/en\/wp-json\/wp\/v2\/pages\/7189\/revisions"}],"predecessor-version":[{"id":43446,"href":"https:\/\/www.esdes.fr\/en\/wp-json\/wp\/v2\/pages\/7189\/revisions\/43446"}],"up":[{"embeddable":true,"href":"https:\/\/www.esdes.fr\/en\/wp-json\/wp\/v2\/pages\/4175"}],"wp:featuredmedia":[{"embeddable":true,"href":"https:\/\/www.esdes.fr\/en\/wp-json\/wp\/v2\/media\/2348"}],"wp:attachment":[{"href":"https:\/\/www.esdes.fr\/en\/wp-json\/wp\/v2\/media?parent=7189"}],"curies":[{"name":"wp","href":"https:\/\/api.w.org\/{rel}","templated":true}]}}