{"id":6324,"date":"2020-07-24T18:32:10","date_gmt":"2020-07-24T16:32:10","guid":{"rendered":"https:\/\/www.esdes.fr\/?page_id=6324"},"modified":"2021-10-12T08:26:12","modified_gmt":"2021-10-12T06:26:12","slug":"sylvain-ouattara","status":"publish","type":"page","link":"https:\/\/www.esdes.fr\/en\/welcome\/research\/isbo\/the-team\/sylvain-ouattara\/","title":{"rendered":"Sylvain Ouattara"},"content":{"rendered":"<div class=\"wp-block-text-image\">\n  <div class=\"row align-bottom collapse\">\n    <div class=\"column small-12 medium-6 xlarge-5 xxlarge-expand wp-block-text-image-info js-fade-scroll\">\n      <p class=\"wp-block-text-image-title\">Sylvain Ouattara<\/p>\n      <div class=\"wp-block-text-image-intro\"><p>PhD in economics<\/p>\n<p><a href=\"mailto:souattara@univ-catholyon.fr\">Contact by email<\/a><\/p>\n<\/div>\n    <\/div>\n\n    <div class=\"column small-12 medium-6 xlarge-7 xxlarge-shrink wp-block-text-image-picture js-fade-scroll\">\n      <img loading=\"lazy\" decoding=\"async\" width=\"400\" height=\"400\" src=\"https:\/\/www.esdes.fr\/wp-content\/uploads\/sites\/12\/2021\/10\/ouattara-400x400-1.jpg\" class=\"attachment-text_image size-text_image\" alt=\"portrait OUATTARA 400x400\" srcset=\"https:\/\/www.esdes.fr\/wp-content\/uploads\/sites\/12\/2021\/10\/ouattara-400x400-1.jpg 400w, https:\/\/www.esdes.fr\/wp-content\/uploads\/sites\/12\/2021\/10\/ouattara-400x400-1-150x150.jpg 150w, https:\/\/www.esdes.fr\/wp-content\/uploads\/sites\/12\/2021\/10\/ouattara-400x400-1-140x140.jpg 140w\" sizes=\"auto, (max-width: 400px) 100vw, 400px\" \/>    <\/div>\n  <\/div>\n<\/div><h2 class=\"wp-block-heading\"><strong>CURRENT SITUATION<\/strong><\/h2><p>Faculty member<\/p><h2 class=\"wp-block-heading\"><strong>UNIVERSITY TITLES AND DIPLOMAS<\/strong><\/h2><p>PhD in economics, Caen Basse Normandie University<\/p><h2 class=\"wp-block-heading\"><strong>RESEARCH THEMES<\/strong><\/h2><ul class=\"wp-block-list\"><li>Industrial economy<\/li><li>Business strategies<\/li><li>Regulation<\/li><li>Public enterprises<\/li><\/ul><h2 class=\"wp-block-heading\"><strong>RESEARCH GROUP<\/strong><\/h2><p>Group 3: Economy and management of sustainable innovations <\/p><h2 class=\"wp-block-heading\">COURSES<\/h2><ul class=\"wp-block-list\"><li>Industrial organization and economic dynamics<\/li><li>Principles of economics<\/li><li>Qualitative and quantitative studies<\/li><li>Master's thesis methodology <\/li><\/ul><h2 class=\"wp-block-heading\">BIOGRAPHY<\/h2><p>Sylvain Kadohognon OUATTARA is a faculty member at ESDES Lyon Business School, and holds a PhD in economics (specializing in industrial economics) from the University of Caen Basse Normandie. His research mainly focuses on the competitive practices of rival companies with differentiated capital structures (public and private companies, privatization process) and the challenges they present in terms of horizontal mergers and managerial delegation. He is also interested in issues relating to market regulation and universal service obligations. His work has been published in several international and French journals (<em> Economics Bulletin<\/em>, <em>political economy journal<\/em>, <em>economic journal industrial<\/em>, <em>Theoretical Economics Letters<\/em>). <\/p><h2 class=\"wp-block-heading\"><strong>PUBLICATIONS AND WORKS<\/strong><\/h2><h3 class=\"wp-block-heading\"><strong>Articles in referenced journals (CNRS, FNEGE)<\/strong><\/h3><h4 class=\"wp-block-heading\"><strong>2020<\/strong><\/h4><p><strong>OUATTARA S.<\/strong>, (2020), \u00ab Employment double dividend hypothesis with the presence of a trade union \u00bb,&nbsp;<em>Economics Letters<\/em>, vol. 193,&nbsp;article 109273, (in collaboration with Y. Wang).<\/p><h4 class=\"wp-block-heading\"><strong>2019<\/strong><\/h4><p><strong>OUATTARA S.<\/strong>, (2019), \u00ab The decision to hire managers in the presence of public and CSR firms \u00bb,&nbsp;<em>Economics Bulletin<\/em>, vol. 39,&nbsp;n\u00b0 4, pp. 2517-2526, (in collaboration with&nbsp;Ahmed haidara Ould abdessalam).<strong><br>OUATTARA S.<\/strong>, (2019), \u00ab Pollution abatement and partial privatization \u00bb,&nbsp;<em>Economics Bulletin<\/em>, vol. 39, n\u00b0 3, pp. 1887-1897.&nbsp;<\/p><h4 class=\"wp-block-heading\"><strong>2018<\/strong><\/h4><p><strong>OUATTARA S.<\/strong>, (2018), \u00ab D\u00e9l\u00e9gation et RSE dans un duopole diff\u00e9renci\u00e9 \u00bb,&nbsp;<em>Entreprise et soci\u00e9t\u00e9<\/em>, vol. 2018-1, n\u00b0 3, pp. 119-136.<br><strong>OUATTARA S.<\/strong>, (2018), \u00ab Taxe environnementale et incitations manag\u00e9riales dans un duopole mixte \u00bb,&nbsp;<em>Revue \u00c9conomique<\/em>, vol. 69, n\u00b0 5, pp. 723-744.<\/p><h4 class=\"wp-block-heading\"><strong>2017<\/strong><\/h4><p><strong>OUATTARA S.<\/strong>, (2017), \u00ab Strategic privatization in a mixed duopoly with a socially responsible firm \u00bb,&nbsp;<em>Economics Bulletin<\/em>, vol. 37, n\u00b0 3, pp. 2067-2075.<\/p><h4 class=\"wp-block-heading\"><strong>2016<\/strong><\/h4><p><strong>OUATTARA S.<\/strong>, (2016), \u00abHow privatization affects the strategic choice of managerial incentives : the case of international mixed duopoly\u00bb, <em>Economics Bulletin, <\/em>vol. 36, n\u00b0 2, pp. 1038-1045.<\/p><p><strong>OUATTARA S.<\/strong>, (2016), \u00ab Endogenous Choice of Managerial Incentives in a Mixed Duopoly with a Foreign Private Firm \u00bb , <em>Theoretical Economic Letter, <\/em>n\u00b0 6, pp. 262-268.<\/p><h4 class=\"wp-block-heading\"><strong>2015<\/strong><\/h4><p><strong>OUATTARA S.<\/strong>, (2015),  \u00ab Incentives to merge in asymmetric mixed oligopoly \u00bb, <em>Economics Bulletin,<\/em> vol. 35, n\u00b0 2, pp. 885-895, (in collaboration with Bernard F., Le Pape N.).<\/p><h4 class=\"wp-block-heading\"><strong>2014<\/strong><\/h4><p><strong>OUATTARA S.<\/strong>, (2014), \u00ab Ouverture \u00e0 la concurrence et obligations de service universel \u00bb, <em>Revue d\u2019\u00c9conomie Industrielle<\/em>, n\u00b0 147, pp. 87-109.<\/p><h4 class=\"wp-block-heading\"><strong>2013<\/strong><\/h4><p><strong>OUATTARA S.<\/strong>, (2013), \u00ab Incitations manag\u00e9riales dans un duopole mixte : cas de la privatisation partielle de la firme publique \u00bb, <em>Revue d\u2019\u00c9conomie Politique, <\/em>Dalloz, vol. 123, n\u00b0 4, pp. 495-517.<\/p><div class=\"wp-block-separator js-fade-scroll\"><\/div><h3 class=\"wp-block-heading\"><strong>Book chapter<\/strong><\/h3><h4 class=\"wp-block-heading\"><strong>2020<\/strong><\/h4><p><strong>OUATTARA S.<\/strong>, (2020), \u00ab La RSE dans un context duopoliste: une approche par la th\u00e9orie des jeux \u00bb,&nbsp;<em>in<\/em>&nbsp;:&nbsp;C. Le Bas and S. Mercuri Chapuis, (coords.),&nbsp;<em>La RSE&nbsp;: des relations sociales \u00e0 la dimension strat\u00e9gique, dirig\u00e9 par&nbsp;<\/em>,&nbsp;Editions EMS, Questions de Soci\u00e9t\u00e9, Paris, pp.&nbsp;77-92.<\/p><div class=\"wp-block-separator js-fade-scroll\"><\/div><h3 class=\"wp-block-heading\"><strong>Participation in conferences<\/strong><\/h3><h4 class=\"wp-block-heading\"><strong>2021<\/strong><\/h4><p><strong>OUATTARA S.,&nbsp;<\/strong>(2021), \u00ab Responsabilit\u00e9 sociale des entreprises et pr\u00e9sence d'\u2019investisseurs \u00e9trangers dans un oligopole mixte \u00bb, 60\u00e8me congr\u00e8s de la Soci\u00e9t\u00e9 Canadienne des Sciences \u00c9conomiques (SCSE), University of Ottawa, August 25, Montreal, Canada, (in collaboration with Y. Wang).<\/p><h4 class=\"wp-block-heading\"><strong>2019<\/strong><\/h4><p><strong>OUATTARA S.,&nbsp;<\/strong>(2019), \u00ab Pollution abatement and partial privatization \u00bb, 59eme congr\u00e8s de la Soci\u00e9t\u00e9 Canadienne des sciences \u00e9conomiques, \u00c9cole nationale d\u2019administration publique du Qu\u00e9bec, May 8-10, Quebec, Canada.<\/p><h4 class=\"wp-block-heading\"><strong>2018<\/strong><\/h4><p><strong>OUATTARA S.<\/strong>, (2018),<strong>&nbsp;\u00ab<\/strong>&nbsp;Consumer surplus as a strategic commitment mechanism&nbsp;\u00bb,&nbsp;7\u00e8me Conf\u00e9rence internationale CEAFE, Conf\u00e9rence Euro-Africaine en Finance et \u00c9conomie,&nbsp;Acad\u00e9mie des Sciences, des arts et des lettres Beit Al Hikma,&nbsp;June 21-22, Carthage, Tunisia.<strong><br>OUATTARA S.<\/strong>, (2018), \u00ab D\u00e9l\u00e9gation et RSE dans un oligopole diff\u00e9renci\u00e9 \u00bb, 58\u00e8me colloque de la soci\u00e9t\u00e9 canadienne de sciences \u00e9conomiques SCSE, May 9-11 , University of Qu\u00e9bec, Montreal, Canada.<\/p><h4 class=\"wp-block-heading\"><strong>2017<\/strong><\/h4><p><strong>OUATTARA S.<\/strong>, (2017), \u00ab Taxe environnementale et incitations manag\u00e9riales dans un duopole mixte \u00bb, 57\u00e8me congr\u00e8s de la Soci\u00e9t\u00e9 Canadienne de Sciences \u00c9conomiques (SCSE), University of Ottawa, May 10-12, Ottawa, Canada.<strong><br>OUATTARA S,<\/strong>&nbsp;(2017),&nbsp; (ESDES-UCLy) \u00ab Incitations manag\u00e9riales et strat\u00e9gies RSE dans un oligopole \u00bb, Colloquium ESDES-UCLy : \u00ab RSE, comportement des entreprises et organisation industrielle \u00bb, June 15th, Lyon, France.<\/p>","protected":false},"excerpt":{"rendered":"<p>CURRENT SITUATIONFaculty memberUNIVERSITY TITLES AND DIPLOMASPhD in economics, Caen Basse Normandie UniversityRESEARCH THEMESIndustrial economyBusiness strategiesRegulationPublic enterprisesRESEARCH GROUPGroup 3: Economy and management of sustainable innovations [&hellip;]<\/p>\n","protected":false},"author":64,"featured_media":5084,"parent":6166,"menu_order":0,"comment_status":"closed","ping_status":"closed","template":"","meta":{"_acf_changed":false,"footnotes":""},"class_list":["post-6324","page","type-page","status-publish","has-post-thumbnail","hentry"],"acf":[],"yoast_head":"<!-- This site is optimized with the Yoast SEO plugin v24.1 - https:\/\/yoast.com\/wordpress\/plugins\/seo\/ -->\n<title>Sylvain Ouattara - ESDES Business School<\/title>\n<meta name=\"robots\" content=\"index, follow, max-snippet:-1, max-image-preview:large, max-video-preview:-1\" \/>\n<link rel=\"canonical\" href=\"https:\/\/www.esdes.fr\/en\/welcome\/research\/isbo\/the-team\/sylvain-ouattara\/\" \/>\n<meta property=\"og:locale\" content=\"en_US\" \/>\n<meta property=\"og:type\" content=\"article\" \/>\n<meta property=\"og:title\" content=\"Sylvain Ouattara - ESDES Business School\" \/>\n<meta property=\"og:description\" content=\"CURRENT SITUATIONFaculty memberUNIVERSITY TITLES AND DIPLOMASPhD in economics, Caen Basse Normandie UniversityRESEARCH THEMESIndustrial economyBusiness strategiesRegulationPublic enterprisesRESEARCH GROUPGroup 3: Economy and management of sustainable innovations [&hellip;]\" \/>\n<meta property=\"og:url\" content=\"https:\/\/www.esdes.fr\/en\/welcome\/research\/isbo\/the-team\/sylvain-ouattara\/\" \/>\n<meta property=\"og:site_name\" content=\"ESDES Business School\" \/>\n<meta property=\"article:modified_time\" content=\"2021-10-12T06:26:12+00:00\" \/>\n<meta property=\"og:image\" content=\"https:\/\/www.esdes.fr\/wp-content\/uploads\/sites\/12\/2020\/07\/1920x575_enseignants_chercheurs.jpg\" \/>\n\t<meta property=\"og:image:width\" content=\"1920\" \/>\n\t<meta property=\"og:image:height\" content=\"575\" \/>\n\t<meta property=\"og:image:type\" content=\"image\/jpeg\" \/>\n<meta name=\"twitter:card\" content=\"summary_large_image\" \/>\n<meta name=\"twitter:label1\" content=\"Est. reading time\" \/>\n\t<meta name=\"twitter:data1\" content=\"3 minutes\" \/>\n<script type=\"application\/ld+json\" class=\"yoast-schema-graph\">{\"@context\":\"https:\/\/schema.org\",\"@graph\":[{\"@type\":\"WebPage\",\"@id\":\"https:\/\/www.esdes.fr\/en\/welcome\/research\/isbo\/the-team\/sylvain-ouattara\/\",\"url\":\"https:\/\/www.esdes.fr\/en\/welcome\/research\/isbo\/the-team\/sylvain-ouattara\/\",\"name\":\"Sylvain Ouattara - ESDES Business School\",\"isPartOf\":{\"@id\":\"https:\/\/www.esdes.fr\/en\/#website\"},\"primaryImageOfPage\":{\"@id\":\"https:\/\/www.esdes.fr\/en\/welcome\/research\/isbo\/the-team\/sylvain-ouattara\/#primaryimage\"},\"image\":{\"@id\":\"https:\/\/www.esdes.fr\/en\/welcome\/research\/isbo\/the-team\/sylvain-ouattara\/#primaryimage\"},\"thumbnailUrl\":\"https:\/\/www.esdes.fr\/wp-content\/uploads\/sites\/12\/2020\/07\/1920x575_enseignants_chercheurs.jpg\",\"datePublished\":\"2020-07-24T16:32:10+00:00\",\"dateModified\":\"2021-10-12T06:26:12+00:00\",\"breadcrumb\":{\"@id\":\"https:\/\/www.esdes.fr\/en\/welcome\/research\/isbo\/the-team\/sylvain-ouattara\/#breadcrumb\"},\"inLanguage\":\"en-US\",\"potentialAction\":[{\"@type\":\"ReadAction\",\"target\":[\"https:\/\/www.esdes.fr\/en\/welcome\/research\/isbo\/the-team\/sylvain-ouattara\/\"]}]},{\"@type\":\"ImageObject\",\"inLanguage\":\"en-US\",\"@id\":\"https:\/\/www.esdes.fr\/en\/welcome\/research\/isbo\/the-team\/sylvain-ouattara\/#primaryimage\",\"url\":\"https:\/\/www.esdes.fr\/wp-content\/uploads\/sites\/12\/2020\/07\/1920x575_enseignants_chercheurs.jpg\",\"contentUrl\":\"https:\/\/www.esdes.fr\/wp-content\/uploads\/sites\/12\/2020\/07\/1920x575_enseignants_chercheurs.jpg\",\"width\":1920,\"height\":575,\"caption\":\"header enseignants chercheurs\"},{\"@type\":\"BreadcrumbList\",\"@id\":\"https:\/\/www.esdes.fr\/en\/welcome\/research\/isbo\/the-team\/sylvain-ouattara\/#breadcrumb\",\"itemListElement\":[{\"@type\":\"ListItem\",\"position\":1,\"name\":\"Accueil\",\"item\":\"https:\/\/www.esdes.fr\/en\/\"},{\"@type\":\"ListItem\",\"position\":2,\"name\":\"Welcome\",\"item\":\"https:\/\/www.esdes.fr\/en\/\"},{\"@type\":\"ListItem\",\"position\":3,\"name\":\"Faculty &#038; Research\",\"item\":\"https:\/\/www.esdes.fr\/en\/welcome\/research\/\"},{\"@type\":\"ListItem\",\"position\":4,\"name\":\"Research at Esdes\",\"item\":\"https:\/\/www.esdes.fr\/en\/welcome\/research\/isbo\/\"},{\"@type\":\"ListItem\",\"position\":5,\"name\":\"The Research Team\",\"item\":\"https:\/\/www.esdes.fr\/en\/welcome\/research\/isbo\/the-team\/\"},{\"@type\":\"ListItem\",\"position\":6,\"name\":\"Sylvain Ouattara\"}]},{\"@type\":\"WebSite\",\"@id\":\"https:\/\/www.esdes.fr\/en\/#website\",\"url\":\"https:\/\/www.esdes.fr\/en\/\",\"name\":\"ESDES Business School\",\"description\":\"ESDES - Grande \u00c9cole de management et commerce\",\"publisher\":{\"@id\":\"https:\/\/www.esdes.fr\/en\/#organization\"},\"potentialAction\":[{\"@type\":\"SearchAction\",\"target\":{\"@type\":\"EntryPoint\",\"urlTemplate\":\"https:\/\/www.esdes.fr\/en\/?s={search_term_string}\"},\"query-input\":{\"@type\":\"PropertyValueSpecification\",\"valueRequired\":true,\"valueName\":\"search_term_string\"}}],\"inLanguage\":\"en-US\"},{\"@type\":\"Organization\",\"@id\":\"https:\/\/www.esdes.fr\/en\/#organization\",\"name\":\"ESDES Business School\",\"url\":\"https:\/\/www.esdes.fr\/en\/\",\"logo\":{\"@type\":\"ImageObject\",\"inLanguage\":\"en-US\",\"@id\":\"https:\/\/www.esdes.fr\/en\/#\/schema\/logo\/image\/\",\"url\":\"https:\/\/www.esdes.fr\/wp-content\/uploads\/sites\/12\/2020\/05\/logo-esdes-ucly_blanc-website-5.svg\",\"contentUrl\":\"https:\/\/www.esdes.fr\/wp-content\/uploads\/sites\/12\/2020\/05\/logo-esdes-ucly_blanc-website-5.svg\",\"caption\":\"ESDES Business School\"},\"image\":{\"@id\":\"https:\/\/www.esdes.fr\/en\/#\/schema\/logo\/image\/\"}}]}<\/script>\n<!-- \/ Yoast SEO plugin. -->","yoast_head_json":{"title":"Sylvain Ouattara - ESDES Business School","robots":{"index":"index","follow":"follow","max-snippet":"max-snippet:-1","max-image-preview":"max-image-preview:large","max-video-preview":"max-video-preview:-1"},"canonical":"https:\/\/www.esdes.fr\/en\/welcome\/research\/isbo\/the-team\/sylvain-ouattara\/","og_locale":"en_US","og_type":"article","og_title":"Sylvain Ouattara - ESDES Business School","og_description":"CURRENT SITUATIONFaculty memberUNIVERSITY TITLES AND DIPLOMASPhD in economics, Caen Basse Normandie UniversityRESEARCH THEMESIndustrial economyBusiness strategiesRegulationPublic enterprisesRESEARCH GROUPGroup 3: Economy and management of sustainable innovations [&hellip;]","og_url":"https:\/\/www.esdes.fr\/en\/welcome\/research\/isbo\/the-team\/sylvain-ouattara\/","og_site_name":"ESDES Business School","article_modified_time":"2021-10-12T06:26:12+00:00","og_image":[{"width":1920,"height":575,"url":"https:\/\/www.esdes.fr\/wp-content\/uploads\/sites\/12\/2020\/07\/1920x575_enseignants_chercheurs.jpg","type":"image\/jpeg"}],"twitter_card":"summary_large_image","twitter_misc":{"Est. reading time":"3 minutes"},"schema":{"@context":"https:\/\/schema.org","@graph":[{"@type":"WebPage","@id":"https:\/\/www.esdes.fr\/en\/welcome\/research\/isbo\/the-team\/sylvain-ouattara\/","url":"https:\/\/www.esdes.fr\/en\/welcome\/research\/isbo\/the-team\/sylvain-ouattara\/","name":"Sylvain Ouattara - ESDES Business School","isPartOf":{"@id":"https:\/\/www.esdes.fr\/en\/#website"},"primaryImageOfPage":{"@id":"https:\/\/www.esdes.fr\/en\/welcome\/research\/isbo\/the-team\/sylvain-ouattara\/#primaryimage"},"image":{"@id":"https:\/\/www.esdes.fr\/en\/welcome\/research\/isbo\/the-team\/sylvain-ouattara\/#primaryimage"},"thumbnailUrl":"https:\/\/www.esdes.fr\/wp-content\/uploads\/sites\/12\/2020\/07\/1920x575_enseignants_chercheurs.jpg","datePublished":"2020-07-24T16:32:10+00:00","dateModified":"2021-10-12T06:26:12+00:00","breadcrumb":{"@id":"https:\/\/www.esdes.fr\/en\/welcome\/research\/isbo\/the-team\/sylvain-ouattara\/#breadcrumb"},"inLanguage":"en-US","potentialAction":[{"@type":"ReadAction","target":["https:\/\/www.esdes.fr\/en\/welcome\/research\/isbo\/the-team\/sylvain-ouattara\/"]}]},{"@type":"ImageObject","inLanguage":"en-US","@id":"https:\/\/www.esdes.fr\/en\/welcome\/research\/isbo\/the-team\/sylvain-ouattara\/#primaryimage","url":"https:\/\/www.esdes.fr\/wp-content\/uploads\/sites\/12\/2020\/07\/1920x575_enseignants_chercheurs.jpg","contentUrl":"https:\/\/www.esdes.fr\/wp-content\/uploads\/sites\/12\/2020\/07\/1920x575_enseignants_chercheurs.jpg","width":1920,"height":575,"caption":"header enseignants chercheurs"},{"@type":"BreadcrumbList","@id":"https:\/\/www.esdes.fr\/en\/welcome\/research\/isbo\/the-team\/sylvain-ouattara\/#breadcrumb","itemListElement":[{"@type":"ListItem","position":1,"name":"Accueil","item":"https:\/\/www.esdes.fr\/en\/"},{"@type":"ListItem","position":2,"name":"Welcome","item":"https:\/\/www.esdes.fr\/en\/"},{"@type":"ListItem","position":3,"name":"Faculty &#038; Research","item":"https:\/\/www.esdes.fr\/en\/welcome\/research\/"},{"@type":"ListItem","position":4,"name":"Research at Esdes","item":"https:\/\/www.esdes.fr\/en\/welcome\/research\/isbo\/"},{"@type":"ListItem","position":5,"name":"The Research Team","item":"https:\/\/www.esdes.fr\/en\/welcome\/research\/isbo\/the-team\/"},{"@type":"ListItem","position":6,"name":"Sylvain Ouattara"}]},{"@type":"WebSite","@id":"https:\/\/www.esdes.fr\/en\/#website","url":"https:\/\/www.esdes.fr\/en\/","name":"ESDES Business School","description":"ESDES - Grande \u00c9cole de management et commerce","publisher":{"@id":"https:\/\/www.esdes.fr\/en\/#organization"},"potentialAction":[{"@type":"SearchAction","target":{"@type":"EntryPoint","urlTemplate":"https:\/\/www.esdes.fr\/en\/?s={search_term_string}"},"query-input":{"@type":"PropertyValueSpecification","valueRequired":true,"valueName":"search_term_string"}}],"inLanguage":"en-US"},{"@type":"Organization","@id":"https:\/\/www.esdes.fr\/en\/#organization","name":"ESDES Business School","url":"https:\/\/www.esdes.fr\/en\/","logo":{"@type":"ImageObject","inLanguage":"en-US","@id":"https:\/\/www.esdes.fr\/en\/#\/schema\/logo\/image\/","url":"https:\/\/www.esdes.fr\/wp-content\/uploads\/sites\/12\/2020\/05\/logo-esdes-ucly_blanc-website-5.svg","contentUrl":"https:\/\/www.esdes.fr\/wp-content\/uploads\/sites\/12\/2020\/05\/logo-esdes-ucly_blanc-website-5.svg","caption":"ESDES Business School"},"image":{"@id":"https:\/\/www.esdes.fr\/en\/#\/schema\/logo\/image\/"}}]}},"_links":{"self":[{"href":"https:\/\/www.esdes.fr\/en\/wp-json\/wp\/v2\/pages\/6324","targetHints":{"allow":["GET"]}}],"collection":[{"href":"https:\/\/www.esdes.fr\/en\/wp-json\/wp\/v2\/pages"}],"about":[{"href":"https:\/\/www.esdes.fr\/en\/wp-json\/wp\/v2\/types\/page"}],"author":[{"embeddable":true,"href":"https:\/\/www.esdes.fr\/en\/wp-json\/wp\/v2\/users\/64"}],"replies":[{"embeddable":true,"href":"https:\/\/www.esdes.fr\/en\/wp-json\/wp\/v2\/comments?post=6324"}],"version-history":[{"count":18,"href":"https:\/\/www.esdes.fr\/en\/wp-json\/wp\/v2\/pages\/6324\/revisions"}],"predecessor-version":[{"id":18106,"href":"https:\/\/www.esdes.fr\/en\/wp-json\/wp\/v2\/pages\/6324\/revisions\/18106"}],"up":[{"embeddable":true,"href":"https:\/\/www.esdes.fr\/en\/wp-json\/wp\/v2\/pages\/6166"}],"wp:featuredmedia":[{"embeddable":true,"href":"https:\/\/www.esdes.fr\/en\/wp-json\/wp\/v2\/media\/5084"}],"wp:attachment":[{"href":"https:\/\/www.esdes.fr\/en\/wp-json\/wp\/v2\/media?parent=6324"}],"curies":[{"name":"wp","href":"https:\/\/api.w.org\/{rel}","templated":true}]}}