{"id":6315,"date":"2020-07-24T18:18:12","date_gmt":"2020-07-24T16:18:12","guid":{"rendered":"https:\/\/www.esdes.fr\/?page_id=6315"},"modified":"2021-10-28T11:50:10","modified_gmt":"2021-10-28T09:50:10","slug":"sandra-fagbohoun","status":"publish","type":"page","link":"https:\/\/www.esdes.fr\/en\/welcome\/research\/isbo\/the-team\/sandra-fagbohoun\/","title":{"rendered":"Sandra Fagbohoun"},"content":{"rendered":"<div class=\"wp-block-text-image\">\n  <div class=\"row align-bottom collapse\">\n    <div class=\"column small-12 medium-6 xlarge-5 xxlarge-expand wp-block-text-image-info js-fade-scroll\">\n      <p class=\"wp-block-text-image-title\">Sandra Fagbohoun<\/p>\n      <div class=\"wp-block-text-image-intro\"><p>PhD in Anthropology<\/p>\n<p><a href=\"mailto:sfagbohoun@univ-catholyon.fr\">Contact by email<\/a><\/p>\n<\/div>\n    <\/div>\n\n    <div class=\"column small-12 medium-6 xlarge-7 xxlarge-shrink wp-block-text-image-picture js-fade-scroll\">\n      <img loading=\"lazy\" decoding=\"async\" width=\"400\" height=\"400\" src=\"https:\/\/www.esdes.fr\/wp-content\/uploads\/sites\/12\/2020\/07\/fagbohoun-400x400-1.jpg\" class=\"attachment-text_image size-text_image\" alt=\"Portrait EC Sandra Fagbohoun\" srcset=\"https:\/\/www.esdes.fr\/wp-content\/uploads\/sites\/12\/2020\/07\/fagbohoun-400x400-1.jpg 400w, https:\/\/www.esdes.fr\/wp-content\/uploads\/sites\/12\/2020\/07\/fagbohoun-400x400-1-150x150.jpg 150w, https:\/\/www.esdes.fr\/wp-content\/uploads\/sites\/12\/2020\/07\/fagbohoun-400x400-1-140x140.jpg 140w\" sizes=\"auto, (max-width: 400px) 100vw, 400px\" \/>    <\/div>\n  <\/div>\n<\/div><h2 class=\"wp-block-heading\"><strong>CURRENT SITUATION<\/strong><\/h2><p>Faculty member<\/p><h2 class=\"wp-block-heading\"><strong>UNIVERSITY TITLES AND DIPLOMAS<\/strong><\/h2><p>PhD in Anthropology, Aix-Marseille I University<\/p><h2 class=\"wp-block-heading\"><strong>RESEARCH THEMES<\/strong><\/h2><ul class=\"wp-block-list\"><li>Organizational context<\/li><li>Management of creativity and innovation<\/li><li>Fablabs<\/li><\/ul><h2 class=\"wp-block-heading\"><strong>RESEARCH GROUP<\/strong><\/h2><p>Group 3: Economy and management of sustainable innovations <\/p><h2 class=\"wp-block-heading\">COURSES<\/h2><ul class=\"wp-block-list\"><li>Interculturality<\/li><li>Cross-Cultural Management<\/li><\/ul><h2 class=\"wp-block-heading\">BIOGRAPHY<\/h2><p>Sandra FAGBOHOUN is Head of the Economy and Society department and Faculty member. She has a PhD in Anthropology, and her research activities fall within three fields of the literature in strategic management: the management of creativity and innovation, the organizational context and the organizational mechanisms favoring the opening of the boundaries of the organization.<\/p><h2 class=\"wp-block-heading\"><strong>PUBLICATIONS AND WORKS<\/strong><\/h2><h3 class=\"wp-block-heading\"><strong>Articles in referenced journals (CNRS, FNEGE)<\/strong><\/h3><h4 class=\"wp-block-heading\"><strong>2021<\/strong><\/h4><p><strong>FAGBOHOUN S.<\/strong>, (2021), \"Internal Fablab: what effects on the organizational context? The case of a consulting firm\",<em> Innovations<\/em>, vol. 3, n\u00b066, pp 79-107.<\/p><h4 class=\"wp-block-heading\"><strong>2018<\/strong><\/h4><p><strong>FAGBOHOUN S.<\/strong>, (2018), \u00ab Strat\u00e9gie d\u2019innovation par le Design Thinking et engagement RSE. Le cas d\u2019Hutchinson \u00bb,&nbsp;<em>Entreprise et soci\u00e9t\u00e9<\/em>, vol. 2018-1, n\u00b0 3, pp. 163-185.<\/p><h4 class=\"wp-block-heading\"><strong>2017<\/strong><\/h4><p><strong>FAGBOHOUN S.<\/strong>, (2017), \u00ab Quand l\u2019Alt\u00e9rit\u00e9 exige ma r\u00e9flexivit\u00e9 Enqu\u00eate aupr\u00e8s de managers d\u2019entreprises internationales \u00bb,&nbsp;<em>Revue Internationale de Psychosociologie et de Gestion des Comportements Organisationnels<\/em>&nbsp;(RIPCO), 2017\/Suppl\u00e9ment HS, pp. 133-144.<\/p><h4 class=\"wp-block-heading\"><strong>2016<\/strong><\/h4><p><strong>FAGBOHOUN S.<\/strong>, (2016), \u00ab Innovation frugale, effectuation et fablabs : des pratiques \u00e0 croiser pour penser l\u2019innovation diff\u00e9remment \u00bb,&nbsp;<em>Innovation<\/em>, vol. 2016\/3, n\u00b0 51, pp. 27-46.<\/p><h4 class=\"wp-block-heading\"><strong>2015<\/strong><\/h4><p><strong>FAGBOHOUN S.<\/strong>, (2015), \u00ab Quand le Knowledge Management contribue \u00e0 red\u00e9finir une culture d\u2019entreprise&nbsp;; le cas d\u2019une multinationale&nbsp; \u00bb,&nbsp;<em>Communication et Management<\/em>, vol. 12, n\u00b0 1, pp. 31-46.<\/p><h3 class=\"wp-block-heading\"><strong>ARTICLE IN JOURNALS WITH REVIEW COMMITTEE OR EMERGING JOURNALS<\/strong><\/h3><h4 class=\"wp-block-heading\"><strong>2015<\/strong><\/h4><p><strong>FAGBOHOUN S.<\/strong>, (2015), \u00ab&nbsp;Identit\u00e9 Individuelle et diversit\u00e9 culturelle. Comment faire de la culture d\u2019entreprise un facteur d\u2019engagement performant&nbsp;?&nbsp;\u00bb,&nbsp;<em>Psychanalyse &amp; Management<\/em>, n\u00b0 05\/2015, pp.&nbsp;131-145.<\/p><p><br><\/p><div class=\"wp-block-separator js-fade-scroll\"><\/div><h3 class=\"wp-block-heading\"><strong>Book chapter<\/strong><\/h3><h4 class=\"wp-block-heading\"><strong>2020<\/strong><\/h4><p><strong><strong>FAGBOHOUN S<\/strong>.<\/strong>, (2020), \u00ab La transformation des contextes organisationnels \u00bb, <em>in<\/em> : M. Bui-Leturcq and E. Gabellieri, (dir.), <em>Partenariats et innovation sociale. Vers une coconstruction du bien commun<\/em>, Lyon, Chronique sociale, pp. 140-143.<\/p><p><strong><strong>FAGBOHOUN S<\/strong>.<\/strong>, (2020), \u00ab Les contextes organisationnels favorables aux partenariats entre organisations de l'ESS et entreprises hors ESS \u00bb, <em>in<\/em> : M. Bui-Leturcq and E. Gabellieri, (dir.), <em>Partenariats et innovation sociale. Vers une coconstruction du bien commun<\/em>, Lyon, Chronique sociale, pp. 39-45.<\/p><p><strong>FAGBOHOUN S.<\/strong>, (2020), \u00ab La m\u00e9thodologie du Design Thinking : strat\u00e9gie d'innovation et engagement RSE \u00bb,&nbsp;<em>in<\/em>&nbsp;: C. Le Bas and S. Mercuri Chapuis, (coords.),<em>&nbsp;La RSE&nbsp;: des relations sociales \u00e0 la dimension strat\u00e9gique, dirig\u00e9 par&nbsp;,&nbsp;<\/em>Editions EMS<em>, <\/em>Questions de Soci\u00e9t\u00e9, Paris, pp. 93-109.<\/p><h4 class=\"wp-block-heading\"><strong>2017<\/strong><\/h4><p><strong>FAGBOHOUN S.<\/strong>, (2017), \u00ab Les enjeux manag\u00e9riaux \u00bb,&nbsp;<em>in<\/em>&nbsp;: M.&nbsp;Youn\u00e8s, (dir.),&nbsp;<em>L\u2019entreprise au d\u00e9fi des religions. Faire communaut\u00e9 \u00e0 l\u2019\u00e9preuve du communautarisme<\/em>,&nbsp;  Chronique Sociale, (in collaboration with S. Grevedon).<\/p><h4 class=\"wp-block-heading\"><strong>2016<\/strong><\/h4><p><strong>FAGBOHOUN S.<\/strong>, (2016), \u00ab La confiance, un levier efficace pour le management d\u2019\u00e9quipes pluriculturelles&nbsp;?&nbsp;Quand l\u2019incertitude des relations met les individus et les organisations \u00e0 l\u2019\u00e9preuve \u00bb,&nbsp;Chapter 7, <em>in<\/em>&nbsp;: R. Delaye and P. Lardellier, (dir.),&nbsp;<em><em>La Confiance&nbsp;; Organisations, relations et capital humain<\/em><\/em>,&nbsp;Editions Ems Management &amp; Soci\u00e9t\u00e9, pp. 139-152.<\/p><h4 class=\"wp-block-heading\"><strong>2015<\/strong><\/h4><p><strong>FAGBOHOUN S.<\/strong>, DUNCAN A.-L.,&nbsp;GAO H., MELIN C. and PON K., (2015), \u00ab Les cha\u00eenes de valeur mondiales reconsid\u00e9r\u00e9es \u00bb, Chapitre 6,&nbsp;<em>in<\/em>&nbsp;: V. Chassagnon, (dir.),&nbsp;<em>Vers un mod\u00e8le de gouvernement durable de l\u2019entreprise capitaliste : l\u2019unit\u00e9 dans la pluralit\u00e9 au service de la soci\u00e9t\u00e9<\/em>, pp. 83-94.<\/p><h4 class=\"wp-block-heading\"><strong>2013<\/strong><\/h4><p><strong>FAGBOHOUN S.<\/strong>, (2013), \u00ab Les mutations dans la soci\u00e9t\u00e9 d\u2019aujourd\u2019hui&nbsp; \u00bb, <em>in<\/em>&nbsp;: M. Youn\u00e8s, (dir.),&nbsp;<em><em>L\u2019entreprise au d\u00e9fi des religions. Regards crois\u00e9s \u00e0 partir du bassin m\u00e9diterran\u00e9en<\/em><\/em>, Chronique Sociale, (in collaboration with V. Aubourg and L. Denizeau).<\/p><div class=\"wp-block-separator js-fade-scroll\"><\/div><h3 class=\"wp-block-heading\"><strong>Participation in conferences<\/strong><\/h3><h4 class=\"wp-block-heading\"><strong>2019<\/strong><\/h4><p><strong>FAGBOHOUN S.,<\/strong>&nbsp;(2019),&nbsp;\u00ab Caract\u00e9riser la gouvernance d\u2019un \u00e9co-syst\u00e8me d\u2019innovation ouvert sur des communs. Exploration du cas du transport et de la mobilit\u00e9 en France&nbsp;\u00bb,&nbsp;19\u00e8me rencontre du RIUES (r\u00e9seau interuniversitaire de l\u2019\u00e9conomie Sociale et Solidaire) \u00e0 Marne-la-vall\u00e9e&nbsp;: \u00ab&nbsp;ESS de la culture et culture de l\u2019ESS&nbsp;\u00bb,&nbsp;Universit\u00e9 de Paris-Est,&nbsp;May 15-17,&nbsp;Marne-La-Vall\u00e9e, France.<\/p><h4 class=\"wp-block-heading\"><strong>2018<\/strong><\/h4><p><strong>FAGBOHOUN S.<\/strong>, (2018), \u00ab Strat\u00e9gie d\u2019innovation par le Design Thinking et engagement RSE : le cas d\u2019Hutchinson \u00bb, XXVIIe conference de l\u2019AIMS-ST AIMS 13 : Trajectoires d\u2019innovation, June 6-8, Montpellier Business School, Montpellier, France.<\/p><p><strong>FAGBOHOUN S.<\/strong>, (2018), \u00ab Fablab interne, management de l\u2019innovation et contexte organisationnel : le cas d\u2019un cabinet de conseil \u00bb, Conference RRI (R\u00e9seau de Recherche sur l\u2019Innovation), IUT de N\u00eemes, Universit\u00e9 de Montpellier, Forum innovation VII, June 4-5, N\u00eemes, France.<\/p><p><strong>FAGBOHOUN S.,<\/strong>&nbsp;(2018), workshop : \u00ab L\u2019entreprise au d\u00e9fi des religions. Regards crois\u00e9s autour du monde \u00bb, CECR, PLURIEL, Universit\u00e9 Catholique de Lyon, 30th May - 1st June, Lyon, France, (in collaboration with D. Coatan\u00e9a)..<strong><br>FAGBOHOUN S.<\/strong>, (2018), workshop : \u00ab Religion \u00e9thique d\u2019entreprise, vers une d\u00e9finition op\u00e9rationnelle ? \u00bb, Colloque : \u00ab entreprises, territoires et inter-culturalit\u00e9 \u00bb, CECR, PLURIEL, Universit\u00e9 Catholique de Lyon, 30th May - 1st June, Lyon, France, (in collaboration with D. Coatan\u00e9a).<\/p><p><strong>FAGBOHOUN S.<\/strong>, (2018), \u00ab Decisive avantages from Art and Humaintives : perspectives for creative Management program \u00bb, The Art of Management Symposium, Cass Business School, April 16-18, Londres, UK.<br><br><\/p><h4 class=\"wp-block-heading\"><strong>2017<\/strong><\/h4><p><strong>FAGBOHOUN S.<\/strong>, (2017), \u00ab Disruptive Innovation in Management Education the use of art \u00bb, The art of management symposium, St John\u2019s University, November 1-2, New York, USA.<br><strong>FAGBOHOUN S.<\/strong>, (2017), \u00ab Quand l\u2019agilit\u00e9 permet de renouveler une organisation : le cas d\u2019un cabinet de consulting innovant \u00bb, Summer school RRI (R\u00e9seau de Recherche en Innovation) : \u00ab L\u2019innovation agile : quels d\u00e9fis pour les individus, les organisations et les territoires ? \u00bb, August 27-29, Nancy, France.<br><strong>FAGBOHOUN S.<\/strong>, (2017), \u00ab Confiance et r\u00e9flexivit\u00e9 en situation d\u2019alt\u00e9rit\u00e9. T\u00e9moignages de managers d\u2019entreprises internationales \u00bb, Colloque ADERSE\/ Kedge Business School : \u00ab Gestion humaniste de la diversit\u00e9 et impact sur la responsabilit\u00e9 soci\u00e9tale \u00bb, April 6-7, Bordeaux, France.<br><strong>FAGBOHOUN S.<\/strong>, (2017), \u00ab Contexte organisationnel, innovation et valeurs : Le cas d'une entreprise familiale \u00bb, Colloque ESDES-UCLy in partnership with Soci\u00e9t\u00e9 G\u00e9n\u00e9rale  : \u00ab Gouvernance et performance durable des entreprises familiales \u00bb, December 11-12, Lyon, France.<\/p><h4 class=\"wp-block-heading\"><strong>2016<\/strong><\/h4><p><strong>FAGBOHOUN S.<\/strong>, (2016), \u00ab Quand l\u2019alt\u00e9rit\u00e9 exige ma r\u00e9flexivit\u00e9. Enqu\u00eate aupr\u00e8s de managers d\u2019entreprises internationales \u00bb, Colloque : La Fabrique du Manager R\u00e9flexif, IP&amp;M, EDHEC Business School, November 17-18, Lille, France.<\/p>","protected":false},"excerpt":{"rendered":"<p>CURRENT SITUATIONFaculty memberUNIVERSITY TITLES AND DIPLOMASPhD in Anthropology, Aix-Marseille I UniversityRESEARCH THEMESOrganizational contextManagement of creativity and innovationFablabsRESEARCH GROUPGroup 3: Economy and management of sustainable [&hellip;]<\/p>\n","protected":false},"author":64,"featured_media":5084,"parent":6166,"menu_order":0,"comment_status":"closed","ping_status":"closed","template":"","meta":{"_acf_changed":false,"footnotes":""},"class_list":["post-6315","page","type-page","status-publish","has-post-thumbnail","hentry"],"acf":[],"yoast_head":"<!-- This site is optimized with the Yoast SEO plugin v24.1 - https:\/\/yoast.com\/wordpress\/plugins\/seo\/ -->\n<title>Sandra Fagbohoun - ESDES Business School<\/title>\n<meta name=\"robots\" content=\"index, follow, max-snippet:-1, max-image-preview:large, max-video-preview:-1\" \/>\n<link rel=\"canonical\" href=\"https:\/\/www.esdes.fr\/en\/welcome\/research\/isbo\/the-team\/sandra-fagbohoun\/\" \/>\n<meta property=\"og:locale\" content=\"en_US\" \/>\n<meta property=\"og:type\" content=\"article\" \/>\n<meta property=\"og:title\" content=\"Sandra Fagbohoun - ESDES Business School\" \/>\n<meta property=\"og:description\" content=\"CURRENT SITUATIONFaculty memberUNIVERSITY TITLES AND DIPLOMASPhD in Anthropology, Aix-Marseille I UniversityRESEARCH THEMESOrganizational contextManagement of creativity and innovationFablabsRESEARCH GROUPGroup 3: Economy and management of sustainable [&hellip;]\" \/>\n<meta property=\"og:url\" content=\"https:\/\/www.esdes.fr\/en\/welcome\/research\/isbo\/the-team\/sandra-fagbohoun\/\" \/>\n<meta property=\"og:site_name\" content=\"ESDES Business School\" \/>\n<meta property=\"article:modified_time\" content=\"2021-10-28T09:50:10+00:00\" \/>\n<meta property=\"og:image\" content=\"https:\/\/www.esdes.fr\/wp-content\/uploads\/sites\/12\/2020\/07\/1920x575_enseignants_chercheurs.jpg\" \/>\n\t<meta property=\"og:image:width\" content=\"1920\" \/>\n\t<meta property=\"og:image:height\" content=\"575\" \/>\n\t<meta property=\"og:image:type\" content=\"image\/jpeg\" \/>\n<meta name=\"twitter:card\" content=\"summary_large_image\" \/>\n<meta name=\"twitter:label1\" content=\"Est. reading time\" \/>\n\t<meta name=\"twitter:data1\" content=\"5 minutes\" \/>\n<script type=\"application\/ld+json\" class=\"yoast-schema-graph\">{\"@context\":\"https:\/\/schema.org\",\"@graph\":[{\"@type\":\"WebPage\",\"@id\":\"https:\/\/www.esdes.fr\/en\/welcome\/research\/isbo\/the-team\/sandra-fagbohoun\/\",\"url\":\"https:\/\/www.esdes.fr\/en\/welcome\/research\/isbo\/the-team\/sandra-fagbohoun\/\",\"name\":\"Sandra Fagbohoun - ESDES Business School\",\"isPartOf\":{\"@id\":\"https:\/\/www.esdes.fr\/en\/#website\"},\"primaryImageOfPage\":{\"@id\":\"https:\/\/www.esdes.fr\/en\/welcome\/research\/isbo\/the-team\/sandra-fagbohoun\/#primaryimage\"},\"image\":{\"@id\":\"https:\/\/www.esdes.fr\/en\/welcome\/research\/isbo\/the-team\/sandra-fagbohoun\/#primaryimage\"},\"thumbnailUrl\":\"https:\/\/www.esdes.fr\/wp-content\/uploads\/sites\/12\/2020\/07\/1920x575_enseignants_chercheurs.jpg\",\"datePublished\":\"2020-07-24T16:18:12+00:00\",\"dateModified\":\"2021-10-28T09:50:10+00:00\",\"breadcrumb\":{\"@id\":\"https:\/\/www.esdes.fr\/en\/welcome\/research\/isbo\/the-team\/sandra-fagbohoun\/#breadcrumb\"},\"inLanguage\":\"en-US\",\"potentialAction\":[{\"@type\":\"ReadAction\",\"target\":[\"https:\/\/www.esdes.fr\/en\/welcome\/research\/isbo\/the-team\/sandra-fagbohoun\/\"]}]},{\"@type\":\"ImageObject\",\"inLanguage\":\"en-US\",\"@id\":\"https:\/\/www.esdes.fr\/en\/welcome\/research\/isbo\/the-team\/sandra-fagbohoun\/#primaryimage\",\"url\":\"https:\/\/www.esdes.fr\/wp-content\/uploads\/sites\/12\/2020\/07\/1920x575_enseignants_chercheurs.jpg\",\"contentUrl\":\"https:\/\/www.esdes.fr\/wp-content\/uploads\/sites\/12\/2020\/07\/1920x575_enseignants_chercheurs.jpg\",\"width\":1920,\"height\":575,\"caption\":\"header enseignants chercheurs\"},{\"@type\":\"BreadcrumbList\",\"@id\":\"https:\/\/www.esdes.fr\/en\/welcome\/research\/isbo\/the-team\/sandra-fagbohoun\/#breadcrumb\",\"itemListElement\":[{\"@type\":\"ListItem\",\"position\":1,\"name\":\"Accueil\",\"item\":\"https:\/\/www.esdes.fr\/en\/\"},{\"@type\":\"ListItem\",\"position\":2,\"name\":\"Welcome\",\"item\":\"https:\/\/www.esdes.fr\/en\/\"},{\"@type\":\"ListItem\",\"position\":3,\"name\":\"Faculty &#038; Research\",\"item\":\"https:\/\/www.esdes.fr\/en\/welcome\/research\/\"},{\"@type\":\"ListItem\",\"position\":4,\"name\":\"Research at Esdes\",\"item\":\"https:\/\/www.esdes.fr\/en\/welcome\/research\/isbo\/\"},{\"@type\":\"ListItem\",\"position\":5,\"name\":\"The Research Team\",\"item\":\"https:\/\/www.esdes.fr\/en\/welcome\/research\/isbo\/the-team\/\"},{\"@type\":\"ListItem\",\"position\":6,\"name\":\"Sandra Fagbohoun\"}]},{\"@type\":\"WebSite\",\"@id\":\"https:\/\/www.esdes.fr\/en\/#website\",\"url\":\"https:\/\/www.esdes.fr\/en\/\",\"name\":\"ESDES Business School\",\"description\":\"ESDES - Grande \u00c9cole de management et commerce\",\"publisher\":{\"@id\":\"https:\/\/www.esdes.fr\/en\/#organization\"},\"potentialAction\":[{\"@type\":\"SearchAction\",\"target\":{\"@type\":\"EntryPoint\",\"urlTemplate\":\"https:\/\/www.esdes.fr\/en\/?s={search_term_string}\"},\"query-input\":{\"@type\":\"PropertyValueSpecification\",\"valueRequired\":true,\"valueName\":\"search_term_string\"}}],\"inLanguage\":\"en-US\"},{\"@type\":\"Organization\",\"@id\":\"https:\/\/www.esdes.fr\/en\/#organization\",\"name\":\"ESDES Business School\",\"url\":\"https:\/\/www.esdes.fr\/en\/\",\"logo\":{\"@type\":\"ImageObject\",\"inLanguage\":\"en-US\",\"@id\":\"https:\/\/www.esdes.fr\/en\/#\/schema\/logo\/image\/\",\"url\":\"https:\/\/www.esdes.fr\/wp-content\/uploads\/sites\/12\/2020\/05\/logo-esdes-ucly_blanc-website-5.svg\",\"contentUrl\":\"https:\/\/www.esdes.fr\/wp-content\/uploads\/sites\/12\/2020\/05\/logo-esdes-ucly_blanc-website-5.svg\",\"caption\":\"ESDES Business School\"},\"image\":{\"@id\":\"https:\/\/www.esdes.fr\/en\/#\/schema\/logo\/image\/\"}}]}<\/script>\n<!-- \/ Yoast SEO plugin. -->","yoast_head_json":{"title":"Sandra Fagbohoun - ESDES Business School","robots":{"index":"index","follow":"follow","max-snippet":"max-snippet:-1","max-image-preview":"max-image-preview:large","max-video-preview":"max-video-preview:-1"},"canonical":"https:\/\/www.esdes.fr\/en\/welcome\/research\/isbo\/the-team\/sandra-fagbohoun\/","og_locale":"en_US","og_type":"article","og_title":"Sandra Fagbohoun - ESDES Business School","og_description":"CURRENT SITUATIONFaculty memberUNIVERSITY TITLES AND DIPLOMASPhD in Anthropology, Aix-Marseille I UniversityRESEARCH THEMESOrganizational contextManagement of creativity and innovationFablabsRESEARCH GROUPGroup 3: Economy and management of sustainable [&hellip;]","og_url":"https:\/\/www.esdes.fr\/en\/welcome\/research\/isbo\/the-team\/sandra-fagbohoun\/","og_site_name":"ESDES Business School","article_modified_time":"2021-10-28T09:50:10+00:00","og_image":[{"width":1920,"height":575,"url":"https:\/\/www.esdes.fr\/wp-content\/uploads\/sites\/12\/2020\/07\/1920x575_enseignants_chercheurs.jpg","type":"image\/jpeg"}],"twitter_card":"summary_large_image","twitter_misc":{"Est. reading time":"5 minutes"},"schema":{"@context":"https:\/\/schema.org","@graph":[{"@type":"WebPage","@id":"https:\/\/www.esdes.fr\/en\/welcome\/research\/isbo\/the-team\/sandra-fagbohoun\/","url":"https:\/\/www.esdes.fr\/en\/welcome\/research\/isbo\/the-team\/sandra-fagbohoun\/","name":"Sandra Fagbohoun - ESDES Business School","isPartOf":{"@id":"https:\/\/www.esdes.fr\/en\/#website"},"primaryImageOfPage":{"@id":"https:\/\/www.esdes.fr\/en\/welcome\/research\/isbo\/the-team\/sandra-fagbohoun\/#primaryimage"},"image":{"@id":"https:\/\/www.esdes.fr\/en\/welcome\/research\/isbo\/the-team\/sandra-fagbohoun\/#primaryimage"},"thumbnailUrl":"https:\/\/www.esdes.fr\/wp-content\/uploads\/sites\/12\/2020\/07\/1920x575_enseignants_chercheurs.jpg","datePublished":"2020-07-24T16:18:12+00:00","dateModified":"2021-10-28T09:50:10+00:00","breadcrumb":{"@id":"https:\/\/www.esdes.fr\/en\/welcome\/research\/isbo\/the-team\/sandra-fagbohoun\/#breadcrumb"},"inLanguage":"en-US","potentialAction":[{"@type":"ReadAction","target":["https:\/\/www.esdes.fr\/en\/welcome\/research\/isbo\/the-team\/sandra-fagbohoun\/"]}]},{"@type":"ImageObject","inLanguage":"en-US","@id":"https:\/\/www.esdes.fr\/en\/welcome\/research\/isbo\/the-team\/sandra-fagbohoun\/#primaryimage","url":"https:\/\/www.esdes.fr\/wp-content\/uploads\/sites\/12\/2020\/07\/1920x575_enseignants_chercheurs.jpg","contentUrl":"https:\/\/www.esdes.fr\/wp-content\/uploads\/sites\/12\/2020\/07\/1920x575_enseignants_chercheurs.jpg","width":1920,"height":575,"caption":"header enseignants chercheurs"},{"@type":"BreadcrumbList","@id":"https:\/\/www.esdes.fr\/en\/welcome\/research\/isbo\/the-team\/sandra-fagbohoun\/#breadcrumb","itemListElement":[{"@type":"ListItem","position":1,"name":"Accueil","item":"https:\/\/www.esdes.fr\/en\/"},{"@type":"ListItem","position":2,"name":"Welcome","item":"https:\/\/www.esdes.fr\/en\/"},{"@type":"ListItem","position":3,"name":"Faculty &#038; Research","item":"https:\/\/www.esdes.fr\/en\/welcome\/research\/"},{"@type":"ListItem","position":4,"name":"Research at Esdes","item":"https:\/\/www.esdes.fr\/en\/welcome\/research\/isbo\/"},{"@type":"ListItem","position":5,"name":"The Research Team","item":"https:\/\/www.esdes.fr\/en\/welcome\/research\/isbo\/the-team\/"},{"@type":"ListItem","position":6,"name":"Sandra Fagbohoun"}]},{"@type":"WebSite","@id":"https:\/\/www.esdes.fr\/en\/#website","url":"https:\/\/www.esdes.fr\/en\/","name":"ESDES Business School","description":"ESDES - Grande \u00c9cole de management et commerce","publisher":{"@id":"https:\/\/www.esdes.fr\/en\/#organization"},"potentialAction":[{"@type":"SearchAction","target":{"@type":"EntryPoint","urlTemplate":"https:\/\/www.esdes.fr\/en\/?s={search_term_string}"},"query-input":{"@type":"PropertyValueSpecification","valueRequired":true,"valueName":"search_term_string"}}],"inLanguage":"en-US"},{"@type":"Organization","@id":"https:\/\/www.esdes.fr\/en\/#organization","name":"ESDES Business School","url":"https:\/\/www.esdes.fr\/en\/","logo":{"@type":"ImageObject","inLanguage":"en-US","@id":"https:\/\/www.esdes.fr\/en\/#\/schema\/logo\/image\/","url":"https:\/\/www.esdes.fr\/wp-content\/uploads\/sites\/12\/2020\/05\/logo-esdes-ucly_blanc-website-5.svg","contentUrl":"https:\/\/www.esdes.fr\/wp-content\/uploads\/sites\/12\/2020\/05\/logo-esdes-ucly_blanc-website-5.svg","caption":"ESDES Business School"},"image":{"@id":"https:\/\/www.esdes.fr\/en\/#\/schema\/logo\/image\/"}}]}},"_links":{"self":[{"href":"https:\/\/www.esdes.fr\/en\/wp-json\/wp\/v2\/pages\/6315","targetHints":{"allow":["GET"]}}],"collection":[{"href":"https:\/\/www.esdes.fr\/en\/wp-json\/wp\/v2\/pages"}],"about":[{"href":"https:\/\/www.esdes.fr\/en\/wp-json\/wp\/v2\/types\/page"}],"author":[{"embeddable":true,"href":"https:\/\/www.esdes.fr\/en\/wp-json\/wp\/v2\/users\/64"}],"replies":[{"embeddable":true,"href":"https:\/\/www.esdes.fr\/en\/wp-json\/wp\/v2\/comments?post=6315"}],"version-history":[{"count":16,"href":"https:\/\/www.esdes.fr\/en\/wp-json\/wp\/v2\/pages\/6315\/revisions"}],"predecessor-version":[{"id":18590,"href":"https:\/\/www.esdes.fr\/en\/wp-json\/wp\/v2\/pages\/6315\/revisions\/18590"}],"up":[{"embeddable":true,"href":"https:\/\/www.esdes.fr\/en\/wp-json\/wp\/v2\/pages\/6166"}],"wp:featuredmedia":[{"embeddable":true,"href":"https:\/\/www.esdes.fr\/en\/wp-json\/wp\/v2\/media\/5084"}],"wp:attachment":[{"href":"https:\/\/www.esdes.fr\/en\/wp-json\/wp\/v2\/media?parent=6315"}],"curies":[{"name":"wp","href":"https:\/\/api.w.org\/{rel}","templated":true}]}}