{"id":6304,"date":"2020-07-24T17:32:51","date_gmt":"2020-07-24T15:32:51","guid":{"rendered":"https:\/\/www.esdes.fr\/?page_id=6304"},"modified":"2021-10-28T09:59:49","modified_gmt":"2021-10-28T07:59:49","slug":"sadek-ouhadouch","status":"publish","type":"page","link":"https:\/\/www.esdes.fr\/en\/welcome\/research\/isbo\/the-team\/sadek-ouhadouch\/","title":{"rendered":"Sadek Ouhadouch"},"content":{"rendered":"<div class=\"wp-block-text-image\">\n  <div class=\"row align-bottom collapse\">\n    <div class=\"column small-12 medium-6 xlarge-5 xxlarge-expand wp-block-text-image-info js-fade-scroll\">\n      <p class=\"wp-block-text-image-title\">Sadek Ouhadouch<\/p>\n      <div class=\"wp-block-text-image-intro\"><p>PhD in management sciences<\/p>\n<p>&nbsp;<\/p>\n<p><a href=\"mailto:souhadouch@univ-catholyon.fr\">Contact by email<\/a><\/p>\n<\/div>\n    <\/div>\n\n    <div class=\"column small-12 medium-6 xlarge-7 xxlarge-shrink wp-block-text-image-picture js-fade-scroll\">\n      <img loading=\"lazy\" decoding=\"async\" width=\"400\" height=\"400\" src=\"https:\/\/www.esdes.fr\/wp-content\/uploads\/sites\/12\/2020\/07\/ouhadouch-sadek.jpg\" class=\"attachment-text_image size-text_image\" alt=\"Portrait EC Sadek OUHADOUCH\" \/>    <\/div>\n  <\/div>\n<\/div><h2 class=\"wp-block-heading\"><strong>CURRENT SITUATION<\/strong><\/h2><p>Faculty member<\/p><h2 class=\"wp-block-heading\"><strong>UNIVERSITY TITLES AND DIPLOMAS<\/strong><\/h2><p>PhD in management sciences,&nbsp;Clermont Auvergne University<\/p><h2 class=\"wp-block-heading\"><strong>RESEARCH THEMES<\/strong><\/h2><ul class=\"wp-block-list\"><li>Quality of financial information<\/li><li>Results management<\/li><li>Corporate governance<\/li><li>Audit<\/li><li>Family company<\/li><\/ul><h2 class=\"wp-block-heading\"><strong>RESEARCH GROUP<\/strong><\/h2><p>Group 2: Finance and corporate governance in a sustainable environment <\/p><h2 class=\"wp-block-heading\">COURSES<\/h2><ul class=\"wp-block-list\"><li>Financial diagnosis<\/li><li>Probability and statistics<\/li><li>Financial accounting<\/li><li>Cost accounting<\/li><li>Financial mathematics<\/li><\/ul><h2 class=\"wp-block-heading\">BIOGRAPHY<\/h2><p>Sadek OUHADOUCH is a faculty member at ESDES. He obtained his PhD from Clermont Auvergne University (UCA). During his thesis, he worked in several audit firms specializing in family firms, non-family firms and medical establishments. His research themes are oriented towards the study of the family company and the quality of financial information. He is particularly interested in results management. His research extends to the themes of governance and auditing. <\/p><h2 class=\"wp-block-heading\"><strong>PUBLICATIONS AND WORKS<\/strong><\/h2><h3 class=\"wp-block-heading\"><strong>Articles in referenced journals (CNRS, FNEGE)<\/strong><\/h3><h4 class=\"wp-block-heading\"><strong>To be published<\/strong><\/h4><p><strong>OUHADOUCH S.<\/strong>, \u00ab\u00a0 Les administratrices ont-elles une influence sur la qualit\u00e9 du reporting RSE\u00a0? \u00bb, <em>Management &amp; Avenir<\/em>, (in collaboration with  P. Nguyen and D. Geyer). <\/p><p><strong>OUHADOUCH S.<\/strong>, \u00ab&nbsp;The bright side of CEO-board social ties: Evidence from French firms' cash holdings \u00bb,&nbsp; <em>Economics bulletin<\/em>, (in collaboration with P. Nguyen).<\/p><p><strong>OUHADOUCH S.<\/strong>, \u00ab&nbsp;Government intervention during the Covid-19 pandemic and stock volatility and liquidity: Evidence from France \u00bb,&nbsp;<em>Bankers, Markets &amp; Investors<\/em>, (in collaboration with S. Hadhri).<\/p><h4 class=\"wp-block-heading\"><strong>2018<\/strong><\/h4><p><strong>OUHADOUCH S.<\/strong>,&nbsp;\u00ab Gestion des r\u00e9sultats, contr\u00f4le et implication familiale au sein de la gouvernance \u00bb,&nbsp;<em>Revue Fran\u00e7aise de Gouvernance d\u2019Entreprise<\/em>, n\u00b0 19, pp. 41-68,&nbsp;(in collaboration with Y. Mard) .<\/p><div class=\"wp-block-separator js-fade-scroll\"><\/div><h3 class=\"wp-block-heading\"><strong>Participation in conferences<\/strong><\/h3><h4 class=\"wp-block-heading\"><strong>2020<\/strong><\/h4><p>FENDRI C., MERCURI CHAPUIS S., <strong>OUHADOUCH S.<\/strong>, (2020), \u00ab&nbsp;The influence of HR indicators on the business performance of French branches located in Africa&nbsp;\u00bb, Workshop \u201cCSR and corporate governance observatory in Africa\u201d, 11-12 June, Lyon, France, online (en collaboration et F. Roth).<\/p><h4 class=\"wp-block-heading\"><strong>2019<\/strong><\/h4><p><strong>OUHADOUCH S.<\/strong> and FENDRI C., (2019), \u00ab Gestion des r\u00e9sultats en fonction des g\u00e9n\u00e9rations : le cas des soci\u00e9t\u00e9s familiales fran\u00e7aises cot\u00e9es \u00bb, 18<sup>\u00e8me<\/sup>&nbsp;conf\u00e9rence internationale de Gouvernance, Association Acad\u00e9mique Internationale de Gouvernance (AAIG), 23-24 May, Brussels, Belgiium.<br><strong>OUHADOUCH S.<\/strong> and FENDRI C., (2019), \u00ab Gestion des r\u00e9sultats en fonction des g\u00e9n\u00e9rations : le cas des soci\u00e9t\u00e9s familiales fran\u00e7aises cot\u00e9es \u00bb, Congr\u00e8s AFC,&nbsp;20-22 May,&nbsp;Paris, France.<\/p><h4 class=\"wp-block-heading\"><strong>2018<\/strong><\/h4><p><strong>OUHADOUCH S.<\/strong>, (2018), \u00ab Gestion des r\u00e9sultats et caract\u00e8re familial de la soci\u00e9t\u00e9 \u00bb, CIG : Conf\u00e9rence Internationale de Gouvernance, GRM, IAE of Nice and EDHEC, June 4-5 , Nice Sophia Antipolis, France.<br><strong>OUHADOUCH S.<\/strong> and FENDRI C., (2018), \u00ab La gestion des r\u00e9sultats et le changement interg\u00e9n\u00e9rationnel \u00bb, Congr\u00e8s international transatlantique, ISEOR, Magellan, IAE Lyon School of Management, Universit\u00e9 Jean Moulin Lyon 3, and the Division \u00ab D\u00e9veloppement Organisationnel et Changement \u00bb de l\u2019Academy of Management (USA), June 7- 8, Lyon, France.<\/p><h4 class=\"wp-block-heading\">2017<\/h4><p><strong>OUHADOUCH S.<\/strong>&nbsp;and FENDRI C., (2017), \u00ab Gestion des r\u00e9sultats interg\u00e9n\u00e9rationnels : le cas des soci\u00e9t\u00e9s familiales fran\u00e7aises cot\u00e9es \u00bb, Colloque ESDES-UCLy in partership with  Soci\u00e9t\u00e9 G\u00e9n\u00e9rale : \u00ab Gouvernance et performance durable des entreprises familiales \u00bb, December 11-12, Lyon, France.<br><strong>OUHADOUCH S.,<\/strong>&nbsp;(2017), \u00ab Gestion des r\u00e9sultats, contr\u00f4le et implication familiale au sein de la gouvernance \u00bb, Colloque ESDES-UCLy in partership with Soci\u00e9t\u00e9 G\u00e9n\u00e9rale : \u00ab Gouvernance et performance durable des entreprises familiales \u00bb, December 11-12, Lyon, France, (in collaboration with Y. Mard).<\/p>","protected":false},"excerpt":{"rendered":"<p>CURRENT SITUATIONFaculty memberUNIVERSITY TITLES AND DIPLOMASPhD in management sciences,&nbsp;Clermont Auvergne UniversityRESEARCH THEMESQuality of financial informationResults managementCorporate governanceAuditFamily companyRESEARCH GROUPGroup 2: Finance and corporate governance [&hellip;]<\/p>\n","protected":false},"author":64,"featured_media":5084,"parent":6166,"menu_order":0,"comment_status":"closed","ping_status":"closed","template":"","meta":{"_acf_changed":false,"footnotes":""},"class_list":["post-6304","page","type-page","status-publish","has-post-thumbnail","hentry"],"acf":[],"yoast_head":"<!-- This site is optimized with the Yoast SEO plugin v24.1 - https:\/\/yoast.com\/wordpress\/plugins\/seo\/ -->\n<title>Sadek Ouhadouch - ESDES Business School<\/title>\n<meta name=\"robots\" content=\"index, follow, max-snippet:-1, max-image-preview:large, max-video-preview:-1\" \/>\n<link rel=\"canonical\" href=\"https:\/\/www.esdes.fr\/en\/welcome\/research\/isbo\/the-team\/sadek-ouhadouch\/\" \/>\n<meta property=\"og:locale\" content=\"en_US\" \/>\n<meta property=\"og:type\" content=\"article\" \/>\n<meta property=\"og:title\" content=\"Sadek Ouhadouch - ESDES Business School\" \/>\n<meta property=\"og:description\" content=\"CURRENT SITUATIONFaculty memberUNIVERSITY TITLES AND DIPLOMASPhD in management sciences,&nbsp;Clermont Auvergne UniversityRESEARCH THEMESQuality of financial informationResults managementCorporate governanceAuditFamily companyRESEARCH GROUPGroup 2: Finance and corporate governance [&hellip;]\" \/>\n<meta property=\"og:url\" content=\"https:\/\/www.esdes.fr\/en\/welcome\/research\/isbo\/the-team\/sadek-ouhadouch\/\" \/>\n<meta property=\"og:site_name\" content=\"ESDES Business School\" \/>\n<meta property=\"article:modified_time\" content=\"2021-10-28T07:59:49+00:00\" \/>\n<meta property=\"og:image\" content=\"https:\/\/www.esdes.fr\/wp-content\/uploads\/sites\/12\/2020\/07\/1920x575_enseignants_chercheurs.jpg\" \/>\n\t<meta property=\"og:image:width\" content=\"1920\" \/>\n\t<meta property=\"og:image:height\" content=\"575\" \/>\n\t<meta property=\"og:image:type\" content=\"image\/jpeg\" \/>\n<meta name=\"twitter:card\" content=\"summary_large_image\" \/>\n<meta name=\"twitter:label1\" content=\"Est. reading time\" \/>\n\t<meta name=\"twitter:data1\" content=\"3 minutes\" \/>\n<script type=\"application\/ld+json\" class=\"yoast-schema-graph\">{\"@context\":\"https:\/\/schema.org\",\"@graph\":[{\"@type\":\"WebPage\",\"@id\":\"https:\/\/www.esdes.fr\/en\/welcome\/research\/isbo\/the-team\/sadek-ouhadouch\/\",\"url\":\"https:\/\/www.esdes.fr\/en\/welcome\/research\/isbo\/the-team\/sadek-ouhadouch\/\",\"name\":\"Sadek Ouhadouch - ESDES Business School\",\"isPartOf\":{\"@id\":\"https:\/\/www.esdes.fr\/en\/#website\"},\"primaryImageOfPage\":{\"@id\":\"https:\/\/www.esdes.fr\/en\/welcome\/research\/isbo\/the-team\/sadek-ouhadouch\/#primaryimage\"},\"image\":{\"@id\":\"https:\/\/www.esdes.fr\/en\/welcome\/research\/isbo\/the-team\/sadek-ouhadouch\/#primaryimage\"},\"thumbnailUrl\":\"https:\/\/www.esdes.fr\/wp-content\/uploads\/sites\/12\/2020\/07\/1920x575_enseignants_chercheurs.jpg\",\"datePublished\":\"2020-07-24T15:32:51+00:00\",\"dateModified\":\"2021-10-28T07:59:49+00:00\",\"breadcrumb\":{\"@id\":\"https:\/\/www.esdes.fr\/en\/welcome\/research\/isbo\/the-team\/sadek-ouhadouch\/#breadcrumb\"},\"inLanguage\":\"en-US\",\"potentialAction\":[{\"@type\":\"ReadAction\",\"target\":[\"https:\/\/www.esdes.fr\/en\/welcome\/research\/isbo\/the-team\/sadek-ouhadouch\/\"]}]},{\"@type\":\"ImageObject\",\"inLanguage\":\"en-US\",\"@id\":\"https:\/\/www.esdes.fr\/en\/welcome\/research\/isbo\/the-team\/sadek-ouhadouch\/#primaryimage\",\"url\":\"https:\/\/www.esdes.fr\/wp-content\/uploads\/sites\/12\/2020\/07\/1920x575_enseignants_chercheurs.jpg\",\"contentUrl\":\"https:\/\/www.esdes.fr\/wp-content\/uploads\/sites\/12\/2020\/07\/1920x575_enseignants_chercheurs.jpg\",\"width\":1920,\"height\":575,\"caption\":\"header enseignants chercheurs\"},{\"@type\":\"BreadcrumbList\",\"@id\":\"https:\/\/www.esdes.fr\/en\/welcome\/research\/isbo\/the-team\/sadek-ouhadouch\/#breadcrumb\",\"itemListElement\":[{\"@type\":\"ListItem\",\"position\":1,\"name\":\"Accueil\",\"item\":\"https:\/\/www.esdes.fr\/en\/\"},{\"@type\":\"ListItem\",\"position\":2,\"name\":\"Welcome\",\"item\":\"https:\/\/www.esdes.fr\/en\/\"},{\"@type\":\"ListItem\",\"position\":3,\"name\":\"Faculty &#038; Research\",\"item\":\"https:\/\/www.esdes.fr\/en\/welcome\/research\/\"},{\"@type\":\"ListItem\",\"position\":4,\"name\":\"Research at Esdes\",\"item\":\"https:\/\/www.esdes.fr\/en\/welcome\/research\/isbo\/\"},{\"@type\":\"ListItem\",\"position\":5,\"name\":\"The Research Team\",\"item\":\"https:\/\/www.esdes.fr\/en\/welcome\/research\/isbo\/the-team\/\"},{\"@type\":\"ListItem\",\"position\":6,\"name\":\"Sadek Ouhadouch\"}]},{\"@type\":\"WebSite\",\"@id\":\"https:\/\/www.esdes.fr\/en\/#website\",\"url\":\"https:\/\/www.esdes.fr\/en\/\",\"name\":\"ESDES Business School\",\"description\":\"ESDES - Grande \u00c9cole de management et commerce\",\"publisher\":{\"@id\":\"https:\/\/www.esdes.fr\/en\/#organization\"},\"potentialAction\":[{\"@type\":\"SearchAction\",\"target\":{\"@type\":\"EntryPoint\",\"urlTemplate\":\"https:\/\/www.esdes.fr\/en\/?s={search_term_string}\"},\"query-input\":{\"@type\":\"PropertyValueSpecification\",\"valueRequired\":true,\"valueName\":\"search_term_string\"}}],\"inLanguage\":\"en-US\"},{\"@type\":\"Organization\",\"@id\":\"https:\/\/www.esdes.fr\/en\/#organization\",\"name\":\"ESDES Business School\",\"url\":\"https:\/\/www.esdes.fr\/en\/\",\"logo\":{\"@type\":\"ImageObject\",\"inLanguage\":\"en-US\",\"@id\":\"https:\/\/www.esdes.fr\/en\/#\/schema\/logo\/image\/\",\"url\":\"https:\/\/www.esdes.fr\/wp-content\/uploads\/sites\/12\/2020\/05\/logo-esdes-ucly_blanc-website-5.svg\",\"contentUrl\":\"https:\/\/www.esdes.fr\/wp-content\/uploads\/sites\/12\/2020\/05\/logo-esdes-ucly_blanc-website-5.svg\",\"caption\":\"ESDES Business School\"},\"image\":{\"@id\":\"https:\/\/www.esdes.fr\/en\/#\/schema\/logo\/image\/\"}}]}<\/script>\n<!-- \/ Yoast SEO plugin. -->","yoast_head_json":{"title":"Sadek Ouhadouch - ESDES Business School","robots":{"index":"index","follow":"follow","max-snippet":"max-snippet:-1","max-image-preview":"max-image-preview:large","max-video-preview":"max-video-preview:-1"},"canonical":"https:\/\/www.esdes.fr\/en\/welcome\/research\/isbo\/the-team\/sadek-ouhadouch\/","og_locale":"en_US","og_type":"article","og_title":"Sadek Ouhadouch - ESDES Business School","og_description":"CURRENT SITUATIONFaculty memberUNIVERSITY TITLES AND DIPLOMASPhD in management sciences,&nbsp;Clermont Auvergne UniversityRESEARCH THEMESQuality of financial informationResults managementCorporate governanceAuditFamily companyRESEARCH GROUPGroup 2: Finance and corporate governance [&hellip;]","og_url":"https:\/\/www.esdes.fr\/en\/welcome\/research\/isbo\/the-team\/sadek-ouhadouch\/","og_site_name":"ESDES Business School","article_modified_time":"2021-10-28T07:59:49+00:00","og_image":[{"width":1920,"height":575,"url":"https:\/\/www.esdes.fr\/wp-content\/uploads\/sites\/12\/2020\/07\/1920x575_enseignants_chercheurs.jpg","type":"image\/jpeg"}],"twitter_card":"summary_large_image","twitter_misc":{"Est. reading time":"3 minutes"},"schema":{"@context":"https:\/\/schema.org","@graph":[{"@type":"WebPage","@id":"https:\/\/www.esdes.fr\/en\/welcome\/research\/isbo\/the-team\/sadek-ouhadouch\/","url":"https:\/\/www.esdes.fr\/en\/welcome\/research\/isbo\/the-team\/sadek-ouhadouch\/","name":"Sadek Ouhadouch - ESDES Business School","isPartOf":{"@id":"https:\/\/www.esdes.fr\/en\/#website"},"primaryImageOfPage":{"@id":"https:\/\/www.esdes.fr\/en\/welcome\/research\/isbo\/the-team\/sadek-ouhadouch\/#primaryimage"},"image":{"@id":"https:\/\/www.esdes.fr\/en\/welcome\/research\/isbo\/the-team\/sadek-ouhadouch\/#primaryimage"},"thumbnailUrl":"https:\/\/www.esdes.fr\/wp-content\/uploads\/sites\/12\/2020\/07\/1920x575_enseignants_chercheurs.jpg","datePublished":"2020-07-24T15:32:51+00:00","dateModified":"2021-10-28T07:59:49+00:00","breadcrumb":{"@id":"https:\/\/www.esdes.fr\/en\/welcome\/research\/isbo\/the-team\/sadek-ouhadouch\/#breadcrumb"},"inLanguage":"en-US","potentialAction":[{"@type":"ReadAction","target":["https:\/\/www.esdes.fr\/en\/welcome\/research\/isbo\/the-team\/sadek-ouhadouch\/"]}]},{"@type":"ImageObject","inLanguage":"en-US","@id":"https:\/\/www.esdes.fr\/en\/welcome\/research\/isbo\/the-team\/sadek-ouhadouch\/#primaryimage","url":"https:\/\/www.esdes.fr\/wp-content\/uploads\/sites\/12\/2020\/07\/1920x575_enseignants_chercheurs.jpg","contentUrl":"https:\/\/www.esdes.fr\/wp-content\/uploads\/sites\/12\/2020\/07\/1920x575_enseignants_chercheurs.jpg","width":1920,"height":575,"caption":"header enseignants chercheurs"},{"@type":"BreadcrumbList","@id":"https:\/\/www.esdes.fr\/en\/welcome\/research\/isbo\/the-team\/sadek-ouhadouch\/#breadcrumb","itemListElement":[{"@type":"ListItem","position":1,"name":"Accueil","item":"https:\/\/www.esdes.fr\/en\/"},{"@type":"ListItem","position":2,"name":"Welcome","item":"https:\/\/www.esdes.fr\/en\/"},{"@type":"ListItem","position":3,"name":"Faculty &#038; Research","item":"https:\/\/www.esdes.fr\/en\/welcome\/research\/"},{"@type":"ListItem","position":4,"name":"Research at Esdes","item":"https:\/\/www.esdes.fr\/en\/welcome\/research\/isbo\/"},{"@type":"ListItem","position":5,"name":"The Research Team","item":"https:\/\/www.esdes.fr\/en\/welcome\/research\/isbo\/the-team\/"},{"@type":"ListItem","position":6,"name":"Sadek Ouhadouch"}]},{"@type":"WebSite","@id":"https:\/\/www.esdes.fr\/en\/#website","url":"https:\/\/www.esdes.fr\/en\/","name":"ESDES Business School","description":"ESDES - Grande \u00c9cole de management et commerce","publisher":{"@id":"https:\/\/www.esdes.fr\/en\/#organization"},"potentialAction":[{"@type":"SearchAction","target":{"@type":"EntryPoint","urlTemplate":"https:\/\/www.esdes.fr\/en\/?s={search_term_string}"},"query-input":{"@type":"PropertyValueSpecification","valueRequired":true,"valueName":"search_term_string"}}],"inLanguage":"en-US"},{"@type":"Organization","@id":"https:\/\/www.esdes.fr\/en\/#organization","name":"ESDES Business School","url":"https:\/\/www.esdes.fr\/en\/","logo":{"@type":"ImageObject","inLanguage":"en-US","@id":"https:\/\/www.esdes.fr\/en\/#\/schema\/logo\/image\/","url":"https:\/\/www.esdes.fr\/wp-content\/uploads\/sites\/12\/2020\/05\/logo-esdes-ucly_blanc-website-5.svg","contentUrl":"https:\/\/www.esdes.fr\/wp-content\/uploads\/sites\/12\/2020\/05\/logo-esdes-ucly_blanc-website-5.svg","caption":"ESDES Business School"},"image":{"@id":"https:\/\/www.esdes.fr\/en\/#\/schema\/logo\/image\/"}}]}},"_links":{"self":[{"href":"https:\/\/www.esdes.fr\/en\/wp-json\/wp\/v2\/pages\/6304","targetHints":{"allow":["GET"]}}],"collection":[{"href":"https:\/\/www.esdes.fr\/en\/wp-json\/wp\/v2\/pages"}],"about":[{"href":"https:\/\/www.esdes.fr\/en\/wp-json\/wp\/v2\/types\/page"}],"author":[{"embeddable":true,"href":"https:\/\/www.esdes.fr\/en\/wp-json\/wp\/v2\/users\/64"}],"replies":[{"embeddable":true,"href":"https:\/\/www.esdes.fr\/en\/wp-json\/wp\/v2\/comments?post=6304"}],"version-history":[{"count":14,"href":"https:\/\/www.esdes.fr\/en\/wp-json\/wp\/v2\/pages\/6304\/revisions"}],"predecessor-version":[{"id":18549,"href":"https:\/\/www.esdes.fr\/en\/wp-json\/wp\/v2\/pages\/6304\/revisions\/18549"}],"up":[{"embeddable":true,"href":"https:\/\/www.esdes.fr\/en\/wp-json\/wp\/v2\/pages\/6166"}],"wp:featuredmedia":[{"embeddable":true,"href":"https:\/\/www.esdes.fr\/en\/wp-json\/wp\/v2\/media\/5084"}],"wp:attachment":[{"href":"https:\/\/www.esdes.fr\/en\/wp-json\/wp\/v2\/media?parent=6304"}],"curies":[{"name":"wp","href":"https:\/\/api.w.org\/{rel}","templated":true}]}}