{"id":6295,"date":"2020-07-24T17:15:52","date_gmt":"2020-07-24T15:15:52","guid":{"rendered":"https:\/\/www.esdes.fr\/?page_id=6295"},"modified":"2021-10-12T08:25:13","modified_gmt":"2021-10-12T06:25:13","slug":"patrick-gilormini","status":"publish","type":"page","link":"https:\/\/www.esdes.fr\/en\/welcome\/research\/isbo\/the-team\/patrick-gilormini\/","title":{"rendered":"Patrick Gilormini"},"content":{"rendered":"<div class=\"wp-block-text-image\">\n  <div class=\"row align-bottom collapse\">\n    <div class=\"column small-12 medium-6 xlarge-5 xxlarge-expand wp-block-text-image-info js-fade-scroll\">\n      <p class=\"wp-block-text-image-title\">Patrick Gilormini<\/p>\n      <div class=\"wp-block-text-image-intro\"><p>PhD in economics<\/p>\n<p>&nbsp;<\/p>\n<p><a href=\"mailto:pgilormini@univ-catholyon.fr\">Contact by email<\/a><\/p>\n<\/div>\n    <\/div>\n\n    <div class=\"column small-12 medium-6 xlarge-7 xxlarge-shrink wp-block-text-image-picture js-fade-scroll\">\n      <img loading=\"lazy\" decoding=\"async\" width=\"400\" height=\"400\" src=\"https:\/\/www.esdes.fr\/wp-content\/uploads\/sites\/12\/2021\/10\/gilormini-400x400-1.jpg\" class=\"attachment-text_image size-text_image\" alt=\"portrait GILORMINI 400x400\" srcset=\"https:\/\/www.esdes.fr\/wp-content\/uploads\/sites\/12\/2021\/10\/gilormini-400x400-1.jpg 400w, https:\/\/www.esdes.fr\/wp-content\/uploads\/sites\/12\/2021\/10\/gilormini-400x400-1-150x150.jpg 150w, https:\/\/www.esdes.fr\/wp-content\/uploads\/sites\/12\/2021\/10\/gilormini-400x400-1-140x140.jpg 140w\" sizes=\"auto, (max-width: 400px) 100vw, 400px\" \/>    <\/div>\n  <\/div>\n<\/div><h2 class=\"wp-block-heading\"><strong>CURRENT SITUATION<\/strong><\/h2><p>Faculty member<\/p><h2 class=\"wp-block-heading\"><strong>UNIVERSITY TITLES AND DIPLOMAS<\/strong><\/h2><p>EM Lyon graduate, MBA York (Toronto), Research master's degree in Decision Sciences (IAE Paris), PhD in economics<\/p><h2 class=\"wp-block-heading\"><strong>RESEARCH THEMES<\/strong><\/h2><ul class=\"wp-block-list\"><li>History of economic thought<\/li><li>Philosophy of Management and Economics<\/li><\/ul><h2 class=\"wp-block-heading\"><strong>RESEARCH GROUP<\/strong><\/h2><p>Group 1: Social responsibility and ethical transformation of organizations <\/p><h2 class=\"wp-block-heading\">COURSES<\/h2><ul class=\"wp-block-list\"><li>Organization and Innovation<\/li><li>Business Ethics<\/li><li>Sustainable development and performance<\/li><\/ul><h2 class=\"wp-block-heading\">BIOGRAPHY<\/h2><p>Patrick GILORMINI holds an MBA Schulich School of Business from York University in Toronto (Ontario) and a research master's degree in decision sciences and organizational sciences from IAE Paris. For over twenty years he was an organizational engineer for three international consulting firms in the banking and food industry sectors. For fifteen years his research work and his teaching in full-time and executive education have focused on business ethics, corporate social responsibility and social entrepreneurship. He has a PhD in economics, on the history of economic thought on the Saint-Simonian conception of business.<\/p><h2 class=\"wp-block-heading\"><strong>PUBLICATIONS AND WORKS<\/strong><\/h2><h3 class=\"wp-block-heading\"><strong>Articles in referenced journals (CNRS, FNEGE)<\/strong><\/h3><h4 class=\"wp-block-heading\">2019<\/h4><p><strong>GILORMINI P.<\/strong>, (2019), Review of the book \u00ab \u00ab Commerce et march\u00e9 dans les premiers empires&nbsp;: sur la diversit\u00e9 des \u00e9conomies \u00bb<em>,<\/em>&nbsp;Karl Polanyi, Conrad M.&nbsp;Arensberg &amp; Harry W.&nbsp;Pearson. Edition Michele Cangiani, J\u00e9r\u00f4me Maucourant&nbsp;et al. Paris, Editions Le Bord de l\u2019Eau, 2017&nbsp;\u00bb,&nbsp;<em>Revue de philosophie \u00e9conomique<\/em>, vol. 20, no.1,  pp 257-267.<\/p><h4 class=\"wp-block-heading\">2012<\/h4><p><strong>GILORMINI P.<\/strong>, (2012), \u00ab Les sp\u00e9cificit\u00e9s du m\u00e9c\u00e9nat de l'\u00e9conomie sociale et solidaire. La bancassurance mutualiste et coop\u00e9rative entre tradition solidariste et nouvelle philanthropie \u00bb, <em>La Revue des Sciences de Gestion<\/em>, n\u00b0 255-256, pp. 171-180.<\/p><div class=\"wp-block-separator js-fade-scroll\"><\/div><h3 class=\"wp-block-heading\"><strong>Book chapter<\/strong><\/h3><h4 class=\"wp-block-heading\">2020<\/h4><p><strong>GILORMINI P.<\/strong>, (2020), \u00ab&nbsp;Fran\u00e7ois Perroux (1903-1987) : une pens\u00e9e \u00e9conomique pr\u00e9curseur de la Responsabilit\u00e9 Social de l'Entreprise&nbsp;\u00bb,&nbsp;<em>in<\/em>&nbsp;: C. Le Bas et S. Mercuri Chapuis, (coords.), <em>La RSE : des relations sociales \u00e0 la dimension strat\u00e9gique<\/em>, \u00c9ditions EMS, Questions de Soci\u00e9t\u00e9, Paris, pp. 129-146. <\/p><h4 class=\"wp-block-heading\">2015<\/h4><p><strong>GILORMINI P.<\/strong>&nbsp;and VERNIER M.-F., (2015), \u00ab Business Ethics et responsabilit\u00e9 sociale de l\u2019entreprise \u00bb,&nbsp;<em>in<\/em>&nbsp;: V. CHASSAGNON, Chapitre 2, <em>Vers un mod\u00e8le de gouvernement durable de l\u2019entreprise capitaliste : l\u2019unit\u00e9 dans la pluralit\u00e9 au service de la soci\u00e9t\u00e9<\/em>, pp. 39-50.<\/p><div class=\"wp-block-separator js-fade-scroll\"><\/div><h3 class=\"wp-block-heading\"><strong>Participation in conferences<\/strong><\/h3><h4 class=\"wp-block-heading\">2019<\/h4><p><strong>GILORMINI P.<\/strong>, (2019), \u00ab Travail et justice&nbsp;: le mutuellisme de Proudhon face \u00e0 l\u2019industrialisme de Saint-Simon \u00bb, 9<sup>e<\/sup>&nbsp;colloque international de l\u2019Association fran\u00e7aise d\u2019\u00e9conomie politique (AFEP) et IIPPE Penser l\u2019\u00e9conomie politique de demain et le futur de l\u2019\u00e9conomie politique, IEP de Lille, 3- 5 July, Lille, France.<\/p><h4 class=\"wp-block-heading\">2018<\/h4><p><strong>GILORMINI P.<\/strong>, (2018), \u00ab&nbsp;L'exp\u00e9rience entrepreneuriale d'Henri Saint-Simon&nbsp;: Une pr\u00e9figuration de l'entreprise \u00e0 mission&nbsp;\u00bb,&nbsp;17<sup>e<\/sup>&nbsp;colloque international - Association Charles Gide pour l'Etude de la Pens\u00e9e Economique, 27- 29 September,&nbsp;Nancy, France.&nbsp;<br><strong>GILORMINI P.<\/strong>, (2018), \u00ab&nbsp;Sortir du d\u00e9dale de l'\u00e9thique d'entreprise avec Wittgenstein&nbsp;\u00bb,&nbsp;4\u00e8me colloque de Philosophie \u00e9conomique,&nbsp;ENS Lyon,&nbsp;27-29 June,&nbsp;Lyon, France.<\/p><h4 class=\"wp-block-heading\">2017<\/h4><p><strong>GILORMINI P.<\/strong>, (2017), \u00ab L\u2019arraisonnement du monde par l\u2019industrialisme saint-simonien : une perspective heidegg\u00e9rienne \u00bb, 5<sup>\u00e8me<\/sup> congr\u00e8s Philosophie(s) du management (SPSG), ESM-IAE de Metz universit\u00e9 de Lorraine, 11-12 May, France.<\/p><h4 class=\"wp-block-heading\">2016<\/h4><p><strong>GILORMINI P.<\/strong>, (2016), \u00ab L\u2019associationnisme de P. Buchez et de l\u2019atelier : l\u2019\u00e9mancipation d\u2019une communaut\u00e9 \u00e9galitaire par le devoir et le d\u00e9vouement \u00bb, 16<sup>\u00e8me<\/sup> colloque international de l\u2019association Charles Gide, BETA, Universit\u00e9 de Strasbourg, 14-16 April, Strasbourg, France.<\/p><h4 class=\"wp-block-heading\">2015<\/h4><p><strong>GILORMINI P.<\/strong>, (2015), \u00ab Les apports de Saint-Simon \u00e0 une conception de l\u2019entreprise comme passion de l\u2019int\u00e9r\u00eat g\u00e9n\u00e9ral \u00bb, V<sup>\u00e8me<\/sup> congr\u00e8s de l\u2019AFEP, ESDES UCLy, Sciences Po Lyon, \u00ab L\u2019\u00e9conomie politique de l\u2019entreprise : nouveaux enjeux, nouvelles perspectives \u00bb, 1-3 July, Lyon, France.<\/p><h4 class=\"wp-block-heading\">2014<\/h4><p><strong>GILORMINI P.<\/strong>, (2014), \u00ab Entre utopie saint-simonienne et combats hygi\u00e9nistes : Les fondements id\u00e9ologiques et institutionnels de Veolia Environnement \u00bb, 2<sup>\u00e8me<\/sup> congr\u00e8s Philosophie(s) du Management, ESM-IAE de Metz, 15<sup>th<\/sup> May, Metz, France.<\/p><p><br><strong>GILORMINI P.<\/strong>, (2014), \u00ab La religion saint-simonienne comme passion entrepreneuriale en vue de l\u2019int\u00e9r\u00eat g\u00e9n\u00e9ral \u00bb, 2<sup>\u00e8me<\/sup> congr\u00e8s international Philosophie \u00c9conomique, October, Strasbourg, France.<\/p><p><br><strong>GILORMINI P.<\/strong>, (2014), \u00ab La religion saint-simonienne comme passion entrepreneuriale romantique \u00bb, 9<sup>\u00e8me<\/sup> Congr\u00e8s RIODD, 1-3 October, Bordeaux, France.<\/p><p><\/p><h4 class=\"wp-block-heading\">2013<\/h4><p><strong>GILORMINI P.,<\/strong>&nbsp;(2013), \u00ab Enqu\u00eate sur les modes d'existence du groupe Banque Populaire Caisse d'\u00c9pargne \u00bb, XXXIII<sup>e<\/sup> journ\u00e9es de l'Association d'\u00e9conomie sociale (AES) : \u00ab Les nouvelles fronti\u00e8res de l'\u00e9conomie sociale et solidaire \u00bb, 12-13 September, Marne-la-Vall\u00e9e, France.<\/p><p><br><strong>GILORMINI P.,<\/strong>&nbsp;(2013), \u00ab An Inquiry into \"social enterprise\" mode of existence: Solidarity Revival at French Banque Populaire and Caisse d\u2019Epargne Group \u00bb, 4<sup>th<\/sup> EMES International Research Conference on Social Entreprise, 1-4 July, Li\u00e8ge, Belgium.<\/p><p><br><strong>GILORMINI P.<\/strong>, (2013), \u00ab Aux origines du groupe Banque populaire-Caisse d\u2019\u00e9pargne : Philanthropie lib\u00e9rale et solidarisme r\u00e9publicain \u00bb, L\u2019\u00e9conomie sociale et solidaire dans le mouvement des id\u00e9es, 25<sup>\u00e8me<\/sup> colloque de l\u2019ADDES, 22nd October, Paris, France.<\/p><p><\/p>","protected":false},"excerpt":{"rendered":"<p>CURRENT SITUATIONFaculty memberUNIVERSITY TITLES AND DIPLOMASEM Lyon graduate, MBA York (Toronto), Research master&#8217;s degree in Decision Sciences (IAE Paris), PhD in economicsRESEARCH THEMESHistory of [&hellip;]<\/p>\n","protected":false},"author":64,"featured_media":5084,"parent":6166,"menu_order":0,"comment_status":"closed","ping_status":"closed","template":"","meta":{"_acf_changed":false,"footnotes":""},"class_list":["post-6295","page","type-page","status-publish","has-post-thumbnail","hentry"],"acf":[],"yoast_head":"<!-- This site is optimized with the Yoast SEO plugin v24.1 - https:\/\/yoast.com\/wordpress\/plugins\/seo\/ -->\n<title>Patrick Gilormini - ESDES Business School<\/title>\n<meta name=\"robots\" content=\"index, follow, max-snippet:-1, max-image-preview:large, max-video-preview:-1\" \/>\n<link rel=\"canonical\" href=\"https:\/\/www.esdes.fr\/en\/welcome\/research\/isbo\/the-team\/patrick-gilormini\/\" \/>\n<meta property=\"og:locale\" content=\"en_US\" \/>\n<meta property=\"og:type\" content=\"article\" \/>\n<meta property=\"og:title\" content=\"Patrick Gilormini - ESDES Business School\" \/>\n<meta property=\"og:description\" content=\"CURRENT SITUATIONFaculty memberUNIVERSITY TITLES AND DIPLOMASEM Lyon graduate, MBA York (Toronto), Research master&#039;s degree in Decision Sciences (IAE Paris), PhD in economicsRESEARCH THEMESHistory of [&hellip;]\" \/>\n<meta property=\"og:url\" content=\"https:\/\/www.esdes.fr\/en\/welcome\/research\/isbo\/the-team\/patrick-gilormini\/\" \/>\n<meta property=\"og:site_name\" content=\"ESDES Business School\" \/>\n<meta property=\"article:modified_time\" content=\"2021-10-12T06:25:13+00:00\" \/>\n<meta property=\"og:image\" content=\"https:\/\/www.esdes.fr\/wp-content\/uploads\/sites\/12\/2020\/07\/1920x575_enseignants_chercheurs.jpg\" \/>\n\t<meta property=\"og:image:width\" content=\"1920\" \/>\n\t<meta property=\"og:image:height\" content=\"575\" \/>\n\t<meta property=\"og:image:type\" content=\"image\/jpeg\" \/>\n<meta name=\"twitter:card\" content=\"summary_large_image\" \/>\n<meta name=\"twitter:label1\" content=\"Est. reading time\" \/>\n\t<meta name=\"twitter:data1\" content=\"4 minutes\" \/>\n<script type=\"application\/ld+json\" class=\"yoast-schema-graph\">{\"@context\":\"https:\/\/schema.org\",\"@graph\":[{\"@type\":\"WebPage\",\"@id\":\"https:\/\/www.esdes.fr\/en\/welcome\/research\/isbo\/the-team\/patrick-gilormini\/\",\"url\":\"https:\/\/www.esdes.fr\/en\/welcome\/research\/isbo\/the-team\/patrick-gilormini\/\",\"name\":\"Patrick Gilormini - ESDES Business School\",\"isPartOf\":{\"@id\":\"https:\/\/www.esdes.fr\/en\/#website\"},\"primaryImageOfPage\":{\"@id\":\"https:\/\/www.esdes.fr\/en\/welcome\/research\/isbo\/the-team\/patrick-gilormini\/#primaryimage\"},\"image\":{\"@id\":\"https:\/\/www.esdes.fr\/en\/welcome\/research\/isbo\/the-team\/patrick-gilormini\/#primaryimage\"},\"thumbnailUrl\":\"https:\/\/www.esdes.fr\/wp-content\/uploads\/sites\/12\/2020\/07\/1920x575_enseignants_chercheurs.jpg\",\"datePublished\":\"2020-07-24T15:15:52+00:00\",\"dateModified\":\"2021-10-12T06:25:13+00:00\",\"breadcrumb\":{\"@id\":\"https:\/\/www.esdes.fr\/en\/welcome\/research\/isbo\/the-team\/patrick-gilormini\/#breadcrumb\"},\"inLanguage\":\"en-US\",\"potentialAction\":[{\"@type\":\"ReadAction\",\"target\":[\"https:\/\/www.esdes.fr\/en\/welcome\/research\/isbo\/the-team\/patrick-gilormini\/\"]}]},{\"@type\":\"ImageObject\",\"inLanguage\":\"en-US\",\"@id\":\"https:\/\/www.esdes.fr\/en\/welcome\/research\/isbo\/the-team\/patrick-gilormini\/#primaryimage\",\"url\":\"https:\/\/www.esdes.fr\/wp-content\/uploads\/sites\/12\/2020\/07\/1920x575_enseignants_chercheurs.jpg\",\"contentUrl\":\"https:\/\/www.esdes.fr\/wp-content\/uploads\/sites\/12\/2020\/07\/1920x575_enseignants_chercheurs.jpg\",\"width\":1920,\"height\":575,\"caption\":\"header enseignants chercheurs\"},{\"@type\":\"BreadcrumbList\",\"@id\":\"https:\/\/www.esdes.fr\/en\/welcome\/research\/isbo\/the-team\/patrick-gilormini\/#breadcrumb\",\"itemListElement\":[{\"@type\":\"ListItem\",\"position\":1,\"name\":\"Accueil\",\"item\":\"https:\/\/www.esdes.fr\/en\/\"},{\"@type\":\"ListItem\",\"position\":2,\"name\":\"Welcome\",\"item\":\"https:\/\/www.esdes.fr\/en\/\"},{\"@type\":\"ListItem\",\"position\":3,\"name\":\"Faculty &#038; Research\",\"item\":\"https:\/\/www.esdes.fr\/en\/welcome\/research\/\"},{\"@type\":\"ListItem\",\"position\":4,\"name\":\"Research at Esdes\",\"item\":\"https:\/\/www.esdes.fr\/en\/welcome\/research\/isbo\/\"},{\"@type\":\"ListItem\",\"position\":5,\"name\":\"The Research Team\",\"item\":\"https:\/\/www.esdes.fr\/en\/welcome\/research\/isbo\/the-team\/\"},{\"@type\":\"ListItem\",\"position\":6,\"name\":\"Patrick Gilormini\"}]},{\"@type\":\"WebSite\",\"@id\":\"https:\/\/www.esdes.fr\/en\/#website\",\"url\":\"https:\/\/www.esdes.fr\/en\/\",\"name\":\"ESDES Business School\",\"description\":\"ESDES - Grande \u00c9cole de management et commerce\",\"publisher\":{\"@id\":\"https:\/\/www.esdes.fr\/en\/#organization\"},\"potentialAction\":[{\"@type\":\"SearchAction\",\"target\":{\"@type\":\"EntryPoint\",\"urlTemplate\":\"https:\/\/www.esdes.fr\/en\/?s={search_term_string}\"},\"query-input\":{\"@type\":\"PropertyValueSpecification\",\"valueRequired\":true,\"valueName\":\"search_term_string\"}}],\"inLanguage\":\"en-US\"},{\"@type\":\"Organization\",\"@id\":\"https:\/\/www.esdes.fr\/en\/#organization\",\"name\":\"ESDES Business School\",\"url\":\"https:\/\/www.esdes.fr\/en\/\",\"logo\":{\"@type\":\"ImageObject\",\"inLanguage\":\"en-US\",\"@id\":\"https:\/\/www.esdes.fr\/en\/#\/schema\/logo\/image\/\",\"url\":\"https:\/\/www.esdes.fr\/wp-content\/uploads\/sites\/12\/2020\/05\/logo-esdes-ucly_blanc-website-5.svg\",\"contentUrl\":\"https:\/\/www.esdes.fr\/wp-content\/uploads\/sites\/12\/2020\/05\/logo-esdes-ucly_blanc-website-5.svg\",\"caption\":\"ESDES Business School\"},\"image\":{\"@id\":\"https:\/\/www.esdes.fr\/en\/#\/schema\/logo\/image\/\"}}]}<\/script>\n<!-- \/ Yoast SEO plugin. -->","yoast_head_json":{"title":"Patrick Gilormini - ESDES Business School","robots":{"index":"index","follow":"follow","max-snippet":"max-snippet:-1","max-image-preview":"max-image-preview:large","max-video-preview":"max-video-preview:-1"},"canonical":"https:\/\/www.esdes.fr\/en\/welcome\/research\/isbo\/the-team\/patrick-gilormini\/","og_locale":"en_US","og_type":"article","og_title":"Patrick Gilormini - ESDES Business School","og_description":"CURRENT SITUATIONFaculty memberUNIVERSITY TITLES AND DIPLOMASEM Lyon graduate, MBA York (Toronto), Research master's degree in Decision Sciences (IAE Paris), PhD in economicsRESEARCH THEMESHistory of [&hellip;]","og_url":"https:\/\/www.esdes.fr\/en\/welcome\/research\/isbo\/the-team\/patrick-gilormini\/","og_site_name":"ESDES Business School","article_modified_time":"2021-10-12T06:25:13+00:00","og_image":[{"width":1920,"height":575,"url":"https:\/\/www.esdes.fr\/wp-content\/uploads\/sites\/12\/2020\/07\/1920x575_enseignants_chercheurs.jpg","type":"image\/jpeg"}],"twitter_card":"summary_large_image","twitter_misc":{"Est. reading time":"4 minutes"},"schema":{"@context":"https:\/\/schema.org","@graph":[{"@type":"WebPage","@id":"https:\/\/www.esdes.fr\/en\/welcome\/research\/isbo\/the-team\/patrick-gilormini\/","url":"https:\/\/www.esdes.fr\/en\/welcome\/research\/isbo\/the-team\/patrick-gilormini\/","name":"Patrick Gilormini - ESDES Business School","isPartOf":{"@id":"https:\/\/www.esdes.fr\/en\/#website"},"primaryImageOfPage":{"@id":"https:\/\/www.esdes.fr\/en\/welcome\/research\/isbo\/the-team\/patrick-gilormini\/#primaryimage"},"image":{"@id":"https:\/\/www.esdes.fr\/en\/welcome\/research\/isbo\/the-team\/patrick-gilormini\/#primaryimage"},"thumbnailUrl":"https:\/\/www.esdes.fr\/wp-content\/uploads\/sites\/12\/2020\/07\/1920x575_enseignants_chercheurs.jpg","datePublished":"2020-07-24T15:15:52+00:00","dateModified":"2021-10-12T06:25:13+00:00","breadcrumb":{"@id":"https:\/\/www.esdes.fr\/en\/welcome\/research\/isbo\/the-team\/patrick-gilormini\/#breadcrumb"},"inLanguage":"en-US","potentialAction":[{"@type":"ReadAction","target":["https:\/\/www.esdes.fr\/en\/welcome\/research\/isbo\/the-team\/patrick-gilormini\/"]}]},{"@type":"ImageObject","inLanguage":"en-US","@id":"https:\/\/www.esdes.fr\/en\/welcome\/research\/isbo\/the-team\/patrick-gilormini\/#primaryimage","url":"https:\/\/www.esdes.fr\/wp-content\/uploads\/sites\/12\/2020\/07\/1920x575_enseignants_chercheurs.jpg","contentUrl":"https:\/\/www.esdes.fr\/wp-content\/uploads\/sites\/12\/2020\/07\/1920x575_enseignants_chercheurs.jpg","width":1920,"height":575,"caption":"header enseignants chercheurs"},{"@type":"BreadcrumbList","@id":"https:\/\/www.esdes.fr\/en\/welcome\/research\/isbo\/the-team\/patrick-gilormini\/#breadcrumb","itemListElement":[{"@type":"ListItem","position":1,"name":"Accueil","item":"https:\/\/www.esdes.fr\/en\/"},{"@type":"ListItem","position":2,"name":"Welcome","item":"https:\/\/www.esdes.fr\/en\/"},{"@type":"ListItem","position":3,"name":"Faculty &#038; Research","item":"https:\/\/www.esdes.fr\/en\/welcome\/research\/"},{"@type":"ListItem","position":4,"name":"Research at Esdes","item":"https:\/\/www.esdes.fr\/en\/welcome\/research\/isbo\/"},{"@type":"ListItem","position":5,"name":"The Research Team","item":"https:\/\/www.esdes.fr\/en\/welcome\/research\/isbo\/the-team\/"},{"@type":"ListItem","position":6,"name":"Patrick Gilormini"}]},{"@type":"WebSite","@id":"https:\/\/www.esdes.fr\/en\/#website","url":"https:\/\/www.esdes.fr\/en\/","name":"ESDES Business School","description":"ESDES - Grande \u00c9cole de management et commerce","publisher":{"@id":"https:\/\/www.esdes.fr\/en\/#organization"},"potentialAction":[{"@type":"SearchAction","target":{"@type":"EntryPoint","urlTemplate":"https:\/\/www.esdes.fr\/en\/?s={search_term_string}"},"query-input":{"@type":"PropertyValueSpecification","valueRequired":true,"valueName":"search_term_string"}}],"inLanguage":"en-US"},{"@type":"Organization","@id":"https:\/\/www.esdes.fr\/en\/#organization","name":"ESDES Business School","url":"https:\/\/www.esdes.fr\/en\/","logo":{"@type":"ImageObject","inLanguage":"en-US","@id":"https:\/\/www.esdes.fr\/en\/#\/schema\/logo\/image\/","url":"https:\/\/www.esdes.fr\/wp-content\/uploads\/sites\/12\/2020\/05\/logo-esdes-ucly_blanc-website-5.svg","contentUrl":"https:\/\/www.esdes.fr\/wp-content\/uploads\/sites\/12\/2020\/05\/logo-esdes-ucly_blanc-website-5.svg","caption":"ESDES Business School"},"image":{"@id":"https:\/\/www.esdes.fr\/en\/#\/schema\/logo\/image\/"}}]}},"_links":{"self":[{"href":"https:\/\/www.esdes.fr\/en\/wp-json\/wp\/v2\/pages\/6295","targetHints":{"allow":["GET"]}}],"collection":[{"href":"https:\/\/www.esdes.fr\/en\/wp-json\/wp\/v2\/pages"}],"about":[{"href":"https:\/\/www.esdes.fr\/en\/wp-json\/wp\/v2\/types\/page"}],"author":[{"embeddable":true,"href":"https:\/\/www.esdes.fr\/en\/wp-json\/wp\/v2\/users\/64"}],"replies":[{"embeddable":true,"href":"https:\/\/www.esdes.fr\/en\/wp-json\/wp\/v2\/comments?post=6295"}],"version-history":[{"count":15,"href":"https:\/\/www.esdes.fr\/en\/wp-json\/wp\/v2\/pages\/6295\/revisions"}],"predecessor-version":[{"id":18100,"href":"https:\/\/www.esdes.fr\/en\/wp-json\/wp\/v2\/pages\/6295\/revisions\/18100"}],"up":[{"embeddable":true,"href":"https:\/\/www.esdes.fr\/en\/wp-json\/wp\/v2\/pages\/6166"}],"wp:featuredmedia":[{"embeddable":true,"href":"https:\/\/www.esdes.fr\/en\/wp-json\/wp\/v2\/media\/5084"}],"wp:attachment":[{"href":"https:\/\/www.esdes.fr\/en\/wp-json\/wp\/v2\/media?parent=6295"}],"curies":[{"name":"wp","href":"https:\/\/api.w.org\/{rel}","templated":true}]}}