{"id":6288,"date":"2020-07-24T17:06:42","date_gmt":"2020-07-24T15:06:42","guid":{"rendered":"https:\/\/www.esdes.fr\/?page_id=6288"},"modified":"2021-09-06T16:40:01","modified_gmt":"2021-09-06T14:40:01","slug":"oussama-labidi","status":"publish","type":"page","link":"https:\/\/www.esdes.fr\/en\/welcome\/research\/isbo\/the-team\/oussama-labidi\/","title":{"rendered":"Oussama Labidi"},"content":{"rendered":"<div class=\"wp-block-text-image\">\n  <div class=\"row align-bottom collapse\">\n    <div class=\"column small-12 medium-6 xlarge-5 xxlarge-expand wp-block-text-image-info js-fade-scroll\">\n      <p class=\"wp-block-text-image-title\">Oussama Labidi<\/p>\n      <div class=\"wp-block-text-image-intro\"><p>PhD in management sciences<\/p>\n<p>&nbsp;<\/p>\n<p><a href=\"mailto:olabidi@univ-catholyon.fr\">Contact by email<\/a><\/p>\n<\/div>\n    <\/div>\n\n    <div class=\"column small-12 medium-6 xlarge-7 xxlarge-shrink wp-block-text-image-picture js-fade-scroll\">\n      <img loading=\"lazy\" decoding=\"async\" width=\"400\" height=\"400\" src=\"https:\/\/www.esdes.fr\/wp-content\/uploads\/sites\/12\/2020\/07\/labidi-400x400-1.jpg\" class=\"attachment-text_image size-text_image\" alt=\"Portait EC Oussama LABIDI\" srcset=\"https:\/\/www.esdes.fr\/wp-content\/uploads\/sites\/12\/2020\/07\/labidi-400x400-1.jpg 400w, https:\/\/www.esdes.fr\/wp-content\/uploads\/sites\/12\/2020\/07\/labidi-400x400-1-150x150.jpg 150w, https:\/\/www.esdes.fr\/wp-content\/uploads\/sites\/12\/2020\/07\/labidi-400x400-1-140x140.jpg 140w\" sizes=\"auto, (max-width: 400px) 100vw, 400px\" \/>    <\/div>\n  <\/div>\n<\/div><h2 class=\"wp-block-heading\"><strong>CURRENT SITUATION<\/strong><\/h2><p>Faculty member<\/p><h2 class=\"wp-block-heading\"><strong>UNIVERSITY TITLES AND DIPLOMAS<\/strong><\/h2><p>PhD in management sciences,&nbsp;Pierre Mend\u00e8s France University, Grenoble<\/p><h2 class=\"wp-block-heading\"><strong>RESEARCH THEMES<\/strong><\/h2><ul class=\"wp-block-list\"><li>Hedge Funds<\/li><li>Portfolio diversification<\/li><li>Performance measurement<\/li><\/ul><h2 class=\"wp-block-heading\"><strong>RESEARCH GROUP<\/strong><\/h2><p>Group 2: Finance and corporate governance in a sustainable environment <\/p><h2 class=\"wp-block-heading\">COURSES<\/h2><ul class=\"wp-block-list\"><li>Stocks and bonds<\/li><li>Portfolio management<\/li><li>Derivatives<\/li><\/ul><h2 class=\"wp-block-heading\">BIOGRAPHY<\/h2><p>Oussama LABIDI is a faculty member at ESDES and responsible for the Finance and Markets master's specialization. He holds a PhD in management science from the University of Grenoble. His doctoral thesis focused on the Performance of Hedge Funds and their involvement in portfolio choice. His research themes are focused on hedge funds and also on the performance of listed companies. <\/p><h2 class=\"wp-block-heading\"><strong>PUBLICATIONS AND WORKS<\/strong><\/h2><h3 class=\"wp-block-heading\"><strong>Articles in referenced journals (CNRS, FNEGE)<\/strong><\/h3><h4 class=\"wp-block-heading\"><strong>To be published<\/strong><\/h4><p><strong>LABIDI O.<\/strong>, \"Co-movements in sector price indexes during the COVID-19 crisis: Evidence from the US\", <em>Finance Research Letters<\/em>,\u00a0(in collaboration with NAMMOURI H. &amp; CHLIBI S.).<\/p><h4 class=\"wp-block-heading\">2021<\/h4><p><strong>LABIDI O.<\/strong>, (2021), \"Is the COVID-19 vaccine effective on the US financial market?\", <em>Public Health<\/em>,\u00a0vol. 198, September 2021, pp. 177-179, (in collaboration with NAMMOURI H., BEN JABEUR S. &amp; KHALFAOUI R.).<\/p><div class=\"wp-block-separator js-fade-scroll\"><\/div><h3 class=\"wp-block-heading\"><strong>Case study<\/strong><\/h3><h4 class=\"wp-block-heading\"><strong>2020<\/strong><\/h4><p><strong>LABIDI O.&nbsp;<\/strong>and MOULIN&nbsp;A., (2020),&nbsp;<em>Groupe Vicat : une Analyse Strat\u00e9gique pour un meilleur diagnostic financier<\/em>, CCMP G2001.<\/p><h4 class=\"wp-block-heading\"><strong>2019<\/strong><\/h4><p><strong>LABIDI O.&nbsp;<\/strong>and MOULIN&nbsp;A., (2019),&nbsp;<em>Serge Ferrari entreprise industrielle quelle opportunit\u00e9 d'investissement<\/em>, CCMP F0548.<\/p><div class=\"wp-block-separator js-fade-scroll\"><\/div><h3 class=\"wp-block-heading\"><strong>Book chapter<\/strong><\/h3><h4 class=\"wp-block-heading\"><strong>2015<\/strong><\/h4><p>&nbsp;<strong>LABIDI O.<\/strong>, FENDRI C.<strong>&nbsp;<\/strong>and TRAN DIEU L., (2015), \u00ab Performances \u00e9conomiques et sp\u00e9cificit\u00e9s des PME et des grandes entreprises familiales \u00bb, Chapitre 4,&nbsp;in&nbsp;: V. Chassagnon,&nbsp;<em>Vers un mod\u00e8le de gouvernement durable de l\u2019entreprise capitaliste : l\u2019unit\u00e9 dans la pluralit\u00e9 au service de la soci\u00e9t\u00e9<\/em>, pp. 61-70.<\/p><div class=\"wp-block-separator js-fade-scroll\"><\/div><h3 class=\"wp-block-heading\"><strong>Participation in conferences<\/strong><\/h3><h4 class=\"wp-block-heading\"><strong>2017<\/strong><\/h4><p><strong>LABIDI O.<\/strong>, (2017), \u00ab Comparaison de la performance des entreprises familiales versus non familiales : \u00e9tude empirique des ETI et grandes entreprises fran\u00e7aises cot\u00e9es sur Euronext \u00bb, Colloque ESDES-UCLy in partnership with Soci\u00e9t\u00e9 G\u00e9n\u00e9rale : \u00ab Gouvernance et performance durable des entreprises familiales \u00bb, 11-12 December 2017, Lyon, France, (in collaboration with T. Le Scouarnec).<\/p><h4 class=\"wp-block-heading\"><strong>2013<\/strong><\/h4><p><strong>LABIDI O.&nbsp;<\/strong>and TALFI M., (2013), \u00ab Performance of French SMEs and their characteristics \u00bb, International Finance Conference (IFC), 7-8 March, Paris, France.<\/p><h4 class=\"wp-block-heading\"><strong>2012<\/strong><\/h4><p>GIALDINI L.,&nbsp;<strong>LABIDI O.<\/strong>&nbsp;and TALFI M., (2012), \u00ab \u00c9tude empirique de la performance des PME-ETI cot\u00e9es \u00bb, 1re rencontre de l\u2019Observatoire du financement des entreprises par le march\u00e9 : \u00ab La recherche PME-ETI \u00bb, 29th May, Paris, France.<br><strong>LABIDI O.&nbsp;<\/strong>et BIHR M.-H., (2012), \u00ab SME\u2019S Listing Fees and Costs, how much is enough \u00bb, Annual Conference of the Institute of Small Business &amp; Enterprise (ISBE), 7-9 November, Dublin, Ireland<br><strong>LABIDI O.<\/strong>&nbsp;et TALFI M., (2012), \u00ab Performance of the SMEs and their Characteristics: A Study Case of the French Equity Market \u00bb, 24th annual conference of Society for the Advancement of Socio-Economics (SASE) : \u00ab Global Shifts: Implications for Business, Government and Labour \u00bb, MIT Boston, 28-30 June, Boston, USA.&nbsp;<\/p>","protected":false},"excerpt":{"rendered":"<p>CURRENT SITUATIONFaculty memberUNIVERSITY TITLES AND DIPLOMASPhD in management sciences,&nbsp;Pierre Mend\u00e8s France University, GrenobleRESEARCH THEMESHedge FundsPortfolio diversificationPerformance measurementRESEARCH GROUPGroup 2: Finance and corporate governance in [&hellip;]<\/p>\n","protected":false},"author":64,"featured_media":5084,"parent":6166,"menu_order":0,"comment_status":"closed","ping_status":"closed","template":"","meta":{"_acf_changed":false,"footnotes":""},"class_list":["post-6288","page","type-page","status-publish","has-post-thumbnail","hentry"],"acf":[],"yoast_head":"<!-- This site is optimized with the Yoast SEO plugin v24.1 - https:\/\/yoast.com\/wordpress\/plugins\/seo\/ -->\n<title>Oussama Labidi - ESDES Business School<\/title>\n<meta name=\"robots\" content=\"index, follow, max-snippet:-1, max-image-preview:large, max-video-preview:-1\" \/>\n<link rel=\"canonical\" href=\"https:\/\/www.esdes.fr\/en\/welcome\/research\/isbo\/the-team\/oussama-labidi\/\" \/>\n<meta property=\"og:locale\" content=\"en_US\" \/>\n<meta property=\"og:type\" content=\"article\" \/>\n<meta property=\"og:title\" content=\"Oussama Labidi - ESDES Business School\" \/>\n<meta property=\"og:description\" content=\"CURRENT SITUATIONFaculty memberUNIVERSITY TITLES AND DIPLOMASPhD in management sciences,&nbsp;Pierre Mend\u00e8s France University, GrenobleRESEARCH THEMESHedge FundsPortfolio diversificationPerformance measurementRESEARCH GROUPGroup 2: Finance and corporate governance in [&hellip;]\" \/>\n<meta property=\"og:url\" content=\"https:\/\/www.esdes.fr\/en\/welcome\/research\/isbo\/the-team\/oussama-labidi\/\" \/>\n<meta property=\"og:site_name\" content=\"ESDES Business School\" \/>\n<meta property=\"article:modified_time\" content=\"2021-09-06T14:40:01+00:00\" \/>\n<meta property=\"og:image\" content=\"https:\/\/www.esdes.fr\/wp-content\/uploads\/sites\/12\/2020\/07\/1920x575_enseignants_chercheurs.jpg\" \/>\n\t<meta property=\"og:image:width\" content=\"1920\" \/>\n\t<meta property=\"og:image:height\" content=\"575\" \/>\n\t<meta property=\"og:image:type\" content=\"image\/jpeg\" \/>\n<meta name=\"twitter:card\" content=\"summary_large_image\" \/>\n<meta name=\"twitter:label1\" content=\"Est. reading time\" \/>\n\t<meta name=\"twitter:data1\" content=\"2 minutes\" \/>\n<script type=\"application\/ld+json\" class=\"yoast-schema-graph\">{\"@context\":\"https:\/\/schema.org\",\"@graph\":[{\"@type\":\"WebPage\",\"@id\":\"https:\/\/www.esdes.fr\/en\/welcome\/research\/isbo\/the-team\/oussama-labidi\/\",\"url\":\"https:\/\/www.esdes.fr\/en\/welcome\/research\/isbo\/the-team\/oussama-labidi\/\",\"name\":\"Oussama Labidi - ESDES Business School\",\"isPartOf\":{\"@id\":\"https:\/\/www.esdes.fr\/en\/#website\"},\"primaryImageOfPage\":{\"@id\":\"https:\/\/www.esdes.fr\/en\/welcome\/research\/isbo\/the-team\/oussama-labidi\/#primaryimage\"},\"image\":{\"@id\":\"https:\/\/www.esdes.fr\/en\/welcome\/research\/isbo\/the-team\/oussama-labidi\/#primaryimage\"},\"thumbnailUrl\":\"https:\/\/www.esdes.fr\/wp-content\/uploads\/sites\/12\/2020\/07\/1920x575_enseignants_chercheurs.jpg\",\"datePublished\":\"2020-07-24T15:06:42+00:00\",\"dateModified\":\"2021-09-06T14:40:01+00:00\",\"breadcrumb\":{\"@id\":\"https:\/\/www.esdes.fr\/en\/welcome\/research\/isbo\/the-team\/oussama-labidi\/#breadcrumb\"},\"inLanguage\":\"en-US\",\"potentialAction\":[{\"@type\":\"ReadAction\",\"target\":[\"https:\/\/www.esdes.fr\/en\/welcome\/research\/isbo\/the-team\/oussama-labidi\/\"]}]},{\"@type\":\"ImageObject\",\"inLanguage\":\"en-US\",\"@id\":\"https:\/\/www.esdes.fr\/en\/welcome\/research\/isbo\/the-team\/oussama-labidi\/#primaryimage\",\"url\":\"https:\/\/www.esdes.fr\/wp-content\/uploads\/sites\/12\/2020\/07\/1920x575_enseignants_chercheurs.jpg\",\"contentUrl\":\"https:\/\/www.esdes.fr\/wp-content\/uploads\/sites\/12\/2020\/07\/1920x575_enseignants_chercheurs.jpg\",\"width\":1920,\"height\":575,\"caption\":\"header enseignants chercheurs\"},{\"@type\":\"BreadcrumbList\",\"@id\":\"https:\/\/www.esdes.fr\/en\/welcome\/research\/isbo\/the-team\/oussama-labidi\/#breadcrumb\",\"itemListElement\":[{\"@type\":\"ListItem\",\"position\":1,\"name\":\"Accueil\",\"item\":\"https:\/\/www.esdes.fr\/en\/\"},{\"@type\":\"ListItem\",\"position\":2,\"name\":\"Welcome\",\"item\":\"https:\/\/www.esdes.fr\/en\/\"},{\"@type\":\"ListItem\",\"position\":3,\"name\":\"Faculty &#038; Research\",\"item\":\"https:\/\/www.esdes.fr\/en\/welcome\/research\/\"},{\"@type\":\"ListItem\",\"position\":4,\"name\":\"Research at Esdes\",\"item\":\"https:\/\/www.esdes.fr\/en\/welcome\/research\/isbo\/\"},{\"@type\":\"ListItem\",\"position\":5,\"name\":\"The Research Team\",\"item\":\"https:\/\/www.esdes.fr\/en\/welcome\/research\/isbo\/the-team\/\"},{\"@type\":\"ListItem\",\"position\":6,\"name\":\"Oussama Labidi\"}]},{\"@type\":\"WebSite\",\"@id\":\"https:\/\/www.esdes.fr\/en\/#website\",\"url\":\"https:\/\/www.esdes.fr\/en\/\",\"name\":\"ESDES Business School\",\"description\":\"ESDES - Grande \u00c9cole de management et commerce\",\"publisher\":{\"@id\":\"https:\/\/www.esdes.fr\/en\/#organization\"},\"potentialAction\":[{\"@type\":\"SearchAction\",\"target\":{\"@type\":\"EntryPoint\",\"urlTemplate\":\"https:\/\/www.esdes.fr\/en\/?s={search_term_string}\"},\"query-input\":{\"@type\":\"PropertyValueSpecification\",\"valueRequired\":true,\"valueName\":\"search_term_string\"}}],\"inLanguage\":\"en-US\"},{\"@type\":\"Organization\",\"@id\":\"https:\/\/www.esdes.fr\/en\/#organization\",\"name\":\"ESDES Business School\",\"url\":\"https:\/\/www.esdes.fr\/en\/\",\"logo\":{\"@type\":\"ImageObject\",\"inLanguage\":\"en-US\",\"@id\":\"https:\/\/www.esdes.fr\/en\/#\/schema\/logo\/image\/\",\"url\":\"https:\/\/www.esdes.fr\/wp-content\/uploads\/sites\/12\/2020\/05\/logo-esdes-ucly_blanc-website-5.svg\",\"contentUrl\":\"https:\/\/www.esdes.fr\/wp-content\/uploads\/sites\/12\/2020\/05\/logo-esdes-ucly_blanc-website-5.svg\",\"caption\":\"ESDES Business School\"},\"image\":{\"@id\":\"https:\/\/www.esdes.fr\/en\/#\/schema\/logo\/image\/\"}}]}<\/script>\n<!-- \/ Yoast SEO plugin. -->","yoast_head_json":{"title":"Oussama Labidi - ESDES Business School","robots":{"index":"index","follow":"follow","max-snippet":"max-snippet:-1","max-image-preview":"max-image-preview:large","max-video-preview":"max-video-preview:-1"},"canonical":"https:\/\/www.esdes.fr\/en\/welcome\/research\/isbo\/the-team\/oussama-labidi\/","og_locale":"en_US","og_type":"article","og_title":"Oussama Labidi - ESDES Business School","og_description":"CURRENT SITUATIONFaculty memberUNIVERSITY TITLES AND DIPLOMASPhD in management sciences,&nbsp;Pierre Mend\u00e8s France University, GrenobleRESEARCH THEMESHedge FundsPortfolio diversificationPerformance measurementRESEARCH GROUPGroup 2: Finance and corporate governance in [&hellip;]","og_url":"https:\/\/www.esdes.fr\/en\/welcome\/research\/isbo\/the-team\/oussama-labidi\/","og_site_name":"ESDES Business School","article_modified_time":"2021-09-06T14:40:01+00:00","og_image":[{"width":1920,"height":575,"url":"https:\/\/www.esdes.fr\/wp-content\/uploads\/sites\/12\/2020\/07\/1920x575_enseignants_chercheurs.jpg","type":"image\/jpeg"}],"twitter_card":"summary_large_image","twitter_misc":{"Est. reading time":"2 minutes"},"schema":{"@context":"https:\/\/schema.org","@graph":[{"@type":"WebPage","@id":"https:\/\/www.esdes.fr\/en\/welcome\/research\/isbo\/the-team\/oussama-labidi\/","url":"https:\/\/www.esdes.fr\/en\/welcome\/research\/isbo\/the-team\/oussama-labidi\/","name":"Oussama Labidi - ESDES Business School","isPartOf":{"@id":"https:\/\/www.esdes.fr\/en\/#website"},"primaryImageOfPage":{"@id":"https:\/\/www.esdes.fr\/en\/welcome\/research\/isbo\/the-team\/oussama-labidi\/#primaryimage"},"image":{"@id":"https:\/\/www.esdes.fr\/en\/welcome\/research\/isbo\/the-team\/oussama-labidi\/#primaryimage"},"thumbnailUrl":"https:\/\/www.esdes.fr\/wp-content\/uploads\/sites\/12\/2020\/07\/1920x575_enseignants_chercheurs.jpg","datePublished":"2020-07-24T15:06:42+00:00","dateModified":"2021-09-06T14:40:01+00:00","breadcrumb":{"@id":"https:\/\/www.esdes.fr\/en\/welcome\/research\/isbo\/the-team\/oussama-labidi\/#breadcrumb"},"inLanguage":"en-US","potentialAction":[{"@type":"ReadAction","target":["https:\/\/www.esdes.fr\/en\/welcome\/research\/isbo\/the-team\/oussama-labidi\/"]}]},{"@type":"ImageObject","inLanguage":"en-US","@id":"https:\/\/www.esdes.fr\/en\/welcome\/research\/isbo\/the-team\/oussama-labidi\/#primaryimage","url":"https:\/\/www.esdes.fr\/wp-content\/uploads\/sites\/12\/2020\/07\/1920x575_enseignants_chercheurs.jpg","contentUrl":"https:\/\/www.esdes.fr\/wp-content\/uploads\/sites\/12\/2020\/07\/1920x575_enseignants_chercheurs.jpg","width":1920,"height":575,"caption":"header enseignants chercheurs"},{"@type":"BreadcrumbList","@id":"https:\/\/www.esdes.fr\/en\/welcome\/research\/isbo\/the-team\/oussama-labidi\/#breadcrumb","itemListElement":[{"@type":"ListItem","position":1,"name":"Accueil","item":"https:\/\/www.esdes.fr\/en\/"},{"@type":"ListItem","position":2,"name":"Welcome","item":"https:\/\/www.esdes.fr\/en\/"},{"@type":"ListItem","position":3,"name":"Faculty &#038; Research","item":"https:\/\/www.esdes.fr\/en\/welcome\/research\/"},{"@type":"ListItem","position":4,"name":"Research at Esdes","item":"https:\/\/www.esdes.fr\/en\/welcome\/research\/isbo\/"},{"@type":"ListItem","position":5,"name":"The Research Team","item":"https:\/\/www.esdes.fr\/en\/welcome\/research\/isbo\/the-team\/"},{"@type":"ListItem","position":6,"name":"Oussama Labidi"}]},{"@type":"WebSite","@id":"https:\/\/www.esdes.fr\/en\/#website","url":"https:\/\/www.esdes.fr\/en\/","name":"ESDES Business School","description":"ESDES - Grande \u00c9cole de management et commerce","publisher":{"@id":"https:\/\/www.esdes.fr\/en\/#organization"},"potentialAction":[{"@type":"SearchAction","target":{"@type":"EntryPoint","urlTemplate":"https:\/\/www.esdes.fr\/en\/?s={search_term_string}"},"query-input":{"@type":"PropertyValueSpecification","valueRequired":true,"valueName":"search_term_string"}}],"inLanguage":"en-US"},{"@type":"Organization","@id":"https:\/\/www.esdes.fr\/en\/#organization","name":"ESDES Business School","url":"https:\/\/www.esdes.fr\/en\/","logo":{"@type":"ImageObject","inLanguage":"en-US","@id":"https:\/\/www.esdes.fr\/en\/#\/schema\/logo\/image\/","url":"https:\/\/www.esdes.fr\/wp-content\/uploads\/sites\/12\/2020\/05\/logo-esdes-ucly_blanc-website-5.svg","contentUrl":"https:\/\/www.esdes.fr\/wp-content\/uploads\/sites\/12\/2020\/05\/logo-esdes-ucly_blanc-website-5.svg","caption":"ESDES Business School"},"image":{"@id":"https:\/\/www.esdes.fr\/en\/#\/schema\/logo\/image\/"}}]}},"_links":{"self":[{"href":"https:\/\/www.esdes.fr\/en\/wp-json\/wp\/v2\/pages\/6288","targetHints":{"allow":["GET"]}}],"collection":[{"href":"https:\/\/www.esdes.fr\/en\/wp-json\/wp\/v2\/pages"}],"about":[{"href":"https:\/\/www.esdes.fr\/en\/wp-json\/wp\/v2\/types\/page"}],"author":[{"embeddable":true,"href":"https:\/\/www.esdes.fr\/en\/wp-json\/wp\/v2\/users\/64"}],"replies":[{"embeddable":true,"href":"https:\/\/www.esdes.fr\/en\/wp-json\/wp\/v2\/comments?post=6288"}],"version-history":[{"count":18,"href":"https:\/\/www.esdes.fr\/en\/wp-json\/wp\/v2\/pages\/6288\/revisions"}],"predecessor-version":[{"id":17211,"href":"https:\/\/www.esdes.fr\/en\/wp-json\/wp\/v2\/pages\/6288\/revisions\/17211"}],"up":[{"embeddable":true,"href":"https:\/\/www.esdes.fr\/en\/wp-json\/wp\/v2\/pages\/6166"}],"wp:featuredmedia":[{"embeddable":true,"href":"https:\/\/www.esdes.fr\/en\/wp-json\/wp\/v2\/media\/5084"}],"wp:attachment":[{"href":"https:\/\/www.esdes.fr\/en\/wp-json\/wp\/v2\/media?parent=6288"}],"curies":[{"name":"wp","href":"https:\/\/api.w.org\/{rel}","templated":true}]}}