{"id":6270,"date":"2020-07-24T16:11:30","date_gmt":"2020-07-24T14:11:30","guid":{"rendered":"https:\/\/www.esdes.fr\/?page_id=6270"},"modified":"2021-01-12T16:38:30","modified_gmt":"2021-01-12T15:38:30","slug":"marie-france-vernier","status":"publish","type":"page","link":"https:\/\/www.esdes.fr\/en\/welcome\/research\/isbo\/the-team\/marie-france-vernier\/","title":{"rendered":"Marie-France Vernier"},"content":{"rendered":"<div class=\"wp-block-text-image\">\n  <div class=\"row align-bottom collapse\">\n    <div class=\"column small-12 medium-6 xlarge-5 xxlarge-expand wp-block-text-image-info js-fade-scroll\">\n      <p class=\"wp-block-text-image-title\">Marie-France Vernier<\/p>\n      <div class=\"wp-block-text-image-intro\"><p>PhD in economics<\/p>\n<p>&nbsp;<\/p>\n<p><a href=\"mailto:mfvernier@univ-catholyon.fr\">Contact by email<\/a><\/p>\n<\/div>\n    <\/div>\n\n    <div class=\"column small-12 medium-6 xlarge-7 xxlarge-shrink wp-block-text-image-picture js-fade-scroll\">\n      <img loading=\"lazy\" decoding=\"async\" width=\"400\" height=\"400\" src=\"https:\/\/www.esdes.fr\/wp-content\/uploads\/sites\/12\/2020\/07\/vernier-400x400-1.jpg\" class=\"attachment-text_image size-text_image\" alt=\"Portrait EC Marie-France VERNIER\" srcset=\"https:\/\/www.esdes.fr\/wp-content\/uploads\/sites\/12\/2020\/07\/vernier-400x400-1.jpg 400w, https:\/\/www.esdes.fr\/wp-content\/uploads\/sites\/12\/2020\/07\/vernier-400x400-1-150x150.jpg 150w, https:\/\/www.esdes.fr\/wp-content\/uploads\/sites\/12\/2020\/07\/vernier-400x400-1-140x140.jpg 140w\" sizes=\"auto, (max-width: 400px) 100vw, 400px\" \/>    <\/div>\n  <\/div>\n<\/div><h2 class=\"wp-block-heading\"><strong>CURRENT SITUATION<\/strong><\/h2><p>Faculty member<\/p><h2 class=\"wp-block-heading\"><strong>UNIVERSITY TITLES AND DIPLOMAS<\/strong><\/h2><p>PhD in economics,&nbsp;Paris Nord University<\/p><h2 class=\"wp-block-heading\"><strong>RESEARCH THEMES<\/strong><\/h2><ul class=\"wp-block-list\"><li>CSR, Economic impact of companies' environmental policies (Ecodesign, Waste management and prevention policy) <\/li><li>Circular Economy <\/li><li>Food distribution (distribution and consumption of organic products) <\/li><li>Standards and CSR<\/li><\/ul><h2 class=\"wp-block-heading\"><strong>RESEARCH <strong>GROUP<\/strong><\/strong><\/h2><p>Group 3: Economy and management of sustainable innovations <\/p><h2 class=\"wp-block-heading\">COURSES<\/h2><ul class=\"wp-block-list\"><li>Corporate Social Responsibility<\/li><li>International Marketing and Ethics<\/li><\/ul><h2 class=\"wp-block-heading\">BIOGRAPHY<\/h2><p>Marie-France Vernier has a PhD in Economic Sciences, and is a faculty member and Director of Studies at ESDES Lyon Business School. Her courses focus on \"ethics and international marketing\" and \"Corporate Social Responsibility\". Her work focuses on the place of ethics in companies and the conditions for marketing \"responsible\" products (products from fair trade, organic farming and eco-designed). Marie-France Vernier has published in academic journals such as <em>D\u00e9cisions Marketing<\/em>, <em>Journal of Cleaner Production<\/em>, <em>Gestion<\/em>, <em>Revue \u00c9thique et \u00c9conomique<\/em>. She has also contributed to several books: \u201cMarketing and Sustainable Development\u201d, \u201cEnvironment and Ecosociety\u201d, and \u201c50 sheets on Sustainable Marketing.\u201d With funding from ADEME (Agency for the Environment and Energy Management), she carried out research on waste prevention policies in SMEs. She also participated in a project funded by the ANR (National Research Agency) on mass distribution in the food sector from a sustainable perspective. Finally, she works regularly with the National Ecodesign Pole on the profitability of ecodesign. <\/p><h2 class=\"wp-block-heading\"><strong>PUBLICATIONS AND WORKS<\/strong><\/h2><h3 class=\"wp-block-heading\"><br>Articles in referenced journals (CNRS, FNEGE)<\/h3><h4 class=\"wp-block-heading\">2017<\/h4><p><strong>VERNIER M.-F.&nbsp;<\/strong>and TRAN DIEU L., (2017), \u00ab La pr\u00e9vention des d\u00e9chets : une analyse empirique des d\u00e9terminants du comportement des entreprises \u00bb, Revue d'\u00e9conomie industrielle, n\u00b0 159, pp. 113-137.<strong><br>VERNIER M.-F.&nbsp;<\/strong>and ZAIDI CHTOUROU S., (2017), \u00ab Le management de la l\u00e9gitimit\u00e9 dans le discours : analyse du discours des enseignes sp\u00e9cialis\u00e9es dans la distribution de produits biologiques \u00bb,&nbsp;<em>D\u00e9cisions marketing<\/em>, n\u00b0 86, pp. 67-89.&nbsp;<\/p><h4 class=\"wp-block-heading\">2013<\/h4><p><strong>VERNIER M.-F.<\/strong>, (2013), \u00ab Les facteurs clefs de succ\u00e8s de l\u2019\u00e9coconception : le\u00e7ons tir\u00e9es de quelques cas d\u2019entreprises \u00bb,&nbsp;<em>Gestion : Revue Internationale de Gestion<\/em>, vol. 38, n\u00b0 3, pp. 67-74.<br><strong>VERNIER M.-F.<\/strong>, (2013), \u00ab D\u00e9mystifier la mise en place de l'\u00e9coconception \u00bb,&nbsp;<em>Gestion : Revue Internationale de Gestion<\/em>, vol. 38, n\u00b0 3, pp. 75-83. (in collaboration with C. Berneman, P. Lanoie and S. Plouffe).<br><\/p><h3 class=\"wp-block-heading\"><br>Press Article <\/h3><h4 class=\"wp-block-heading\">2020<\/h4><p><strong>VERNIER M.-F.<\/strong>, ARFAOUI N., LE BAS C., VO L.-C., (2020), \u00ab Les entreprises innovantes, plus engag\u00e9es dans l\u2019\u00e9conomie circulaire \u00bb,&nbsp;<em>The conversation<\/em>,&nbsp;(online publication).<\/p><div class=\"wp-block-separator js-fade-scroll\"><\/div><h3 class=\"wp-block-heading\">Book<\/h3><h4 class=\"wp-block-heading\">2016<\/h4><p><strong>VERNIER M.-F.<\/strong>, LAVORATA L. (coord.),&nbsp;GUVIER P., ROBERT-DEMONTROND P., (2016), <em>Marketing et d\u00e9veloppement durable. Du distributeur au consommateur<\/em>, Economica, collection : \u00ab Recherche en gestion \u00bb, Paris.<\/p><div class=\"wp-block-separator js-fade-scroll\"><\/div><h3 class=\"wp-block-heading\">Book chapter<\/h3><h4 class=\"wp-block-heading\">2016<\/h4><p><strong>VERNIER M.-F.<\/strong> and ZAIDI-CHTOUROU S., (2016), \u00ab La l\u00e9gitimit\u00e9 des distributeurs sp\u00e9cialis\u00e9s sur le d\u00e9veloppement durable \u00bb,<em>&nbsp;in&nbsp;<\/em>: LAVORATA L. (coord.), VERNIER M.-F., GUVIER P., ROBERT-DEMONTROND P., (2016), <em>Marketing et d\u00e9veloppement durable : du distributeur au consommateur<\/em>, Paris, Economica, collection : \u00ab recherche en gestion \u00bb.<\/p><h4 class=\"wp-block-heading\">2015<\/h4><p><strong>VERNIER M.-F.<\/strong> and GILORMINI P., (2015), \u00ab Business Ethics et responsabilit\u00e9 sociale de l\u2019entreprise \u00bb, Chapitre 2,&nbsp;<em>in<\/em>&nbsp;: V. CHASSAGNON, (dir.),&nbsp;<em>Vers un mod\u00e8le de gouvernement durable de l\u2019entreprise capitaliste : l\u2019unit\u00e9 dans la pluralit\u00e9 au service de la soci\u00e9t\u00e9<\/em>, pp. 39-50.<\/p><p><strong>VERNIER M.-F.<\/strong>, HANED N. and LE BAS C., (2015), \u00ab La performance \u00e9conomique des entreprises \u00e0 travers le prisme des innovations environnementales \u00bb, Chapitre 9,&nbsp;<em>in<\/em>&nbsp;: V. Chassagnon,&nbsp;<em>Vers un mod\u00e8le de gouvernement durable de l\u2019entreprise capitaliste : l\u2019unit\u00e9 dans la pluralit\u00e9 au service de la soci\u00e9t\u00e9<\/em>, pp. 119-128.<br><\/p><div class=\"wp-block-separator js-fade-scroll\"><\/div><h3 class=\"wp-block-heading\">Participation in conferences<\/h3><h4 class=\"wp-block-heading\">2020<\/h4><p><strong>VERNIER M.<\/strong>-F., (2020), \u00ab Innovation and eco-design: lessons from the failed launch of a vacuum cleaner\u201d, Colloque J.-B. Says\u00a0: \u00ab\u00a0Imaginer le futur \u00e0 partir du pass\u00e9\u00a0\u00bb, Laboratoire S2HEP et Chaire Saint GOBAIN\u00a0- INSA Lyon - \u00ab Ing\u00e9nieurs Ing\u00e9nieux \u00bb, Soci\u00e9t\u00e9 Internationale Jean-Baptiste Say et le R\u00e9seau de Recherche sur l\u2019Innovation, 7-8 d\u00e9cembre, Lyon\u00a0, France.<\/p><p><strong>VERNIER M.-F.<\/strong>, ARFAOUI N., LE BAS C., VO L.-C., (2020),\u00a0\u00ab Circular bio-economy, institutional and social dimensions: The case of five experiences of methanization in France \u00bb,\u00a0Spring of Innovation 2020: International Conference Innovation and Circular Economy, University of Santiago de Compostella, March 25-27,  Santiago de Compostella, Spain.<\/p><p><strong>VERNIER M.-F.<\/strong>, ARFAOUI N., LE BAS C., VO L.-C., (2020),&nbsp;\u00ab Circular bio-economy, institutional and social dimensions: The case of five experiences of methanization in France \u00bb,&nbsp;Colloque PSDR Transitions pour le D\u00e9veloppement des Territoires - Symposium PSDR4, March 28-30, Angers, France.<\/p><h4 class=\"wp-block-heading\"><strong>2019<\/strong><\/h4><p><strong>VERNIER M.-F.<\/strong>, ARFAOUI N., CHALLITA S., (2019),&nbsp;\u00ab Divers of profitability of ecodesign: a comparative analysis between Europe and Canada \u00bb,&nbsp;Colloque RIODD, September 25-27, La Rochelle, France, (in collaboration with LANOIE P. and PLOUFFE S.)<strong><br>VERNIER M.-F.<\/strong>, (2019), \u00ab&nbsp;Innovation and ecodesign: lessons from the failed launch of a vacuum cleaner&nbsp;\u00bb,&nbsp;10th international Research Meeting in Business and Management,&nbsp;IPAG,&nbsp;July 8-10,&nbsp;Nice, France.&nbsp;<\/p><h4 class=\"wp-block-heading\">2018<\/h4><p><strong>VERNIER M.-F.<\/strong>, DHAOUADI I. and PRINCE AGBODJAN D., (2018), \u00ab La juridicisation de la RSE comme facteur d\u2019innovation manag\u00e9riale : le cas de la Loi sur le devoir de vigilance des entreprises multinationales \u00bb, XXVIIe conf\u00e9rence de l\u2019AIMS-ST AIMS 13 : Trajectoires d\u2019innovation, June 6-8, Montpellier Business School, Montpellier, France.<\/p><h4 class=\"wp-block-heading\">2017<\/h4><p><strong>VERNIER M.-F.<\/strong>, DHAOUADI I. and PRINCE AGBODJAN D.,(2017), \u00ab La co-production contrast\u00e9e des normes RSE : le cas de la Loi sur le devoir de vigilance des entreprises multinationale \u00bb, 12\u00e8me congr\u00e8s annuel du RIODD, \u00ab Quelles responsabilit\u00e9s pour les entreprises ? \u00bb, October 19-20, University of Paris Dauphine, Paris, France.<\/p><h4 class=\"wp-block-heading\">2016<\/h4><p><strong>VERNIER M.-F.&nbsp;<\/strong>and ZAIDI-CHTOUROU S., (2016), \u00ab Analyse de la perception des consommateurs face aux strat\u00e9gies de l\u00e9gitimation dans les discours des enseignes sp\u00e9cialis\u00e9es bio : proposition d'une typologie\u00bb, 11\u00e8me congr\u00e8s du RIODD, July 6-8, Saint-Etienne, France.<\/p><h4 class=\"wp-block-heading\">2015<\/h4><p><strong>VERNIER M.-F.<\/strong>, (2015), \u00ab Grenelle de l\u2019environnement et innovation. Le cas des d\u00e9chets dans les PME fran\u00e7aises \u00bb, V\u00e8me congr\u00e8s de l\u2019AFEP, ESDES UCLy, Sciences Po Lyon, \u00ab L\u2019\u00e9conomie politique de l\u2019entreprise : nouveaux enjeux, nouvelles perspectives \u00bb, July 1-3, Lyon, France.<\/p><p><strong>VERNIER M.-F.<\/strong>, (2015), \u00ab Symposium 01. European retailers strategies on sustainable development \u00bb, Symposium EURAM &nbsp;\"European retailers strategies faced to sustainable development\", University of Kozminski, June 17-20, Warsaw, Poland. <\/p><h4 class=\"wp-block-heading\">2014<\/h4><p><strong>VERNIER M.-F.&nbsp;<\/strong>and ZAIDI-CHTOUROU S., (2014), \u00ab Le management de la l\u00e9gitimit\u00e9 dans le discours : analyse du discours des enseignes sp\u00e9cialis\u00e9es dans la distribution de produits biologiques \u00bb, 9\u00e8me congr\u00e8s du RIODD : \u00ab Environnement et travail quelles relations ? \u00bb, P\u00f4le Juridique et Judiciaire de l'Universit\u00e9 de Bordeaux, October 1-3, Bordeaux, France.<br><strong>VERNIER M.-F.<\/strong>, (2014), \u00ab La profitabilit\u00e9 de l\u2019\u00e9coconception \u00bb, 3\u00e8me colloque \u00c9coconception, Pole Eco \u2013 Conception, Cit\u00e9 du Design, April 17th, Saint-Etienne, France, (in collaboration with, N. Haned, P. Lanoie and S. Plouffe).<br><strong>VERNIER M.-F.<\/strong>, (2014), \u00ab Pratiques d\u2019\u00e9coconception en France, quelles perspectives ? \u00c9tude du cas Rowenta \u00bb, 9\u00e8me congr\u00e8s du RIODD : \u00ab Environnement et travail quelles relations ? \u00bb, P\u00f4le Juridique et Judiciaire de l'Universit\u00e9 de Bordeaux, October 1-3, Bordeaux, France.<\/p><h4 class=\"wp-block-heading\">2013<\/h4><p><strong>VERNIER M.-F.&nbsp;<\/strong>and ZAIDI-CHTOUROU S., (2013), \u00ab Entre l\u00e9gitimit\u00e9 historique et construite \u00bb, 29\u00e8me congr\u00e8s de l\u2019AFM, La Rochelle, University of La Rochelle and  Group Sup de Co La Rochelle, May 15-17, La Rochelle, France.<br><strong>VERNIER M.-F.<\/strong>, (2013), \u00ab Panorama des \u00e9tudes internationales sur les actions des entreprises pour r\u00e9duire les d\u00e9chets \u00bb, 5e colloque : \u00ab Pr\u00e9vention, D\u00e9chets et Territoires \u00bb, ADEME, Maison de la Chimie, June 25-26, Paris, France.<\/p>","protected":false},"excerpt":{"rendered":"<p>CURRENT SITUATIONFaculty memberUNIVERSITY TITLES AND DIPLOMASPhD in economics,&nbsp;Paris Nord UniversityRESEARCH THEMESCSR, Economic impact of companies&#8217; environmental policies (Ecodesign, Waste management and prevention policy) Circular [&hellip;]<\/p>\n","protected":false},"author":64,"featured_media":5084,"parent":6166,"menu_order":0,"comment_status":"closed","ping_status":"closed","template":"","meta":{"_acf_changed":false,"footnotes":""},"class_list":["post-6270","page","type-page","status-publish","has-post-thumbnail","hentry"],"acf":[],"yoast_head":"<!-- This site is optimized with the Yoast SEO plugin v24.1 - https:\/\/yoast.com\/wordpress\/plugins\/seo\/ -->\n<title>Marie-France Vernier - ESDES Business School<\/title>\n<meta name=\"robots\" content=\"index, follow, max-snippet:-1, max-image-preview:large, max-video-preview:-1\" \/>\n<link rel=\"canonical\" href=\"https:\/\/www.esdes.fr\/en\/welcome\/research\/isbo\/the-team\/marie-france-vernier\/\" \/>\n<meta property=\"og:locale\" content=\"en_US\" \/>\n<meta property=\"og:type\" content=\"article\" \/>\n<meta property=\"og:title\" content=\"Marie-France Vernier - ESDES Business School\" \/>\n<meta property=\"og:description\" content=\"CURRENT SITUATIONFaculty memberUNIVERSITY TITLES AND DIPLOMASPhD in economics,&nbsp;Paris Nord UniversityRESEARCH THEMESCSR, Economic impact of companies&#039; environmental policies (Ecodesign, Waste management and prevention policy) Circular [&hellip;]\" \/>\n<meta property=\"og:url\" content=\"https:\/\/www.esdes.fr\/en\/welcome\/research\/isbo\/the-team\/marie-france-vernier\/\" \/>\n<meta property=\"og:site_name\" content=\"ESDES Business School\" \/>\n<meta property=\"article:modified_time\" content=\"2021-01-12T15:38:30+00:00\" \/>\n<meta property=\"og:image\" content=\"https:\/\/www.esdes.fr\/wp-content\/uploads\/sites\/12\/2020\/07\/1920x575_enseignants_chercheurs.jpg\" \/>\n\t<meta property=\"og:image:width\" content=\"1920\" \/>\n\t<meta property=\"og:image:height\" content=\"575\" \/>\n\t<meta property=\"og:image:type\" content=\"image\/jpeg\" \/>\n<meta name=\"twitter:card\" content=\"summary_large_image\" \/>\n<meta name=\"twitter:label1\" content=\"Est. reading time\" \/>\n\t<meta name=\"twitter:data1\" content=\"6 minutes\" \/>\n<script type=\"application\/ld+json\" class=\"yoast-schema-graph\">{\"@context\":\"https:\/\/schema.org\",\"@graph\":[{\"@type\":\"WebPage\",\"@id\":\"https:\/\/www.esdes.fr\/en\/welcome\/research\/isbo\/the-team\/marie-france-vernier\/\",\"url\":\"https:\/\/www.esdes.fr\/en\/welcome\/research\/isbo\/the-team\/marie-france-vernier\/\",\"name\":\"Marie-France Vernier - ESDES Business School\",\"isPartOf\":{\"@id\":\"https:\/\/www.esdes.fr\/en\/#website\"},\"primaryImageOfPage\":{\"@id\":\"https:\/\/www.esdes.fr\/en\/welcome\/research\/isbo\/the-team\/marie-france-vernier\/#primaryimage\"},\"image\":{\"@id\":\"https:\/\/www.esdes.fr\/en\/welcome\/research\/isbo\/the-team\/marie-france-vernier\/#primaryimage\"},\"thumbnailUrl\":\"https:\/\/www.esdes.fr\/wp-content\/uploads\/sites\/12\/2020\/07\/1920x575_enseignants_chercheurs.jpg\",\"datePublished\":\"2020-07-24T14:11:30+00:00\",\"dateModified\":\"2021-01-12T15:38:30+00:00\",\"breadcrumb\":{\"@id\":\"https:\/\/www.esdes.fr\/en\/welcome\/research\/isbo\/the-team\/marie-france-vernier\/#breadcrumb\"},\"inLanguage\":\"en-US\",\"potentialAction\":[{\"@type\":\"ReadAction\",\"target\":[\"https:\/\/www.esdes.fr\/en\/welcome\/research\/isbo\/the-team\/marie-france-vernier\/\"]}]},{\"@type\":\"ImageObject\",\"inLanguage\":\"en-US\",\"@id\":\"https:\/\/www.esdes.fr\/en\/welcome\/research\/isbo\/the-team\/marie-france-vernier\/#primaryimage\",\"url\":\"https:\/\/www.esdes.fr\/wp-content\/uploads\/sites\/12\/2020\/07\/1920x575_enseignants_chercheurs.jpg\",\"contentUrl\":\"https:\/\/www.esdes.fr\/wp-content\/uploads\/sites\/12\/2020\/07\/1920x575_enseignants_chercheurs.jpg\",\"width\":1920,\"height\":575,\"caption\":\"header enseignants chercheurs\"},{\"@type\":\"BreadcrumbList\",\"@id\":\"https:\/\/www.esdes.fr\/en\/welcome\/research\/isbo\/the-team\/marie-france-vernier\/#breadcrumb\",\"itemListElement\":[{\"@type\":\"ListItem\",\"position\":1,\"name\":\"Accueil\",\"item\":\"https:\/\/www.esdes.fr\/en\/\"},{\"@type\":\"ListItem\",\"position\":2,\"name\":\"Welcome\",\"item\":\"https:\/\/www.esdes.fr\/en\/\"},{\"@type\":\"ListItem\",\"position\":3,\"name\":\"Faculty &#038; Research\",\"item\":\"https:\/\/www.esdes.fr\/en\/welcome\/research\/\"},{\"@type\":\"ListItem\",\"position\":4,\"name\":\"Research at Esdes\",\"item\":\"https:\/\/www.esdes.fr\/en\/welcome\/research\/isbo\/\"},{\"@type\":\"ListItem\",\"position\":5,\"name\":\"The Research Team\",\"item\":\"https:\/\/www.esdes.fr\/en\/welcome\/research\/isbo\/the-team\/\"},{\"@type\":\"ListItem\",\"position\":6,\"name\":\"Marie-France Vernier\"}]},{\"@type\":\"WebSite\",\"@id\":\"https:\/\/www.esdes.fr\/en\/#website\",\"url\":\"https:\/\/www.esdes.fr\/en\/\",\"name\":\"ESDES Business School\",\"description\":\"ESDES - Grande \u00c9cole de management et commerce\",\"publisher\":{\"@id\":\"https:\/\/www.esdes.fr\/en\/#organization\"},\"potentialAction\":[{\"@type\":\"SearchAction\",\"target\":{\"@type\":\"EntryPoint\",\"urlTemplate\":\"https:\/\/www.esdes.fr\/en\/?s={search_term_string}\"},\"query-input\":{\"@type\":\"PropertyValueSpecification\",\"valueRequired\":true,\"valueName\":\"search_term_string\"}}],\"inLanguage\":\"en-US\"},{\"@type\":\"Organization\",\"@id\":\"https:\/\/www.esdes.fr\/en\/#organization\",\"name\":\"ESDES Business School\",\"url\":\"https:\/\/www.esdes.fr\/en\/\",\"logo\":{\"@type\":\"ImageObject\",\"inLanguage\":\"en-US\",\"@id\":\"https:\/\/www.esdes.fr\/en\/#\/schema\/logo\/image\/\",\"url\":\"https:\/\/www.esdes.fr\/wp-content\/uploads\/sites\/12\/2020\/05\/logo-esdes-ucly_blanc-website-5.svg\",\"contentUrl\":\"https:\/\/www.esdes.fr\/wp-content\/uploads\/sites\/12\/2020\/05\/logo-esdes-ucly_blanc-website-5.svg\",\"caption\":\"ESDES Business School\"},\"image\":{\"@id\":\"https:\/\/www.esdes.fr\/en\/#\/schema\/logo\/image\/\"}}]}<\/script>\n<!-- \/ Yoast SEO plugin. -->","yoast_head_json":{"title":"Marie-France Vernier - ESDES Business School","robots":{"index":"index","follow":"follow","max-snippet":"max-snippet:-1","max-image-preview":"max-image-preview:large","max-video-preview":"max-video-preview:-1"},"canonical":"https:\/\/www.esdes.fr\/en\/welcome\/research\/isbo\/the-team\/marie-france-vernier\/","og_locale":"en_US","og_type":"article","og_title":"Marie-France Vernier - ESDES Business School","og_description":"CURRENT SITUATIONFaculty memberUNIVERSITY TITLES AND DIPLOMASPhD in economics,&nbsp;Paris Nord UniversityRESEARCH THEMESCSR, Economic impact of companies' environmental policies (Ecodesign, Waste management and prevention policy) Circular [&hellip;]","og_url":"https:\/\/www.esdes.fr\/en\/welcome\/research\/isbo\/the-team\/marie-france-vernier\/","og_site_name":"ESDES Business School","article_modified_time":"2021-01-12T15:38:30+00:00","og_image":[{"width":1920,"height":575,"url":"https:\/\/www.esdes.fr\/wp-content\/uploads\/sites\/12\/2020\/07\/1920x575_enseignants_chercheurs.jpg","type":"image\/jpeg"}],"twitter_card":"summary_large_image","twitter_misc":{"Est. reading time":"6 minutes"},"schema":{"@context":"https:\/\/schema.org","@graph":[{"@type":"WebPage","@id":"https:\/\/www.esdes.fr\/en\/welcome\/research\/isbo\/the-team\/marie-france-vernier\/","url":"https:\/\/www.esdes.fr\/en\/welcome\/research\/isbo\/the-team\/marie-france-vernier\/","name":"Marie-France Vernier - ESDES Business School","isPartOf":{"@id":"https:\/\/www.esdes.fr\/en\/#website"},"primaryImageOfPage":{"@id":"https:\/\/www.esdes.fr\/en\/welcome\/research\/isbo\/the-team\/marie-france-vernier\/#primaryimage"},"image":{"@id":"https:\/\/www.esdes.fr\/en\/welcome\/research\/isbo\/the-team\/marie-france-vernier\/#primaryimage"},"thumbnailUrl":"https:\/\/www.esdes.fr\/wp-content\/uploads\/sites\/12\/2020\/07\/1920x575_enseignants_chercheurs.jpg","datePublished":"2020-07-24T14:11:30+00:00","dateModified":"2021-01-12T15:38:30+00:00","breadcrumb":{"@id":"https:\/\/www.esdes.fr\/en\/welcome\/research\/isbo\/the-team\/marie-france-vernier\/#breadcrumb"},"inLanguage":"en-US","potentialAction":[{"@type":"ReadAction","target":["https:\/\/www.esdes.fr\/en\/welcome\/research\/isbo\/the-team\/marie-france-vernier\/"]}]},{"@type":"ImageObject","inLanguage":"en-US","@id":"https:\/\/www.esdes.fr\/en\/welcome\/research\/isbo\/the-team\/marie-france-vernier\/#primaryimage","url":"https:\/\/www.esdes.fr\/wp-content\/uploads\/sites\/12\/2020\/07\/1920x575_enseignants_chercheurs.jpg","contentUrl":"https:\/\/www.esdes.fr\/wp-content\/uploads\/sites\/12\/2020\/07\/1920x575_enseignants_chercheurs.jpg","width":1920,"height":575,"caption":"header enseignants chercheurs"},{"@type":"BreadcrumbList","@id":"https:\/\/www.esdes.fr\/en\/welcome\/research\/isbo\/the-team\/marie-france-vernier\/#breadcrumb","itemListElement":[{"@type":"ListItem","position":1,"name":"Accueil","item":"https:\/\/www.esdes.fr\/en\/"},{"@type":"ListItem","position":2,"name":"Welcome","item":"https:\/\/www.esdes.fr\/en\/"},{"@type":"ListItem","position":3,"name":"Faculty &#038; Research","item":"https:\/\/www.esdes.fr\/en\/welcome\/research\/"},{"@type":"ListItem","position":4,"name":"Research at Esdes","item":"https:\/\/www.esdes.fr\/en\/welcome\/research\/isbo\/"},{"@type":"ListItem","position":5,"name":"The Research Team","item":"https:\/\/www.esdes.fr\/en\/welcome\/research\/isbo\/the-team\/"},{"@type":"ListItem","position":6,"name":"Marie-France Vernier"}]},{"@type":"WebSite","@id":"https:\/\/www.esdes.fr\/en\/#website","url":"https:\/\/www.esdes.fr\/en\/","name":"ESDES Business School","description":"ESDES - Grande \u00c9cole de management et commerce","publisher":{"@id":"https:\/\/www.esdes.fr\/en\/#organization"},"potentialAction":[{"@type":"SearchAction","target":{"@type":"EntryPoint","urlTemplate":"https:\/\/www.esdes.fr\/en\/?s={search_term_string}"},"query-input":{"@type":"PropertyValueSpecification","valueRequired":true,"valueName":"search_term_string"}}],"inLanguage":"en-US"},{"@type":"Organization","@id":"https:\/\/www.esdes.fr\/en\/#organization","name":"ESDES Business School","url":"https:\/\/www.esdes.fr\/en\/","logo":{"@type":"ImageObject","inLanguage":"en-US","@id":"https:\/\/www.esdes.fr\/en\/#\/schema\/logo\/image\/","url":"https:\/\/www.esdes.fr\/wp-content\/uploads\/sites\/12\/2020\/05\/logo-esdes-ucly_blanc-website-5.svg","contentUrl":"https:\/\/www.esdes.fr\/wp-content\/uploads\/sites\/12\/2020\/05\/logo-esdes-ucly_blanc-website-5.svg","caption":"ESDES Business School"},"image":{"@id":"https:\/\/www.esdes.fr\/en\/#\/schema\/logo\/image\/"}}]}},"_links":{"self":[{"href":"https:\/\/www.esdes.fr\/en\/wp-json\/wp\/v2\/pages\/6270","targetHints":{"allow":["GET"]}}],"collection":[{"href":"https:\/\/www.esdes.fr\/en\/wp-json\/wp\/v2\/pages"}],"about":[{"href":"https:\/\/www.esdes.fr\/en\/wp-json\/wp\/v2\/types\/page"}],"author":[{"embeddable":true,"href":"https:\/\/www.esdes.fr\/en\/wp-json\/wp\/v2\/users\/64"}],"replies":[{"embeddable":true,"href":"https:\/\/www.esdes.fr\/en\/wp-json\/wp\/v2\/comments?post=6270"}],"version-history":[{"count":26,"href":"https:\/\/www.esdes.fr\/en\/wp-json\/wp\/v2\/pages\/6270\/revisions"}],"predecessor-version":[{"id":12095,"href":"https:\/\/www.esdes.fr\/en\/wp-json\/wp\/v2\/pages\/6270\/revisions\/12095"}],"up":[{"embeddable":true,"href":"https:\/\/www.esdes.fr\/en\/wp-json\/wp\/v2\/pages\/6166"}],"wp:featuredmedia":[{"embeddable":true,"href":"https:\/\/www.esdes.fr\/en\/wp-json\/wp\/v2\/media\/5084"}],"wp:attachment":[{"href":"https:\/\/www.esdes.fr\/en\/wp-json\/wp\/v2\/media?parent=6270"}],"curies":[{"name":"wp","href":"https:\/\/api.w.org\/{rel}","templated":true}]}}