{"id":6261,"date":"2020-07-21T17:16:00","date_gmt":"2020-07-21T15:16:00","guid":{"rendered":"https:\/\/www.esdes.fr\/?page_id=6261"},"modified":"2023-10-17T10:25:14","modified_gmt":"2023-10-17T08:25:14","slug":"kevin-pon","status":"publish","type":"page","link":"https:\/\/www.esdes.fr\/en\/welcome\/research\/isbo\/the-team\/kevin-pon\/","title":{"rendered":"Kevin Pon"},"content":{"rendered":"<div class=\"wp-block-text-image\">\n  <div class=\"row align-bottom collapse\">\n    <div class=\"column small-12 medium-6 xlarge-5 xxlarge-expand wp-block-text-image-info js-fade-scroll\">\n      <p class=\"wp-block-text-image-title\">Kevin Pon<\/p>\n      <div class=\"wp-block-text-image-intro\"><p>PhD in management sciences<\/p>\n<p><a href=\"mailto:kpon@univ-catholyon.fr\">Contact by email<\/a><\/p>\n<\/div>\n    <\/div>\n\n    <div class=\"column small-12 medium-6 xlarge-7 xxlarge-shrink wp-block-text-image-picture js-fade-scroll\">\n      <img loading=\"lazy\" decoding=\"async\" width=\"400\" height=\"400\" src=\"https:\/\/www.esdes.fr\/wp-content\/uploads\/sites\/12\/2020\/07\/pon-400x400-1.jpg\" class=\"attachment-text_image size-text_image\" alt=\"Portrait EC Kevin PON\" srcset=\"https:\/\/www.esdes.fr\/wp-content\/uploads\/sites\/12\/2020\/07\/pon-400x400-1.jpg 400w, https:\/\/www.esdes.fr\/wp-content\/uploads\/sites\/12\/2020\/07\/pon-400x400-1-150x150.jpg 150w, https:\/\/www.esdes.fr\/wp-content\/uploads\/sites\/12\/2020\/07\/pon-400x400-1-140x140.jpg 140w\" sizes=\"auto, (max-width: 400px) 100vw, 400px\" \/>    <\/div>\n  <\/div>\n<\/div><h2 class=\"wp-block-heading\"><strong>CURRENT SITUATION<\/strong><\/h2><p>Faculty member<\/p><h2 class=\"wp-block-heading\"><strong>UNIVERSITY TITLES AND DIPLOMAS<\/strong><\/h2><p>PhD in management sciences,&nbsp;University of Bedfordshire<\/p><h2 class=\"wp-block-heading\"><strong>RESEARCH THEMES<\/strong><\/h2><ul class=\"wp-block-list\"><li>International Education and Learning<\/li>\n\n<li>International Strategy<\/li><\/ul><h2 class=\"wp-block-heading\"><strong>RESEARCH <strong>GROUP<\/strong><\/strong><\/h2><p>Group 3: Economy and management of sustainable innovations <\/p><h2 class=\"wp-block-heading\">COURSES<\/h2><ul class=\"wp-block-list\"><li>Markets and Consumers<\/li>\n\n<li>Cross Cultural Management<\/li>\n\n<li>International Strategy<\/li><\/ul><h2 class=\"wp-block-heading\">BIOGRAPHY<\/h2><p>Kevin Pon is Associate Dean for International Development and Accreditations at Esdes. He obtained his PhD in management from the University of Buckinghamshire and has published articles on the international strategy of companies and management schools. He teaches international marketing and management at Esdes in undergraduate and post-graduate studies.  Kevin has more than 25 years experience in management teaching and had occupied various positions in other schools (Head of programs, Faculty member...) and has set up franchises abroad to deliver French management programs in foreign countries such as China, Marocco and Tunisia. He also teached in the USA, United Kingdom and South America.<\/p><p><\/p><h2 class=\"wp-block-heading\"><strong>PUBLICATIONS AND WORKS<\/strong><\/h2><h3 class=\"wp-block-heading\"><strong>Articles in referenced journals (CNRS, FNEGE)<\/strong><\/h3><h4 class=\"wp-block-heading\"><strong>2020<\/strong><\/h4><p><strong>PON K.<\/strong>, (2020), \u00ab Disruptions as opportunities for new thinking: Applying the studio model to business education \u00bb, Knowledge Management Research &amp; Practice, vol 18 n\u00b01, pp. 81-92, (in collaboration with Passerini K., Bandera C. Naatus and M.-K. Somers).<br><strong>PON K.,&nbsp;<\/strong>(2020), \u00ab \"Keep Calm and Drink Tea\" : comprendre les pr\u00e9f\u00e9rences alimentaires des consommateurs anglo-saxons en France \u00bb,&nbsp;<em>Question(s) de Management<\/em>, n\u00b0 27, pp. 13-30&nbsp;(in collaboration with J. Lichy and M. Kachour).<\/p><h4 class=\"wp-block-heading\"><strong>2019<\/strong><\/h4><p><strong>PON K.&nbsp;<\/strong>and DUNCAN A. L., (2019), \u00ab Networks and alliances - Business Schools\u2019 answer to Mergers and acquisitions? \u00bb,&nbsp;<em>Journal of Management Development<\/em>, vol. 38, n\u00b0 10, pp. 773-795.<\/p><h4 class=\"wp-block-heading\"><strong>2018<\/strong><\/h4><p><strong>PON K.<\/strong> and EMINET A., (2018), \u00ab Using Mind Maps to Distinguish Cultural Norms between French and United States Entrepreneurship Students \u00bb,&nbsp;<em>Journal of Small Business Management<\/em>, vol. 56, n\u00b0 1, pp. 177-196. (in collaboration with C. Bandera and K. Passerini).<\/p><h4 class=\"wp-block-heading\"><strong>2015<\/strong><\/h4><p><strong>PON K<\/strong>., (2015), \u00ab For better or for worse: the changing life of academic staff in French business schools \u00bb,&nbsp;<em>Journal of Management Development,<\/em>&nbsp;vol. 34, n\u00b0 5, pp. 536-552. (in collaboration with J. Lichy).<\/p><p><strong>PON K<\/strong>., (2015), \u00ab Do we know what they know? Comparing US and French undergraduate students\u2019 knowledge of core business concepts \u00bb,&nbsp;<em>Journal of Management Development,<\/em>&nbsp;vol. 34, n\u00b0 8, pp. 922-940, (in collaboration with M. K. Naatus, K. Passerini, M. Somers).<\/p><h4 class=\"wp-block-heading\"><strong>2014<\/strong><\/h4><p><strong>PON K.<\/strong>, (2014), \u00ab Engaging in digital technology: one size fits all? \u00bb,&nbsp;<em>Journal of Management Development<\/em>, vol. 3, n\u00b0 7, pp. 638-661, (in collaboration with J. Lichy and T. Khvatova).<\/p><h3 class=\"wp-block-heading\"><strong>ARTICLE IN JOURNALS WITH REVIEW COMMITTEE OR EMERGING JOURNALS<\/strong><\/h3><h4 class=\"wp-block-heading\"><strong>2014<\/strong><\/h4><p><strong>PON K.<\/strong>, (2014), \u00ab International Academic Franchises Identifying the benefits of international academic franchise provision \u00bb,&nbsp;<em>London Review of Education<\/em>, vol. 12, n\u00b0 1, pp. 104-112, (in collaboration with C. Ritchie).<\/p><h4 class=\"wp-block-heading\"><strong>2013<\/strong><\/h4><p><strong>PON K.<\/strong>, (2013), \u00ab The role of (foreign?) culture on consumer buying behaviour: what changes when living abroad \u00bb,&nbsp;<em>Transnational Marketing Journal<\/em>, vol. 1, n\u00b0 1, pp. 5-22, (in collaboration with J. Lichy).<\/p><div class=\"wp-block-separator js-fade-scroll\"><\/div><h3 class=\"wp-block-heading\"><strong>Book chapter<\/strong><\/h3><h4 class=\"wp-block-heading\"><strong>2015<\/strong><\/h4><p><strong>PON K.<\/strong>, DUNCAN A.-L., FAGBOHOUN S., GAO H. and MELIN C., (2015), \u00ab Les cha\u00eenes de valeur mondiales reconsid\u00e9r\u00e9es \u00bb, Chapitre 6,&nbsp;<em>in<\/em>&nbsp;: V. CHASSAGNON,&nbsp;<em>Vers un mod\u00e8le de gouvernement durable de l\u2019entreprise capitaliste : l\u2019unit\u00e9 dans la pluralit\u00e9 au service de la soci\u00e9t\u00e9<\/em>, pp. 83-94.<\/p><div class=\"wp-block-separator js-fade-scroll\"><\/div><h3 class=\"wp-block-heading\"><strong>Participation in conferences<\/strong><\/h3><h4 class=\"wp-block-heading\"><strong>2019<\/strong><\/h4><p><strong>PON K.<\/strong> and DUNCAN A.-L., (2019), \u00ab Networks and alliances \u2013 Business Schools\u2019 answer to Mergers and Acquisitions&nbsp;? \u00bb, Global business Research Symposium, St John\u2019s university, Tobien college of business, June 4-5, Valence, Spain.<\/p><h4 class=\"wp-block-heading\"><strong>2018<\/strong><\/h4><p><strong>PON K.<\/strong>, (2018), \u00ab Disruptions as opportunities for new thinking: applying the studio model to business education \u00bb, The Arts of Management Symposium, April 17-18, London, England, (in collaboration with C. Bandera, Somers M., K. Passerini and Naatus M.-K.).<\/p><h4 class=\"wp-block-heading\"><strong>2016<\/strong><\/h4><p><strong>PON K.<\/strong> and EMINET A., (2016), \u00ab A Mind Map Comparison of Knowledge Retention between French and United States University Entrepreneurship Education \u00bb, United States Association for Small Business and Entrepreneurship (USASBE) : Entrepreneurship Everywhere, January 2-8, San Diego CA, USA, (in collaboration with C. Bandera and K. Passerini).<\/p><h4 class=\"wp-block-heading\"><strong>2014<\/strong><\/h4><p><strong>PON K.<\/strong>, (2014), \u00ab Engaging in digital technology: one size fits all? \u00bb, Western Business &amp; Management (WBM) conference, April 17th, Lyon, France, (in collaboration with J. Lichy).<\/p><h4 class=\"wp-block-heading\"><strong>2013<\/strong><\/h4><p><strong>PON K.<\/strong>, (2013), \u00ab Academic Franchising, Towards a New Model \u00bb, WBM Conference (Western Business &amp; Management Association), June 5th, Rome, Italy.<br><strong>PON K.<\/strong>, (2013), \u00ab Issues and Opportunities in the Internationalization of Management Education A Comparison of American and French Ungergraduate Students\u2019 Knowledge of Core Business Concepts \u00bb, IMBA conference, November 6-7, Washington DC, USA, (in collaboration with M.-K. Natuus, K. Passerini, M. Somers).<\/p>","protected":false},"excerpt":{"rendered":"<p>CURRENT SITUATIONFaculty memberUNIVERSITY TITLES AND DIPLOMASPhD in management sciences,&nbsp;University of BedfordshireRESEARCH THEMESRESEARCH GROUPGroup 3: Economy and management of sustainable innovations COURSESBIOGRAPHYKevin Pon is Associate [&hellip;]<\/p>\n","protected":false},"author":64,"featured_media":5084,"parent":6166,"menu_order":0,"comment_status":"closed","ping_status":"closed","template":"","meta":{"_acf_changed":false,"footnotes":""},"class_list":["post-6261","page","type-page","status-publish","has-post-thumbnail","hentry"],"acf":[],"yoast_head":"<!-- This site is optimized with the Yoast SEO plugin v24.1 - https:\/\/yoast.com\/wordpress\/plugins\/seo\/ -->\n<title>Kevin Pon - ESDES Business School<\/title>\n<meta name=\"robots\" content=\"index, follow, max-snippet:-1, max-image-preview:large, max-video-preview:-1\" \/>\n<link rel=\"canonical\" href=\"https:\/\/www.esdes.fr\/en\/welcome\/research\/isbo\/the-team\/kevin-pon\/\" \/>\n<meta property=\"og:locale\" content=\"en_US\" \/>\n<meta property=\"og:type\" content=\"article\" \/>\n<meta property=\"og:title\" content=\"Kevin Pon - ESDES Business School\" \/>\n<meta property=\"og:description\" content=\"CURRENT SITUATIONFaculty memberUNIVERSITY TITLES AND DIPLOMASPhD in management sciences,&nbsp;University of BedfordshireRESEARCH THEMESRESEARCH GROUPGroup 3: Economy and management of sustainable innovations COURSESBIOGRAPHYKevin Pon is Associate [&hellip;]\" \/>\n<meta property=\"og:url\" content=\"https:\/\/www.esdes.fr\/en\/welcome\/research\/isbo\/the-team\/kevin-pon\/\" \/>\n<meta property=\"og:site_name\" content=\"ESDES Business School\" \/>\n<meta property=\"article:modified_time\" content=\"2023-10-17T08:25:14+00:00\" \/>\n<meta property=\"og:image\" content=\"https:\/\/www.esdes.fr\/wp-content\/uploads\/sites\/12\/2020\/07\/1920x575_enseignants_chercheurs.jpg\" \/>\n\t<meta property=\"og:image:width\" content=\"1920\" \/>\n\t<meta property=\"og:image:height\" content=\"575\" \/>\n\t<meta property=\"og:image:type\" content=\"image\/jpeg\" \/>\n<meta name=\"twitter:card\" content=\"summary_large_image\" \/>\n<meta name=\"twitter:label1\" content=\"Est. reading time\" \/>\n\t<meta name=\"twitter:data1\" content=\"4 minutes\" \/>\n<script type=\"application\/ld+json\" class=\"yoast-schema-graph\">{\"@context\":\"https:\/\/schema.org\",\"@graph\":[{\"@type\":\"WebPage\",\"@id\":\"https:\/\/www.esdes.fr\/en\/welcome\/research\/isbo\/the-team\/kevin-pon\/\",\"url\":\"https:\/\/www.esdes.fr\/en\/welcome\/research\/isbo\/the-team\/kevin-pon\/\",\"name\":\"Kevin Pon - ESDES Business School\",\"isPartOf\":{\"@id\":\"https:\/\/www.esdes.fr\/en\/#website\"},\"primaryImageOfPage\":{\"@id\":\"https:\/\/www.esdes.fr\/en\/welcome\/research\/isbo\/the-team\/kevin-pon\/#primaryimage\"},\"image\":{\"@id\":\"https:\/\/www.esdes.fr\/en\/welcome\/research\/isbo\/the-team\/kevin-pon\/#primaryimage\"},\"thumbnailUrl\":\"https:\/\/www.esdes.fr\/wp-content\/uploads\/sites\/12\/2020\/07\/1920x575_enseignants_chercheurs.jpg\",\"datePublished\":\"2020-07-21T15:16:00+00:00\",\"dateModified\":\"2023-10-17T08:25:14+00:00\",\"breadcrumb\":{\"@id\":\"https:\/\/www.esdes.fr\/en\/welcome\/research\/isbo\/the-team\/kevin-pon\/#breadcrumb\"},\"inLanguage\":\"en-US\",\"potentialAction\":[{\"@type\":\"ReadAction\",\"target\":[\"https:\/\/www.esdes.fr\/en\/welcome\/research\/isbo\/the-team\/kevin-pon\/\"]}]},{\"@type\":\"ImageObject\",\"inLanguage\":\"en-US\",\"@id\":\"https:\/\/www.esdes.fr\/en\/welcome\/research\/isbo\/the-team\/kevin-pon\/#primaryimage\",\"url\":\"https:\/\/www.esdes.fr\/wp-content\/uploads\/sites\/12\/2020\/07\/1920x575_enseignants_chercheurs.jpg\",\"contentUrl\":\"https:\/\/www.esdes.fr\/wp-content\/uploads\/sites\/12\/2020\/07\/1920x575_enseignants_chercheurs.jpg\",\"width\":1920,\"height\":575,\"caption\":\"header enseignants chercheurs\"},{\"@type\":\"BreadcrumbList\",\"@id\":\"https:\/\/www.esdes.fr\/en\/welcome\/research\/isbo\/the-team\/kevin-pon\/#breadcrumb\",\"itemListElement\":[{\"@type\":\"ListItem\",\"position\":1,\"name\":\"Accueil\",\"item\":\"https:\/\/www.esdes.fr\/en\/\"},{\"@type\":\"ListItem\",\"position\":2,\"name\":\"Welcome\",\"item\":\"https:\/\/www.esdes.fr\/en\/\"},{\"@type\":\"ListItem\",\"position\":3,\"name\":\"Faculty &#038; Research\",\"item\":\"https:\/\/www.esdes.fr\/en\/welcome\/research\/\"},{\"@type\":\"ListItem\",\"position\":4,\"name\":\"Research at Esdes\",\"item\":\"https:\/\/www.esdes.fr\/en\/welcome\/research\/isbo\/\"},{\"@type\":\"ListItem\",\"position\":5,\"name\":\"The Research Team\",\"item\":\"https:\/\/www.esdes.fr\/en\/welcome\/research\/isbo\/the-team\/\"},{\"@type\":\"ListItem\",\"position\":6,\"name\":\"Kevin Pon\"}]},{\"@type\":\"WebSite\",\"@id\":\"https:\/\/www.esdes.fr\/en\/#website\",\"url\":\"https:\/\/www.esdes.fr\/en\/\",\"name\":\"ESDES Business School\",\"description\":\"ESDES - Grande \u00c9cole de management et commerce\",\"publisher\":{\"@id\":\"https:\/\/www.esdes.fr\/en\/#organization\"},\"potentialAction\":[{\"@type\":\"SearchAction\",\"target\":{\"@type\":\"EntryPoint\",\"urlTemplate\":\"https:\/\/www.esdes.fr\/en\/?s={search_term_string}\"},\"query-input\":{\"@type\":\"PropertyValueSpecification\",\"valueRequired\":true,\"valueName\":\"search_term_string\"}}],\"inLanguage\":\"en-US\"},{\"@type\":\"Organization\",\"@id\":\"https:\/\/www.esdes.fr\/en\/#organization\",\"name\":\"ESDES Business School\",\"url\":\"https:\/\/www.esdes.fr\/en\/\",\"logo\":{\"@type\":\"ImageObject\",\"inLanguage\":\"en-US\",\"@id\":\"https:\/\/www.esdes.fr\/en\/#\/schema\/logo\/image\/\",\"url\":\"https:\/\/www.esdes.fr\/wp-content\/uploads\/sites\/12\/2020\/05\/logo-esdes-ucly_blanc-website-5.svg\",\"contentUrl\":\"https:\/\/www.esdes.fr\/wp-content\/uploads\/sites\/12\/2020\/05\/logo-esdes-ucly_blanc-website-5.svg\",\"caption\":\"ESDES Business School\"},\"image\":{\"@id\":\"https:\/\/www.esdes.fr\/en\/#\/schema\/logo\/image\/\"}}]}<\/script>\n<!-- \/ Yoast SEO plugin. -->","yoast_head_json":{"title":"Kevin Pon - ESDES Business School","robots":{"index":"index","follow":"follow","max-snippet":"max-snippet:-1","max-image-preview":"max-image-preview:large","max-video-preview":"max-video-preview:-1"},"canonical":"https:\/\/www.esdes.fr\/en\/welcome\/research\/isbo\/the-team\/kevin-pon\/","og_locale":"en_US","og_type":"article","og_title":"Kevin Pon - ESDES Business School","og_description":"CURRENT SITUATIONFaculty memberUNIVERSITY TITLES AND DIPLOMASPhD in management sciences,&nbsp;University of BedfordshireRESEARCH THEMESRESEARCH GROUPGroup 3: Economy and management of sustainable innovations COURSESBIOGRAPHYKevin Pon is Associate [&hellip;]","og_url":"https:\/\/www.esdes.fr\/en\/welcome\/research\/isbo\/the-team\/kevin-pon\/","og_site_name":"ESDES Business School","article_modified_time":"2023-10-17T08:25:14+00:00","og_image":[{"width":1920,"height":575,"url":"https:\/\/www.esdes.fr\/wp-content\/uploads\/sites\/12\/2020\/07\/1920x575_enseignants_chercheurs.jpg","type":"image\/jpeg"}],"twitter_card":"summary_large_image","twitter_misc":{"Est. reading time":"4 minutes"},"schema":{"@context":"https:\/\/schema.org","@graph":[{"@type":"WebPage","@id":"https:\/\/www.esdes.fr\/en\/welcome\/research\/isbo\/the-team\/kevin-pon\/","url":"https:\/\/www.esdes.fr\/en\/welcome\/research\/isbo\/the-team\/kevin-pon\/","name":"Kevin Pon - ESDES Business School","isPartOf":{"@id":"https:\/\/www.esdes.fr\/en\/#website"},"primaryImageOfPage":{"@id":"https:\/\/www.esdes.fr\/en\/welcome\/research\/isbo\/the-team\/kevin-pon\/#primaryimage"},"image":{"@id":"https:\/\/www.esdes.fr\/en\/welcome\/research\/isbo\/the-team\/kevin-pon\/#primaryimage"},"thumbnailUrl":"https:\/\/www.esdes.fr\/wp-content\/uploads\/sites\/12\/2020\/07\/1920x575_enseignants_chercheurs.jpg","datePublished":"2020-07-21T15:16:00+00:00","dateModified":"2023-10-17T08:25:14+00:00","breadcrumb":{"@id":"https:\/\/www.esdes.fr\/en\/welcome\/research\/isbo\/the-team\/kevin-pon\/#breadcrumb"},"inLanguage":"en-US","potentialAction":[{"@type":"ReadAction","target":["https:\/\/www.esdes.fr\/en\/welcome\/research\/isbo\/the-team\/kevin-pon\/"]}]},{"@type":"ImageObject","inLanguage":"en-US","@id":"https:\/\/www.esdes.fr\/en\/welcome\/research\/isbo\/the-team\/kevin-pon\/#primaryimage","url":"https:\/\/www.esdes.fr\/wp-content\/uploads\/sites\/12\/2020\/07\/1920x575_enseignants_chercheurs.jpg","contentUrl":"https:\/\/www.esdes.fr\/wp-content\/uploads\/sites\/12\/2020\/07\/1920x575_enseignants_chercheurs.jpg","width":1920,"height":575,"caption":"header enseignants chercheurs"},{"@type":"BreadcrumbList","@id":"https:\/\/www.esdes.fr\/en\/welcome\/research\/isbo\/the-team\/kevin-pon\/#breadcrumb","itemListElement":[{"@type":"ListItem","position":1,"name":"Accueil","item":"https:\/\/www.esdes.fr\/en\/"},{"@type":"ListItem","position":2,"name":"Welcome","item":"https:\/\/www.esdes.fr\/en\/"},{"@type":"ListItem","position":3,"name":"Faculty &#038; Research","item":"https:\/\/www.esdes.fr\/en\/welcome\/research\/"},{"@type":"ListItem","position":4,"name":"Research at Esdes","item":"https:\/\/www.esdes.fr\/en\/welcome\/research\/isbo\/"},{"@type":"ListItem","position":5,"name":"The Research Team","item":"https:\/\/www.esdes.fr\/en\/welcome\/research\/isbo\/the-team\/"},{"@type":"ListItem","position":6,"name":"Kevin Pon"}]},{"@type":"WebSite","@id":"https:\/\/www.esdes.fr\/en\/#website","url":"https:\/\/www.esdes.fr\/en\/","name":"ESDES Business School","description":"ESDES - Grande \u00c9cole de management et commerce","publisher":{"@id":"https:\/\/www.esdes.fr\/en\/#organization"},"potentialAction":[{"@type":"SearchAction","target":{"@type":"EntryPoint","urlTemplate":"https:\/\/www.esdes.fr\/en\/?s={search_term_string}"},"query-input":{"@type":"PropertyValueSpecification","valueRequired":true,"valueName":"search_term_string"}}],"inLanguage":"en-US"},{"@type":"Organization","@id":"https:\/\/www.esdes.fr\/en\/#organization","name":"ESDES Business School","url":"https:\/\/www.esdes.fr\/en\/","logo":{"@type":"ImageObject","inLanguage":"en-US","@id":"https:\/\/www.esdes.fr\/en\/#\/schema\/logo\/image\/","url":"https:\/\/www.esdes.fr\/wp-content\/uploads\/sites\/12\/2020\/05\/logo-esdes-ucly_blanc-website-5.svg","contentUrl":"https:\/\/www.esdes.fr\/wp-content\/uploads\/sites\/12\/2020\/05\/logo-esdes-ucly_blanc-website-5.svg","caption":"ESDES Business School"},"image":{"@id":"https:\/\/www.esdes.fr\/en\/#\/schema\/logo\/image\/"}}]}},"_links":{"self":[{"href":"https:\/\/www.esdes.fr\/en\/wp-json\/wp\/v2\/pages\/6261","targetHints":{"allow":["GET"]}}],"collection":[{"href":"https:\/\/www.esdes.fr\/en\/wp-json\/wp\/v2\/pages"}],"about":[{"href":"https:\/\/www.esdes.fr\/en\/wp-json\/wp\/v2\/types\/page"}],"author":[{"embeddable":true,"href":"https:\/\/www.esdes.fr\/en\/wp-json\/wp\/v2\/users\/64"}],"replies":[{"embeddable":true,"href":"https:\/\/www.esdes.fr\/en\/wp-json\/wp\/v2\/comments?post=6261"}],"version-history":[{"count":16,"href":"https:\/\/www.esdes.fr\/en\/wp-json\/wp\/v2\/pages\/6261\/revisions"}],"predecessor-version":[{"id":33752,"href":"https:\/\/www.esdes.fr\/en\/wp-json\/wp\/v2\/pages\/6261\/revisions\/33752"}],"up":[{"embeddable":true,"href":"https:\/\/www.esdes.fr\/en\/wp-json\/wp\/v2\/pages\/6166"}],"wp:featuredmedia":[{"embeddable":true,"href":"https:\/\/www.esdes.fr\/en\/wp-json\/wp\/v2\/media\/5084"}],"wp:attachment":[{"href":"https:\/\/www.esdes.fr\/en\/wp-json\/wp\/v2\/media?parent=6261"}],"curies":[{"name":"wp","href":"https:\/\/api.w.org\/{rel}","templated":true}]}}