{"id":6245,"date":"2020-07-21T16:25:46","date_gmt":"2020-07-21T14:25:46","guid":{"rendered":"https:\/\/www.esdes.fr\/?page_id=6245"},"modified":"2023-10-17T10:53:58","modified_gmt":"2023-10-17T08:53:58","slug":"huiyi-gao","status":"publish","type":"page","link":"https:\/\/www.esdes.fr\/en\/welcome\/research\/isbo\/the-team\/huiyi-gao\/","title":{"rendered":"Huiyi Gao"},"content":{"rendered":"<div class=\"wp-block-text-image\">\n  <div class=\"row align-bottom collapse\">\n    <div class=\"column small-12 medium-6 xlarge-5 xxlarge-expand wp-block-text-image-info js-fade-scroll\">\n      <p class=\"wp-block-text-image-title\">Huiyi Gao<\/p>\n      <div class=\"wp-block-text-image-intro\"><p>PhD in management sciences<\/p>\n<p>&nbsp;<\/p>\n<p><a href=\"mailto:hgao@univ-catholyon.fr\">Contact by email<\/a><\/p>\n<\/div>\n    <\/div>\n\n    <div class=\"column small-12 medium-6 xlarge-7 xxlarge-shrink wp-block-text-image-picture js-fade-scroll\">\n      <img loading=\"lazy\" decoding=\"async\" width=\"400\" height=\"400\" src=\"https:\/\/www.esdes.fr\/wp-content\/uploads\/sites\/12\/2020\/07\/gao-400x400-1.jpg\" class=\"attachment-text_image size-text_image\" alt=\"Portrait EC Huiyi GAO\" srcset=\"https:\/\/www.esdes.fr\/wp-content\/uploads\/sites\/12\/2020\/07\/gao-400x400-1.jpg 400w, https:\/\/www.esdes.fr\/wp-content\/uploads\/sites\/12\/2020\/07\/gao-400x400-1-150x150.jpg 150w, https:\/\/www.esdes.fr\/wp-content\/uploads\/sites\/12\/2020\/07\/gao-400x400-1-140x140.jpg 140w\" sizes=\"auto, (max-width: 400px) 100vw, 400px\" \/>    <\/div>\n  <\/div>\n<\/div><h2 class=\"wp-block-heading\"><strong>CURRENT SITUATION<\/strong><\/h2><p>Faculty member<\/p><h2 class=\"wp-block-heading\"><strong>UNIVERSITY TITLES AND DIPLOMAS<\/strong><\/h2><p>PhD in management sciences, Jean Moulin Lyon 3 University<\/p><h2 class=\"wp-block-heading\"><strong>RESEARCH THEMES<\/strong><\/h2><p>Strategic management of companies in Chinese and Franco-Chinese contexts<\/p><h2 class=\"wp-block-heading\"><strong>RESEARCH GROUP<\/strong><\/h2><p>Group 1: Social responsibility and ethical transformation of organizations <\/p><h2 class=\"wp-block-heading\">COURSES<\/h2><ul class=\"wp-block-list\"><li>New dynamics of FDI <\/li>\n\n<li>Leading and organizing in a global world <\/li>\n\n<li>Research methodology <\/li>\n\n<li>Choice of a mode of presence abroad <\/li>\n\n<li>Business games <\/li>\n\n<li>Global challenge <\/li>\n\n<li>Simpower<\/li><\/ul><h2 class=\"wp-block-heading\">BIOGRAPHY<\/h2><p>Huiyi GAO, holds a PhD in Management Sciences from the University of Lyon 3, and is a Faculty member at Esdes Business School. Her fields of research concern Strategic Management and International Management. She works more particularly on the strategic practices of French companies in China and on the development strategies of Chinese companies in Europe. The main objective of her work is to seek a connection between Western and Eastern strategic thinking in order to identify the characteristics of the new generation of Chinese business leaders on the world stage. She also works on the themes of the management of intercultural teams, by analyzing their internal and external organizational context, at the national and international level. She is also a specialist in the application of qualitative research methods, through the enhancement of semi-structured interviews and content analysis in culturally and linguistically mixed research fields. <\/p><h2 class=\"wp-block-heading\"><strong>PUBLICATIONS AND WORKS<\/strong><\/h2><h3 class=\"wp-block-heading\"><strong>Articles in referenced journals (CNRS, FNEGE)<\/strong><\/h3><h4 class=\"wp-block-heading\">2020<\/h4><p><strong>GAO H.&nbsp;<\/strong>et DAVID P., (2020), \u00ab Changement de paradigme des investissements directs chinois&nbsp;: la nouvelle Route de la Soie \u00bb,&nbsp;<em>Recherches en sciences de gestion<\/em>, n\u00b0 136, pp. 411-435.<\/p><h4 class=\"wp-block-heading\">2018<\/h4><p><strong>GAO H.&nbsp;<\/strong>and DAVID P., (2018), \u00ab Analyse VUCA de la dynamique des investissements directs chinois en Europe : risques et strat\u00e9gies \u00bb,&nbsp;<em>Revue Management et Sciences Sociales<\/em>, n\u00b0 24, pp.&nbsp;35-52.<\/p><h4 class=\"wp-block-heading\">2015<\/h4><p><strong>GAO H.<\/strong>, (2015), \u00ab Pratiques strat\u00e9giques des multinationales fran\u00e7aises en Chine : analyse des facteurs culturels \u00bb, Revue Management &amp; Avenir, 2015\/8, n\u00b0 82, pp. 37-55.<\/p><h3 class=\"wp-block-heading\">Article in journals with review committee or emerging journals<\/h3><h4 class=\"wp-block-heading\">2017<\/h4><p><strong>GAO H.<\/strong>, (2017), \u00ab La culture organisationnelle des multinationales fran\u00e7aises en Chine&nbsp;\u2013 Risque manag\u00e9rial de l\u2019hybridation \u00bb, March\u00e9 et Organisations.<\/p><h4 class=\"wp-block-heading\">2016<\/h4><p><strong>GAO H.<\/strong>, (2016), \u00ab &nbsp;La transformation de l\u2019\u00e9conomie chinoise et la nouvelle configuration des activit\u00e9s des FMN en Asie : risques et perspectives strat\u00e9giques \u00bb, Revue de Management et de Strat\u00e9gie.<\/p><h4 class=\"wp-block-heading\">2014<\/h4><p><strong>GAO H.<\/strong>, (2014), \u00ab &nbsp;Quelle GRH pour un \"exciting intellectual puzzle\"&nbsp;?, Enqu\u00eate au sein des \u00e9quipes franco-chinoises&nbsp;: Perception des managers \u00bb, Business Management Review.<\/p><div class=\"wp-block-separator js-fade-scroll\"><\/div><h3 class=\"wp-block-heading\"><strong>Book chapter<\/strong><\/h3><h4 class=\"wp-block-heading\">2016<\/h4><p><strong>GAO H.<\/strong>, (2016), \u00ab Internationalisation par la mobilisation de r\u00e9seaux et de partenariats : le cas des \"Born-Global\" fran\u00e7aises dans les march\u00e9s \u00e9mergents \u00bb, <em>in<\/em> : C. Martin and J. Marasova, Wolters Kluwer, (coord.),<em> Pour une Europe forte, r\u00e9nover les structures \u00e9conomiques, entrepreneuriales, politiques, territoriales \u00e9ducatives<\/em>, (in collaboration with Missoffe C.)<\/p><p><strong>GAO H.<\/strong>, (2016), DAVID P.,  \u00ab L\u2019attractivit\u00e9 du march\u00e9 europ\u00e9en pour les entreprises chinoises : Une premi\u00e8re analyse strat\u00e9gique \u00bb, <em>in<\/em> : C.Martin, L. Sulkowski and M. Chmielecki, (coord.), <em>The European challenges, Union globalized or localized ?<\/em>. <\/p><h4 class=\"wp-block-heading\">2015<\/h4><p><strong>GAO H<\/strong>, DUNCAN A.-L., FAGBOHOUN S.,&nbsp; MELIN C. and PON K., (2015), \u00ab Les cha\u00eenes de valeur mondiales reconsid\u00e9r\u00e9es \u00bb, Chapitre 6,<em> in<\/em> : V. CHASSAGNON, (dir.), <em>Vers un mod\u00e8le de gouvernement durable de l\u2019entreprise capitaliste : l\u2019unit\u00e9 dans la pluralit\u00e9 au service de la soci\u00e9t\u00e9<\/em>, pp. 83-94.<\/p><h4 class=\"wp-block-heading\">2014<\/h4><p><strong>GAO H.<\/strong>, (2014), \u00ab Strat\u00e9gie d\u2019expansion des entreprises chinoises en Europe \u2013 recherche de coh\u00e9sion compl\u00e9mentaire \u00bb, in : A. Chermeleu and C. Martin, (coord.), La coh\u00e9sion europ\u00e9enne en question, Editura Mirton, Timisoara, Roumanie.<\/p><div class=\"wp-block-separator js-fade-scroll\"><\/div><h3 class=\"wp-block-heading\">Participation in conferences<\/h3><h4 class=\"wp-block-heading\">2020<\/h4><p><strong>GAO H.<\/strong>, (2020), \u00ab Enjeux interculturels du management entre la France et la Chine \u00bb,&nbsp; \"L'Europe en interculturalit\u00e9\" - S\u00e9minaire 6 : Construire ensemble en interculturalit\u00e9 (politique, \u00e9conomie),&nbsp;UCLY Formations humaines, December 17,&nbsp;Lyon, France.<\/p><p><strong>GAO H.<\/strong> and  DAVID P., (2020), \u00ab Strat\u00e9gie holistique de la gestion des risques sur la nouvelle route de la soie: \u00e9mergence de la digital silk road\u00bb,&nbsp;17<sup>e<\/sup>&nbsp;colloque francophone sur le risque Oriane,&nbsp;IUT de Bayonne, Universit\u00e9 de Pau et des Pays de l\u2019Adour,&nbsp;September 24-25,&nbsp;Bayonne, France.<\/p><h4 class=\"wp-block-heading\">2019<\/h4><p><strong>GAO H.<\/strong> and DAVID P., (2019), \u00ab Gestion strat\u00e9gique des risques VUCA sur la Nouvelle route de la Soie \u2013\u00c9tude de cas China Communication Construction&nbsp;\u00bb,&nbsp;17<sup>e<\/sup>&nbsp;colloque francophone sur le risque Oriane,&nbsp;IUT de Bayonne, Universit\u00e9 de Pau et des Pays de l\u2019Adour, September 19-20,&nbsp;Bayonne, France.<\/p><h4 class=\"wp-block-heading\">2018<\/h4><p><strong>GAO H.<\/strong>, DAVID P., (2018), \u00ab &nbsp;Entre les risques et les opportunit\u00e9s les entreprises chinoises sur la nouvelle route de la soie \u00bb, 16<sup>e<\/sup>&nbsp;colloque francophone sur le risque Oriane, IUT Bayonne, Universit\u00e9 de Pau et des Pays de l\u2019Adour,  September 20-21, Bayonne, France.<\/p><h4 class=\"wp-block-heading\">2017<\/h4><p><strong>GAO H.<\/strong> et DAVID P., (2017), \u00ab Analyse VUCA du contexte institutionnel des investissements directs chinois : risques et r\u00e9ponses proactives \u00e0 \"la Ceinture et la Route\"&nbsp;\u00bb,&nbsp;15<sup>e<\/sup>&nbsp;colloque francophone sur le risque Oriane,&nbsp;IUT de Bayonne, Universit\u00e9 de Pau et des Pays de l\u2019Adour,&nbsp;September 21-22,&nbsp;Bayonne, France.<\/p><h4 class=\"wp-block-heading\">2016<\/h4><p><strong>GAO H.<\/strong>, (2016), \u00ab L\u2019attractivit\u00e9 du march\u00e9 europ\u00e9en pour les entreprises chinoises : une premi\u00e8re analyse strat\u00e9gique \u00bb, 22<sup>e<\/sup>&nbsp;conf\u00e9rence scientifique internationale du r\u00e9seau PGV, Universit\u00e9 des sciences sociales de Lodz,  September 15-16, Warsaw, Poland.<br><strong>GAO H.<\/strong>, (2016), \u00ab Risques de la croissance des investissements directs chinois en Europe : une analyse VUCA \u00bb, 14\u00e8me colloque francophone sur le risque ORIANE, IUT Bayonne, Universit\u00e9 de Pau et des Pays de l\u2019Adour,  September 22-23, Bayonne, France.<\/p><h4 class=\"wp-block-heading\">2015<\/h4><p><strong>GAO H.<\/strong>, (2015) \u00ab Internationalisation par la mobilisation de r\u00e9seaux et de partenariats : le cas des \u00ab Born-Global \u00bb fran\u00e7aises dans les march\u00e9s \u00e9mergents \u00bb, XXI<sup>e<\/sup>&nbsp;Conf\u00e9rence scientifique internationale du R\u00e9seau PGV, Bansk\u00e1 Bystrica, Bratislava, Slovakia, 10-11 september 2015 (in collaboration with C. Missoffe)<br><strong>GAO H.<\/strong> and DAVID P., (2015), \u00ab La culture organisationnelle des multinationales fran\u00e7aises en Chine \u2013 Risque manag\u00e9rial de l\u2019hybridation \u00bb, 13\u00e8me colloque francophone sur le risque, ORIANE, IUT de Bayonne, September 24-25, Bayonne, France.<br><strong>GAO H.<\/strong>, (2015), \u00ab La transformation de l\u2019\u00e9conomie chinoise et la nouvelle configuration des activit\u00e9s des FMN en Asie : risques et perspectives strat\u00e9giques \u00bb, 13\u00e8me colloque francophone sur le risque, ORIANE, IUT de Bayonne, September 24-25, Bayonne, France.<\/p><h4 class=\"wp-block-heading\">2014<\/h4><p><strong>GAO H.<\/strong>&nbsp;and DAVID P., (2014), \u00ab \"Le casse-t\u00eate chinois\": les risques du transfert m\u00e9canique des m\u00e9thodologies en sciences de gestion. Etude de cas \u00bb, 12\u00e8me colloque francophone sur le risque, ORIANE, IUT de Bayonne, September 25-26, Bayonne France.<br><strong>GAO H.<\/strong>, (2014), \u00ab Strat\u00e9gie d\u2019expansion des entreprises chinoises en Europe \u2013 recherche de coh\u00e9sion compl\u00e9mentaire \u00bb, Conf\u00e9rence Scientifique Internationale du R\u00e9seau PGV,  September 11-12, Timisoara, Romania.<\/p><h4 class=\"wp-block-heading\">2013<\/h4><p><strong>GAO H.<\/strong> and DAVID P., (2013), \u00ab Quelle GRH pour un exciting intellectual puzzle ? Enqu\u00eate au sein des \u00e9quipes franco-chinoises : la perception des managers \u00bb, 11\u00e8me colloque francophone sur le risque, IUT de Bayonne, September 26-27, Bayonne, France.<\/p>","protected":false},"excerpt":{"rendered":"<p>CURRENT SITUATIONFaculty memberUNIVERSITY TITLES AND DIPLOMASPhD in management sciences, Jean Moulin Lyon 3 UniversityRESEARCH THEMESStrategic management of companies in Chinese and Franco-Chinese contextsRESEARCH GROUPGroup [&hellip;]<\/p>\n","protected":false},"author":64,"featured_media":5084,"parent":6166,"menu_order":0,"comment_status":"closed","ping_status":"closed","template":"","meta":{"_acf_changed":false,"footnotes":""},"class_list":["post-6245","page","type-page","status-publish","has-post-thumbnail","hentry"],"acf":[],"yoast_head":"<!-- This site is optimized with the Yoast SEO plugin v24.1 - https:\/\/yoast.com\/wordpress\/plugins\/seo\/ -->\n<title>Huiyi Gao - ESDES Business School<\/title>\n<meta name=\"robots\" content=\"index, follow, max-snippet:-1, max-image-preview:large, max-video-preview:-1\" \/>\n<link rel=\"canonical\" href=\"https:\/\/www.esdes.fr\/en\/welcome\/research\/isbo\/the-team\/huiyi-gao\/\" \/>\n<meta property=\"og:locale\" content=\"en_US\" \/>\n<meta property=\"og:type\" content=\"article\" \/>\n<meta property=\"og:title\" content=\"Huiyi Gao - ESDES Business School\" \/>\n<meta property=\"og:description\" content=\"CURRENT SITUATIONFaculty memberUNIVERSITY TITLES AND DIPLOMASPhD in management sciences, Jean Moulin Lyon 3 UniversityRESEARCH THEMESStrategic management of companies in Chinese and Franco-Chinese contextsRESEARCH GROUPGroup [&hellip;]\" \/>\n<meta property=\"og:url\" content=\"https:\/\/www.esdes.fr\/en\/welcome\/research\/isbo\/the-team\/huiyi-gao\/\" \/>\n<meta property=\"og:site_name\" content=\"ESDES Business School\" \/>\n<meta property=\"article:modified_time\" content=\"2023-10-17T08:53:58+00:00\" \/>\n<meta property=\"og:image\" content=\"https:\/\/www.esdes.fr\/wp-content\/uploads\/sites\/12\/2020\/07\/1920x575_enseignants_chercheurs.jpg\" \/>\n\t<meta property=\"og:image:width\" content=\"1920\" \/>\n\t<meta property=\"og:image:height\" content=\"575\" \/>\n\t<meta property=\"og:image:type\" content=\"image\/jpeg\" \/>\n<meta name=\"twitter:card\" content=\"summary_large_image\" \/>\n<meta name=\"twitter:label1\" content=\"Est. reading time\" \/>\n\t<meta name=\"twitter:data1\" content=\"6 minutes\" \/>\n<script type=\"application\/ld+json\" class=\"yoast-schema-graph\">{\"@context\":\"https:\/\/schema.org\",\"@graph\":[{\"@type\":\"WebPage\",\"@id\":\"https:\/\/www.esdes.fr\/en\/welcome\/research\/isbo\/the-team\/huiyi-gao\/\",\"url\":\"https:\/\/www.esdes.fr\/en\/welcome\/research\/isbo\/the-team\/huiyi-gao\/\",\"name\":\"Huiyi Gao - ESDES Business School\",\"isPartOf\":{\"@id\":\"https:\/\/www.esdes.fr\/en\/#website\"},\"primaryImageOfPage\":{\"@id\":\"https:\/\/www.esdes.fr\/en\/welcome\/research\/isbo\/the-team\/huiyi-gao\/#primaryimage\"},\"image\":{\"@id\":\"https:\/\/www.esdes.fr\/en\/welcome\/research\/isbo\/the-team\/huiyi-gao\/#primaryimage\"},\"thumbnailUrl\":\"https:\/\/www.esdes.fr\/wp-content\/uploads\/sites\/12\/2020\/07\/1920x575_enseignants_chercheurs.jpg\",\"datePublished\":\"2020-07-21T14:25:46+00:00\",\"dateModified\":\"2023-10-17T08:53:58+00:00\",\"breadcrumb\":{\"@id\":\"https:\/\/www.esdes.fr\/en\/welcome\/research\/isbo\/the-team\/huiyi-gao\/#breadcrumb\"},\"inLanguage\":\"en-US\",\"potentialAction\":[{\"@type\":\"ReadAction\",\"target\":[\"https:\/\/www.esdes.fr\/en\/welcome\/research\/isbo\/the-team\/huiyi-gao\/\"]}]},{\"@type\":\"ImageObject\",\"inLanguage\":\"en-US\",\"@id\":\"https:\/\/www.esdes.fr\/en\/welcome\/research\/isbo\/the-team\/huiyi-gao\/#primaryimage\",\"url\":\"https:\/\/www.esdes.fr\/wp-content\/uploads\/sites\/12\/2020\/07\/1920x575_enseignants_chercheurs.jpg\",\"contentUrl\":\"https:\/\/www.esdes.fr\/wp-content\/uploads\/sites\/12\/2020\/07\/1920x575_enseignants_chercheurs.jpg\",\"width\":1920,\"height\":575,\"caption\":\"header enseignants chercheurs\"},{\"@type\":\"BreadcrumbList\",\"@id\":\"https:\/\/www.esdes.fr\/en\/welcome\/research\/isbo\/the-team\/huiyi-gao\/#breadcrumb\",\"itemListElement\":[{\"@type\":\"ListItem\",\"position\":1,\"name\":\"Accueil\",\"item\":\"https:\/\/www.esdes.fr\/en\/\"},{\"@type\":\"ListItem\",\"position\":2,\"name\":\"Welcome\",\"item\":\"https:\/\/www.esdes.fr\/en\/\"},{\"@type\":\"ListItem\",\"position\":3,\"name\":\"Faculty &#038; Research\",\"item\":\"https:\/\/www.esdes.fr\/en\/welcome\/research\/\"},{\"@type\":\"ListItem\",\"position\":4,\"name\":\"Research at Esdes\",\"item\":\"https:\/\/www.esdes.fr\/en\/welcome\/research\/isbo\/\"},{\"@type\":\"ListItem\",\"position\":5,\"name\":\"The Research Team\",\"item\":\"https:\/\/www.esdes.fr\/en\/welcome\/research\/isbo\/the-team\/\"},{\"@type\":\"ListItem\",\"position\":6,\"name\":\"Huiyi Gao\"}]},{\"@type\":\"WebSite\",\"@id\":\"https:\/\/www.esdes.fr\/en\/#website\",\"url\":\"https:\/\/www.esdes.fr\/en\/\",\"name\":\"ESDES Business School\",\"description\":\"ESDES - Grande \u00c9cole de management et commerce\",\"publisher\":{\"@id\":\"https:\/\/www.esdes.fr\/en\/#organization\"},\"potentialAction\":[{\"@type\":\"SearchAction\",\"target\":{\"@type\":\"EntryPoint\",\"urlTemplate\":\"https:\/\/www.esdes.fr\/en\/?s={search_term_string}\"},\"query-input\":{\"@type\":\"PropertyValueSpecification\",\"valueRequired\":true,\"valueName\":\"search_term_string\"}}],\"inLanguage\":\"en-US\"},{\"@type\":\"Organization\",\"@id\":\"https:\/\/www.esdes.fr\/en\/#organization\",\"name\":\"ESDES Business School\",\"url\":\"https:\/\/www.esdes.fr\/en\/\",\"logo\":{\"@type\":\"ImageObject\",\"inLanguage\":\"en-US\",\"@id\":\"https:\/\/www.esdes.fr\/en\/#\/schema\/logo\/image\/\",\"url\":\"https:\/\/www.esdes.fr\/wp-content\/uploads\/sites\/12\/2020\/05\/logo-esdes-ucly_blanc-website-5.svg\",\"contentUrl\":\"https:\/\/www.esdes.fr\/wp-content\/uploads\/sites\/12\/2020\/05\/logo-esdes-ucly_blanc-website-5.svg\",\"caption\":\"ESDES Business School\"},\"image\":{\"@id\":\"https:\/\/www.esdes.fr\/en\/#\/schema\/logo\/image\/\"}}]}<\/script>\n<!-- \/ Yoast SEO plugin. -->","yoast_head_json":{"title":"Huiyi Gao - ESDES Business School","robots":{"index":"index","follow":"follow","max-snippet":"max-snippet:-1","max-image-preview":"max-image-preview:large","max-video-preview":"max-video-preview:-1"},"canonical":"https:\/\/www.esdes.fr\/en\/welcome\/research\/isbo\/the-team\/huiyi-gao\/","og_locale":"en_US","og_type":"article","og_title":"Huiyi Gao - ESDES Business School","og_description":"CURRENT SITUATIONFaculty memberUNIVERSITY TITLES AND DIPLOMASPhD in management sciences, Jean Moulin Lyon 3 UniversityRESEARCH THEMESStrategic management of companies in Chinese and Franco-Chinese contextsRESEARCH GROUPGroup [&hellip;]","og_url":"https:\/\/www.esdes.fr\/en\/welcome\/research\/isbo\/the-team\/huiyi-gao\/","og_site_name":"ESDES Business School","article_modified_time":"2023-10-17T08:53:58+00:00","og_image":[{"width":1920,"height":575,"url":"https:\/\/www.esdes.fr\/wp-content\/uploads\/sites\/12\/2020\/07\/1920x575_enseignants_chercheurs.jpg","type":"image\/jpeg"}],"twitter_card":"summary_large_image","twitter_misc":{"Est. reading time":"6 minutes"},"schema":{"@context":"https:\/\/schema.org","@graph":[{"@type":"WebPage","@id":"https:\/\/www.esdes.fr\/en\/welcome\/research\/isbo\/the-team\/huiyi-gao\/","url":"https:\/\/www.esdes.fr\/en\/welcome\/research\/isbo\/the-team\/huiyi-gao\/","name":"Huiyi Gao - ESDES Business School","isPartOf":{"@id":"https:\/\/www.esdes.fr\/en\/#website"},"primaryImageOfPage":{"@id":"https:\/\/www.esdes.fr\/en\/welcome\/research\/isbo\/the-team\/huiyi-gao\/#primaryimage"},"image":{"@id":"https:\/\/www.esdes.fr\/en\/welcome\/research\/isbo\/the-team\/huiyi-gao\/#primaryimage"},"thumbnailUrl":"https:\/\/www.esdes.fr\/wp-content\/uploads\/sites\/12\/2020\/07\/1920x575_enseignants_chercheurs.jpg","datePublished":"2020-07-21T14:25:46+00:00","dateModified":"2023-10-17T08:53:58+00:00","breadcrumb":{"@id":"https:\/\/www.esdes.fr\/en\/welcome\/research\/isbo\/the-team\/huiyi-gao\/#breadcrumb"},"inLanguage":"en-US","potentialAction":[{"@type":"ReadAction","target":["https:\/\/www.esdes.fr\/en\/welcome\/research\/isbo\/the-team\/huiyi-gao\/"]}]},{"@type":"ImageObject","inLanguage":"en-US","@id":"https:\/\/www.esdes.fr\/en\/welcome\/research\/isbo\/the-team\/huiyi-gao\/#primaryimage","url":"https:\/\/www.esdes.fr\/wp-content\/uploads\/sites\/12\/2020\/07\/1920x575_enseignants_chercheurs.jpg","contentUrl":"https:\/\/www.esdes.fr\/wp-content\/uploads\/sites\/12\/2020\/07\/1920x575_enseignants_chercheurs.jpg","width":1920,"height":575,"caption":"header enseignants chercheurs"},{"@type":"BreadcrumbList","@id":"https:\/\/www.esdes.fr\/en\/welcome\/research\/isbo\/the-team\/huiyi-gao\/#breadcrumb","itemListElement":[{"@type":"ListItem","position":1,"name":"Accueil","item":"https:\/\/www.esdes.fr\/en\/"},{"@type":"ListItem","position":2,"name":"Welcome","item":"https:\/\/www.esdes.fr\/en\/"},{"@type":"ListItem","position":3,"name":"Faculty &#038; Research","item":"https:\/\/www.esdes.fr\/en\/welcome\/research\/"},{"@type":"ListItem","position":4,"name":"Research at Esdes","item":"https:\/\/www.esdes.fr\/en\/welcome\/research\/isbo\/"},{"@type":"ListItem","position":5,"name":"The Research Team","item":"https:\/\/www.esdes.fr\/en\/welcome\/research\/isbo\/the-team\/"},{"@type":"ListItem","position":6,"name":"Huiyi Gao"}]},{"@type":"WebSite","@id":"https:\/\/www.esdes.fr\/en\/#website","url":"https:\/\/www.esdes.fr\/en\/","name":"ESDES Business School","description":"ESDES - Grande \u00c9cole de management et commerce","publisher":{"@id":"https:\/\/www.esdes.fr\/en\/#organization"},"potentialAction":[{"@type":"SearchAction","target":{"@type":"EntryPoint","urlTemplate":"https:\/\/www.esdes.fr\/en\/?s={search_term_string}"},"query-input":{"@type":"PropertyValueSpecification","valueRequired":true,"valueName":"search_term_string"}}],"inLanguage":"en-US"},{"@type":"Organization","@id":"https:\/\/www.esdes.fr\/en\/#organization","name":"ESDES Business School","url":"https:\/\/www.esdes.fr\/en\/","logo":{"@type":"ImageObject","inLanguage":"en-US","@id":"https:\/\/www.esdes.fr\/en\/#\/schema\/logo\/image\/","url":"https:\/\/www.esdes.fr\/wp-content\/uploads\/sites\/12\/2020\/05\/logo-esdes-ucly_blanc-website-5.svg","contentUrl":"https:\/\/www.esdes.fr\/wp-content\/uploads\/sites\/12\/2020\/05\/logo-esdes-ucly_blanc-website-5.svg","caption":"ESDES Business School"},"image":{"@id":"https:\/\/www.esdes.fr\/en\/#\/schema\/logo\/image\/"}}]}},"_links":{"self":[{"href":"https:\/\/www.esdes.fr\/en\/wp-json\/wp\/v2\/pages\/6245","targetHints":{"allow":["GET"]}}],"collection":[{"href":"https:\/\/www.esdes.fr\/en\/wp-json\/wp\/v2\/pages"}],"about":[{"href":"https:\/\/www.esdes.fr\/en\/wp-json\/wp\/v2\/types\/page"}],"author":[{"embeddable":true,"href":"https:\/\/www.esdes.fr\/en\/wp-json\/wp\/v2\/users\/64"}],"replies":[{"embeddable":true,"href":"https:\/\/www.esdes.fr\/en\/wp-json\/wp\/v2\/comments?post=6245"}],"version-history":[{"count":19,"href":"https:\/\/www.esdes.fr\/en\/wp-json\/wp\/v2\/pages\/6245\/revisions"}],"predecessor-version":[{"id":33756,"href":"https:\/\/www.esdes.fr\/en\/wp-json\/wp\/v2\/pages\/6245\/revisions\/33756"}],"up":[{"embeddable":true,"href":"https:\/\/www.esdes.fr\/en\/wp-json\/wp\/v2\/pages\/6166"}],"wp:featuredmedia":[{"embeddable":true,"href":"https:\/\/www.esdes.fr\/en\/wp-json\/wp\/v2\/media\/5084"}],"wp:attachment":[{"href":"https:\/\/www.esdes.fr\/en\/wp-json\/wp\/v2\/media?parent=6245"}],"curies":[{"name":"wp","href":"https:\/\/api.w.org\/{rel}","templated":true}]}}