{"id":6228,"date":"2020-07-21T17:05:17","date_gmt":"2020-07-21T15:05:17","guid":{"rendered":"https:\/\/www.esdes.fr\/?page_id=6228"},"modified":"2023-10-17T10:18:48","modified_gmt":"2023-10-17T08:18:48","slug":"christopher-melin","status":"publish","type":"page","link":"https:\/\/www.esdes.fr\/en\/welcome\/research\/isbo\/the-team\/christopher-melin\/","title":{"rendered":"Christopher Melin"},"content":{"rendered":"<div class=\"wp-block-text-image\">\n  <div class=\"row align-bottom collapse\">\n    <div class=\"column small-12 medium-6 xlarge-5 xxlarge-expand wp-block-text-image-info js-fade-scroll\">\n      <p class=\"wp-block-text-image-title\">Christopher Melin<\/p>\n      <div class=\"wp-block-text-image-intro\"><p>PhD in management sciences<\/p>\n<p>&nbsp;<\/p>\n<p><a href=\"mailto:cmelin@univ-catholyon.fr\">Contact by email<\/a><\/p>\n<\/div>\n    <\/div>\n\n    <div class=\"column small-12 medium-6 xlarge-7 xxlarge-shrink wp-block-text-image-picture js-fade-scroll\">\n      <img loading=\"lazy\" decoding=\"async\" width=\"400\" height=\"400\" src=\"https:\/\/www.esdes.fr\/wp-content\/uploads\/sites\/12\/2020\/07\/melin-400x400-2.jpg\" class=\"attachment-text_image size-text_image\" alt=\"Portrait EC Christopher MELIN\" srcset=\"https:\/\/www.esdes.fr\/wp-content\/uploads\/sites\/12\/2020\/07\/melin-400x400-2.jpg 400w, https:\/\/www.esdes.fr\/wp-content\/uploads\/sites\/12\/2020\/07\/melin-400x400-2-150x150.jpg 150w, https:\/\/www.esdes.fr\/wp-content\/uploads\/sites\/12\/2020\/07\/melin-400x400-2-140x140.jpg 140w\" sizes=\"auto, (max-width: 400px) 100vw, 400px\" \/>    <\/div>\n  <\/div>\n<\/div><h2 class=\"wp-block-heading\"><strong>CURRENT SITUATION<\/strong><\/h2><p>Faculty member<\/p><h2 class=\"wp-block-heading\"><strong>UNIVERSITY TITLES AND DIPLOMAS<\/strong><\/h2><p>PhD in Management Sciences, Jean Moulin Lyon 3 University<\/p><h2 class=\"wp-block-heading\"><strong>RESEARCH THEMES<\/strong><\/h2><ul class=\"wp-block-list\"><li>International Business <\/li>\n\n<li>Action Research<\/li><\/ul><h2 class=\"wp-block-heading\"><strong>RESEARCH GROUP<\/strong><\/h2><p>Group 1:  Social responsibility and ethical transformation of organizations<\/p><h2 class=\"wp-block-heading\">COURSES<\/h2><ul class=\"wp-block-list\"><li>Organizational Behavior<\/li>\n\n<li>International business strategy<\/li>\n\n<li>Social responsible leader<\/li>\n\n<li>Change management<\/li>\n\n<li>SME consulting<\/li><\/ul><h2 class=\"wp-block-heading\">BIOGRAPHY<\/h2><p>Christopher MELIN is a faculty member in Management and Strategy at Esdes. During his thesis, he worked within Renault-Trucks -Volvo group as project manager in change management. He obtained his PhD at IAE Lyon and won the thesis prize in Economics and Management from Jean Moulin Lyon 3 University in 2014. His research themes are focused on the management and structures of Multinational Firms . <\/p><h2 class=\"wp-block-heading\"><strong>PUBLICATIONS AND WORKS<\/strong><\/h2><h3 class=\"wp-block-heading\"><strong><br>Articles in referenced journals (CNRS, FNEGE)<\/strong><\/h3><h4 class=\"wp-block-heading\">To be published <\/h4><p><strong>MELIN C.<\/strong>, \u00ab La recherche-action coop\u00e9rative, une d\u00e9marche adapt\u00e9e pour la r\u00e9solution d'un probl\u00e8me complexe en management international.\u00bb,&nbsp;<em>Management International <\/em>.<\/p><h4 class=\"wp-block-heading\">2017<\/h4><p><strong>MELIN C.<\/strong>, (2017), \u00ab Les principaux d\u00e9fis de l\u2019expatriation au f\u00e9minin \u00bb,&nbsp;<em>Revue Management &amp; Avenir<\/em>, n\u00b0 95, pp. 57-75.<\/p><h4 class=\"wp-block-heading\">2016<\/h4><p><strong>MELIN C.<\/strong>, (2016), \u00ab Les relations interorganisationnelles d\u00e9s\u00e9quilibr\u00e9es au sein de l\u2019usine mondiale - Le cas Renault Trucks \u00bb,&nbsp;<em>Revue Fran\u00e7aise de Gestion<\/em>, n\u00b0 256, pp. 87-102, (in collaboration with H. Mayrhofer)<\/p><h4 class=\"wp-block-heading\">2014<\/h4><p><strong>MELIN C.<\/strong>, (2014), \u00ab La coordination des relations intra- et inter- organisationnelles au sein de l\u2019usine mondiale : le cas Renault Trucks (groupe Volvo) \u00bb,&nbsp;<em>Management international<\/em>, vol. 18, special issue, pp. 142-164.<\/p><div class=\"wp-block-separator js-fade-scroll\"><\/div><h3 class=\"wp-block-heading\"><strong>Book chapter<\/strong><\/h3><h4 class=\"wp-block-heading\">2014<\/h4><p>DUNCAN A.-L., FAGBOHOUN S., GAO H.,&nbsp;<strong>MELIN C.<\/strong>&nbsp;and PON K., (2015), \u00ab Les cha\u00eenes de valeur mondiales reconsid\u00e9r\u00e9es \u00bb, Chapitre 6, in : V. CHASSAGNON, Vers un mod\u00e8le de gouvernement durable de l\u2019entreprise capitaliste : l\u2019unit\u00e9 dans la pluralit\u00e9 au service de la soci\u00e9t\u00e9, pp. 83-94.<\/p><div class=\"wp-block-separator js-fade-scroll\"><\/div><h3 class=\"wp-block-heading\"><strong>Participation in conferences<\/strong><\/h3><h4 class=\"wp-block-heading\">2020<\/h4><p><strong>MELIN C.<\/strong>, (2020), \u00ab Consid\u00e9rer le praticien comme un co-chercheur : le cas d\u2019une analyse de contenu conjointe entre chercheur et acteurs de l\u2019entreprise \u00bb, 1st research day on \"La co-cr\u00e9ation de savoirs entre chercheurs et praticiens\", ESC Clermont BS, 8 October, Clermont-Ferrand, France.<\/p><h4 class=\"wp-block-heading\">2018<\/h4><p><strong>MELIN C.<\/strong>, (2018), \u00ab La recherche-Action coop\u00e9rative, une m\u00e9thodologie adapt\u00e9e dans le champ du management international \u00bb, ATLAS-AFMI, ESCP Europe, FNEGE, Universit\u00e9 de Versailles, 21-24 May, Paris, France.<\/p><h4 class=\"wp-block-heading\">2017<\/h4><p><strong>MELIN C.<\/strong>, (2017), \u00ab L'observation participante au sein des recherches-action coop\u00e9ratives \u00bb, atelier m\u00e9thodologique de l'AIMS, 23-24 November, Nantes, France.<\/p><h4 class=\"wp-block-heading\">2016<\/h4><p><strong>MELIN C.<\/strong>, (2016), \u00ab Les enjeux de l\u2019expatriation au f\u00e9minin \u00bb, 6\u00e8me conf\u00e9rence annuelle Atlas-AFMI, IAE de Nice et EDHEC Business School, Sophia-Antipolis, 6-8 June, Nice, France (in collaboration with M. Attia).<\/p><h4 class=\"wp-block-heading\">2015<\/h4><p><strong>MELIN C.<\/strong>, (2015), \u00ab Le design organisationnel de l\u2019usine mondiale \u00bb, Colloque ATLAS-AFMI, CFVG de Hano\u00ef, 12-14 May 2015, Hanoi, Viet Nam.<br><strong>MELIN C.<\/strong>, (2015), \u00ab Network firm Approach on the Global Factory \u00bb, European International Business Academy (EIBA), Pontifical Catholic University, 1-4 December, Rio de Janeiro, Brazil.&nbsp;<\/p><div class=\"wp-block-separator js-fade-scroll\"><\/div><h3 class=\"wp-block-heading\"><strong>Case study<\/strong><\/h3><h4 class=\"wp-block-heading\">2020<\/h4><p><strong>MELIN C.<\/strong>, (2020), \u00ab SANOFI, acteur de l'innovation sociale ?\u00bb, r\u00e9f\u00e9rence CCMP :&nbsp;R0010, (in collaboration with E. AVETISYAN&nbsp; and L. ARZUMANYAN.&nbsp;<\/p>","protected":false},"excerpt":{"rendered":"<p>CURRENT SITUATIONFaculty memberUNIVERSITY TITLES AND DIPLOMASPhD in Management Sciences, Jean Moulin Lyon 3 UniversityRESEARCH THEMESRESEARCH GROUPGroup 1: Social responsibility and ethical transformation of organizationsCOURSESBIOGRAPHYChristopher [&hellip;]<\/p>\n","protected":false},"author":64,"featured_media":5084,"parent":6166,"menu_order":0,"comment_status":"closed","ping_status":"closed","template":"","meta":{"_acf_changed":false,"footnotes":""},"class_list":["post-6228","page","type-page","status-publish","has-post-thumbnail","hentry"],"acf":[],"yoast_head":"<!-- This site is optimized with the Yoast SEO plugin v24.1 - https:\/\/yoast.com\/wordpress\/plugins\/seo\/ -->\n<title>Christopher Melin - ESDES Business School<\/title>\n<meta name=\"robots\" content=\"index, follow, max-snippet:-1, max-image-preview:large, max-video-preview:-1\" \/>\n<link rel=\"canonical\" href=\"https:\/\/www.esdes.fr\/en\/welcome\/research\/isbo\/the-team\/christopher-melin\/\" \/>\n<meta property=\"og:locale\" content=\"en_US\" \/>\n<meta property=\"og:type\" content=\"article\" \/>\n<meta property=\"og:title\" content=\"Christopher Melin - ESDES Business School\" \/>\n<meta property=\"og:description\" content=\"CURRENT SITUATIONFaculty memberUNIVERSITY TITLES AND DIPLOMASPhD in Management Sciences, Jean Moulin Lyon 3 UniversityRESEARCH THEMESRESEARCH GROUPGroup 1: Social responsibility and ethical transformation of organizationsCOURSESBIOGRAPHYChristopher [&hellip;]\" \/>\n<meta property=\"og:url\" content=\"https:\/\/www.esdes.fr\/en\/welcome\/research\/isbo\/the-team\/christopher-melin\/\" \/>\n<meta property=\"og:site_name\" content=\"ESDES Business School\" \/>\n<meta property=\"article:modified_time\" content=\"2023-10-17T08:18:48+00:00\" \/>\n<meta property=\"og:image\" content=\"https:\/\/www.esdes.fr\/wp-content\/uploads\/sites\/12\/2020\/07\/1920x575_enseignants_chercheurs.jpg\" \/>\n\t<meta property=\"og:image:width\" content=\"1920\" \/>\n\t<meta property=\"og:image:height\" content=\"575\" \/>\n\t<meta property=\"og:image:type\" content=\"image\/jpeg\" \/>\n<meta name=\"twitter:card\" content=\"summary_large_image\" \/>\n<meta name=\"twitter:label1\" content=\"Est. reading time\" \/>\n\t<meta name=\"twitter:data1\" content=\"3 minutes\" \/>\n<script type=\"application\/ld+json\" class=\"yoast-schema-graph\">{\"@context\":\"https:\/\/schema.org\",\"@graph\":[{\"@type\":\"WebPage\",\"@id\":\"https:\/\/www.esdes.fr\/en\/welcome\/research\/isbo\/the-team\/christopher-melin\/\",\"url\":\"https:\/\/www.esdes.fr\/en\/welcome\/research\/isbo\/the-team\/christopher-melin\/\",\"name\":\"Christopher Melin - ESDES Business School\",\"isPartOf\":{\"@id\":\"https:\/\/www.esdes.fr\/en\/#website\"},\"primaryImageOfPage\":{\"@id\":\"https:\/\/www.esdes.fr\/en\/welcome\/research\/isbo\/the-team\/christopher-melin\/#primaryimage\"},\"image\":{\"@id\":\"https:\/\/www.esdes.fr\/en\/welcome\/research\/isbo\/the-team\/christopher-melin\/#primaryimage\"},\"thumbnailUrl\":\"https:\/\/www.esdes.fr\/wp-content\/uploads\/sites\/12\/2020\/07\/1920x575_enseignants_chercheurs.jpg\",\"datePublished\":\"2020-07-21T15:05:17+00:00\",\"dateModified\":\"2023-10-17T08:18:48+00:00\",\"breadcrumb\":{\"@id\":\"https:\/\/www.esdes.fr\/en\/welcome\/research\/isbo\/the-team\/christopher-melin\/#breadcrumb\"},\"inLanguage\":\"en-US\",\"potentialAction\":[{\"@type\":\"ReadAction\",\"target\":[\"https:\/\/www.esdes.fr\/en\/welcome\/research\/isbo\/the-team\/christopher-melin\/\"]}]},{\"@type\":\"ImageObject\",\"inLanguage\":\"en-US\",\"@id\":\"https:\/\/www.esdes.fr\/en\/welcome\/research\/isbo\/the-team\/christopher-melin\/#primaryimage\",\"url\":\"https:\/\/www.esdes.fr\/wp-content\/uploads\/sites\/12\/2020\/07\/1920x575_enseignants_chercheurs.jpg\",\"contentUrl\":\"https:\/\/www.esdes.fr\/wp-content\/uploads\/sites\/12\/2020\/07\/1920x575_enseignants_chercheurs.jpg\",\"width\":1920,\"height\":575,\"caption\":\"header enseignants chercheurs\"},{\"@type\":\"BreadcrumbList\",\"@id\":\"https:\/\/www.esdes.fr\/en\/welcome\/research\/isbo\/the-team\/christopher-melin\/#breadcrumb\",\"itemListElement\":[{\"@type\":\"ListItem\",\"position\":1,\"name\":\"Accueil\",\"item\":\"https:\/\/www.esdes.fr\/en\/\"},{\"@type\":\"ListItem\",\"position\":2,\"name\":\"Welcome\",\"item\":\"https:\/\/www.esdes.fr\/en\/\"},{\"@type\":\"ListItem\",\"position\":3,\"name\":\"Faculty &#038; Research\",\"item\":\"https:\/\/www.esdes.fr\/en\/welcome\/research\/\"},{\"@type\":\"ListItem\",\"position\":4,\"name\":\"Research at Esdes\",\"item\":\"https:\/\/www.esdes.fr\/en\/welcome\/research\/isbo\/\"},{\"@type\":\"ListItem\",\"position\":5,\"name\":\"The Research Team\",\"item\":\"https:\/\/www.esdes.fr\/en\/welcome\/research\/isbo\/the-team\/\"},{\"@type\":\"ListItem\",\"position\":6,\"name\":\"Christopher Melin\"}]},{\"@type\":\"WebSite\",\"@id\":\"https:\/\/www.esdes.fr\/en\/#website\",\"url\":\"https:\/\/www.esdes.fr\/en\/\",\"name\":\"ESDES Business School\",\"description\":\"ESDES - Grande \u00c9cole de management et commerce\",\"publisher\":{\"@id\":\"https:\/\/www.esdes.fr\/en\/#organization\"},\"potentialAction\":[{\"@type\":\"SearchAction\",\"target\":{\"@type\":\"EntryPoint\",\"urlTemplate\":\"https:\/\/www.esdes.fr\/en\/?s={search_term_string}\"},\"query-input\":{\"@type\":\"PropertyValueSpecification\",\"valueRequired\":true,\"valueName\":\"search_term_string\"}}],\"inLanguage\":\"en-US\"},{\"@type\":\"Organization\",\"@id\":\"https:\/\/www.esdes.fr\/en\/#organization\",\"name\":\"ESDES Business School\",\"url\":\"https:\/\/www.esdes.fr\/en\/\",\"logo\":{\"@type\":\"ImageObject\",\"inLanguage\":\"en-US\",\"@id\":\"https:\/\/www.esdes.fr\/en\/#\/schema\/logo\/image\/\",\"url\":\"https:\/\/www.esdes.fr\/wp-content\/uploads\/sites\/12\/2020\/05\/logo-esdes-ucly_blanc-website-5.svg\",\"contentUrl\":\"https:\/\/www.esdes.fr\/wp-content\/uploads\/sites\/12\/2020\/05\/logo-esdes-ucly_blanc-website-5.svg\",\"caption\":\"ESDES Business School\"},\"image\":{\"@id\":\"https:\/\/www.esdes.fr\/en\/#\/schema\/logo\/image\/\"}}]}<\/script>\n<!-- \/ Yoast SEO plugin. -->","yoast_head_json":{"title":"Christopher Melin - ESDES Business School","robots":{"index":"index","follow":"follow","max-snippet":"max-snippet:-1","max-image-preview":"max-image-preview:large","max-video-preview":"max-video-preview:-1"},"canonical":"https:\/\/www.esdes.fr\/en\/welcome\/research\/isbo\/the-team\/christopher-melin\/","og_locale":"en_US","og_type":"article","og_title":"Christopher Melin - ESDES Business School","og_description":"CURRENT SITUATIONFaculty memberUNIVERSITY TITLES AND DIPLOMASPhD in Management Sciences, Jean Moulin Lyon 3 UniversityRESEARCH THEMESRESEARCH GROUPGroup 1: Social responsibility and ethical transformation of organizationsCOURSESBIOGRAPHYChristopher [&hellip;]","og_url":"https:\/\/www.esdes.fr\/en\/welcome\/research\/isbo\/the-team\/christopher-melin\/","og_site_name":"ESDES Business School","article_modified_time":"2023-10-17T08:18:48+00:00","og_image":[{"width":1920,"height":575,"url":"https:\/\/www.esdes.fr\/wp-content\/uploads\/sites\/12\/2020\/07\/1920x575_enseignants_chercheurs.jpg","type":"image\/jpeg"}],"twitter_card":"summary_large_image","twitter_misc":{"Est. reading time":"3 minutes"},"schema":{"@context":"https:\/\/schema.org","@graph":[{"@type":"WebPage","@id":"https:\/\/www.esdes.fr\/en\/welcome\/research\/isbo\/the-team\/christopher-melin\/","url":"https:\/\/www.esdes.fr\/en\/welcome\/research\/isbo\/the-team\/christopher-melin\/","name":"Christopher Melin - ESDES Business School","isPartOf":{"@id":"https:\/\/www.esdes.fr\/en\/#website"},"primaryImageOfPage":{"@id":"https:\/\/www.esdes.fr\/en\/welcome\/research\/isbo\/the-team\/christopher-melin\/#primaryimage"},"image":{"@id":"https:\/\/www.esdes.fr\/en\/welcome\/research\/isbo\/the-team\/christopher-melin\/#primaryimage"},"thumbnailUrl":"https:\/\/www.esdes.fr\/wp-content\/uploads\/sites\/12\/2020\/07\/1920x575_enseignants_chercheurs.jpg","datePublished":"2020-07-21T15:05:17+00:00","dateModified":"2023-10-17T08:18:48+00:00","breadcrumb":{"@id":"https:\/\/www.esdes.fr\/en\/welcome\/research\/isbo\/the-team\/christopher-melin\/#breadcrumb"},"inLanguage":"en-US","potentialAction":[{"@type":"ReadAction","target":["https:\/\/www.esdes.fr\/en\/welcome\/research\/isbo\/the-team\/christopher-melin\/"]}]},{"@type":"ImageObject","inLanguage":"en-US","@id":"https:\/\/www.esdes.fr\/en\/welcome\/research\/isbo\/the-team\/christopher-melin\/#primaryimage","url":"https:\/\/www.esdes.fr\/wp-content\/uploads\/sites\/12\/2020\/07\/1920x575_enseignants_chercheurs.jpg","contentUrl":"https:\/\/www.esdes.fr\/wp-content\/uploads\/sites\/12\/2020\/07\/1920x575_enseignants_chercheurs.jpg","width":1920,"height":575,"caption":"header enseignants chercheurs"},{"@type":"BreadcrumbList","@id":"https:\/\/www.esdes.fr\/en\/welcome\/research\/isbo\/the-team\/christopher-melin\/#breadcrumb","itemListElement":[{"@type":"ListItem","position":1,"name":"Accueil","item":"https:\/\/www.esdes.fr\/en\/"},{"@type":"ListItem","position":2,"name":"Welcome","item":"https:\/\/www.esdes.fr\/en\/"},{"@type":"ListItem","position":3,"name":"Faculty &#038; Research","item":"https:\/\/www.esdes.fr\/en\/welcome\/research\/"},{"@type":"ListItem","position":4,"name":"Research at Esdes","item":"https:\/\/www.esdes.fr\/en\/welcome\/research\/isbo\/"},{"@type":"ListItem","position":5,"name":"The Research Team","item":"https:\/\/www.esdes.fr\/en\/welcome\/research\/isbo\/the-team\/"},{"@type":"ListItem","position":6,"name":"Christopher Melin"}]},{"@type":"WebSite","@id":"https:\/\/www.esdes.fr\/en\/#website","url":"https:\/\/www.esdes.fr\/en\/","name":"ESDES Business School","description":"ESDES - Grande \u00c9cole de management et commerce","publisher":{"@id":"https:\/\/www.esdes.fr\/en\/#organization"},"potentialAction":[{"@type":"SearchAction","target":{"@type":"EntryPoint","urlTemplate":"https:\/\/www.esdes.fr\/en\/?s={search_term_string}"},"query-input":{"@type":"PropertyValueSpecification","valueRequired":true,"valueName":"search_term_string"}}],"inLanguage":"en-US"},{"@type":"Organization","@id":"https:\/\/www.esdes.fr\/en\/#organization","name":"ESDES Business School","url":"https:\/\/www.esdes.fr\/en\/","logo":{"@type":"ImageObject","inLanguage":"en-US","@id":"https:\/\/www.esdes.fr\/en\/#\/schema\/logo\/image\/","url":"https:\/\/www.esdes.fr\/wp-content\/uploads\/sites\/12\/2020\/05\/logo-esdes-ucly_blanc-website-5.svg","contentUrl":"https:\/\/www.esdes.fr\/wp-content\/uploads\/sites\/12\/2020\/05\/logo-esdes-ucly_blanc-website-5.svg","caption":"ESDES Business School"},"image":{"@id":"https:\/\/www.esdes.fr\/en\/#\/schema\/logo\/image\/"}}]}},"_links":{"self":[{"href":"https:\/\/www.esdes.fr\/en\/wp-json\/wp\/v2\/pages\/6228","targetHints":{"allow":["GET"]}}],"collection":[{"href":"https:\/\/www.esdes.fr\/en\/wp-json\/wp\/v2\/pages"}],"about":[{"href":"https:\/\/www.esdes.fr\/en\/wp-json\/wp\/v2\/types\/page"}],"author":[{"embeddable":true,"href":"https:\/\/www.esdes.fr\/en\/wp-json\/wp\/v2\/users\/64"}],"replies":[{"embeddable":true,"href":"https:\/\/www.esdes.fr\/en\/wp-json\/wp\/v2\/comments?post=6228"}],"version-history":[{"count":15,"href":"https:\/\/www.esdes.fr\/en\/wp-json\/wp\/v2\/pages\/6228\/revisions"}],"predecessor-version":[{"id":33747,"href":"https:\/\/www.esdes.fr\/en\/wp-json\/wp\/v2\/pages\/6228\/revisions\/33747"}],"up":[{"embeddable":true,"href":"https:\/\/www.esdes.fr\/en\/wp-json\/wp\/v2\/pages\/6166"}],"wp:featuredmedia":[{"embeddable":true,"href":"https:\/\/www.esdes.fr\/en\/wp-json\/wp\/v2\/media\/5084"}],"wp:attachment":[{"href":"https:\/\/www.esdes.fr\/en\/wp-json\/wp\/v2\/media?parent=6228"}],"curies":[{"name":"wp","href":"https:\/\/api.w.org\/{rel}","templated":true}]}}