{"id":6207,"date":"2020-07-21T15:55:10","date_gmt":"2020-07-21T13:55:10","guid":{"rendered":"https:\/\/www.esdes.fr\/?page_id=6207"},"modified":"2021-01-12T16:36:16","modified_gmt":"2021-01-12T15:36:16","slug":"christel-vivel","status":"publish","type":"page","link":"https:\/\/www.esdes.fr\/en\/welcome\/research\/isbo\/the-team\/christel-vivel\/","title":{"rendered":"Christel Vivel"},"content":{"rendered":"<div class=\"wp-block-text-image\">\n  <div class=\"row align-bottom collapse\">\n    <div class=\"column small-12 medium-6 xlarge-5 xxlarge-expand wp-block-text-image-info js-fade-scroll\">\n      <p class=\"wp-block-text-image-title\">Christel Vivel<\/p>\n      <div class=\"wp-block-text-image-intro\"><p>PhD in Economic sciences<\/p>\n<p>&nbsp;<\/p>\n<p><a href=\"mailto:cvivel@univ-catholyon.fr\">Contact by email<\/a><\/p>\n<\/div>\n    <\/div>\n\n    <div class=\"column small-12 medium-6 xlarge-7 xxlarge-shrink wp-block-text-image-picture js-fade-scroll\">\n      <img loading=\"lazy\" decoding=\"async\" width=\"400\" height=\"400\" src=\"https:\/\/www.esdes.fr\/wp-content\/uploads\/sites\/12\/2020\/07\/vivel-400x400-1.jpg\" class=\"attachment-text_image size-text_image\" alt=\"Portrait EC Christel VIVEL\" srcset=\"https:\/\/www.esdes.fr\/wp-content\/uploads\/sites\/12\/2020\/07\/vivel-400x400-1.jpg 400w, https:\/\/www.esdes.fr\/wp-content\/uploads\/sites\/12\/2020\/07\/vivel-400x400-1-150x150.jpg 150w, https:\/\/www.esdes.fr\/wp-content\/uploads\/sites\/12\/2020\/07\/vivel-400x400-1-140x140.jpg 140w\" sizes=\"auto, (max-width: 400px) 100vw, 400px\" \/>    <\/div>\n  <\/div>\n<\/div><h2 class=\"wp-block-heading\"><strong>CURRENT SITUATION<\/strong><\/h2><p>Faculty member<\/p><h2 class=\"wp-block-heading\"><strong>UNIVERSITY TITLES AND DIPLOMAS<\/strong><\/h2><p>PhD in Economics sciences, Lumi\u00e8re Lyon 2 University<\/p><h2 class=\"wp-block-heading\"><strong>RESEARCH THEMES<\/strong><\/h2><ul class=\"wp-block-list\"><li>History of economics<\/li><li>Entrepreneurship<\/li><li>Austrian School<\/li><li>Theory of the firm<\/li><\/ul><h2 class=\"wp-block-heading\"><strong>RESEARCH <strong>GROUP<\/strong><\/strong><\/h2><p>Group 3: Economy and management of sustainable innovations<\/p><h2 class=\"wp-block-heading\">COURSES<\/h2><ul class=\"wp-block-list\"><li>History of economic<\/li><li>History of economic facts<\/li><li>Research methodology <\/li><li>Master's thesis methodology <\/li><\/ul><h2 class=\"wp-block-heading\">BIOGRAPHY<\/h2><p>Christel Vivel is a faculty member at ESDES Lyon Business School. She obtained her PhD in economics and management from Lumi\u00e8re Lyon 2 University. Her research focuses on entrepreneurship and the figure of the entrepreneur from the point of view of the history of economic thought. She is interested in the Austrian school founded by Carl Menger. She wrote her PhD on the emergence of an Austrian theory of the entrepreneur. Her work has been published in the <em>European Journal of History of Economic Thought<\/em>, the <em>History of Economic Ideas<\/em> and the <em>Revue de Philosophie Economique<\/em>. She is a member, among others, of the European Society for the History of Economic Thought, the Charles Gides Association or the Academy of Entrepreneurship and Innovation. She belongs to the editorial board of the <em>Revue de Philosophie Economique<\/em>. Her field of teaching includes the history of economics, the history of economic thought as well as microeconomics or the fundamentals of macroeconomics. She is the educational manager of the Management and Business Strategy specialization in work-study training format. <\/p><h2 class=\"wp-block-heading\"><strong>PUBLICATIONS AND WORKS<\/strong><\/h2><h3 class=\"wp-block-heading\"><strong><br>Articles in referenced journals (CNRS, FNEGE)<\/strong><\/h3><h4 class=\"wp-block-heading\">2020<\/h4><p><strong>VIVEL C.,<\/strong>&nbsp;(2020), \u00ab review of article \"La culture de la croissance. Les origines de l\u2019\u00e9conomie moderne\" \u00bb,  Joel Mokyr, Biblioth\u00e8que des histoires, Paris, \u00c9ditions Gallimard, translated by Pierre-Emmanuel Dauzat, 2020, &nbsp;<em>Revue de Philosophie \u00e9conomique<\/em>, vol. 21, n\u00b0 2, (to be published in December).<\/p><h4 class=\"wp-block-heading\">2018<\/h4><p><strong>VIVEL C.,<\/strong>&nbsp;(2018), \u00ab Innovation sociale&nbsp;: l\u2019apport de la tradition \u00e9conomique autrichienne&nbsp;\u00bb,&nbsp;<em>Entreprise et soci\u00e9t\u00e9<\/em>, n\u00b0 4, pp.&nbsp;101-120.<\/p><h4 class=\"wp-block-heading\">2016<\/h4><p><strong>VIVEL C.<\/strong>, (2016), \u00ab review of book  \"The Hesitant Hand\" \u00bb,&nbsp;<em>Revue de Philosophie \u00e9conomique<\/em>, vol. 17, n\u00b0 2, pp. 195-198.<\/p><h4 class=\"wp-block-heading\">2014<\/h4><p><strong>VIVEL C.<\/strong>, (2014), \u00ab The Foundations of the Theory of Entrepreneurship in Austrian Economics \u2013 Menger and B\u00f6hm-Bawerk on the Entrepreneur \u00bb,&nbsp;<em>Revue de philosophie \u00e9conomique<\/em>, vol. 15, n\u00b0 1, pp. 49-98, (in collaboration with G. Campagnolo).<br><strong>VIVEL C.<\/strong>, (2014), Introduction au num\u00e9ro sp\u00e9cial sur Les figures de l\u2019entrepreneur de la&nbsp;<em>Revue de Philosophie \u00c9conomique<\/em>, vol. 15, n\u00b0 1, (in collaboration with G. Campagnolo).<br><strong>VIVEL C.<\/strong> and TESSIER N., (2014), \u00ab La labellisation comme strat\u00e9gie de desserrement des contraintes de l'environnement. Le cas des centres d'appels en France \u00bb,&nbsp;<em>Revue Management et Avenir<\/em>, n\u00b0 69, May, pp. 125-146, (in collaboration with DUBRION B.).<\/p><h4 class=\"wp-block-heading\">2013<\/h4><p><strong>VIVEL C.<\/strong>&nbsp;and CHASSAGNON V., (2013), \u00ab Frank H. Knight and R. H. Coase on the theory of the firm \u00bb,&nbsp;<em>History of Economic Ideas<\/em>, vol. 21, n\u00b0 2, pp. 63-84.<\/p><h4 class=\"wp-block-heading\">2012<\/h4><p><strong>VIVEL C.<\/strong>, (2012), \u00ab Before Schumpeter: Forerunners of the Theory of the Entrepreneur in 1900\u2019s German Political Economy - Werner Sombart, Friedrich von Wieser \u00bb,\u00a0<em>European Journal of History of Economic Thought<\/em>, vol. 19, n\u00b0 6, pp. 909-944, (in collaboration with G. Campagnolo).<\/p><p><\/p><h3 class=\"wp-block-heading\"><strong>ARTICLE IN JOURNALS WITH REVIEW COMMITTEE OR EMERGING JOURNALS<\/strong><\/h3><h4 class=\"wp-block-heading\"><br>2020<\/h4><p><strong>VIVEL C.,<\/strong>&nbsp;(2020), \u00ab&nbsp;L\u2019\u00e9cole autrichienne contemporaine&nbsp;: un bref panorama&nbsp;\u00bb,&nbsp;<em>Autriaca<\/em>, n\u00b0 90, pp.&nbsp;197-214.<\/p><h3 class=\"wp-block-heading\"><strong>Book chapter<\/strong><\/h3><h4 class=\"wp-block-heading\">2017<\/h4><p><strong>VIVEL C.<\/strong>, (2017), \u00ab Ecole autrichienne (et l\u2019entrepreneur) \u00bb,&nbsp;<em>in<\/em>&nbsp;: A. TIRAN and D. UZUNIDIS (dir.), D<em>ictionnaire \u00e9conomique de l\u2019entrepreneur<\/em>, Paris, \u00c9ditions Classiques Garnier, pp. 147-150.<br><strong>VIVEL C.<\/strong>, (2017), \u00ab Individualisme (Entrepreneur et) \u00bb,&nbsp;<em>in<\/em>&nbsp;: A. TIRAN and D. UZUNIDIS (dir.),&nbsp;<em>Dictionnaire \u00e9conomique de l\u2019entrepreneur<\/em>, Paris, \u00c9ditions Classiques Garnier, pp. 202-204.<br><strong>VIVEL C.<\/strong>, (2017), \u00ab Carl Menger et l'entrepreneur \u00bb,&nbsp;<em>in<\/em>&nbsp;: A. TIRAN and D. UZUNIDIS (dir.),&nbsp;<em>Dictionnaire \u00e9conomique de l\u2019entrepreneur<\/em>, Paris, \u00c9ditions Classiques Garnier, pp. 248-250.<\/p><h4 class=\"wp-block-heading\">2015<\/h4><p>TESSIER N. and&nbsp;<strong>VIVEL C.<\/strong>, (2015), \u00ab Le management des ressources humaines et la responsabilit\u00e9 sociale de l\u2019entreprise : entre dynamisme et ambivalence des outils\/pratiques \u00bb, Chapitre 3,&nbsp;<em>in&nbsp;<\/em>: V. Chassagnon,&nbsp;<em>Vers un mod\u00e8le de gouvernement durable de l\u2019entreprise capitaliste : l\u2019unit\u00e9 dans la pluralit\u00e9 au service de la soci\u00e9t\u00e9<\/em>, pp. 51-60.<\/p><h4 class=\"wp-block-heading\">2013<\/h4><p><strong>VIVEL C.<\/strong>, (2013), \u00ab Dynamique du capitalisme et place de l\u2019entrepreneur dans la pens\u00e9e germanophone des ann\u00e9es 1900. \"L\u2019int\u00e9r\u00eat de (re)lire W. Sombart et F. Wieser aujourd\u2019hui\",&nbsp;<em>in&nbsp;<\/em>: D. Borodak, A. Diemer and S. Dozolme, (2013),&nbsp;<em>Heurs et Malheurs du capitalisme<\/em>, \u00c9ditions Oeconomia.<br><\/p><div class=\"wp-block-separator js-fade-scroll\"><\/div><h3 class=\"wp-block-heading\"><strong>Participation in conferences<\/strong><\/h3><h4 class=\"wp-block-heading\">2021<\/h4><p><strong>VIVEL C.<\/strong>, GABELLIERI E., d'HOMBRES E. and REZZESI R. (org.), (2021), \u00abCrises et qu\u00eate du sens \u00e0 l\u2019\u00e2ge de l\u2019Anthropoc\u00e8ne : la question des \"milieux de vie\"\u00bb, Journ\u00e9es IHRC - UR Confluence,  January 7-8, Lyon, France.<\/p><h4 class=\"wp-block-heading\">2019<\/h4><p><strong>VIVEL C.&nbsp;<\/strong>and GAY C., (2019), \u00ab La figure de \"l\u2019entrepreneur culturel dirigeant\" : le cas d\u2019Emile Guimet , Acad\u00e9mie de l\u2019Entrepreneuriat et de l\u2019Innovation, Track Entrepreneuriat culturel, Montpellier Management, University of Montpellier, June 3-5, Montpellier, France.<\/p><h4 class=\"wp-block-heading\">2018<\/h4><p><strong>VIVEL C.<\/strong>, (2018), \u00ab&nbsp;L\u2019entrepreneur capitaliste et le processus entrepreneurial&nbsp;\u00bb,&nbsp;4\u00e8me conf\u00e9rence internationale : Economy Philosophy, Norms and normativity,&nbsp;GATE (CNRS UMR 5824), TRIANGLE (CNRS UMR 5206), June 27-29, Lyon, France.<\/p><h4 class=\"wp-block-heading\">2017<\/h4><p><strong><strong>VIVEL C.<\/strong>,<\/strong> (2017), \u00ab The role of institutions entrepreneurship in the 3rd generation of the Austrian School of Economics&nbsp;: the Heritage of C. Menger et Mises \u00bb, 21st annual conference of the European Society for the History of Economic Thought, University of Antwerp, May 18-20, Antwerpen, Belgique.<\/p><h4 class=\"wp-block-heading\">2016<\/h4><p><strong>VIVEL C.<\/strong>, (2016), \u00ab F.H. Knight, R. H. Coase et H.A. Simon: l'itin\u00e9raire de la construction d'une th\u00e9orie politique du rapport salarial dans l'entreprise capitaliste (1921-1951) \u00bb, 3rd International conference Economic Philosophy, June 15-16, Aix en Provence, France (in collaboration with V. Chassagnon).<\/p><h4 class=\"wp-block-heading\">2015<\/h4><p><strong>VIVEL C.<\/strong>, (2015), \u00ab Alertness versus imagination: controversy on the role of the entrepreneur \u00bb, 19th ESHET Annual conference, Great controversies in Economics, Roma Tre University, May 14-16, Rome, Italy.<\/p><h4 class=\"wp-block-heading\">2014<\/h4><p><strong>VIVEL C.<\/strong>&nbsp;and CHASSAGNON V., (2014), \u00ab F. Knight et R. Coase : l\u2019autorit\u00e9 comme raison d\u2019\u00eatre de la firme capitaliste \u00bb, conf\u00e9rence annuelle de l\u2019association fran\u00e7aise d\u2019\u00e9conomie politique (AFEP), July 2-4, ENS Cachan, Paris, France.<\/p><h4 class=\"wp-block-heading\">2013<\/h4><p><strong>VIVEL C.,<\/strong>&nbsp;(2013), \u00ab Carl Menger and Eugen von Bhen-Bawerk on business practices and entrepreneurship \u00bb, 17th Annual Conference of the European Society of History of Economic Thought (ESHET): \u201cEconomic Theory and Business Practice. Their Relations Through the Ages\u201d, Kingston University, May 16-18, London, England.<\/p>","protected":false},"excerpt":{"rendered":"<p>CURRENT SITUATIONFaculty memberUNIVERSITY TITLES AND DIPLOMASPhD in Economics sciences, Lumi\u00e8re Lyon 2 UniversityRESEARCH THEMESHistory of economicsEntrepreneurshipAustrian SchoolTheory of the firmRESEARCH GROUPGroup 3: Economy and [&hellip;]<\/p>\n","protected":false},"author":64,"featured_media":5084,"parent":6166,"menu_order":0,"comment_status":"closed","ping_status":"closed","template":"","meta":{"_acf_changed":false,"footnotes":""},"class_list":["post-6207","page","type-page","status-publish","has-post-thumbnail","hentry"],"acf":[],"yoast_head":"<!-- This site is optimized with the Yoast SEO plugin v24.1 - https:\/\/yoast.com\/wordpress\/plugins\/seo\/ -->\n<title>Christel Vivel - ESDES Business School<\/title>\n<meta name=\"robots\" content=\"index, follow, max-snippet:-1, max-image-preview:large, max-video-preview:-1\" \/>\n<link rel=\"canonical\" href=\"https:\/\/www.esdes.fr\/en\/welcome\/research\/isbo\/the-team\/christel-vivel\/\" \/>\n<meta property=\"og:locale\" content=\"en_US\" \/>\n<meta property=\"og:type\" content=\"article\" \/>\n<meta property=\"og:title\" content=\"Christel Vivel - ESDES Business School\" \/>\n<meta property=\"og:description\" content=\"CURRENT SITUATIONFaculty memberUNIVERSITY TITLES AND DIPLOMASPhD in Economics sciences, Lumi\u00e8re Lyon 2 UniversityRESEARCH THEMESHistory of economicsEntrepreneurshipAustrian SchoolTheory of the firmRESEARCH GROUPGroup 3: Economy and [&hellip;]\" \/>\n<meta property=\"og:url\" content=\"https:\/\/www.esdes.fr\/en\/welcome\/research\/isbo\/the-team\/christel-vivel\/\" \/>\n<meta property=\"og:site_name\" content=\"ESDES Business School\" \/>\n<meta property=\"article:modified_time\" content=\"2021-01-12T15:36:16+00:00\" \/>\n<meta property=\"og:image\" content=\"https:\/\/www.esdes.fr\/wp-content\/uploads\/sites\/12\/2020\/07\/1920x575_enseignants_chercheurs.jpg\" \/>\n\t<meta property=\"og:image:width\" content=\"1920\" \/>\n\t<meta property=\"og:image:height\" content=\"575\" \/>\n\t<meta property=\"og:image:type\" content=\"image\/jpeg\" \/>\n<meta name=\"twitter:card\" content=\"summary_large_image\" \/>\n<meta name=\"twitter:label1\" content=\"Est. reading time\" \/>\n\t<meta name=\"twitter:data1\" content=\"5 minutes\" \/>\n<script type=\"application\/ld+json\" class=\"yoast-schema-graph\">{\"@context\":\"https:\/\/schema.org\",\"@graph\":[{\"@type\":\"WebPage\",\"@id\":\"https:\/\/www.esdes.fr\/en\/welcome\/research\/isbo\/the-team\/christel-vivel\/\",\"url\":\"https:\/\/www.esdes.fr\/en\/welcome\/research\/isbo\/the-team\/christel-vivel\/\",\"name\":\"Christel Vivel - ESDES Business School\",\"isPartOf\":{\"@id\":\"https:\/\/www.esdes.fr\/en\/#website\"},\"primaryImageOfPage\":{\"@id\":\"https:\/\/www.esdes.fr\/en\/welcome\/research\/isbo\/the-team\/christel-vivel\/#primaryimage\"},\"image\":{\"@id\":\"https:\/\/www.esdes.fr\/en\/welcome\/research\/isbo\/the-team\/christel-vivel\/#primaryimage\"},\"thumbnailUrl\":\"https:\/\/www.esdes.fr\/wp-content\/uploads\/sites\/12\/2020\/07\/1920x575_enseignants_chercheurs.jpg\",\"datePublished\":\"2020-07-21T13:55:10+00:00\",\"dateModified\":\"2021-01-12T15:36:16+00:00\",\"breadcrumb\":{\"@id\":\"https:\/\/www.esdes.fr\/en\/welcome\/research\/isbo\/the-team\/christel-vivel\/#breadcrumb\"},\"inLanguage\":\"en-US\",\"potentialAction\":[{\"@type\":\"ReadAction\",\"target\":[\"https:\/\/www.esdes.fr\/en\/welcome\/research\/isbo\/the-team\/christel-vivel\/\"]}]},{\"@type\":\"ImageObject\",\"inLanguage\":\"en-US\",\"@id\":\"https:\/\/www.esdes.fr\/en\/welcome\/research\/isbo\/the-team\/christel-vivel\/#primaryimage\",\"url\":\"https:\/\/www.esdes.fr\/wp-content\/uploads\/sites\/12\/2020\/07\/1920x575_enseignants_chercheurs.jpg\",\"contentUrl\":\"https:\/\/www.esdes.fr\/wp-content\/uploads\/sites\/12\/2020\/07\/1920x575_enseignants_chercheurs.jpg\",\"width\":1920,\"height\":575,\"caption\":\"header enseignants chercheurs\"},{\"@type\":\"BreadcrumbList\",\"@id\":\"https:\/\/www.esdes.fr\/en\/welcome\/research\/isbo\/the-team\/christel-vivel\/#breadcrumb\",\"itemListElement\":[{\"@type\":\"ListItem\",\"position\":1,\"name\":\"Accueil\",\"item\":\"https:\/\/www.esdes.fr\/en\/\"},{\"@type\":\"ListItem\",\"position\":2,\"name\":\"Welcome\",\"item\":\"https:\/\/www.esdes.fr\/en\/\"},{\"@type\":\"ListItem\",\"position\":3,\"name\":\"Faculty &#038; Research\",\"item\":\"https:\/\/www.esdes.fr\/en\/welcome\/research\/\"},{\"@type\":\"ListItem\",\"position\":4,\"name\":\"Research at Esdes\",\"item\":\"https:\/\/www.esdes.fr\/en\/welcome\/research\/isbo\/\"},{\"@type\":\"ListItem\",\"position\":5,\"name\":\"The Research Team\",\"item\":\"https:\/\/www.esdes.fr\/en\/welcome\/research\/isbo\/the-team\/\"},{\"@type\":\"ListItem\",\"position\":6,\"name\":\"Christel Vivel\"}]},{\"@type\":\"WebSite\",\"@id\":\"https:\/\/www.esdes.fr\/en\/#website\",\"url\":\"https:\/\/www.esdes.fr\/en\/\",\"name\":\"ESDES Business School\",\"description\":\"ESDES - Grande \u00c9cole de management et commerce\",\"publisher\":{\"@id\":\"https:\/\/www.esdes.fr\/en\/#organization\"},\"potentialAction\":[{\"@type\":\"SearchAction\",\"target\":{\"@type\":\"EntryPoint\",\"urlTemplate\":\"https:\/\/www.esdes.fr\/en\/?s={search_term_string}\"},\"query-input\":{\"@type\":\"PropertyValueSpecification\",\"valueRequired\":true,\"valueName\":\"search_term_string\"}}],\"inLanguage\":\"en-US\"},{\"@type\":\"Organization\",\"@id\":\"https:\/\/www.esdes.fr\/en\/#organization\",\"name\":\"ESDES Business School\",\"url\":\"https:\/\/www.esdes.fr\/en\/\",\"logo\":{\"@type\":\"ImageObject\",\"inLanguage\":\"en-US\",\"@id\":\"https:\/\/www.esdes.fr\/en\/#\/schema\/logo\/image\/\",\"url\":\"https:\/\/www.esdes.fr\/wp-content\/uploads\/sites\/12\/2020\/05\/logo-esdes-ucly_blanc-website-5.svg\",\"contentUrl\":\"https:\/\/www.esdes.fr\/wp-content\/uploads\/sites\/12\/2020\/05\/logo-esdes-ucly_blanc-website-5.svg\",\"caption\":\"ESDES Business School\"},\"image\":{\"@id\":\"https:\/\/www.esdes.fr\/en\/#\/schema\/logo\/image\/\"}}]}<\/script>\n<!-- \/ Yoast SEO plugin. -->","yoast_head_json":{"title":"Christel Vivel - ESDES Business School","robots":{"index":"index","follow":"follow","max-snippet":"max-snippet:-1","max-image-preview":"max-image-preview:large","max-video-preview":"max-video-preview:-1"},"canonical":"https:\/\/www.esdes.fr\/en\/welcome\/research\/isbo\/the-team\/christel-vivel\/","og_locale":"en_US","og_type":"article","og_title":"Christel Vivel - ESDES Business School","og_description":"CURRENT SITUATIONFaculty memberUNIVERSITY TITLES AND DIPLOMASPhD in Economics sciences, Lumi\u00e8re Lyon 2 UniversityRESEARCH THEMESHistory of economicsEntrepreneurshipAustrian SchoolTheory of the firmRESEARCH GROUPGroup 3: Economy and [&hellip;]","og_url":"https:\/\/www.esdes.fr\/en\/welcome\/research\/isbo\/the-team\/christel-vivel\/","og_site_name":"ESDES Business School","article_modified_time":"2021-01-12T15:36:16+00:00","og_image":[{"width":1920,"height":575,"url":"https:\/\/www.esdes.fr\/wp-content\/uploads\/sites\/12\/2020\/07\/1920x575_enseignants_chercheurs.jpg","type":"image\/jpeg"}],"twitter_card":"summary_large_image","twitter_misc":{"Est. reading time":"5 minutes"},"schema":{"@context":"https:\/\/schema.org","@graph":[{"@type":"WebPage","@id":"https:\/\/www.esdes.fr\/en\/welcome\/research\/isbo\/the-team\/christel-vivel\/","url":"https:\/\/www.esdes.fr\/en\/welcome\/research\/isbo\/the-team\/christel-vivel\/","name":"Christel Vivel - ESDES Business School","isPartOf":{"@id":"https:\/\/www.esdes.fr\/en\/#website"},"primaryImageOfPage":{"@id":"https:\/\/www.esdes.fr\/en\/welcome\/research\/isbo\/the-team\/christel-vivel\/#primaryimage"},"image":{"@id":"https:\/\/www.esdes.fr\/en\/welcome\/research\/isbo\/the-team\/christel-vivel\/#primaryimage"},"thumbnailUrl":"https:\/\/www.esdes.fr\/wp-content\/uploads\/sites\/12\/2020\/07\/1920x575_enseignants_chercheurs.jpg","datePublished":"2020-07-21T13:55:10+00:00","dateModified":"2021-01-12T15:36:16+00:00","breadcrumb":{"@id":"https:\/\/www.esdes.fr\/en\/welcome\/research\/isbo\/the-team\/christel-vivel\/#breadcrumb"},"inLanguage":"en-US","potentialAction":[{"@type":"ReadAction","target":["https:\/\/www.esdes.fr\/en\/welcome\/research\/isbo\/the-team\/christel-vivel\/"]}]},{"@type":"ImageObject","inLanguage":"en-US","@id":"https:\/\/www.esdes.fr\/en\/welcome\/research\/isbo\/the-team\/christel-vivel\/#primaryimage","url":"https:\/\/www.esdes.fr\/wp-content\/uploads\/sites\/12\/2020\/07\/1920x575_enseignants_chercheurs.jpg","contentUrl":"https:\/\/www.esdes.fr\/wp-content\/uploads\/sites\/12\/2020\/07\/1920x575_enseignants_chercheurs.jpg","width":1920,"height":575,"caption":"header enseignants chercheurs"},{"@type":"BreadcrumbList","@id":"https:\/\/www.esdes.fr\/en\/welcome\/research\/isbo\/the-team\/christel-vivel\/#breadcrumb","itemListElement":[{"@type":"ListItem","position":1,"name":"Accueil","item":"https:\/\/www.esdes.fr\/en\/"},{"@type":"ListItem","position":2,"name":"Welcome","item":"https:\/\/www.esdes.fr\/en\/"},{"@type":"ListItem","position":3,"name":"Faculty &#038; Research","item":"https:\/\/www.esdes.fr\/en\/welcome\/research\/"},{"@type":"ListItem","position":4,"name":"Research at Esdes","item":"https:\/\/www.esdes.fr\/en\/welcome\/research\/isbo\/"},{"@type":"ListItem","position":5,"name":"The Research Team","item":"https:\/\/www.esdes.fr\/en\/welcome\/research\/isbo\/the-team\/"},{"@type":"ListItem","position":6,"name":"Christel Vivel"}]},{"@type":"WebSite","@id":"https:\/\/www.esdes.fr\/en\/#website","url":"https:\/\/www.esdes.fr\/en\/","name":"ESDES Business School","description":"ESDES - Grande \u00c9cole de management et commerce","publisher":{"@id":"https:\/\/www.esdes.fr\/en\/#organization"},"potentialAction":[{"@type":"SearchAction","target":{"@type":"EntryPoint","urlTemplate":"https:\/\/www.esdes.fr\/en\/?s={search_term_string}"},"query-input":{"@type":"PropertyValueSpecification","valueRequired":true,"valueName":"search_term_string"}}],"inLanguage":"en-US"},{"@type":"Organization","@id":"https:\/\/www.esdes.fr\/en\/#organization","name":"ESDES Business School","url":"https:\/\/www.esdes.fr\/en\/","logo":{"@type":"ImageObject","inLanguage":"en-US","@id":"https:\/\/www.esdes.fr\/en\/#\/schema\/logo\/image\/","url":"https:\/\/www.esdes.fr\/wp-content\/uploads\/sites\/12\/2020\/05\/logo-esdes-ucly_blanc-website-5.svg","contentUrl":"https:\/\/www.esdes.fr\/wp-content\/uploads\/sites\/12\/2020\/05\/logo-esdes-ucly_blanc-website-5.svg","caption":"ESDES Business School"},"image":{"@id":"https:\/\/www.esdes.fr\/en\/#\/schema\/logo\/image\/"}}]}},"_links":{"self":[{"href":"https:\/\/www.esdes.fr\/en\/wp-json\/wp\/v2\/pages\/6207","targetHints":{"allow":["GET"]}}],"collection":[{"href":"https:\/\/www.esdes.fr\/en\/wp-json\/wp\/v2\/pages"}],"about":[{"href":"https:\/\/www.esdes.fr\/en\/wp-json\/wp\/v2\/types\/page"}],"author":[{"embeddable":true,"href":"https:\/\/www.esdes.fr\/en\/wp-json\/wp\/v2\/users\/64"}],"replies":[{"embeddable":true,"href":"https:\/\/www.esdes.fr\/en\/wp-json\/wp\/v2\/comments?post=6207"}],"version-history":[{"count":20,"href":"https:\/\/www.esdes.fr\/en\/wp-json\/wp\/v2\/pages\/6207\/revisions"}],"predecessor-version":[{"id":12094,"href":"https:\/\/www.esdes.fr\/en\/wp-json\/wp\/v2\/pages\/6207\/revisions\/12094"}],"up":[{"embeddable":true,"href":"https:\/\/www.esdes.fr\/en\/wp-json\/wp\/v2\/pages\/6166"}],"wp:featuredmedia":[{"embeddable":true,"href":"https:\/\/www.esdes.fr\/en\/wp-json\/wp\/v2\/media\/5084"}],"wp:attachment":[{"href":"https:\/\/www.esdes.fr\/en\/wp-json\/wp\/v2\/media?parent=6207"}],"curies":[{"name":"wp","href":"https:\/\/api.w.org\/{rel}","templated":true}]}}