{"id":4203,"date":"2020-07-01T10:26:53","date_gmt":"2020-07-01T08:26:53","guid":{"rendered":"https:\/\/www.esdes.fr\/?page_id=4203"},"modified":"2025-10-16T14:22:01","modified_gmt":"2025-10-16T12:22:01","slug":"financial-aid","status":"publish","type":"page","link":"https:\/\/www.esdes.fr\/en\/welcome\/student-life-services\/financing\/financial-aid\/","title":{"rendered":"Financial aid"},"content":{"rendered":"<h2 class=\"wp-block-heading\">EXCELLENCE SCHOLARSHIP FOR INTERNATIONAL STUDENTS<\/h2><p>You have to plan ahead to finance your studies. That\u2019s why the Esdes Business School offers a bursary of excellence to support its students.<\/p><p>For any information regarding scholarships, please send an email to<strong> join@candidature<\/strong>.<strong>fr <\/strong>for scholarship applications.<\/p><h2 class=\"wp-block-heading\">UCLY SCHOLARSHIP<\/h2><p>This scholarship is for students who have already attended UCLY for at least one year.<br>When to apply: Before the 15<sup>th<\/sup> October<br><a href=\"https:\/\/www.ucly.fr\/vie-etudiante\/vie-pratique\/financer-ses-etudes\/bourse-poursuite-detudes-aide-au-merite-de-lucly\/\">Read more<\/a><\/p><h2 class=\"wp-block-heading\">CROUS SCHOLARSHIP<\/h2><p>This scholarship is available to Master\u2019s students before the start of their academic year. Students can re-apply each year for this scholarship.<br>When to apply: Between 20<sup>th<\/sup> January \u2013 15<sup>th<\/sup> May<\/p><p>Apply for a scholarship based on social criteria for the 2023-2024 academic year through the <a href=\"http:\/\/etudiant.gouv.fr\">etudiant.gouv.fr<\/a> digital portal, under the <a href=\"https:\/\/www.messervices.etudiant.gouv.fr\/\">messervices.etudiant.gouv.fr<\/a> section<\/p><h2 class=\"wp-block-heading\">CAMPUS FRANCE SCHOLARSHIPS<\/h2><p>Various scholarships programs may be offered in your home country, therefore, we highly recommend that you visit the Campus Bourse website to see if you are eligible. Details can be found&nbsp;<a href=\"http:\/\/campusbourses.campusfrance.org\/\">on this page<\/a>.<\/p><ul class=\"wp-block-list\"><li><a href=\"http:\/\/campusbourses.campusfrance.org\/fria\/bourse\/#\/catalog\">Scholarship per country<\/a><\/li>\n\n<li><a href=\"https:\/\/www.campusfrance.org\/fr\/le-programme-des-bourses-eiffel\">For Master student<\/a><\/li>\n\n<li><a href=\"http:\/\/campusbourses.campusfrance.org\/fria\/bourse\/#\/program?id=61\">For excellent student<\/a><\/li><\/ul><h2 class=\"wp-block-heading\">PAID INTERNSHIPS<\/h2><p>You will have the opportunity to undertake several internships during your studies. The legal minimum wage for internships of more than 2 months in France is around \u20ac577.50 per month, and this source of income can help you finance your studies.<br>Our careers department will provide support in finding an internship, and more information regarding individual cases. Please note that there may be visa constraints for non-European students, and we highly advise you to look into this before accepting any part-time job.<\/p><h2 class=\"wp-block-heading\">BANK LOANS<\/h2><p>Interest rates are generally around 0.8% to 1%.<br>Partner banks include:<\/p><ul class=\"wp-block-list\"><li>Caisse d'\u00c9pargne: <a href=\"mailto:marwan.rahal@cera.caisse-epargne.fr\">Marwan RAHAL<\/a> - <a href=\"https:\/\/www.esdes.fr\/wp-content\/uploads\/sites\/12\/2021\/09\/offre-ucly-en-anlgais-avril-octobre-2021.pdf\">More information here<\/a><\/li>\n\n<li>LCL:&nbsp;<a href=\"mailto:thibaut.guillon@lcl.fr\">Thibaut GUILLON<\/a>&nbsp;or&nbsp;<a href=\"mailto:vincent.frezard@lcl.fr\">Vincent FREZARD<\/a><\/li>\n\n<li>BNP Paribas:&nbsp;<a href=\"mailto:lucas.baraton@bnpparibas.com\">Lucas BARATON<\/a>,&nbsp;<a href=\"mailto:sophie.mensour@bnpparibas.com\">Sophie MENSOUR<\/a>&nbsp;or&nbsp;<a href=\"mailto:chloe.staron@bnpparibas.com\">Chlo\u00e9 STARON<\/a>&nbsp;<\/li>\n\n<li>Soci\u00e9t\u00e9 G\u00e9n\u00e9rale:&nbsp;<a href=\"mailto:nadia.aouam@socgen.com\">Nadia AOUAM<\/a><\/li>\n\n<li>Cr\u00e9dit Agricole:&nbsp;<a href=\"mailto:delphine.lavet@ca-centrest.fr\">Delphine LAVET<\/a><\/li><\/ul><p>Please note that our partner banks generally require students to have a guarantor residing in France.<\/p><h2 class=\"wp-block-heading\">Discover Anh, a Vietnamese student who received a scholarship to study at Esdes:<\/h2><p><\/p><iframe loading=\"lazy\" width=\"560\" height=\"315\" src=\"https:\/\/www.youtube.com\/embed\/mW2KiAE3zpA\" title=\"YouTube video player\" frameborder=\"0\" allow=\"accelerometer; autoplay; clipboard-write; encrypted-media; gyroscope; picture-in-picture\" allowfullscreen=\"\"><\/iframe><p><\/p><div class=\"wp-block-button js-fade-scroll\">\n\n    <a href=\"https:\/\/ressources.esdes.fr\/esdes-contact-us\" target=\"\" title=\"Contact us\" class=\"button primary\">Contact us<\/a>\n\n  <\/div><p><\/p>","protected":false},"excerpt":{"rendered":"<p>EXCELLENCE SCHOLARSHIP FOR INTERNATIONAL STUDENTSYou have to plan ahead to finance your studies. That\u2019s why the Esdes Business School offers a bursary of excellence [&hellip;]<\/p>\n","protected":false},"author":64,"featured_media":4794,"parent":4199,"menu_order":0,"comment_status":"closed","ping_status":"closed","template":"","meta":{"_acf_changed":false,"footnotes":""},"class_list":["post-4203","page","type-page","status-publish","has-post-thumbnail","hentry"],"acf":[],"yoast_head":"<!-- This site is optimized with the Yoast SEO plugin v24.1 - https:\/\/yoast.com\/wordpress\/plugins\/seo\/ -->\n<title>Financial aid - ESDES Business School<\/title>\n<meta name=\"robots\" content=\"index, follow, max-snippet:-1, max-image-preview:large, max-video-preview:-1\" \/>\n<link rel=\"canonical\" href=\"https:\/\/www.esdes.fr\/en\/welcome\/student-life-services\/financing\/financial-aid\/\" \/>\n<meta property=\"og:locale\" content=\"en_US\" \/>\n<meta property=\"og:type\" content=\"article\" \/>\n<meta property=\"og:title\" content=\"Financial aid - ESDES Business School\" \/>\n<meta property=\"og:description\" content=\"EXCELLENCE SCHOLARSHIP FOR INTERNATIONAL STUDENTSYou have to plan ahead to finance your studies. That\u2019s why the Esdes Business School offers a bursary of excellence [&hellip;]\" \/>\n<meta property=\"og:url\" content=\"https:\/\/www.esdes.fr\/en\/welcome\/student-life-services\/financing\/financial-aid\/\" \/>\n<meta property=\"og:site_name\" content=\"ESDES Business School\" \/>\n<meta property=\"article:modified_time\" content=\"2025-10-16T12:22:01+00:00\" \/>\n<meta property=\"og:image\" content=\"https:\/\/www.esdes.fr\/wp-content\/uploads\/sites\/12\/2020\/07\/aid.jpg\" \/>\n\t<meta property=\"og:image:width\" content=\"1920\" \/>\n\t<meta property=\"og:image:height\" content=\"575\" \/>\n\t<meta property=\"og:image:type\" content=\"image\/jpeg\" \/>\n<meta name=\"twitter:card\" content=\"summary_large_image\" \/>\n<meta name=\"twitter:label1\" content=\"Est. reading time\" \/>\n\t<meta name=\"twitter:data1\" content=\"2 minutes\" \/>\n<script type=\"application\/ld+json\" class=\"yoast-schema-graph\">{\"@context\":\"https:\/\/schema.org\",\"@graph\":[{\"@type\":\"WebPage\",\"@id\":\"https:\/\/www.esdes.fr\/en\/welcome\/student-life-services\/financing\/financial-aid\/\",\"url\":\"https:\/\/www.esdes.fr\/en\/welcome\/student-life-services\/financing\/financial-aid\/\",\"name\":\"Financial aid - ESDES Business School\",\"isPartOf\":{\"@id\":\"https:\/\/www.esdes.fr\/en\/#website\"},\"primaryImageOfPage\":{\"@id\":\"https:\/\/www.esdes.fr\/en\/welcome\/student-life-services\/financing\/financial-aid\/#primaryimage\"},\"image\":{\"@id\":\"https:\/\/www.esdes.fr\/en\/welcome\/student-life-services\/financing\/financial-aid\/#primaryimage\"},\"thumbnailUrl\":\"https:\/\/www.esdes.fr\/wp-content\/uploads\/sites\/12\/2020\/07\/aid.jpg\",\"datePublished\":\"2020-07-01T08:26:53+00:00\",\"dateModified\":\"2025-10-16T12:22:01+00:00\",\"breadcrumb\":{\"@id\":\"https:\/\/www.esdes.fr\/en\/welcome\/student-life-services\/financing\/financial-aid\/#breadcrumb\"},\"inLanguage\":\"en-US\",\"potentialAction\":[{\"@type\":\"ReadAction\",\"target\":[\"https:\/\/www.esdes.fr\/en\/welcome\/student-life-services\/financing\/financial-aid\/\"]}]},{\"@type\":\"ImageObject\",\"inLanguage\":\"en-US\",\"@id\":\"https:\/\/www.esdes.fr\/en\/welcome\/student-life-services\/financing\/financial-aid\/#primaryimage\",\"url\":\"https:\/\/www.esdes.fr\/wp-content\/uploads\/sites\/12\/2020\/07\/aid.jpg\",\"contentUrl\":\"https:\/\/www.esdes.fr\/wp-content\/uploads\/sites\/12\/2020\/07\/aid.jpg\",\"width\":1920,\"height\":575,\"caption\":\"header financial aid\"},{\"@type\":\"BreadcrumbList\",\"@id\":\"https:\/\/www.esdes.fr\/en\/welcome\/student-life-services\/financing\/financial-aid\/#breadcrumb\",\"itemListElement\":[{\"@type\":\"ListItem\",\"position\":1,\"name\":\"Accueil\",\"item\":\"https:\/\/www.esdes.fr\/en\/\"},{\"@type\":\"ListItem\",\"position\":2,\"name\":\"Welcome\",\"item\":\"https:\/\/www.esdes.fr\/en\/\"},{\"@type\":\"ListItem\",\"position\":3,\"name\":\"Student Life &#038; Services\",\"item\":\"https:\/\/www.esdes.fr\/en\/welcome\/student-life-services\/\"},{\"@type\":\"ListItem\",\"position\":4,\"name\":\"Financing\",\"item\":\"https:\/\/www.esdes.fr\/en\/welcome\/student-life-services\/financing\/\"},{\"@type\":\"ListItem\",\"position\":5,\"name\":\"Financial aid\"}]},{\"@type\":\"WebSite\",\"@id\":\"https:\/\/www.esdes.fr\/en\/#website\",\"url\":\"https:\/\/www.esdes.fr\/en\/\",\"name\":\"ESDES Business School\",\"description\":\"ESDES - Grande \u00c9cole de management et commerce\",\"publisher\":{\"@id\":\"https:\/\/www.esdes.fr\/en\/#organization\"},\"potentialAction\":[{\"@type\":\"SearchAction\",\"target\":{\"@type\":\"EntryPoint\",\"urlTemplate\":\"https:\/\/www.esdes.fr\/en\/?s={search_term_string}\"},\"query-input\":{\"@type\":\"PropertyValueSpecification\",\"valueRequired\":true,\"valueName\":\"search_term_string\"}}],\"inLanguage\":\"en-US\"},{\"@type\":\"Organization\",\"@id\":\"https:\/\/www.esdes.fr\/en\/#organization\",\"name\":\"ESDES Business School\",\"url\":\"https:\/\/www.esdes.fr\/en\/\",\"logo\":{\"@type\":\"ImageObject\",\"inLanguage\":\"en-US\",\"@id\":\"https:\/\/www.esdes.fr\/en\/#\/schema\/logo\/image\/\",\"url\":\"https:\/\/www.esdes.fr\/wp-content\/uploads\/sites\/12\/2020\/05\/logo-esdes-ucly_blanc-website-5.svg\",\"contentUrl\":\"https:\/\/www.esdes.fr\/wp-content\/uploads\/sites\/12\/2020\/05\/logo-esdes-ucly_blanc-website-5.svg\",\"caption\":\"ESDES Business School\"},\"image\":{\"@id\":\"https:\/\/www.esdes.fr\/en\/#\/schema\/logo\/image\/\"}}]}<\/script>\n<!-- \/ Yoast SEO plugin. -->","yoast_head_json":{"title":"Financial aid - ESDES Business School","robots":{"index":"index","follow":"follow","max-snippet":"max-snippet:-1","max-image-preview":"max-image-preview:large","max-video-preview":"max-video-preview:-1"},"canonical":"https:\/\/www.esdes.fr\/en\/welcome\/student-life-services\/financing\/financial-aid\/","og_locale":"en_US","og_type":"article","og_title":"Financial aid - ESDES Business School","og_description":"EXCELLENCE SCHOLARSHIP FOR INTERNATIONAL STUDENTSYou have to plan ahead to finance your studies. That\u2019s why the Esdes Business School offers a bursary of excellence [&hellip;]","og_url":"https:\/\/www.esdes.fr\/en\/welcome\/student-life-services\/financing\/financial-aid\/","og_site_name":"ESDES Business School","article_modified_time":"2025-10-16T12:22:01+00:00","og_image":[{"width":1920,"height":575,"url":"https:\/\/www.esdes.fr\/wp-content\/uploads\/sites\/12\/2020\/07\/aid.jpg","type":"image\/jpeg"}],"twitter_card":"summary_large_image","twitter_misc":{"Est. reading time":"2 minutes"},"schema":{"@context":"https:\/\/schema.org","@graph":[{"@type":"WebPage","@id":"https:\/\/www.esdes.fr\/en\/welcome\/student-life-services\/financing\/financial-aid\/","url":"https:\/\/www.esdes.fr\/en\/welcome\/student-life-services\/financing\/financial-aid\/","name":"Financial aid - ESDES Business School","isPartOf":{"@id":"https:\/\/www.esdes.fr\/en\/#website"},"primaryImageOfPage":{"@id":"https:\/\/www.esdes.fr\/en\/welcome\/student-life-services\/financing\/financial-aid\/#primaryimage"},"image":{"@id":"https:\/\/www.esdes.fr\/en\/welcome\/student-life-services\/financing\/financial-aid\/#primaryimage"},"thumbnailUrl":"https:\/\/www.esdes.fr\/wp-content\/uploads\/sites\/12\/2020\/07\/aid.jpg","datePublished":"2020-07-01T08:26:53+00:00","dateModified":"2025-10-16T12:22:01+00:00","breadcrumb":{"@id":"https:\/\/www.esdes.fr\/en\/welcome\/student-life-services\/financing\/financial-aid\/#breadcrumb"},"inLanguage":"en-US","potentialAction":[{"@type":"ReadAction","target":["https:\/\/www.esdes.fr\/en\/welcome\/student-life-services\/financing\/financial-aid\/"]}]},{"@type":"ImageObject","inLanguage":"en-US","@id":"https:\/\/www.esdes.fr\/en\/welcome\/student-life-services\/financing\/financial-aid\/#primaryimage","url":"https:\/\/www.esdes.fr\/wp-content\/uploads\/sites\/12\/2020\/07\/aid.jpg","contentUrl":"https:\/\/www.esdes.fr\/wp-content\/uploads\/sites\/12\/2020\/07\/aid.jpg","width":1920,"height":575,"caption":"header financial aid"},{"@type":"BreadcrumbList","@id":"https:\/\/www.esdes.fr\/en\/welcome\/student-life-services\/financing\/financial-aid\/#breadcrumb","itemListElement":[{"@type":"ListItem","position":1,"name":"Accueil","item":"https:\/\/www.esdes.fr\/en\/"},{"@type":"ListItem","position":2,"name":"Welcome","item":"https:\/\/www.esdes.fr\/en\/"},{"@type":"ListItem","position":3,"name":"Student Life &#038; Services","item":"https:\/\/www.esdes.fr\/en\/welcome\/student-life-services\/"},{"@type":"ListItem","position":4,"name":"Financing","item":"https:\/\/www.esdes.fr\/en\/welcome\/student-life-services\/financing\/"},{"@type":"ListItem","position":5,"name":"Financial aid"}]},{"@type":"WebSite","@id":"https:\/\/www.esdes.fr\/en\/#website","url":"https:\/\/www.esdes.fr\/en\/","name":"ESDES Business School","description":"ESDES - Grande \u00c9cole de management et commerce","publisher":{"@id":"https:\/\/www.esdes.fr\/en\/#organization"},"potentialAction":[{"@type":"SearchAction","target":{"@type":"EntryPoint","urlTemplate":"https:\/\/www.esdes.fr\/en\/?s={search_term_string}"},"query-input":{"@type":"PropertyValueSpecification","valueRequired":true,"valueName":"search_term_string"}}],"inLanguage":"en-US"},{"@type":"Organization","@id":"https:\/\/www.esdes.fr\/en\/#organization","name":"ESDES Business School","url":"https:\/\/www.esdes.fr\/en\/","logo":{"@type":"ImageObject","inLanguage":"en-US","@id":"https:\/\/www.esdes.fr\/en\/#\/schema\/logo\/image\/","url":"https:\/\/www.esdes.fr\/wp-content\/uploads\/sites\/12\/2020\/05\/logo-esdes-ucly_blanc-website-5.svg","contentUrl":"https:\/\/www.esdes.fr\/wp-content\/uploads\/sites\/12\/2020\/05\/logo-esdes-ucly_blanc-website-5.svg","caption":"ESDES Business School"},"image":{"@id":"https:\/\/www.esdes.fr\/en\/#\/schema\/logo\/image\/"}}]}},"_links":{"self":[{"href":"https:\/\/www.esdes.fr\/en\/wp-json\/wp\/v2\/pages\/4203","targetHints":{"allow":["GET"]}}],"collection":[{"href":"https:\/\/www.esdes.fr\/en\/wp-json\/wp\/v2\/pages"}],"about":[{"href":"https:\/\/www.esdes.fr\/en\/wp-json\/wp\/v2\/types\/page"}],"author":[{"embeddable":true,"href":"https:\/\/www.esdes.fr\/en\/wp-json\/wp\/v2\/users\/64"}],"replies":[{"embeddable":true,"href":"https:\/\/www.esdes.fr\/en\/wp-json\/wp\/v2\/comments?post=4203"}],"version-history":[{"count":2,"href":"https:\/\/www.esdes.fr\/en\/wp-json\/wp\/v2\/pages\/4203\/revisions"}],"predecessor-version":[{"id":49133,"href":"https:\/\/www.esdes.fr\/en\/wp-json\/wp\/v2\/pages\/4203\/revisions\/49133"}],"up":[{"embeddable":true,"href":"https:\/\/www.esdes.fr\/en\/wp-json\/wp\/v2\/pages\/4199"}],"wp:featuredmedia":[{"embeddable":true,"href":"https:\/\/www.esdes.fr\/en\/wp-json\/wp\/v2\/media\/4794"}],"wp:attachment":[{"href":"https:\/\/www.esdes.fr\/en\/wp-json\/wp\/v2\/media?parent=4203"}],"curies":[{"name":"wp","href":"https:\/\/api.w.org\/{rel}","templated":true}]}}