{"id":3954,"date":"2020-04-10T09:51:10","date_gmt":"2020-04-10T07:51:10","guid":{"rendered":"https:\/\/www.esdes.fr\/?page_id=3954"},"modified":"2024-05-23T15:22:02","modified_gmt":"2024-05-23T13:22:02","slug":"academic-departements","status":"publish","type":"page","link":"https:\/\/www.esdes.fr\/en\/welcome\/about-esdes\/pedagogy\/academic-departements\/","title":{"rendered":"Academic departements"},"content":{"rendered":"<p>ESDES has 50 full-time <a href=\"https:\/\/www.esdes.fr\/en\/welcome\/about-esdes\/pedagogy\/academic-staff\/\">faculty members<\/a>, 71% of whom have doctorates and almost half of whom are international.<\/p><p>The full-time faculty is organized into 5 departments, covering the teaching areas of the different Esdes programs. They teach in all the programs, with courses ranging from introduction to the subject all the way to advanced, for example in the Master's level MasterClasses (optional courses, closely related to the experts' research work).<\/p><h2 class=\"wp-block-heading\" id=\"business-development\">MANAGEMENT, HUMAN RESOURCES AND LEADERSHIP<\/h2><p>The <strong>Management, Human Resources and Leadership<\/strong> department brings together experts from different management disciplines such as Strategy, Entrepreneurship and Innovation, Purchasing and Supply Chain, as well as Human Resources Management and Organizational Behaviors.<\/p><p>They all work on the strategic challenges of business development: business creation, risk assessment, horizontal or vertical growth, involvement of external factors, and control of the supply chain, while ensuring responsible human resources management.<\/p><p>The approach to management is built around the values of respect, humanism and CSR, which are conveyed in the courses.<\/p><p>This department manages the <a href=\"https:\/\/www.ucly.fr\/vie-etudiante\/entreprendre-ucly\/\">CUBE, UCLy's start-up incubator<\/a> for students.<\/p><div class=\"wp-block-text-image\">\n  <div class=\"row align-bottom collapse\">\n    <div class=\"column small-12 medium-6 xlarge-5 xxlarge-expand wp-block-text-image-info js-fade-scroll\">\n      <p class=\"wp-block-text-image-title\">Nathalie Tessier<\/p>\n      <div class=\"wp-block-text-image-intro\"><p>Head of the Department of Management, Human Resources and Leadership<\/p>\n<p>PhD in management sciences<\/p>\n<p><a href=\"https:\/\/www.ucly.fr\/en\/research\/researchers\/discover-the-researchers\/tessier-nathalie-291-2\/\">Read more<\/a><\/p>\n<\/div>\n    <\/div>\n\n    <div class=\"column small-12 medium-6 xlarge-7 xxlarge-shrink wp-block-text-image-picture js-fade-scroll\">\n      <img loading=\"lazy\" decoding=\"async\" width=\"400\" height=\"400\" src=\"https:\/\/www.esdes.fr\/wp-content\/uploads\/sites\/12\/2020\/07\/tessier-400x400-1.jpg\" class=\"attachment-text_image size-text_image\" alt=\"Portrait EC Nathalie TESSIER\" srcset=\"https:\/\/www.esdes.fr\/wp-content\/uploads\/sites\/12\/2020\/07\/tessier-400x400-1.jpg 400w, https:\/\/www.esdes.fr\/wp-content\/uploads\/sites\/12\/2020\/07\/tessier-400x400-1-150x150.jpg 150w, https:\/\/www.esdes.fr\/wp-content\/uploads\/sites\/12\/2020\/07\/tessier-400x400-1-140x140.jpg 140w\" sizes=\"auto, (max-width: 400px) 100vw, 400px\" \/>    <\/div>\n  <\/div>\n<\/div><p><\/p><h2 class=\"wp-block-heading\" id=\"finance\"><strong>FINANCE<\/strong>, ACCOUNTING &amp; MANAGEMENT CONTROL<\/h2><p>This department brings together experts in finance (financial and analytical accounting, management control, financial analysis, financial markets, etc.), law (business law, labor law, tax law, etc.) and quantitative management techniques (quantitative methods, mathematics applied to management, etc.).<\/p><p>One of the roles of the <strong>Finance, accounting &amp; management control<\/strong> Department is contributing to the courses for preparation of the DSCG, in partnership with the <a href=\"https:\/\/www.leschartreux.com\/\">Institution des Chartreux.<\/a><\/p><div class=\"wp-block-text-image\">\n  <div class=\"row align-bottom collapse\">\n    <div class=\"column small-12 medium-6 xlarge-5 xxlarge-expand wp-block-text-image-info js-fade-scroll\">\n      <p class=\"wp-block-text-image-title\">Chamsa Fendri<\/p>\n      <div class=\"wp-block-text-image-intro\"><p>Head of the Department of Finance, accounting &amp; management control<\/p>\n<p>PhD in Management Sciences<\/p>\n<p><a href=\"https:\/\/www.ucly.fr\/en\/research\/researchers\/discover-the-researchers\/fendri-chamsa-238-2\/\">Read more<\/a><\/p>\n<\/div>\n    <\/div>\n\n    <div class=\"column small-12 medium-6 xlarge-7 xxlarge-shrink wp-block-text-image-picture js-fade-scroll\">\n      <img loading=\"lazy\" decoding=\"async\" width=\"400\" height=\"400\" src=\"https:\/\/www.esdes.fr\/wp-content\/uploads\/sites\/12\/2020\/07\/fendri-400x400-1.jpg\" class=\"attachment-text_image size-text_image\" alt=\"Portait EC Chamsa FENDRI\" srcset=\"https:\/\/www.esdes.fr\/wp-content\/uploads\/sites\/12\/2020\/07\/fendri-400x400-1.jpg 400w, https:\/\/www.esdes.fr\/wp-content\/uploads\/sites\/12\/2020\/07\/fendri-400x400-1-150x150.jpg 150w, https:\/\/www.esdes.fr\/wp-content\/uploads\/sites\/12\/2020\/07\/fendri-400x400-1-140x140.jpg 140w\" sizes=\"auto, (max-width: 400px) 100vw, 400px\" \/>    <\/div>\n  <\/div>\n<\/div><h2 class=\"wp-block-heading\" id=\"marketing-digital-business\"><strong>MARKETING &amp; DIGITAL BUSINESS<\/strong><\/h2><p>This department brings together experts in retail, trade, marketing and digital and data transformation:<br>consumer behavior, innovation and product, brand management, advertising, influence, Big data, negotiation, digital transformation...<\/p><p>Quantitative and qualitative analysis, surveys and field investigations are among their areas of expertise. Marketing experts teach their students to understand consumer behavior in order to better guide it.<\/p><div class=\"wp-block-text-image\">\n  <div class=\"row align-bottom collapse\">\n    <div class=\"column small-12 medium-6 xlarge-5 xxlarge-expand wp-block-text-image-info js-fade-scroll\">\n      <p class=\"wp-block-text-image-title\">Pierre Pir\u00e9-Lechalard<\/p>\n      <div class=\"wp-block-text-image-intro\"><p>Head of the Department of Marketing &amp; Digital Business<\/p>\n<p>PhD in Management Sciences<\/p>\n<p><a href=\"https:\/\/www.ucly.fr\/en\/research\/researchers\/discover-the-researchers\/pire-lechalard-pierre-16242-2\/\">Read more<\/a><\/p>\n<\/div>\n    <\/div>\n\n    <div class=\"column small-12 medium-6 xlarge-7 xxlarge-shrink wp-block-text-image-picture js-fade-scroll\">\n          <\/div>\n  <\/div>\n<\/div><p><\/p><h2 class=\"wp-block-heading\">STRATEGY, ENTREPRENEURSHIP AND INTERNATIONAL BUSINESS<\/h2><div class=\"wp-block-text-image\">\n  <div class=\"row align-bottom collapse\">\n    <div class=\"column small-12 medium-6 xlarge-5 xxlarge-expand wp-block-text-image-info js-fade-scroll\">\n      <p class=\"wp-block-text-image-title\">Rosalie DOUYON<\/p>\n      <div class=\"wp-block-text-image-intro\"><p>Head of the Department of Strategy, Entrepreneurship and International Business<\/p>\n<p><a href=\"https:\/\/www.ucly.fr\/en\/research\/researchers\/discover-the-researchers\/douyon-rosalie-14653-2\/\">Read more<\/a><\/p>\n<\/div>\n    <\/div>\n\n    <div class=\"column small-12 medium-6 xlarge-7 xxlarge-shrink wp-block-text-image-picture js-fade-scroll\">\n      <img loading=\"lazy\" decoding=\"async\" width=\"400\" height=\"400\" src=\"https:\/\/www.esdes.fr\/wp-content\/uploads\/sites\/12\/2021\/10\/douyon-rosalie.jpg\" class=\"attachment-text_image size-text_image\" alt=\"portrait EC DOUYON Rosalie\" srcset=\"https:\/\/www.esdes.fr\/wp-content\/uploads\/sites\/12\/2021\/10\/douyon-rosalie.jpg 400w, https:\/\/www.esdes.fr\/wp-content\/uploads\/sites\/12\/2021\/10\/douyon-rosalie-150x150.jpg 150w, https:\/\/www.esdes.fr\/wp-content\/uploads\/sites\/12\/2021\/10\/douyon-rosalie-140x140.jpg 140w\" sizes=\"auto, (max-width: 400px) 100vw, 400px\" \/>    <\/div>\n  <\/div>\n<\/div><div class=\"wp-block-cross-content js-fade-scroll\">\n    <p class=\"wp-block-cross-content-title\">Read more<\/p>\n            <div class=\"row wp-block-cross-content-row\">\n                                <div class=\"column small-12 medium-6 large-4 wp-block-cross-content-col\">\n                        <a class=\"wp-block-cross-content-top\" href=\"https:\/\/www.esdes.fr\/en\/welcome\/about-esdes\/pedagogy\/teaching-model\/\" title=\"Teaching model\">\n                            <span class=\"wp-block-cross-content-name\">Teaching model<\/span>\n                            <span class=\"wp-block-cross-content-image\"><img loading=\"lazy\" decoding=\"async\" width=\"630\" height=\"570\" src=\"https:\/\/www.esdes.fr\/wp-content\/uploads\/sites\/12\/2020\/10\/header-methode-pedagogique-630x570.png\" class=\" wp-post-image\" alt=\"header-methode-pedagogique\" \/><\/span>\n                            <span class=\"wp-block-cross-content-more\">\n                                <span class=\"icon-more\"><\/span>\n                            <\/span>\n                        <\/a>\n                        <div class=\"wp-block-cross-content-excerpt\"><\/div>\n                    <\/div>\n                                                <div class=\"column small-12 medium-6 large-4 wp-block-cross-content-col\">\n                        <a class=\"wp-block-cross-content-top\" href=\"https:\/\/www.esdes.fr\/en\/welcome\/research\/isbo\/the-team\/\" title=\"The Research Team\">\n                            <span class=\"wp-block-cross-content-name\">The Research Team<\/span>\n                            <span class=\"wp-block-cross-content-image\"><img loading=\"lazy\" decoding=\"async\" width=\"630\" height=\"570\" src=\"https:\/\/www.esdes.fr\/wp-content\/uploads\/sites\/12\/2020\/07\/1920x575_enseignants_chercheurs-630x570.jpg\" class=\" wp-post-image\" alt=\"header enseignants chercheurs\" \/><\/span>\n                            <span class=\"wp-block-cross-content-more\">\n                                <span class=\"icon-more\"><\/span>\n                            <\/span>\n                        <\/a>\n                        <div class=\"wp-block-cross-content-excerpt\"><\/div>\n                    <\/div>\n                                                <div class=\"column small-12 medium-6 large-4 wp-block-cross-content-col\">\n                        <a class=\"wp-block-cross-content-top\" href=\"https:\/\/www.esdes.fr\/en\/welcome\/programs\/\" title=\"Course finder\">\n                            <span class=\"wp-block-cross-content-name\">Course finder<\/span>\n                            <span class=\"wp-block-cross-content-image\"><\/span>\n                            <span class=\"wp-block-cross-content-more\">\n                                <span class=\"icon-more\"><\/span>\n                            <\/span>\n                        <\/a>\n                        <div class=\"wp-block-cross-content-excerpt\"><\/div>\n                    <\/div>\n                                    <\/div>\n    <\/div>","protected":false},"excerpt":{"rendered":"<p>ESDES has 50 full-time faculty members, 71% of whom have doctorates and almost half of whom are international.The full-time faculty is organized into 5 [&hellip;]<\/p>\n","protected":false},"author":64,"featured_media":2379,"parent":3948,"menu_order":0,"comment_status":"closed","ping_status":"closed","template":"","meta":{"_acf_changed":false,"footnotes":""},"class_list":["post-3954","page","type-page","status-publish","has-post-thumbnail","hentry"],"acf":[],"yoast_head":"<!-- This site is optimized with the Yoast SEO plugin v24.1 - https:\/\/yoast.com\/wordpress\/plugins\/seo\/ -->\n<title>Academic departements - ESDES Business School<\/title>\n<meta name=\"robots\" content=\"index, follow, max-snippet:-1, max-image-preview:large, max-video-preview:-1\" \/>\n<link rel=\"canonical\" href=\"https:\/\/www.esdes.fr\/en\/welcome\/about-esdes\/pedagogy\/academic-departements\/\" \/>\n<meta property=\"og:locale\" content=\"en_US\" \/>\n<meta property=\"og:type\" content=\"article\" \/>\n<meta property=\"og:title\" content=\"Academic departements - ESDES Business School\" \/>\n<meta property=\"og:description\" content=\"ESDES has 50 full-time faculty members, 71% of whom have doctorates and almost half of whom are international.The full-time faculty is organized into 5 [&hellip;]\" \/>\n<meta property=\"og:url\" content=\"https:\/\/www.esdes.fr\/en\/welcome\/about-esdes\/pedagogy\/academic-departements\/\" \/>\n<meta property=\"og:site_name\" content=\"ESDES Business School\" \/>\n<meta property=\"article:modified_time\" content=\"2024-05-23T13:22:02+00:00\" \/>\n<meta property=\"og:image\" content=\"https:\/\/www.esdes.fr\/wp-content\/uploads\/sites\/12\/2020\/05\/1920x575-campus-bibliotheque.jpg\" \/>\n\t<meta property=\"og:image:width\" content=\"1920\" \/>\n\t<meta property=\"og:image:height\" content=\"575\" \/>\n\t<meta property=\"og:image:type\" content=\"image\/jpeg\" \/>\n<meta name=\"twitter:card\" content=\"summary_large_image\" \/>\n<meta name=\"twitter:label1\" content=\"Est. reading time\" \/>\n\t<meta name=\"twitter:data1\" content=\"2 minutes\" \/>\n<script type=\"application\/ld+json\" class=\"yoast-schema-graph\">{\"@context\":\"https:\/\/schema.org\",\"@graph\":[{\"@type\":\"WebPage\",\"@id\":\"https:\/\/www.esdes.fr\/en\/welcome\/about-esdes\/pedagogy\/academic-departements\/\",\"url\":\"https:\/\/www.esdes.fr\/en\/welcome\/about-esdes\/pedagogy\/academic-departements\/\",\"name\":\"Academic departements - ESDES Business School\",\"isPartOf\":{\"@id\":\"https:\/\/www.esdes.fr\/en\/#website\"},\"primaryImageOfPage\":{\"@id\":\"https:\/\/www.esdes.fr\/en\/welcome\/about-esdes\/pedagogy\/academic-departements\/#primaryimage\"},\"image\":{\"@id\":\"https:\/\/www.esdes.fr\/en\/welcome\/about-esdes\/pedagogy\/academic-departements\/#primaryimage\"},\"thumbnailUrl\":\"https:\/\/www.esdes.fr\/wp-content\/uploads\/sites\/12\/2020\/05\/1920x575-campus-bibliotheque.jpg\",\"datePublished\":\"2020-04-10T07:51:10+00:00\",\"dateModified\":\"2024-05-23T13:22:02+00:00\",\"breadcrumb\":{\"@id\":\"https:\/\/www.esdes.fr\/en\/welcome\/about-esdes\/pedagogy\/academic-departements\/#breadcrumb\"},\"inLanguage\":\"en-US\",\"potentialAction\":[{\"@type\":\"ReadAction\",\"target\":[\"https:\/\/www.esdes.fr\/en\/welcome\/about-esdes\/pedagogy\/academic-departements\/\"]}]},{\"@type\":\"ImageObject\",\"inLanguage\":\"en-US\",\"@id\":\"https:\/\/www.esdes.fr\/en\/welcome\/about-esdes\/pedagogy\/academic-departements\/#primaryimage\",\"url\":\"https:\/\/www.esdes.fr\/wp-content\/uploads\/sites\/12\/2020\/05\/1920x575-campus-bibliotheque.jpg\",\"contentUrl\":\"https:\/\/www.esdes.fr\/wp-content\/uploads\/sites\/12\/2020\/05\/1920x575-campus-bibliotheque.jpg\",\"width\":1920,\"height\":575,\"caption\":\"header biblioth\u00e8que campus saint paul \u00e9tudiants qui r\u00e9visent\"},{\"@type\":\"BreadcrumbList\",\"@id\":\"https:\/\/www.esdes.fr\/en\/welcome\/about-esdes\/pedagogy\/academic-departements\/#breadcrumb\",\"itemListElement\":[{\"@type\":\"ListItem\",\"position\":1,\"name\":\"Accueil\",\"item\":\"https:\/\/www.esdes.fr\/en\/\"},{\"@type\":\"ListItem\",\"position\":2,\"name\":\"Welcome\",\"item\":\"https:\/\/www.esdes.fr\/en\/\"},{\"@type\":\"ListItem\",\"position\":3,\"name\":\"About Esdes\",\"item\":\"https:\/\/www.esdes.fr\/en\/welcome\/about-esdes\/\"},{\"@type\":\"ListItem\",\"position\":4,\"name\":\"Pedagogy\",\"item\":\"https:\/\/www.esdes.fr\/en\/welcome\/about-esdes\/pedagogy\/\"},{\"@type\":\"ListItem\",\"position\":5,\"name\":\"Academic departements\"}]},{\"@type\":\"WebSite\",\"@id\":\"https:\/\/www.esdes.fr\/en\/#website\",\"url\":\"https:\/\/www.esdes.fr\/en\/\",\"name\":\"ESDES Business School\",\"description\":\"ESDES - Grande \u00c9cole de management et commerce\",\"publisher\":{\"@id\":\"https:\/\/www.esdes.fr\/en\/#organization\"},\"potentialAction\":[{\"@type\":\"SearchAction\",\"target\":{\"@type\":\"EntryPoint\",\"urlTemplate\":\"https:\/\/www.esdes.fr\/en\/?s={search_term_string}\"},\"query-input\":{\"@type\":\"PropertyValueSpecification\",\"valueRequired\":true,\"valueName\":\"search_term_string\"}}],\"inLanguage\":\"en-US\"},{\"@type\":\"Organization\",\"@id\":\"https:\/\/www.esdes.fr\/en\/#organization\",\"name\":\"ESDES Business School\",\"url\":\"https:\/\/www.esdes.fr\/en\/\",\"logo\":{\"@type\":\"ImageObject\",\"inLanguage\":\"en-US\",\"@id\":\"https:\/\/www.esdes.fr\/en\/#\/schema\/logo\/image\/\",\"url\":\"https:\/\/www.esdes.fr\/wp-content\/uploads\/sites\/12\/2020\/05\/logo-esdes-ucly_blanc-website-5.svg\",\"contentUrl\":\"https:\/\/www.esdes.fr\/wp-content\/uploads\/sites\/12\/2020\/05\/logo-esdes-ucly_blanc-website-5.svg\",\"caption\":\"ESDES Business School\"},\"image\":{\"@id\":\"https:\/\/www.esdes.fr\/en\/#\/schema\/logo\/image\/\"}}]}<\/script>\n<!-- \/ Yoast SEO plugin. -->","yoast_head_json":{"title":"Academic departements - ESDES Business School","robots":{"index":"index","follow":"follow","max-snippet":"max-snippet:-1","max-image-preview":"max-image-preview:large","max-video-preview":"max-video-preview:-1"},"canonical":"https:\/\/www.esdes.fr\/en\/welcome\/about-esdes\/pedagogy\/academic-departements\/","og_locale":"en_US","og_type":"article","og_title":"Academic departements - ESDES Business School","og_description":"ESDES has 50 full-time faculty members, 71% of whom have doctorates and almost half of whom are international.The full-time faculty is organized into 5 [&hellip;]","og_url":"https:\/\/www.esdes.fr\/en\/welcome\/about-esdes\/pedagogy\/academic-departements\/","og_site_name":"ESDES Business School","article_modified_time":"2024-05-23T13:22:02+00:00","og_image":[{"width":1920,"height":575,"url":"https:\/\/www.esdes.fr\/wp-content\/uploads\/sites\/12\/2020\/05\/1920x575-campus-bibliotheque.jpg","type":"image\/jpeg"}],"twitter_card":"summary_large_image","twitter_misc":{"Est. reading time":"2 minutes"},"schema":{"@context":"https:\/\/schema.org","@graph":[{"@type":"WebPage","@id":"https:\/\/www.esdes.fr\/en\/welcome\/about-esdes\/pedagogy\/academic-departements\/","url":"https:\/\/www.esdes.fr\/en\/welcome\/about-esdes\/pedagogy\/academic-departements\/","name":"Academic departements - ESDES Business School","isPartOf":{"@id":"https:\/\/www.esdes.fr\/en\/#website"},"primaryImageOfPage":{"@id":"https:\/\/www.esdes.fr\/en\/welcome\/about-esdes\/pedagogy\/academic-departements\/#primaryimage"},"image":{"@id":"https:\/\/www.esdes.fr\/en\/welcome\/about-esdes\/pedagogy\/academic-departements\/#primaryimage"},"thumbnailUrl":"https:\/\/www.esdes.fr\/wp-content\/uploads\/sites\/12\/2020\/05\/1920x575-campus-bibliotheque.jpg","datePublished":"2020-04-10T07:51:10+00:00","dateModified":"2024-05-23T13:22:02+00:00","breadcrumb":{"@id":"https:\/\/www.esdes.fr\/en\/welcome\/about-esdes\/pedagogy\/academic-departements\/#breadcrumb"},"inLanguage":"en-US","potentialAction":[{"@type":"ReadAction","target":["https:\/\/www.esdes.fr\/en\/welcome\/about-esdes\/pedagogy\/academic-departements\/"]}]},{"@type":"ImageObject","inLanguage":"en-US","@id":"https:\/\/www.esdes.fr\/en\/welcome\/about-esdes\/pedagogy\/academic-departements\/#primaryimage","url":"https:\/\/www.esdes.fr\/wp-content\/uploads\/sites\/12\/2020\/05\/1920x575-campus-bibliotheque.jpg","contentUrl":"https:\/\/www.esdes.fr\/wp-content\/uploads\/sites\/12\/2020\/05\/1920x575-campus-bibliotheque.jpg","width":1920,"height":575,"caption":"header biblioth\u00e8que campus saint paul \u00e9tudiants qui r\u00e9visent"},{"@type":"BreadcrumbList","@id":"https:\/\/www.esdes.fr\/en\/welcome\/about-esdes\/pedagogy\/academic-departements\/#breadcrumb","itemListElement":[{"@type":"ListItem","position":1,"name":"Accueil","item":"https:\/\/www.esdes.fr\/en\/"},{"@type":"ListItem","position":2,"name":"Welcome","item":"https:\/\/www.esdes.fr\/en\/"},{"@type":"ListItem","position":3,"name":"About Esdes","item":"https:\/\/www.esdes.fr\/en\/welcome\/about-esdes\/"},{"@type":"ListItem","position":4,"name":"Pedagogy","item":"https:\/\/www.esdes.fr\/en\/welcome\/about-esdes\/pedagogy\/"},{"@type":"ListItem","position":5,"name":"Academic departements"}]},{"@type":"WebSite","@id":"https:\/\/www.esdes.fr\/en\/#website","url":"https:\/\/www.esdes.fr\/en\/","name":"ESDES Business School","description":"ESDES - Grande \u00c9cole de management et commerce","publisher":{"@id":"https:\/\/www.esdes.fr\/en\/#organization"},"potentialAction":[{"@type":"SearchAction","target":{"@type":"EntryPoint","urlTemplate":"https:\/\/www.esdes.fr\/en\/?s={search_term_string}"},"query-input":{"@type":"PropertyValueSpecification","valueRequired":true,"valueName":"search_term_string"}}],"inLanguage":"en-US"},{"@type":"Organization","@id":"https:\/\/www.esdes.fr\/en\/#organization","name":"ESDES Business School","url":"https:\/\/www.esdes.fr\/en\/","logo":{"@type":"ImageObject","inLanguage":"en-US","@id":"https:\/\/www.esdes.fr\/en\/#\/schema\/logo\/image\/","url":"https:\/\/www.esdes.fr\/wp-content\/uploads\/sites\/12\/2020\/05\/logo-esdes-ucly_blanc-website-5.svg","contentUrl":"https:\/\/www.esdes.fr\/wp-content\/uploads\/sites\/12\/2020\/05\/logo-esdes-ucly_blanc-website-5.svg","caption":"ESDES Business School"},"image":{"@id":"https:\/\/www.esdes.fr\/en\/#\/schema\/logo\/image\/"}}]}},"_links":{"self":[{"href":"https:\/\/www.esdes.fr\/en\/wp-json\/wp\/v2\/pages\/3954","targetHints":{"allow":["GET"]}}],"collection":[{"href":"https:\/\/www.esdes.fr\/en\/wp-json\/wp\/v2\/pages"}],"about":[{"href":"https:\/\/www.esdes.fr\/en\/wp-json\/wp\/v2\/types\/page"}],"author":[{"embeddable":true,"href":"https:\/\/www.esdes.fr\/en\/wp-json\/wp\/v2\/users\/64"}],"replies":[{"embeddable":true,"href":"https:\/\/www.esdes.fr\/en\/wp-json\/wp\/v2\/comments?post=3954"}],"version-history":[{"count":29,"href":"https:\/\/www.esdes.fr\/en\/wp-json\/wp\/v2\/pages\/3954\/revisions"}],"predecessor-version":[{"id":39153,"href":"https:\/\/www.esdes.fr\/en\/wp-json\/wp\/v2\/pages\/3954\/revisions\/39153"}],"up":[{"embeddable":true,"href":"https:\/\/www.esdes.fr\/en\/wp-json\/wp\/v2\/pages\/3948"}],"wp:featuredmedia":[{"embeddable":true,"href":"https:\/\/www.esdes.fr\/en\/wp-json\/wp\/v2\/media\/2379"}],"wp:attachment":[{"href":"https:\/\/www.esdes.fr\/en\/wp-json\/wp\/v2\/media?parent=3954"}],"curies":[{"name":"wp","href":"https:\/\/api.w.org\/{rel}","templated":true}]}}