{"id":3948,"date":"2020-02-13T11:32:59","date_gmt":"2020-02-13T10:32:59","guid":{"rendered":"https:\/\/www.esdes.fr\/?page_id=3948"},"modified":"2024-02-27T10:09:46","modified_gmt":"2024-02-27T09:09:46","slug":"pedagogy","status":"publish","type":"page","link":"https:\/\/www.esdes.fr\/en\/welcome\/about-esdes\/pedagogy\/","title":{"rendered":"Pedagogy"},"content":{"rendered":"<p>With 1 teacher for every 25 students, Esdes offers one of the best student-teacher ratios among the Grande Ecole business schools.<\/p><p>Students benefit fully from <a href=\"https:\/\/www.esdes.fr\/en\/welcome\/about-esdes\/pedagogy\/academic-departements\/\">the dual expertise of the faculty<\/a>:<\/p><ul class=\"wp-block-list\"><li>reasearch professors recognized by the academic community for their high qualifications and the quality of their research work<\/li>\n\n<li>professional contributors who share their experience in the business world.<\/li><\/ul><p>We train future managers by combining theoretical (lectures) and practical courses. This diversity in <a href=\"https:\/\/www.esdes.fr\/en\/welcome\/about-esdes\/pedagogy\/teaching-model\/\">teaching methods<\/a> is the basis of the excellence of the teaching model.<\/p><p>We are building a school on a human scale by offering a proximity between teachers and students that you will not find anywhere else. And because we want everyone to succeed, each student progresses at his or her own pace and can benefit from the support he or she needs.<\/p><p>Our teaching and supervisory teams also offer support to help you in your search for <a href=\"https:\/\/www.esdes.fr\/en\/welcome\/about-esdes\/professionalization\/internships\/\">internships,<\/a> work-study programs, or in the launch of your projects. They regularly share offers sent by companies and organize seminars to help you write your CV and cover letter. Maximise your chances by joining Esdes!<\/p><p>We also organize multiple events in order to integrate international students coming from all around the world in our campuses. We help you in your administration tasks, be sure that our team will be available whenever you need !<\/p><p>In addition to the courses and application projects, students have the opportunity to&nbsp;access numerous <a href=\"https:\/\/www.esdes.fr\/accueil\/lecole\/espace-presse\/tous-les-evenements\/\">conferences<\/a> to develop their knowledge and curiosity. Presented by researchers from the school or external speakers, many topics are discussed throughout the year.<\/p><p>Studying in a Grande Ecole business school also means adhering to its <a href=\"https:\/\/www.esdes.fr\/en\/welcome\/about-esdes\/presentation-of-esdes\/esdes-business-school\/\">values<\/a>. At Esdes, we want to transmit these values in our pedagogy: responsibility, mutual aid and open-mindedness will be taught to you through humanitarian and social projects all along your cursus. For example, disability awareness days are organized every year on our campus.<\/p><div class=\"wp-block-cross-content js-fade-scroll\">\n    <p class=\"wp-block-cross-content-title\">Discover more<\/p>\n            <div class=\"row wp-block-cross-content-row\">\n                                <div class=\"column small-12 medium-6 large-4 wp-block-cross-content-col\">\n                        <a class=\"wp-block-cross-content-top\" href=\"https:\/\/www.esdes.fr\/en\/welcome\/about-esdes\/pedagogy\/teaching-model\/\" title=\"Teaching model\">\n                            <span class=\"wp-block-cross-content-name\">Teaching model<\/span>\n                            <span class=\"wp-block-cross-content-image\"><img loading=\"lazy\" decoding=\"async\" width=\"630\" height=\"570\" src=\"https:\/\/www.esdes.fr\/wp-content\/uploads\/sites\/12\/2020\/10\/header-methode-pedagogique-630x570.png\" class=\" wp-post-image\" alt=\"header-methode-pedagogique\" \/><\/span>\n                            <span class=\"wp-block-cross-content-more\">\n                                <span class=\"icon-more\"><\/span>\n                            <\/span>\n                        <\/a>\n                        <div class=\"wp-block-cross-content-excerpt\"><\/div>\n                    <\/div>\n                                                <div class=\"column small-12 medium-6 large-4 wp-block-cross-content-col\">\n                        <a class=\"wp-block-cross-content-top\" href=\"https:\/\/www.esdes.fr\/en\/welcome\/about-esdes\/pedagogy\/academic-departements\/\" title=\"Academic departements\">\n                            <span class=\"wp-block-cross-content-name\">Academic departements<\/span>\n                            <span class=\"wp-block-cross-content-image\"><img loading=\"lazy\" decoding=\"async\" width=\"630\" height=\"570\" src=\"https:\/\/www.esdes.fr\/wp-content\/uploads\/sites\/12\/2020\/05\/1920x575-campus-bibliotheque-630x570.jpg\" class=\" wp-post-image\" alt=\"header biblioth\u00e8que campus saint paul \u00e9tudiants qui r\u00e9visent\" \/><\/span>\n                            <span class=\"wp-block-cross-content-more\">\n                                <span class=\"icon-more\"><\/span>\n                            <\/span>\n                        <\/a>\n                        <div class=\"wp-block-cross-content-excerpt\"><\/div>\n                    <\/div>\n                                                <div class=\"column small-12 medium-6 large-4 wp-block-cross-content-col\">\n                        <a class=\"wp-block-cross-content-top\" href=\"https:\/\/www.esdes.fr\/en\/welcome\/about-esdes\/pedagogy\/academic-staff\/\" title=\"Academic staff\">\n                            <span class=\"wp-block-cross-content-name\">Academic staff<\/span>\n                            <span class=\"wp-block-cross-content-image\"><img loading=\"lazy\" decoding=\"async\" width=\"630\" height=\"570\" src=\"https:\/\/www.esdes.fr\/wp-content\/uploads\/sites\/12\/2020\/07\/1920x575_enseignants_chercheurs-630x570.jpg\" class=\" wp-post-image\" alt=\"header enseignants chercheurs\" \/><\/span>\n                            <span class=\"wp-block-cross-content-more\">\n                                <span class=\"icon-more\"><\/span>\n                            <\/span>\n                        <\/a>\n                        <div class=\"wp-block-cross-content-excerpt\"><\/div>\n                    <\/div>\n                                    <\/div>\n    <\/div>","protected":false},"excerpt":{"rendered":"<p>With 1 teacher for every 25 students, Esdes offers one of the best student-teacher ratios among the Grande Ecole business schools.Students benefit fully from [&hellip;]<\/p>\n","protected":false},"author":64,"featured_media":9528,"parent":3919,"menu_order":0,"comment_status":"closed","ping_status":"closed","template":"","meta":{"_acf_changed":false,"footnotes":""},"class_list":["post-3948","page","type-page","status-publish","has-post-thumbnail","hentry"],"acf":[],"yoast_head":"<!-- This site is optimized with the Yoast SEO plugin v24.1 - https:\/\/yoast.com\/wordpress\/plugins\/seo\/ -->\n<title>Pedagogy - ESDES Business School<\/title>\n<meta name=\"robots\" content=\"index, follow, max-snippet:-1, max-image-preview:large, max-video-preview:-1\" \/>\n<link rel=\"canonical\" href=\"https:\/\/www.esdes.fr\/en\/welcome\/about-esdes\/pedagogy\/\" \/>\n<meta property=\"og:locale\" content=\"en_US\" \/>\n<meta property=\"og:type\" content=\"article\" \/>\n<meta property=\"og:title\" content=\"Pedagogy - ESDES Business School\" \/>\n<meta property=\"og:description\" content=\"With 1 teacher for every 25 students, Esdes offers one of the best student-teacher ratios among the Grande Ecole business schools.Students benefit fully from [&hellip;]\" \/>\n<meta property=\"og:url\" content=\"https:\/\/www.esdes.fr\/en\/welcome\/about-esdes\/pedagogy\/\" \/>\n<meta property=\"og:site_name\" content=\"ESDES Business School\" \/>\n<meta property=\"article:modified_time\" content=\"2024-02-27T09:09:46+00:00\" \/>\n<meta property=\"og:image\" content=\"https:\/\/www.esdes.fr\/wp-content\/uploads\/sites\/12\/2020\/10\/header-pedagogie.png\" \/>\n\t<meta property=\"og:image:width\" content=\"1920\" \/>\n\t<meta property=\"og:image:height\" content=\"575\" \/>\n\t<meta property=\"og:image:type\" content=\"image\/png\" \/>\n<meta name=\"twitter:card\" content=\"summary_large_image\" \/>\n<meta name=\"twitter:label1\" content=\"Est. reading time\" \/>\n\t<meta name=\"twitter:data1\" content=\"2 minutes\" \/>\n<script type=\"application\/ld+json\" class=\"yoast-schema-graph\">{\"@context\":\"https:\/\/schema.org\",\"@graph\":[{\"@type\":\"WebPage\",\"@id\":\"https:\/\/www.esdes.fr\/en\/welcome\/about-esdes\/pedagogy\/\",\"url\":\"https:\/\/www.esdes.fr\/en\/welcome\/about-esdes\/pedagogy\/\",\"name\":\"Pedagogy - ESDES Business School\",\"isPartOf\":{\"@id\":\"https:\/\/www.esdes.fr\/en\/#website\"},\"primaryImageOfPage\":{\"@id\":\"https:\/\/www.esdes.fr\/en\/welcome\/about-esdes\/pedagogy\/#primaryimage\"},\"image\":{\"@id\":\"https:\/\/www.esdes.fr\/en\/welcome\/about-esdes\/pedagogy\/#primaryimage\"},\"thumbnailUrl\":\"https:\/\/www.esdes.fr\/wp-content\/uploads\/sites\/12\/2020\/10\/header-pedagogie.png\",\"datePublished\":\"2020-02-13T10:32:59+00:00\",\"dateModified\":\"2024-02-27T09:09:46+00:00\",\"breadcrumb\":{\"@id\":\"https:\/\/www.esdes.fr\/en\/welcome\/about-esdes\/pedagogy\/#breadcrumb\"},\"inLanguage\":\"en-US\",\"potentialAction\":[{\"@type\":\"ReadAction\",\"target\":[\"https:\/\/www.esdes.fr\/en\/welcome\/about-esdes\/pedagogy\/\"]}]},{\"@type\":\"ImageObject\",\"inLanguage\":\"en-US\",\"@id\":\"https:\/\/www.esdes.fr\/en\/welcome\/about-esdes\/pedagogy\/#primaryimage\",\"url\":\"https:\/\/www.esdes.fr\/wp-content\/uploads\/sites\/12\/2020\/10\/header-pedagogie.png\",\"contentUrl\":\"https:\/\/www.esdes.fr\/wp-content\/uploads\/sites\/12\/2020\/10\/header-pedagogie.png\",\"width\":1920,\"height\":575,\"caption\":\"header-pedagogie\"},{\"@type\":\"BreadcrumbList\",\"@id\":\"https:\/\/www.esdes.fr\/en\/welcome\/about-esdes\/pedagogy\/#breadcrumb\",\"itemListElement\":[{\"@type\":\"ListItem\",\"position\":1,\"name\":\"Accueil\",\"item\":\"https:\/\/www.esdes.fr\/en\/\"},{\"@type\":\"ListItem\",\"position\":2,\"name\":\"Welcome\",\"item\":\"https:\/\/www.esdes.fr\/en\/\"},{\"@type\":\"ListItem\",\"position\":3,\"name\":\"About Esdes\",\"item\":\"https:\/\/www.esdes.fr\/en\/welcome\/about-esdes\/\"},{\"@type\":\"ListItem\",\"position\":4,\"name\":\"Pedagogy\"}]},{\"@type\":\"WebSite\",\"@id\":\"https:\/\/www.esdes.fr\/en\/#website\",\"url\":\"https:\/\/www.esdes.fr\/en\/\",\"name\":\"ESDES Business School\",\"description\":\"ESDES - Grande \u00c9cole de management et commerce\",\"publisher\":{\"@id\":\"https:\/\/www.esdes.fr\/en\/#organization\"},\"potentialAction\":[{\"@type\":\"SearchAction\",\"target\":{\"@type\":\"EntryPoint\",\"urlTemplate\":\"https:\/\/www.esdes.fr\/en\/?s={search_term_string}\"},\"query-input\":{\"@type\":\"PropertyValueSpecification\",\"valueRequired\":true,\"valueName\":\"search_term_string\"}}],\"inLanguage\":\"en-US\"},{\"@type\":\"Organization\",\"@id\":\"https:\/\/www.esdes.fr\/en\/#organization\",\"name\":\"ESDES Business School\",\"url\":\"https:\/\/www.esdes.fr\/en\/\",\"logo\":{\"@type\":\"ImageObject\",\"inLanguage\":\"en-US\",\"@id\":\"https:\/\/www.esdes.fr\/en\/#\/schema\/logo\/image\/\",\"url\":\"https:\/\/www.esdes.fr\/wp-content\/uploads\/sites\/12\/2020\/05\/logo-esdes-ucly_blanc-website-5.svg\",\"contentUrl\":\"https:\/\/www.esdes.fr\/wp-content\/uploads\/sites\/12\/2020\/05\/logo-esdes-ucly_blanc-website-5.svg\",\"caption\":\"ESDES Business School\"},\"image\":{\"@id\":\"https:\/\/www.esdes.fr\/en\/#\/schema\/logo\/image\/\"}}]}<\/script>\n<!-- \/ Yoast SEO plugin. -->","yoast_head_json":{"title":"Pedagogy - ESDES Business School","robots":{"index":"index","follow":"follow","max-snippet":"max-snippet:-1","max-image-preview":"max-image-preview:large","max-video-preview":"max-video-preview:-1"},"canonical":"https:\/\/www.esdes.fr\/en\/welcome\/about-esdes\/pedagogy\/","og_locale":"en_US","og_type":"article","og_title":"Pedagogy - ESDES Business School","og_description":"With 1 teacher for every 25 students, Esdes offers one of the best student-teacher ratios among the Grande Ecole business schools.Students benefit fully from [&hellip;]","og_url":"https:\/\/www.esdes.fr\/en\/welcome\/about-esdes\/pedagogy\/","og_site_name":"ESDES Business School","article_modified_time":"2024-02-27T09:09:46+00:00","og_image":[{"width":1920,"height":575,"url":"https:\/\/www.esdes.fr\/wp-content\/uploads\/sites\/12\/2020\/10\/header-pedagogie.png","type":"image\/png"}],"twitter_card":"summary_large_image","twitter_misc":{"Est. reading time":"2 minutes"},"schema":{"@context":"https:\/\/schema.org","@graph":[{"@type":"WebPage","@id":"https:\/\/www.esdes.fr\/en\/welcome\/about-esdes\/pedagogy\/","url":"https:\/\/www.esdes.fr\/en\/welcome\/about-esdes\/pedagogy\/","name":"Pedagogy - ESDES Business School","isPartOf":{"@id":"https:\/\/www.esdes.fr\/en\/#website"},"primaryImageOfPage":{"@id":"https:\/\/www.esdes.fr\/en\/welcome\/about-esdes\/pedagogy\/#primaryimage"},"image":{"@id":"https:\/\/www.esdes.fr\/en\/welcome\/about-esdes\/pedagogy\/#primaryimage"},"thumbnailUrl":"https:\/\/www.esdes.fr\/wp-content\/uploads\/sites\/12\/2020\/10\/header-pedagogie.png","datePublished":"2020-02-13T10:32:59+00:00","dateModified":"2024-02-27T09:09:46+00:00","breadcrumb":{"@id":"https:\/\/www.esdes.fr\/en\/welcome\/about-esdes\/pedagogy\/#breadcrumb"},"inLanguage":"en-US","potentialAction":[{"@type":"ReadAction","target":["https:\/\/www.esdes.fr\/en\/welcome\/about-esdes\/pedagogy\/"]}]},{"@type":"ImageObject","inLanguage":"en-US","@id":"https:\/\/www.esdes.fr\/en\/welcome\/about-esdes\/pedagogy\/#primaryimage","url":"https:\/\/www.esdes.fr\/wp-content\/uploads\/sites\/12\/2020\/10\/header-pedagogie.png","contentUrl":"https:\/\/www.esdes.fr\/wp-content\/uploads\/sites\/12\/2020\/10\/header-pedagogie.png","width":1920,"height":575,"caption":"header-pedagogie"},{"@type":"BreadcrumbList","@id":"https:\/\/www.esdes.fr\/en\/welcome\/about-esdes\/pedagogy\/#breadcrumb","itemListElement":[{"@type":"ListItem","position":1,"name":"Accueil","item":"https:\/\/www.esdes.fr\/en\/"},{"@type":"ListItem","position":2,"name":"Welcome","item":"https:\/\/www.esdes.fr\/en\/"},{"@type":"ListItem","position":3,"name":"About Esdes","item":"https:\/\/www.esdes.fr\/en\/welcome\/about-esdes\/"},{"@type":"ListItem","position":4,"name":"Pedagogy"}]},{"@type":"WebSite","@id":"https:\/\/www.esdes.fr\/en\/#website","url":"https:\/\/www.esdes.fr\/en\/","name":"ESDES Business School","description":"ESDES - Grande \u00c9cole de management et commerce","publisher":{"@id":"https:\/\/www.esdes.fr\/en\/#organization"},"potentialAction":[{"@type":"SearchAction","target":{"@type":"EntryPoint","urlTemplate":"https:\/\/www.esdes.fr\/en\/?s={search_term_string}"},"query-input":{"@type":"PropertyValueSpecification","valueRequired":true,"valueName":"search_term_string"}}],"inLanguage":"en-US"},{"@type":"Organization","@id":"https:\/\/www.esdes.fr\/en\/#organization","name":"ESDES Business School","url":"https:\/\/www.esdes.fr\/en\/","logo":{"@type":"ImageObject","inLanguage":"en-US","@id":"https:\/\/www.esdes.fr\/en\/#\/schema\/logo\/image\/","url":"https:\/\/www.esdes.fr\/wp-content\/uploads\/sites\/12\/2020\/05\/logo-esdes-ucly_blanc-website-5.svg","contentUrl":"https:\/\/www.esdes.fr\/wp-content\/uploads\/sites\/12\/2020\/05\/logo-esdes-ucly_blanc-website-5.svg","caption":"ESDES Business School"},"image":{"@id":"https:\/\/www.esdes.fr\/en\/#\/schema\/logo\/image\/"}}]}},"_links":{"self":[{"href":"https:\/\/www.esdes.fr\/en\/wp-json\/wp\/v2\/pages\/3948","targetHints":{"allow":["GET"]}}],"collection":[{"href":"https:\/\/www.esdes.fr\/en\/wp-json\/wp\/v2\/pages"}],"about":[{"href":"https:\/\/www.esdes.fr\/en\/wp-json\/wp\/v2\/types\/page"}],"author":[{"embeddable":true,"href":"https:\/\/www.esdes.fr\/en\/wp-json\/wp\/v2\/users\/64"}],"replies":[{"embeddable":true,"href":"https:\/\/www.esdes.fr\/en\/wp-json\/wp\/v2\/comments?post=3948"}],"version-history":[{"count":22,"href":"https:\/\/www.esdes.fr\/en\/wp-json\/wp\/v2\/pages\/3948\/revisions"}],"predecessor-version":[{"id":36763,"href":"https:\/\/www.esdes.fr\/en\/wp-json\/wp\/v2\/pages\/3948\/revisions\/36763"}],"up":[{"embeddable":true,"href":"https:\/\/www.esdes.fr\/en\/wp-json\/wp\/v2\/pages\/3919"}],"wp:featuredmedia":[{"embeddable":true,"href":"https:\/\/www.esdes.fr\/en\/wp-json\/wp\/v2\/media\/9528"}],"wp:attachment":[{"href":"https:\/\/www.esdes.fr\/en\/wp-json\/wp\/v2\/media?parent=3948"}],"curies":[{"name":"wp","href":"https:\/\/api.w.org\/{rel}","templated":true}]}}