{"id":3946,"date":"2020-04-09T16:53:28","date_gmt":"2020-04-09T14:53:28","guid":{"rendered":"https:\/\/www.esdes.fr\/?page_id=3946"},"modified":"2024-04-17T10:28:45","modified_gmt":"2024-04-17T08:28:45","slug":"accreditations-memberships","status":"publish","type":"page","link":"https:\/\/www.esdes.fr\/en\/welcome\/about-esdes\/presentation-of-esdes\/accreditations-memberships\/","title":{"rendered":"Accreditations &#038; memberships"},"content":{"rendered":"<div class=\"wp-block-text-image\">\n  <div class=\"row align-bottom collapse\">\n    <div class=\"column small-12 medium-6 xlarge-5 xxlarge-expand wp-block-text-image-info js-fade-scroll\">\n      <p class=\"wp-block-text-image-title\">EESPIG<\/p>\n      <div class=\"wp-block-text-image-intro\"><p>On May 12, 2016, the Ministry of Higher Education and Research awarded the <a href=\"https:\/\/www.enseignementsup-recherche.gouv.fr\/fr\/la-qualification-d-etablissement-d-enseignement-superieur-prive-d-interet-general-eespig-46277\">EESPIG label<\/a> (Etablissement d&#8217;Enseignement Sup\u00e9rieur Priv\u00e9 d&#8217;Int\u00e9r\u00eat G\u00e9n\u00e9ral) to UCLy, a non-profit institution, including Esdes and all its other schools and faculties.<br data-rich-text-line-break=\"true\" \/>This label is a guarantee of quality. It recognizes the School&#8217;s involvement in the public service roles of higher education and research.<\/p>\n<\/div>\n    <\/div>\n\n    <div class=\"column small-12 medium-6 xlarge-7 xxlarge-shrink wp-block-text-image-picture js-fade-scroll\">\n      <img loading=\"lazy\" decoding=\"async\" width=\"600\" height=\"400\" src=\"https:\/\/www.esdes.fr\/wp-content\/uploads\/sites\/12\/2022\/01\/logo-eespig-2.png\" class=\"attachment-text_image size-text_image\" alt=\"logo-EESPIG\" srcset=\"https:\/\/www.esdes.fr\/wp-content\/uploads\/sites\/12\/2022\/01\/logo-eespig-2.png 600w, https:\/\/www.esdes.fr\/wp-content\/uploads\/sites\/12\/2022\/01\/logo-eespig-2-210x140.png 210w, https:\/\/www.esdes.fr\/wp-content\/uploads\/sites\/12\/2022\/01\/logo-eespig-2-550x366.png 550w, https:\/\/www.esdes.fr\/wp-content\/uploads\/sites\/12\/2022\/01\/logo-eespig-2-520x347.png 520w\" sizes=\"auto, (max-width: 600px) 100vw, 600px\" \/>    <\/div>\n  <\/div>\n<\/div><div class=\"wp-block-text-image\">\n  <div class=\"row align-bottom collapse\">\n    <div class=\"column small-12 medium-6 xlarge-5 xxlarge-expand wp-block-text-image-info js-fade-scroll\">\n      <p class=\"wp-block-text-image-title\">Recognition of the Master\u2019s degree<\/p>\n      <div class=\"wp-block-text-image-intro\"><p>Esdes has achieved the highest national accreditation: official state recognition of the <strong>Master\u2019s degree<\/strong> for its Grande Ecole Program and <strong>Licence&#8217;s degree<\/strong> for the Bachelor in Business. Accreditations are delivered by the <a href=\"https:\/\/www.cefdg.fr\/\">CEFDG<\/a>. We are a member of the Conf\u00e9rence des Grandes Ecoles.<\/p>\n<\/div>\n    <\/div>\n\n    <div class=\"column small-12 medium-6 xlarge-7 xxlarge-shrink wp-block-text-image-picture js-fade-scroll\">\n      <img loading=\"lazy\" decoding=\"async\" width=\"600\" height=\"400\" src=\"https:\/\/www.esdes.fr\/wp-content\/uploads\/sites\/12\/2022\/01\/cefdg-grade-de-licence-3.png\" class=\"attachment-text_image size-text_image\" alt=\"logo cefdg\" srcset=\"https:\/\/www.esdes.fr\/wp-content\/uploads\/sites\/12\/2022\/01\/cefdg-grade-de-licence-3.png 600w, https:\/\/www.esdes.fr\/wp-content\/uploads\/sites\/12\/2022\/01\/cefdg-grade-de-licence-3-210x140.png 210w, https:\/\/www.esdes.fr\/wp-content\/uploads\/sites\/12\/2022\/01\/cefdg-grade-de-licence-3-550x366.png 550w, https:\/\/www.esdes.fr\/wp-content\/uploads\/sites\/12\/2022\/01\/cefdg-grade-de-licence-3-520x347.png 520w\" sizes=\"auto, (max-width: 600px) 100vw, 600px\" \/>    <\/div>\n  <\/div>\n<\/div><div class=\"wp-block-text-image\">\n  <div class=\"row align-bottom collapse\">\n    <div class=\"column small-12 medium-6 xlarge-5 xxlarge-expand wp-block-text-image-info js-fade-scroll\">\n      <p class=\"wp-block-text-image-title\">EFMD accredited<\/p>\n      <div class=\"wp-block-text-image-intro\"><p>The Grande Ecole Program has been <a href=\"https:\/\/www.efmdglobal.org\/\">EFMD<\/a> accredited since March 2020.<br data-rich-text-line-break=\"true\" \/>The international EFMD accreditation is issued by the international organization EFMD (European Foundation for Management Development).<\/p>\n<\/div>\n    <\/div>\n\n    <div class=\"column small-12 medium-6 xlarge-7 xxlarge-shrink wp-block-text-image-picture js-fade-scroll\">\n      <img loading=\"lazy\" decoding=\"async\" width=\"600\" height=\"400\" src=\"https:\/\/www.esdes.fr\/wp-content\/uploads\/sites\/12\/2022\/01\/efmd.png\" class=\"attachment-text_image size-text_image\" alt=\"logo EFMD\" srcset=\"https:\/\/www.esdes.fr\/wp-content\/uploads\/sites\/12\/2022\/01\/efmd.png 600w, https:\/\/www.esdes.fr\/wp-content\/uploads\/sites\/12\/2022\/01\/efmd-210x140.png 210w, https:\/\/www.esdes.fr\/wp-content\/uploads\/sites\/12\/2022\/01\/efmd-550x366.png 550w, https:\/\/www.esdes.fr\/wp-content\/uploads\/sites\/12\/2022\/01\/efmd-520x347.png 520w\" sizes=\"auto, (max-width: 600px) 100vw, 600px\" \/>    <\/div>\n  <\/div>\n<\/div><div class=\"wp-block-text-image\">\n  <div class=\"row align-bottom collapse\">\n    <div class=\"column small-12 medium-6 xlarge-5 xxlarge-expand wp-block-text-image-info js-fade-scroll\">\n      <p class=\"wp-block-text-image-title\">AACSB<\/p>\n      <div class=\"wp-block-text-image-intro\"><p>Esdes business School obtains the<strong> international accreditation AACSB<\/strong> for 5 years on November 2021. The School joins the elite of global academic excellence. Only 6% of the world&#8217;s business schools hold this label of excellence, including only 26 in France.<\/p>\n<p><br data-rich-text-line-break=\"true\" \/>The Association to Advance Collegiate Schools of Business, created in 1916, is an accreditation that rewards business schools for the quality of their management training.<\/p>\n<\/div>\n    <\/div>\n\n    <div class=\"column small-12 medium-6 xlarge-7 xxlarge-shrink wp-block-text-image-picture js-fade-scroll\">\n      <img loading=\"lazy\" decoding=\"async\" width=\"600\" height=\"400\" src=\"https:\/\/www.esdes.fr\/wp-content\/uploads\/sites\/12\/2022\/01\/logo-aacsb-2.png\" class=\"attachment-text_image size-text_image\" alt=\"logo-AACSB\" srcset=\"https:\/\/www.esdes.fr\/wp-content\/uploads\/sites\/12\/2022\/01\/logo-aacsb-2.png 600w, https:\/\/www.esdes.fr\/wp-content\/uploads\/sites\/12\/2022\/01\/logo-aacsb-2-210x140.png 210w, https:\/\/www.esdes.fr\/wp-content\/uploads\/sites\/12\/2022\/01\/logo-aacsb-2-550x366.png 550w, https:\/\/www.esdes.fr\/wp-content\/uploads\/sites\/12\/2022\/01\/logo-aacsb-2-520x347.png 520w\" sizes=\"auto, (max-width: 600px) 100vw, 600px\" \/>    <\/div>\n  <\/div>\n<\/div><div class=\"wp-block-text-image\">\n  <div class=\"row align-bottom collapse\">\n    <div class=\"column small-12 medium-6 xlarge-5 xxlarge-expand wp-block-text-image-info js-fade-scroll\">\n      <p class=\"wp-block-text-image-title\">RNCP<\/p>\n      <div class=\"wp-block-text-image-intro\"><p>The <a href=\"https:\/\/www.data.gouv.fr\/fr\/datasets\/repertoire-national-des-certifications-professionnelles-et-repertoire-specifique\/\">RNCP<\/a> (R\u00e9pertoire National de la Certification Professionnelle) title provides diplomas and certificates with an additional national qualification . Individuals with this certification are assured to have received a high quality training, recognized in their chosen profession.<\/p>\n<p>You can read more on the official VAE website <a href=\"https:\/\/www.vae.gouv.fr\/rncp\">here.<\/a><\/p>\n<\/div>\n    <\/div>\n\n    <div class=\"column small-12 medium-6 xlarge-7 xxlarge-shrink wp-block-text-image-picture js-fade-scroll\">\n      <img loading=\"lazy\" decoding=\"async\" width=\"600\" height=\"400\" src=\"https:\/\/www.esdes.fr\/wp-content\/uploads\/sites\/12\/2022\/01\/rncp-2.png\" class=\"attachment-text_image size-text_image\" alt=\"logo RNCP\" srcset=\"https:\/\/www.esdes.fr\/wp-content\/uploads\/sites\/12\/2022\/01\/rncp-2.png 600w, https:\/\/www.esdes.fr\/wp-content\/uploads\/sites\/12\/2022\/01\/rncp-2-210x140.png 210w, https:\/\/www.esdes.fr\/wp-content\/uploads\/sites\/12\/2022\/01\/rncp-2-550x366.png 550w, https:\/\/www.esdes.fr\/wp-content\/uploads\/sites\/12\/2022\/01\/rncp-2-520x347.png 520w\" sizes=\"auto, (max-width: 600px) 100vw, 600px\" \/>    <\/div>\n  <\/div>\n<\/div><div class=\"wp-block-text-image\">\n  <div class=\"row align-bottom collapse\">\n    <div class=\"column small-12 medium-6 xlarge-5 xxlarge-expand wp-block-text-image-info js-fade-scroll\">\n      <p class=\"wp-block-text-image-title\">BSIS<\/p>\n      <div class=\"wp-block-text-image-intro\"><p>Since May 2021, Esdes has been awarded with the <a href=\"https:\/\/www.efmdglobal.org\/assessments\/business-schools\/bsis\/\">BSIS<\/a> label in order to better measure its impact on the territory.<br \/>\nThe Business School Impact System is an impact measurement tool specially designed for management schools and piloted by the EFMD.<\/p>\n<\/div>\n    <\/div>\n\n    <div class=\"column small-12 medium-6 xlarge-7 xxlarge-shrink wp-block-text-image-picture js-fade-scroll\">\n          <\/div>\n  <\/div>\n<\/div><div class=\"wp-block-cross-content js-fade-scroll\">\n    <p class=\"wp-block-cross-content-title\">Read more<\/p>\n            <div class=\"row wp-block-cross-content-row\">\n                                <div class=\"column small-12 medium-6 large-4 wp-block-cross-content-col\">\n                        <a class=\"wp-block-cross-content-top\" href=\"https:\/\/www.esdes.fr\/en\/welcome\/about-esdes\/presentation-of-esdes\/\" title=\"Presentation of Esdes\">\n                            <span class=\"wp-block-cross-content-name\">Presentation of Esdes<\/span>\n                            <span class=\"wp-block-cross-content-image\"><img loading=\"lazy\" decoding=\"async\" width=\"630\" height=\"570\" src=\"https:\/\/www.esdes.fr\/wp-content\/uploads\/sites\/12\/2020\/05\/1920x575-campus-5-630x570.jpg\" class=\" wp-post-image\" alt=\"header hall saint paul campus\" \/><\/span>\n                            <span class=\"wp-block-cross-content-more\">\n                                <span class=\"icon-more\"><\/span>\n                            <\/span>\n                        <\/a>\n                        <div class=\"wp-block-cross-content-excerpt\"><\/div>\n                    <\/div>\n                                                <div class=\"column small-12 medium-6 large-4 wp-block-cross-content-col\">\n                        <a class=\"wp-block-cross-content-top\" href=\"https:\/\/www.esdes.fr\/en\/welcome\/about-esdes\/presentation-of-esdes\/history\/\" title=\"History\">\n                            <span class=\"wp-block-cross-content-name\">History<\/span>\n                            <span class=\"wp-block-cross-content-image\"><img loading=\"lazy\" decoding=\"async\" width=\"630\" height=\"570\" src=\"https:\/\/www.esdes.fr\/wp-content\/uploads\/sites\/12\/2020\/05\/1920x575-campus-3-630x570.jpg\" class=\" wp-post-image\" alt=\"header campus saint paul ext\u00e9rieur drone\" \/><\/span>\n                            <span class=\"wp-block-cross-content-more\">\n                                <span class=\"icon-more\"><\/span>\n                            <\/span>\n                        <\/a>\n                        <div class=\"wp-block-cross-content-excerpt\"><\/div>\n                    <\/div>\n                                                <div class=\"column small-12 medium-6 large-4 wp-block-cross-content-col\">\n                        <a class=\"wp-block-cross-content-top\" href=\"https:\/\/www.esdes.fr\/en\/welcome\/programs-2\/\" title=\"Programs\">\n                            <span class=\"wp-block-cross-content-name\">Programs<\/span>\n                            <span class=\"wp-block-cross-content-image\"><img loading=\"lazy\" decoding=\"async\" width=\"630\" height=\"570\" src=\"https:\/\/www.esdes.fr\/wp-content\/uploads\/sites\/12\/2020\/07\/header_doublediplome-630x570.jpg\" class=\" wp-post-image\" alt=\"header dipl\u00f4m\u00e9s toge\" \/><\/span>\n                            <span class=\"wp-block-cross-content-more\">\n                                <span class=\"icon-more\"><\/span>\n                            <\/span>\n                        <\/a>\n                        <div class=\"wp-block-cross-content-excerpt\"><\/div>\n                    <\/div>\n                                    <\/div>\n    <\/div>","protected":false},"excerpt":{"rendered":"","protected":false},"author":64,"featured_media":50773,"parent":3935,"menu_order":0,"comment_status":"closed","ping_status":"closed","template":"","meta":{"_acf_changed":false,"footnotes":""},"class_list":["post-3946","page","type-page","status-publish","has-post-thumbnail","hentry"],"acf":[],"yoast_head":"<!-- This site is optimized with the Yoast SEO plugin v24.1 - https:\/\/yoast.com\/wordpress\/plugins\/seo\/ -->\n<title>Accreditations &amp; memberships - ESDES Business School<\/title>\n<meta name=\"robots\" content=\"index, follow, max-snippet:-1, max-image-preview:large, max-video-preview:-1\" \/>\n<link rel=\"canonical\" href=\"https:\/\/www.esdes.fr\/en\/welcome\/about-esdes\/presentation-of-esdes\/accreditations-memberships\/\" \/>\n<meta property=\"og:locale\" content=\"en_US\" \/>\n<meta property=\"og:type\" content=\"article\" \/>\n<meta property=\"og:title\" content=\"Accreditations &amp; memberships - ESDES Business School\" \/>\n<meta property=\"og:url\" content=\"https:\/\/www.esdes.fr\/en\/welcome\/about-esdes\/presentation-of-esdes\/accreditations-memberships\/\" \/>\n<meta property=\"og:site_name\" content=\"ESDES Business School\" \/>\n<meta property=\"article:modified_time\" content=\"2024-04-17T08:28:45+00:00\" \/>\n<meta property=\"og:image\" content=\"https:\/\/www.esdes.fr\/wp-content\/uploads\/sites\/12\/2020\/05\/1920x575-amphi-5.jpg\" \/>\n\t<meta property=\"og:image:width\" content=\"1920\" \/>\n\t<meta property=\"og:image:height\" content=\"575\" \/>\n\t<meta property=\"og:image:type\" content=\"image\/jpeg\" \/>\n<meta name=\"twitter:card\" content=\"summary_large_image\" \/>\n<meta name=\"twitter:label1\" content=\"Est. reading time\" \/>\n\t<meta name=\"twitter:data1\" content=\"1 minute\" \/>\n<script type=\"application\/ld+json\" class=\"yoast-schema-graph\">{\"@context\":\"https:\/\/schema.org\",\"@graph\":[{\"@type\":\"WebPage\",\"@id\":\"https:\/\/www.esdes.fr\/en\/welcome\/about-esdes\/presentation-of-esdes\/accreditations-memberships\/\",\"url\":\"https:\/\/www.esdes.fr\/en\/welcome\/about-esdes\/presentation-of-esdes\/accreditations-memberships\/\",\"name\":\"Accreditations & memberships - ESDES Business School\",\"isPartOf\":{\"@id\":\"https:\/\/www.esdes.fr\/en\/#website\"},\"primaryImageOfPage\":{\"@id\":\"https:\/\/www.esdes.fr\/en\/welcome\/about-esdes\/presentation-of-esdes\/accreditations-memberships\/#primaryimage\"},\"image\":{\"@id\":\"https:\/\/www.esdes.fr\/en\/welcome\/about-esdes\/presentation-of-esdes\/accreditations-memberships\/#primaryimage\"},\"thumbnailUrl\":\"https:\/\/www.esdes.fr\/wp-content\/uploads\/sites\/12\/2026\/01\/labels-accreditations.png\",\"datePublished\":\"2020-04-09T14:53:28+00:00\",\"dateModified\":\"2024-04-17T08:28:45+00:00\",\"breadcrumb\":{\"@id\":\"https:\/\/www.esdes.fr\/en\/welcome\/about-esdes\/presentation-of-esdes\/accreditations-memberships\/#breadcrumb\"},\"inLanguage\":\"en-US\",\"potentialAction\":[{\"@type\":\"ReadAction\",\"target\":[\"https:\/\/www.esdes.fr\/en\/welcome\/about-esdes\/presentation-of-esdes\/accreditations-memberships\/\"]}]},{\"@type\":\"ImageObject\",\"inLanguage\":\"en-US\",\"@id\":\"https:\/\/www.esdes.fr\/en\/welcome\/about-esdes\/presentation-of-esdes\/accreditations-memberships\/#primaryimage\",\"url\":\"https:\/\/www.esdes.fr\/wp-content\/uploads\/sites\/12\/2026\/01\/labels-accreditations.png\",\"contentUrl\":\"https:\/\/www.esdes.fr\/wp-content\/uploads\/sites\/12\/2026\/01\/labels-accreditations.png\",\"width\":1920,\"height\":575},{\"@type\":\"BreadcrumbList\",\"@id\":\"https:\/\/www.esdes.fr\/en\/welcome\/about-esdes\/presentation-of-esdes\/accreditations-memberships\/#breadcrumb\",\"itemListElement\":[{\"@type\":\"ListItem\",\"position\":1,\"name\":\"Accueil\",\"item\":\"https:\/\/www.esdes.fr\/en\/\"},{\"@type\":\"ListItem\",\"position\":2,\"name\":\"Welcome\",\"item\":\"https:\/\/www.esdes.fr\/en\/\"},{\"@type\":\"ListItem\",\"position\":3,\"name\":\"About Esdes\",\"item\":\"https:\/\/www.esdes.fr\/en\/welcome\/about-esdes\/\"},{\"@type\":\"ListItem\",\"position\":4,\"name\":\"Presentation of Esdes\",\"item\":\"https:\/\/www.esdes.fr\/en\/welcome\/about-esdes\/presentation-of-esdes\/\"},{\"@type\":\"ListItem\",\"position\":5,\"name\":\"Accreditations &#038; memberships\"}]},{\"@type\":\"WebSite\",\"@id\":\"https:\/\/www.esdes.fr\/en\/#website\",\"url\":\"https:\/\/www.esdes.fr\/en\/\",\"name\":\"ESDES Business School\",\"description\":\"ESDES - Grande \u00c9cole de management et commerce\",\"publisher\":{\"@id\":\"https:\/\/www.esdes.fr\/en\/#organization\"},\"potentialAction\":[{\"@type\":\"SearchAction\",\"target\":{\"@type\":\"EntryPoint\",\"urlTemplate\":\"https:\/\/www.esdes.fr\/en\/?s={search_term_string}\"},\"query-input\":{\"@type\":\"PropertyValueSpecification\",\"valueRequired\":true,\"valueName\":\"search_term_string\"}}],\"inLanguage\":\"en-US\"},{\"@type\":\"Organization\",\"@id\":\"https:\/\/www.esdes.fr\/en\/#organization\",\"name\":\"ESDES Business School\",\"url\":\"https:\/\/www.esdes.fr\/en\/\",\"logo\":{\"@type\":\"ImageObject\",\"inLanguage\":\"en-US\",\"@id\":\"https:\/\/www.esdes.fr\/en\/#\/schema\/logo\/image\/\",\"url\":\"https:\/\/www.esdes.fr\/wp-content\/uploads\/sites\/12\/2020\/05\/logo-esdes-ucly_blanc-website-5.svg\",\"contentUrl\":\"https:\/\/www.esdes.fr\/wp-content\/uploads\/sites\/12\/2020\/05\/logo-esdes-ucly_blanc-website-5.svg\",\"caption\":\"ESDES Business School\"},\"image\":{\"@id\":\"https:\/\/www.esdes.fr\/en\/#\/schema\/logo\/image\/\"}}]}<\/script>\n<!-- \/ Yoast SEO plugin. -->","yoast_head_json":{"title":"Accreditations & memberships - ESDES Business School","robots":{"index":"index","follow":"follow","max-snippet":"max-snippet:-1","max-image-preview":"max-image-preview:large","max-video-preview":"max-video-preview:-1"},"canonical":"https:\/\/www.esdes.fr\/en\/welcome\/about-esdes\/presentation-of-esdes\/accreditations-memberships\/","og_locale":"en_US","og_type":"article","og_title":"Accreditations & memberships - ESDES Business School","og_url":"https:\/\/www.esdes.fr\/en\/welcome\/about-esdes\/presentation-of-esdes\/accreditations-memberships\/","og_site_name":"ESDES Business School","article_modified_time":"2024-04-17T08:28:45+00:00","og_image":[{"width":1920,"height":575,"url":"https:\/\/www.esdes.fr\/wp-content\/uploads\/sites\/12\/2020\/05\/1920x575-amphi-5.jpg","type":"image\/jpeg"}],"twitter_card":"summary_large_image","twitter_misc":{"Est. reading time":"1 minute"},"schema":{"@context":"https:\/\/schema.org","@graph":[{"@type":"WebPage","@id":"https:\/\/www.esdes.fr\/en\/welcome\/about-esdes\/presentation-of-esdes\/accreditations-memberships\/","url":"https:\/\/www.esdes.fr\/en\/welcome\/about-esdes\/presentation-of-esdes\/accreditations-memberships\/","name":"Accreditations & memberships - ESDES Business School","isPartOf":{"@id":"https:\/\/www.esdes.fr\/en\/#website"},"primaryImageOfPage":{"@id":"https:\/\/www.esdes.fr\/en\/welcome\/about-esdes\/presentation-of-esdes\/accreditations-memberships\/#primaryimage"},"image":{"@id":"https:\/\/www.esdes.fr\/en\/welcome\/about-esdes\/presentation-of-esdes\/accreditations-memberships\/#primaryimage"},"thumbnailUrl":"https:\/\/www.esdes.fr\/wp-content\/uploads\/sites\/12\/2026\/01\/labels-accreditations.png","datePublished":"2020-04-09T14:53:28+00:00","dateModified":"2024-04-17T08:28:45+00:00","breadcrumb":{"@id":"https:\/\/www.esdes.fr\/en\/welcome\/about-esdes\/presentation-of-esdes\/accreditations-memberships\/#breadcrumb"},"inLanguage":"en-US","potentialAction":[{"@type":"ReadAction","target":["https:\/\/www.esdes.fr\/en\/welcome\/about-esdes\/presentation-of-esdes\/accreditations-memberships\/"]}]},{"@type":"ImageObject","inLanguage":"en-US","@id":"https:\/\/www.esdes.fr\/en\/welcome\/about-esdes\/presentation-of-esdes\/accreditations-memberships\/#primaryimage","url":"https:\/\/www.esdes.fr\/wp-content\/uploads\/sites\/12\/2026\/01\/labels-accreditations.png","contentUrl":"https:\/\/www.esdes.fr\/wp-content\/uploads\/sites\/12\/2026\/01\/labels-accreditations.png","width":1920,"height":575},{"@type":"BreadcrumbList","@id":"https:\/\/www.esdes.fr\/en\/welcome\/about-esdes\/presentation-of-esdes\/accreditations-memberships\/#breadcrumb","itemListElement":[{"@type":"ListItem","position":1,"name":"Accueil","item":"https:\/\/www.esdes.fr\/en\/"},{"@type":"ListItem","position":2,"name":"Welcome","item":"https:\/\/www.esdes.fr\/en\/"},{"@type":"ListItem","position":3,"name":"About Esdes","item":"https:\/\/www.esdes.fr\/en\/welcome\/about-esdes\/"},{"@type":"ListItem","position":4,"name":"Presentation of Esdes","item":"https:\/\/www.esdes.fr\/en\/welcome\/about-esdes\/presentation-of-esdes\/"},{"@type":"ListItem","position":5,"name":"Accreditations &#038; memberships"}]},{"@type":"WebSite","@id":"https:\/\/www.esdes.fr\/en\/#website","url":"https:\/\/www.esdes.fr\/en\/","name":"ESDES Business School","description":"ESDES - Grande \u00c9cole de management et commerce","publisher":{"@id":"https:\/\/www.esdes.fr\/en\/#organization"},"potentialAction":[{"@type":"SearchAction","target":{"@type":"EntryPoint","urlTemplate":"https:\/\/www.esdes.fr\/en\/?s={search_term_string}"},"query-input":{"@type":"PropertyValueSpecification","valueRequired":true,"valueName":"search_term_string"}}],"inLanguage":"en-US"},{"@type":"Organization","@id":"https:\/\/www.esdes.fr\/en\/#organization","name":"ESDES Business School","url":"https:\/\/www.esdes.fr\/en\/","logo":{"@type":"ImageObject","inLanguage":"en-US","@id":"https:\/\/www.esdes.fr\/en\/#\/schema\/logo\/image\/","url":"https:\/\/www.esdes.fr\/wp-content\/uploads\/sites\/12\/2020\/05\/logo-esdes-ucly_blanc-website-5.svg","contentUrl":"https:\/\/www.esdes.fr\/wp-content\/uploads\/sites\/12\/2020\/05\/logo-esdes-ucly_blanc-website-5.svg","caption":"ESDES Business School"},"image":{"@id":"https:\/\/www.esdes.fr\/en\/#\/schema\/logo\/image\/"}}]}},"_links":{"self":[{"href":"https:\/\/www.esdes.fr\/en\/wp-json\/wp\/v2\/pages\/3946","targetHints":{"allow":["GET"]}}],"collection":[{"href":"https:\/\/www.esdes.fr\/en\/wp-json\/wp\/v2\/pages"}],"about":[{"href":"https:\/\/www.esdes.fr\/en\/wp-json\/wp\/v2\/types\/page"}],"author":[{"embeddable":true,"href":"https:\/\/www.esdes.fr\/en\/wp-json\/wp\/v2\/users\/64"}],"replies":[{"embeddable":true,"href":"https:\/\/www.esdes.fr\/en\/wp-json\/wp\/v2\/comments?post=3946"}],"version-history":[{"count":43,"href":"https:\/\/www.esdes.fr\/en\/wp-json\/wp\/v2\/pages\/3946\/revisions"}],"predecessor-version":[{"id":37988,"href":"https:\/\/www.esdes.fr\/en\/wp-json\/wp\/v2\/pages\/3946\/revisions\/37988"}],"up":[{"embeddable":true,"href":"https:\/\/www.esdes.fr\/en\/wp-json\/wp\/v2\/pages\/3935"}],"wp:featuredmedia":[{"embeddable":true,"href":"https:\/\/www.esdes.fr\/en\/wp-json\/wp\/v2\/media\/50773"}],"wp:attachment":[{"href":"https:\/\/www.esdes.fr\/en\/wp-json\/wp\/v2\/media?parent=3946"}],"curies":[{"name":"wp","href":"https:\/\/api.w.org\/{rel}","templated":true}]}}