{"id":25101,"date":"2022-07-18T15:40:12","date_gmt":"2022-07-18T13:40:12","guid":{"rendered":"https:\/\/www.esdes.fr\/?page_id=25101"},"modified":"2025-01-21T13:37:35","modified_gmt":"2025-01-21T12:37:35","slug":"all-our-programs-french-and-english","status":"publish","type":"page","link":"https:\/\/www.esdes.fr\/en\/welcome\/programs-2\/all-esdes-programs\/all-our-programs-french-and-english\/","title":{"rendered":"List of our programs taught in french and english"},"content":{"rendered":"<p>Whether you are a French or international student, ESDES Lyon Business School, <a href=\"https:\/\/www.esdes.fr\/en\/welcome\/about-esdes\/presentation-of-esdes\/accreditations-memberships\/\">AACSB accredited<\/a>, Grande Ecole de Management, offers <strong>a wide choice of courses<\/strong> according to the specialties you are interested in, the format in which you want to study -initial, apprenticeship or as part of a double degree- or if you want to study on <strong>the campus of Annecy or Lyon<\/strong>.<\/p><p>From the undergraduate level, you can choose to follow your curriculum in <strong>100% English with the English Track <\/strong>(available with the Grande Ecole Program) or<strong> bilingually <\/strong>via the classic curriculum (Bachelors, Grande Ecole Program). The business specializations - in the 3rd year of the Bachelor in Business program and in the Master's program of the Grande Ecole program - are also bilingual or full English.<br>For more information on the courses offered in each of them, please visit the dedicated pages.<\/p><p>The programs are accessible regardless of the year of entry to ESDES.<\/p><p>&nbsp;<\/p><div class=\"wp-block-tabs\">\n  <h2 class=\"js-fade-scroll\">\n    <span class=\"block-suptitle\">ESDES LYON BUSINESS SCHOOL<\/span><br>\n    <span class=\"block-title\">ALL FRENCH AND ENGLISH PROGRAMS\n<\/span>\n  <\/h2>\n\n  <div class=\"js-fade-scroll\">\n          <ul class=\"tabs tabs-training show-for-large\" data-tabs id=\"block_97362f912c96101c39e88e7955f26569\">\n                  <li class=\"tabs-title is-active\">\n            <a class=\"tabs-link\" href=\"#block_97362f912c96101c39e88e7955f26569-0\" aria-selected=\"true\">Specialization taught in French<\/a>\n          <\/li>\n                  <li class=\"tabs-title\">\n            <a class=\"tabs-link\" href=\"#block_97362f912c96101c39e88e7955f26569-1\" aria-selected=\"true\">Specialization taught in English<\/a>\n          <\/li>\n              <\/ul>\n\n      <div class=\"tabs-training-mobile hide-for-large\">\n        <select class=\"filter-select js-select-filters js-select-tabs-training\" name=\"filter-tabs\" id=\"filter-block_97362f912c96101c39e88e7955f26569\">\n                      <option value=\"#block_97362f912c96101c39e88e7955f26569-0\">Specialization taught in French<\/option>\n                      <option value=\"#block_97362f912c96101c39e88e7955f26569-1\">Specialization taught in English<\/option>\n                  <\/select>\n      <\/div>\n\n      <div class=\"tabs-content tabs-training-content\" data-tabs-content=\"block_97362f912c96101c39e88e7955f26569\">\n                  <div class=\"tabs-panel is-active\" id=\"block_97362f912c96101c39e88e7955f26569-0\">\n            <h2><strong>Programme Grande \u00c9cole (PGE)<\/strong>:\u00a0<a href=\"https:\/\/www.esdes.fr\/accueil\/programmes\/tous-les-programmes\/programme-grande-ecole-grade-de-master-bac-5\/\">Programme Grande \u00c9cole \u00e0 Lyon \u2013 Grade Master Bac +5 \u2013 ESDES<\/a><\/h2>\n<p>&nbsp;<\/p>\n<h3>SPECIALIZATIONS \u2013 MASTER CYCLE<\/h3>\n<ul>\n<li><a href=\"https:\/\/www.esdes.fr\/accueil\/programmes\/tous-les-programmes\/cycle-master-management-et-ingenierie-industriels\/\">Management et Ing\u00e9nierie Industriels (apprenticeship)<\/a><\/li>\n<li><a href=\"https:\/\/www.esdes.fr\/accueil\/programmes\/tous-les-programmes\/cycle-master-specialisation-management-sciences-humaines-et-innovations\/\">Management Sciences Humaines et Innovation (<\/a><a href=\"https:\/\/www.esdes.fr\/accueil\/programmes\/tous-les-programmes\/cycle-master-management-et-ingenierie-industriels\/\">apprenticeship<\/a><a href=\"https:\/\/www.esdes.fr\/accueil\/programmes\/tous-les-programmes\/cycle-master-specialisation-management-sciences-humaines-et-innovations\/\">)<\/a><\/li>\n<li><a href=\"https:\/\/www.esdes.fr\/accueil\/programmes\/tous-les-programmes\/cycle-master-marketing-et-digital-business-2\/\">Marketing and digital business (<\/a><a href=\"https:\/\/www.esdes.fr\/accueil\/programmes\/tous-les-programmes\/cycle-master-management-et-ingenierie-industriels\/\">apprenticeship<\/a><a href=\"https:\/\/www.esdes.fr\/accueil\/programmes\/tous-les-programmes\/cycle-master-marketing-et-digital-business-2\/\">)<\/a><\/li>\n<li><a href=\"https:\/\/www.esdes.fr\/accueil\/programmes\/tous-les-programmes\/cycle-master-management-et-strategie-dentreprise\/\">Management et strat\u00e9gie d\u2019entreprise (<\/a><a href=\"https:\/\/www.esdes.fr\/accueil\/programmes\/tous-les-programmes\/cycle-master-management-et-ingenierie-industriels\/\">apprenticeship<\/a><a href=\"https:\/\/www.esdes.fr\/accueil\/programmes\/tous-les-programmes\/cycle-master-management-et-strategie-dentreprise\/\">)<\/a><\/li>\n<li><a href=\"https:\/\/www.esdes.fr\/accueil\/programmes\/tous-les-programmes\/cycle-master-expertise-et-controle\/\">Expertise et contr\u00f4le (<\/a><a href=\"https:\/\/www.esdes.fr\/accueil\/programmes\/tous-les-programmes\/cycle-master-management-et-ingenierie-industriels\/\">apprenticeship<\/a><a href=\"https:\/\/www.esdes.fr\/accueil\/programmes\/tous-les-programmes\/cycle-master-expertise-et-controle\/\">)<\/a><\/li>\n<li><a href=\"https:\/\/www.esdes.fr\/accueil\/programmes\/tous-les-programmes\/cycle-master-specialisation-management-ethique-des-innovations-biotechnologiques\/\">Management \u00e9thique des innovations biotechnologiques (<\/a><a href=\"https:\/\/www.esdes.fr\/accueil\/programmes\/tous-les-programmes\/cycle-master-management-et-ingenierie-industriels\/\">apprenticeship<\/a><a href=\"https:\/\/www.esdes.fr\/accueil\/programmes\/tous-les-programmes\/cycle-master-specialisation-management-ethique-des-innovations-biotechnologiques\/\">)<\/a><\/li>\n<li><a href=\"https:\/\/www.esdes.fr\/accueil\/programmes\/tous-les-programmes\/cycle-master-rh-digital-et-business-partner\/\">RH, Digital et Business partner (<\/a><a href=\"https:\/\/www.esdes.fr\/accueil\/programmes\/tous-les-programmes\/cycle-master-management-et-ingenierie-industriels\/\">apprenticeship<\/a><a href=\"https:\/\/www.esdes.fr\/accueil\/programmes\/tous-les-programmes\/cycle-master-rh-digital-et-business-partner\/\">)<\/a><\/li>\n<li><a href=\"https:\/\/www.esdes.fr\/accueil\/programmes\/tous-les-programmes\/cycle-master-audit-et-finance-dentreprise\/\">Audit et Finance (full-time)<\/a><\/li>\n<li><a href=\"https:\/\/www.esdes.fr\/accueil\/programmes\/tous-les-programmes\/cycle-master-finance-et-marches\/\">Finance et march\u00e9s (full-time)<\/a><\/li>\n<li><a href=\"https:\/\/www.esdes.fr\/accueil\/programmes\/tous-les-programmes\/cycle-master-developper-et-entreprendre\/\">Entrepreneuriat et Business Development (full-time)<\/a><\/li>\n<\/ul>\n<h2>Bachelor in Business :\u00a0<a href=\"https:\/\/www.esdes.fr\/accueil\/programmes\/formations-bac-3\/\">Programme Bachelor \u00e0 Lyon et \u00e0 Annecy Grade de Licence Bac +3 \u2013 ESDES<\/a><\/h2>\n<p>&nbsp;<\/p>\n<h3>SPECIALIZATIONS \u2013 BACHELOR CYCLE (3<sup>RD<\/sup> YEAR)<\/h3>\n<ul>\n<li><a href=\"https:\/\/www.esdes.fr\/accueil\/programmes\/tous-les-programmes\/bachelor-marketing-et-communication-digitale\/\">Marketing et Innovation (apprenticeship)<\/a><\/li>\n<li><a href=\"https:\/\/www.esdes.fr\/accueil\/programmes\/tous-les-programmes\/marketing-du-luxe-et-des-metiers-dexcellence\/\">Marketing du Luxe et M\u00e9tiers d\u2019Excellence <\/a><a href=\"https:\/\/www.esdes.fr\/accueil\/programmes\/tous-les-programmes\/bachelor-marketing-et-communication-digitale\/\">(apprenticeship)<\/a><\/li>\n<li><a href=\"https:\/\/www.esdes.fr\/accueil\/programmes\/tous-les-programmes\/bachelor-gestion-immobiliere\/\">Gestion Immobili\u00e8re <\/a><a href=\"https:\/\/www.esdes.fr\/accueil\/programmes\/tous-les-programmes\/bachelor-marketing-et-communication-digitale\/\">(apprenticeship)<\/a><\/li>\n<li><a href=\"https:\/\/www.esdes.fr\/accueil\/programmes\/tous-les-programmes\/bachelor-management-et-business-international\/\">Management &amp; Business International (full-time or apprenticeship)<\/a><\/li>\n<li><a href=\"https:\/\/www.esdes.fr\/accueil\/programmes\/tous-les-programmes\/bachelor-entrepreneuriat-et-developpement-des-affaires\/\">Entrepreneuriat &amp; D\u00e9veloppement des Affaires (full-time or apprenticeship)<\/a><\/li>\n<li><a href=\"https:\/\/www.esdes.fr\/accueil\/programmes\/tous-les-programmes\/bachelor-finance-de-gestion\/\">Finance et Gestion (full-time)<\/a><\/li>\n<li><a href=\"https:\/\/www.esdes.fr\/accueil\/programmes\/tous-les-programmes\/bachelor-management-eco-responsable\/\">Marketing et Consommation Durable <\/a><a href=\"https:\/\/www.esdes.fr\/accueil\/programmes\/tous-les-programmes\/bachelor-marketing-et-communication-digitale\/\">(apprenticeship)<\/a><\/li>\n<li><a href=\"https:\/\/www.esdes.fr\/accueil\/programmes\/tous-les-programmes\/bachelor-management-comptable-et-commercial\/\">Management Comptable et Commercial <\/a><a href=\"https:\/\/www.esdes.fr\/accueil\/programmes\/tous-les-programmes\/bachelor-marketing-et-communication-digitale\/\">(apprenticeship)<\/a><\/li>\n<\/ul>\n<p>&nbsp;<\/p>\n<h2>Pr\u00e9paration au DSCG (Dipl\u00f4me Sup\u00e9rieur de comptabilit\u00e9 Gestion) \u2013\u00a0<a href=\"https:\/\/www.esdes.fr\/accueil\/programmes\/tous-les-programmes\/preparation-au-diplome-superieur-de-comptabilite-et-de-gestion-dscg\/\">Pr\u00e9paration DSCG Dipl\u00f4me Comptabilit\u00e9 et de Gestion Lyon \u2013 ESDES<\/a><\/h2>\n<p>&nbsp;<\/p>\n<h2>Continuing education for professionals:<\/h2>\n<ul>\n<li>Executive Master Leadership Responsable<\/li>\n<li>R\u00e9f\u00e9rent RSE pour Experts Comptables et Financiers<\/li>\n<li>R\u00e9ussir sa transition \u00e9nerg\u00e9tique<\/li>\n<\/ul>\n          <\/div>\n                  <div class=\"tabs-panel\" id=\"block_97362f912c96101c39e88e7955f26569-1\">\n            <h2>Master in Management (Programme Grande \u00c9cole (PGE): English Track) \u2013<a href=\"https:\/\/www.esdes.fr\/en\/welcome\/programs\/master-in-management\/\">Master degree in Management<\/a><\/h2>\n<p>&nbsp;<\/p>\n<h3>SPECIALIZATIONS \u2013 MASTER CYCLE<\/h3>\n<ul>\n<li><a href=\"https:\/\/www.esdes.fr\/accueil\/programmes\/tous-les-programmes\/cycle-master-marketing-et-digital-business\/\">Strategic Marketing and Innovation (full-time)<\/a><\/li>\n<li><a href=\"https:\/\/www.esdes.fr\/en\/welcome\/programs\/master-international-supply-chain-and-purchasing\/\">International Supply Chain and Purchasing (full-time)<\/a><\/li>\n<li><a href=\"https:\/\/www.esdes.fr\/accueil\/programmes\/tous-les-programmes\/cycle-master-international-business-administration\/\">International Business Administration (full-time)<\/a><\/li>\n<\/ul>\n<p>&nbsp;<\/p>\n<h2>Bachelor in International Business \u2013 <a href=\"https:\/\/www.esdes.fr\/en\/welcome\/programs\/bachelor-in-business\/\">Bachelor degree in management<\/a><\/h2>\n<p>&nbsp;<\/p>\n<h2>Master of Science (MSc)<\/h2>\n<ul>\n<li><a href=\"https:\/\/www.esdes.fr\/accueil\/programmes\/master-of-science-msc\/\">Master of Science (MSc) Circular Economy &amp; Sustainable Business<\/a><\/li>\n<li><a href=\"https:\/\/www.esdes.fr\/en\/welcome\/programs\/msc-impact-finance-and-fintech-management\/\">Master of Science (MSc) Impact Finance and Fintech Management<\/a><\/li>\n<li><a href=\"https:\/\/www.esdes.fr\/en\/welcome\/programs\/msc-sustainable-tourism-and-event-management\/\">Master of Science (MSc) Sustainable Tourism and Event Management<\/a><\/li>\n<\/ul>\n          <\/div>\n              <\/div>\n\n      <\/div>\n<\/div>","protected":false},"excerpt":{"rendered":"<p>Whether you are a French or international student, ESDES Lyon Business School, AACSB accredited, Grande Ecole de Management, offers a wide choice of courses [&hellip;]<\/p>\n","protected":false},"author":200,"featured_media":51930,"parent":25147,"menu_order":0,"comment_status":"closed","ping_status":"closed","template":"","meta":{"_acf_changed":false,"footnotes":""},"class_list":["post-25101","page","type-page","status-publish","has-post-thumbnail","hentry"],"acf":[],"yoast_head":"<!-- This site is optimized with the Yoast SEO plugin v24.1 - https:\/\/yoast.com\/wordpress\/plugins\/seo\/ -->\n<title>List of our programs taught in french and english: Bachelor, Master, Master of Science... - ESDES Lyon<\/title>\n<meta name=\"description\" content=\"Discover all our programs taught in french or in english. Bachelor to Master degree, choose the program that fits you. Study in a top french business school in Lyon or Annecy.\" \/>\n<meta name=\"robots\" content=\"index, follow, max-snippet:-1, max-image-preview:large, max-video-preview:-1\" \/>\n<link rel=\"canonical\" href=\"https:\/\/www.esdes.fr\/en\/welcome\/programs-2\/all-esdes-programs\/all-our-programs-french-and-english\/\" \/>\n<meta property=\"og:locale\" content=\"en_US\" \/>\n<meta property=\"og:type\" content=\"article\" \/>\n<meta property=\"og:title\" content=\"List of our programs taught in french and english: Bachelor, Master, Master of Science... - ESDES Lyon\" \/>\n<meta property=\"og:description\" content=\"Discover all our programs taught in french or in english. Bachelor to Master degree, choose the program that fits you. Study in a top french business school in Lyon or Annecy.\" \/>\n<meta property=\"og:url\" content=\"https:\/\/www.esdes.fr\/en\/welcome\/programs-2\/all-esdes-programs\/all-our-programs-french-and-english\/\" \/>\n<meta property=\"og:site_name\" content=\"ESDES Business School\" \/>\n<meta property=\"article:modified_time\" content=\"2025-01-21T12:37:35+00:00\" \/>\n<meta property=\"og:image\" content=\"https:\/\/www.esdes.fr\/wp-content\/uploads\/sites\/12\/2023\/04\/2023_header_listeprogrammes.png\" \/>\n\t<meta property=\"og:image:width\" content=\"1920\" \/>\n\t<meta property=\"og:image:height\" content=\"575\" \/>\n\t<meta property=\"og:image:type\" content=\"image\/png\" \/>\n<meta name=\"twitter:card\" content=\"summary_large_image\" \/>\n<meta name=\"twitter:label1\" content=\"Est. reading time\" \/>\n\t<meta name=\"twitter:data1\" content=\"1 minute\" \/>\n<script type=\"application\/ld+json\" class=\"yoast-schema-graph\">{\"@context\":\"https:\/\/schema.org\",\"@graph\":[{\"@type\":\"WebPage\",\"@id\":\"https:\/\/www.esdes.fr\/en\/welcome\/programs-2\/all-esdes-programs\/all-our-programs-french-and-english\/\",\"url\":\"https:\/\/www.esdes.fr\/en\/welcome\/programs-2\/all-esdes-programs\/all-our-programs-french-and-english\/\",\"name\":\"List of our programs taught in french and english: Bachelor, Master, Master of Science... - ESDES Lyon\",\"isPartOf\":{\"@id\":\"https:\/\/www.esdes.fr\/en\/#website\"},\"primaryImageOfPage\":{\"@id\":\"https:\/\/www.esdes.fr\/en\/welcome\/programs-2\/all-esdes-programs\/all-our-programs-french-and-english\/#primaryimage\"},\"image\":{\"@id\":\"https:\/\/www.esdes.fr\/en\/welcome\/programs-2\/all-esdes-programs\/all-our-programs-french-and-english\/#primaryimage\"},\"thumbnailUrl\":\"https:\/\/www.esdes.fr\/wp-content\/uploads\/sites\/12\/2026\/03\/liste-des-programmes-en-francais-et-en-anglais.png\",\"datePublished\":\"2022-07-18T13:40:12+00:00\",\"dateModified\":\"2025-01-21T12:37:35+00:00\",\"description\":\"Discover all our programs taught in french or in english. Bachelor to Master degree, choose the program that fits you. Study in a top french business school in Lyon or Annecy.\",\"breadcrumb\":{\"@id\":\"https:\/\/www.esdes.fr\/en\/welcome\/programs-2\/all-esdes-programs\/all-our-programs-french-and-english\/#breadcrumb\"},\"inLanguage\":\"en-US\",\"potentialAction\":[{\"@type\":\"ReadAction\",\"target\":[\"https:\/\/www.esdes.fr\/en\/welcome\/programs-2\/all-esdes-programs\/all-our-programs-french-and-english\/\"]}]},{\"@type\":\"ImageObject\",\"inLanguage\":\"en-US\",\"@id\":\"https:\/\/www.esdes.fr\/en\/welcome\/programs-2\/all-esdes-programs\/all-our-programs-french-and-english\/#primaryimage\",\"url\":\"https:\/\/www.esdes.fr\/wp-content\/uploads\/sites\/12\/2026\/03\/liste-des-programmes-en-francais-et-en-anglais.png\",\"contentUrl\":\"https:\/\/www.esdes.fr\/wp-content\/uploads\/sites\/12\/2026\/03\/liste-des-programmes-en-francais-et-en-anglais.png\",\"width\":1920,\"height\":575},{\"@type\":\"BreadcrumbList\",\"@id\":\"https:\/\/www.esdes.fr\/en\/welcome\/programs-2\/all-esdes-programs\/all-our-programs-french-and-english\/#breadcrumb\",\"itemListElement\":[{\"@type\":\"ListItem\",\"position\":1,\"name\":\"Accueil\",\"item\":\"https:\/\/www.esdes.fr\/en\/\"},{\"@type\":\"ListItem\",\"position\":2,\"name\":\"Welcome\",\"item\":\"https:\/\/www.esdes.fr\/en\/\"},{\"@type\":\"ListItem\",\"position\":3,\"name\":\"Programs\",\"item\":\"https:\/\/www.esdes.fr\/en\/welcome\/programs-2\/\"},{\"@type\":\"ListItem\",\"position\":4,\"name\":\"All ESDES programs\",\"item\":\"https:\/\/www.esdes.fr\/en\/welcome\/programs-2\/all-esdes-programs\/\"},{\"@type\":\"ListItem\",\"position\":5,\"name\":\"List of our programs taught in french and english\"}]},{\"@type\":\"WebSite\",\"@id\":\"https:\/\/www.esdes.fr\/en\/#website\",\"url\":\"https:\/\/www.esdes.fr\/en\/\",\"name\":\"ESDES Business School\",\"description\":\"ESDES - Grande \u00c9cole de management et commerce\",\"publisher\":{\"@id\":\"https:\/\/www.esdes.fr\/en\/#organization\"},\"potentialAction\":[{\"@type\":\"SearchAction\",\"target\":{\"@type\":\"EntryPoint\",\"urlTemplate\":\"https:\/\/www.esdes.fr\/en\/?s={search_term_string}\"},\"query-input\":{\"@type\":\"PropertyValueSpecification\",\"valueRequired\":true,\"valueName\":\"search_term_string\"}}],\"inLanguage\":\"en-US\"},{\"@type\":\"Organization\",\"@id\":\"https:\/\/www.esdes.fr\/en\/#organization\",\"name\":\"ESDES Business School\",\"url\":\"https:\/\/www.esdes.fr\/en\/\",\"logo\":{\"@type\":\"ImageObject\",\"inLanguage\":\"en-US\",\"@id\":\"https:\/\/www.esdes.fr\/en\/#\/schema\/logo\/image\/\",\"url\":\"https:\/\/www.esdes.fr\/wp-content\/uploads\/sites\/12\/2020\/05\/logo-esdes-ucly_blanc-website-5.svg\",\"contentUrl\":\"https:\/\/www.esdes.fr\/wp-content\/uploads\/sites\/12\/2020\/05\/logo-esdes-ucly_blanc-website-5.svg\",\"caption\":\"ESDES Business School\"},\"image\":{\"@id\":\"https:\/\/www.esdes.fr\/en\/#\/schema\/logo\/image\/\"}}]}<\/script>\n<!-- \/ Yoast SEO plugin. -->","yoast_head_json":{"title":"List of our programs taught in french and english: Bachelor, Master, Master of Science... - ESDES Lyon","description":"Discover all our programs taught in french or in english. Bachelor to Master degree, choose the program that fits you. Study in a top french business school in Lyon or Annecy.","robots":{"index":"index","follow":"follow","max-snippet":"max-snippet:-1","max-image-preview":"max-image-preview:large","max-video-preview":"max-video-preview:-1"},"canonical":"https:\/\/www.esdes.fr\/en\/welcome\/programs-2\/all-esdes-programs\/all-our-programs-french-and-english\/","og_locale":"en_US","og_type":"article","og_title":"List of our programs taught in french and english: Bachelor, Master, Master of Science... - ESDES Lyon","og_description":"Discover all our programs taught in french or in english. Bachelor to Master degree, choose the program that fits you. Study in a top french business school in Lyon or Annecy.","og_url":"https:\/\/www.esdes.fr\/en\/welcome\/programs-2\/all-esdes-programs\/all-our-programs-french-and-english\/","og_site_name":"ESDES Business School","article_modified_time":"2025-01-21T12:37:35+00:00","og_image":[{"width":1920,"height":575,"url":"https:\/\/www.esdes.fr\/wp-content\/uploads\/sites\/12\/2023\/04\/2023_header_listeprogrammes.png","type":"image\/png"}],"twitter_card":"summary_large_image","twitter_misc":{"Est. reading time":"1 minute"},"schema":{"@context":"https:\/\/schema.org","@graph":[{"@type":"WebPage","@id":"https:\/\/www.esdes.fr\/en\/welcome\/programs-2\/all-esdes-programs\/all-our-programs-french-and-english\/","url":"https:\/\/www.esdes.fr\/en\/welcome\/programs-2\/all-esdes-programs\/all-our-programs-french-and-english\/","name":"List of our programs taught in french and english: Bachelor, Master, Master of Science... - ESDES Lyon","isPartOf":{"@id":"https:\/\/www.esdes.fr\/en\/#website"},"primaryImageOfPage":{"@id":"https:\/\/www.esdes.fr\/en\/welcome\/programs-2\/all-esdes-programs\/all-our-programs-french-and-english\/#primaryimage"},"image":{"@id":"https:\/\/www.esdes.fr\/en\/welcome\/programs-2\/all-esdes-programs\/all-our-programs-french-and-english\/#primaryimage"},"thumbnailUrl":"https:\/\/www.esdes.fr\/wp-content\/uploads\/sites\/12\/2026\/03\/liste-des-programmes-en-francais-et-en-anglais.png","datePublished":"2022-07-18T13:40:12+00:00","dateModified":"2025-01-21T12:37:35+00:00","description":"Discover all our programs taught in french or in english. Bachelor to Master degree, choose the program that fits you. Study in a top french business school in Lyon or Annecy.","breadcrumb":{"@id":"https:\/\/www.esdes.fr\/en\/welcome\/programs-2\/all-esdes-programs\/all-our-programs-french-and-english\/#breadcrumb"},"inLanguage":"en-US","potentialAction":[{"@type":"ReadAction","target":["https:\/\/www.esdes.fr\/en\/welcome\/programs-2\/all-esdes-programs\/all-our-programs-french-and-english\/"]}]},{"@type":"ImageObject","inLanguage":"en-US","@id":"https:\/\/www.esdes.fr\/en\/welcome\/programs-2\/all-esdes-programs\/all-our-programs-french-and-english\/#primaryimage","url":"https:\/\/www.esdes.fr\/wp-content\/uploads\/sites\/12\/2026\/03\/liste-des-programmes-en-francais-et-en-anglais.png","contentUrl":"https:\/\/www.esdes.fr\/wp-content\/uploads\/sites\/12\/2026\/03\/liste-des-programmes-en-francais-et-en-anglais.png","width":1920,"height":575},{"@type":"BreadcrumbList","@id":"https:\/\/www.esdes.fr\/en\/welcome\/programs-2\/all-esdes-programs\/all-our-programs-french-and-english\/#breadcrumb","itemListElement":[{"@type":"ListItem","position":1,"name":"Accueil","item":"https:\/\/www.esdes.fr\/en\/"},{"@type":"ListItem","position":2,"name":"Welcome","item":"https:\/\/www.esdes.fr\/en\/"},{"@type":"ListItem","position":3,"name":"Programs","item":"https:\/\/www.esdes.fr\/en\/welcome\/programs-2\/"},{"@type":"ListItem","position":4,"name":"All ESDES programs","item":"https:\/\/www.esdes.fr\/en\/welcome\/programs-2\/all-esdes-programs\/"},{"@type":"ListItem","position":5,"name":"List of our programs taught in french and english"}]},{"@type":"WebSite","@id":"https:\/\/www.esdes.fr\/en\/#website","url":"https:\/\/www.esdes.fr\/en\/","name":"ESDES Business School","description":"ESDES - Grande \u00c9cole de management et commerce","publisher":{"@id":"https:\/\/www.esdes.fr\/en\/#organization"},"potentialAction":[{"@type":"SearchAction","target":{"@type":"EntryPoint","urlTemplate":"https:\/\/www.esdes.fr\/en\/?s={search_term_string}"},"query-input":{"@type":"PropertyValueSpecification","valueRequired":true,"valueName":"search_term_string"}}],"inLanguage":"en-US"},{"@type":"Organization","@id":"https:\/\/www.esdes.fr\/en\/#organization","name":"ESDES Business School","url":"https:\/\/www.esdes.fr\/en\/","logo":{"@type":"ImageObject","inLanguage":"en-US","@id":"https:\/\/www.esdes.fr\/en\/#\/schema\/logo\/image\/","url":"https:\/\/www.esdes.fr\/wp-content\/uploads\/sites\/12\/2020\/05\/logo-esdes-ucly_blanc-website-5.svg","contentUrl":"https:\/\/www.esdes.fr\/wp-content\/uploads\/sites\/12\/2020\/05\/logo-esdes-ucly_blanc-website-5.svg","caption":"ESDES Business School"},"image":{"@id":"https:\/\/www.esdes.fr\/en\/#\/schema\/logo\/image\/"}}]}},"_links":{"self":[{"href":"https:\/\/www.esdes.fr\/en\/wp-json\/wp\/v2\/pages\/25101","targetHints":{"allow":["GET"]}}],"collection":[{"href":"https:\/\/www.esdes.fr\/en\/wp-json\/wp\/v2\/pages"}],"about":[{"href":"https:\/\/www.esdes.fr\/en\/wp-json\/wp\/v2\/types\/page"}],"author":[{"embeddable":true,"href":"https:\/\/www.esdes.fr\/en\/wp-json\/wp\/v2\/users\/200"}],"replies":[{"embeddable":true,"href":"https:\/\/www.esdes.fr\/en\/wp-json\/wp\/v2\/comments?post=25101"}],"version-history":[{"count":30,"href":"https:\/\/www.esdes.fr\/en\/wp-json\/wp\/v2\/pages\/25101\/revisions"}],"predecessor-version":[{"id":44207,"href":"https:\/\/www.esdes.fr\/en\/wp-json\/wp\/v2\/pages\/25101\/revisions\/44207"}],"up":[{"embeddable":true,"href":"https:\/\/www.esdes.fr\/en\/wp-json\/wp\/v2\/pages\/25147"}],"wp:featuredmedia":[{"embeddable":true,"href":"https:\/\/www.esdes.fr\/en\/wp-json\/wp\/v2\/media\/51930"}],"wp:attachment":[{"href":"https:\/\/www.esdes.fr\/en\/wp-json\/wp\/v2\/media?parent=25101"}],"curies":[{"name":"wp","href":"https:\/\/api.w.org\/{rel}","templated":true}]}}