{"id":24824,"date":"2020-06-16T14:33:09","date_gmt":"2020-06-16T12:33:09","guid":{"rendered":"https:\/\/www.esdes.fr\/?page_id=24824"},"modified":"2022-07-08T16:14:58","modified_gmt":"2022-07-08T14:14:58","slug":"the-annecy-campus","status":"publish","type":"page","link":"https:\/\/www.esdes.fr\/en\/welcome\/student-life-services\/campus-life\/facilities-campus\/the-annecy-campus\/","title":{"rendered":"The Annecy campus"},"content":{"rendered":"<h2 class=\"wp-block-heading\">DIRECTION<\/h2><p><strong>Alpes Europe Campus<\/strong><\/p><p>25 rue de la cit\u00e9 - 74000 ANNECY<\/p><h2 class=\"wp-block-heading\">DISCOVER THE ANNECY CAMPUS<\/h2><p>ESDES moved to Annecy, in the heart of the new campus of UCLy (Universit\u00e9 Catholique de Lyon), alongside the Faculty of Law.<\/p><p>The training provided in Annecy:<\/p><p>\u2022 Bachelor in Business<\/p><p>\u2022 University diploma Legal Tools of the Manager in partnership with UCLY Law School<\/p><div class=\"wp-block-gallery-ucly js-fade-scroll\"><div class=\"owl-carousel owl-theme owl-gallery\"><div class=\"item\"><img loading=\"lazy\" decoding=\"async\" width=\"900\" height=\"520\" src=\"https:\/\/www.esdes.fr\/wp-content\/uploads\/sites\/12\/2021\/10\/annecy1-900x520.jpg\" class=\"\" alt=\"Campus Ucly Annecy\" \/><div class=\"wp-block-gallery-ucly-caption\"><\/div><\/div><div class=\"item\"><img loading=\"lazy\" decoding=\"async\" width=\"900\" height=\"520\" src=\"https:\/\/www.esdes.fr\/wp-content\/uploads\/sites\/12\/2021\/10\/hbi_4649-900x520.jpg\" class=\"\" alt=\"Etudiants masqu\u00e9s en cours \u00e0 Annecy\" \/><div class=\"wp-block-gallery-ucly-caption\"><\/div><\/div><div class=\"item\"><img loading=\"lazy\" decoding=\"async\" width=\"900\" height=\"520\" src=\"https:\/\/www.esdes.fr\/wp-content\/uploads\/sites\/12\/2021\/10\/hbi_4555-900x520.jpg\" class=\"\" alt=\"\u00e9tudiants \u00e0 annecy dans la biblioth\u00e8que masqu\u00e9s\" \/><div class=\"wp-block-gallery-ucly-caption\"><\/div><\/div><div class=\"item\"><img loading=\"lazy\" decoding=\"async\" width=\"900\" height=\"520\" src=\"https:\/\/www.esdes.fr\/wp-content\/uploads\/sites\/12\/2021\/10\/hbi_4867-900x520.jpg\" class=\"\" alt=\"Etudiants c\" \/><div class=\"wp-block-gallery-ucly-caption\"><\/div><\/div><div class=\"item\"><img loading=\"lazy\" decoding=\"async\" width=\"900\" height=\"520\" src=\"https:\/\/www.esdes.fr\/wp-content\/uploads\/sites\/12\/2021\/10\/hbi_4894-900x520.jpg\" class=\"\" alt=\"Campus Annecy Ucly\" \/><div class=\"wp-block-gallery-ucly-caption\"><\/div><\/div><\/div><div class=\"owl-numbers\"><span class=\"owl-number-current\"><\/span><span class=\"owl-number-sep\"><\/span><span class=\"owl-number-total\"><\/span><\/div><\/div><p>Brand new, the business school campus is ideally located, close to the city centre, the lake, and road and rail links and close to a student residence.<\/p><p>The campus is arranged between living spaces and classrooms, between shared spaces and individual boxing.<\/p><p>You will also find:<\/p><p>\u2022 Community space: shared offices, a movie club, relaxation spaces,<\/p><p>\u2022 University library with individual or group work boxes,<\/p><p>\u2022 Modern classrooms equipped for multi-modal courses,<\/p><p>\u2022 The rooftop to relax and admire the snowy peaks,<\/p><p>\u2022 Indoor\/outdoor cafeteria with Starbucks Caf\u00e9<\/p><p>\u2022 30 minutes from Geneva and 1h30 from Italy!<\/p><div class=\"wp-block-video js-fade-scroll\">\n  <div class=\"plyr__video-embed js-player\">\n    <iframe src=\"https:\/\/www.youtube.com\/embed\/EXvzlqDTcFg?origin=https:\/\/plyr.io&amp;iv_load_policy=3&amp;modestbranding=1&amp;playsinline=1&amp;showinfo=0&amp;rel=0&amp;enablejsapi=1\" allowfullscreen allowtransparency allow=\"autoplay\" poster=\"\" ratio=\"4:3\"><\/iframe>\n  <\/div>\n<\/div><h2 class=\"wp-block-heading\">Our training courses in Annecy<\/h2><p><\/p><p>The Bachelor in Business program at ESDES in Annecy is 3 years to professionalize in Marketing and Digital Communication or Luxury &amp; Retail Management (opening 2023) or Industrial Business &amp; Marketing (opening 2023).<\/p><div class=\"wp-block-cross-content js-fade-scroll\">\n    <p class=\"wp-block-cross-content-title\">Discover also Lyon's campus<\/p>\n            <div class=\"row wp-block-cross-content-row\">\n                                <div class=\"column small-12 medium-6 large-4 wp-block-cross-content-col\">\n                        <a class=\"wp-block-cross-content-top\" href=\"https:\/\/www.esdes.fr\/en\/welcome\/student-life-services\/campus-life\/facilities-campus\/\" title=\"Facilities, campus\">\n                            <span class=\"wp-block-cross-content-name\">Facilities, campus<\/span>\n                            <span class=\"wp-block-cross-content-image\"><img loading=\"lazy\" decoding=\"async\" width=\"630\" height=\"570\" src=\"https:\/\/www.esdes.fr\/wp-content\/uploads\/sites\/12\/2020\/05\/1920x575-campus-630x570.jpg\" class=\" wp-post-image\" alt=\"header hall saint paul campus\" \/><\/span>\n                            <span class=\"wp-block-cross-content-more\">\n                                <span class=\"icon-more\"><\/span>\n                            <\/span>\n                        <\/a>\n                        <div class=\"wp-block-cross-content-excerpt\"><\/div>\n                    <\/div>\n                                    <\/div>\n    <\/div>","protected":false},"excerpt":{"rendered":"<p>DIRECTIONAlpes Europe Campus25 rue de la cit\u00e9 &#8211; 74000 ANNECYDISCOVER THE ANNECY CAMPUSESDES moved to Annecy, in the heart of the new campus of [&hellip;]<\/p>\n","protected":false},"author":217,"featured_media":50219,"parent":7189,"menu_order":0,"comment_status":"closed","ping_status":"closed","template":"","meta":{"_acf_changed":false,"footnotes":""},"class_list":["post-24824","page","type-page","status-publish","has-post-thumbnail","hentry"],"acf":[],"yoast_head":"<!-- This site is optimized with the Yoast SEO plugin v24.1 - https:\/\/yoast.com\/wordpress\/plugins\/seo\/ -->\n<title>The Annecy campus - ESDES<\/title>\n<meta name=\"description\" content=\"Discover the brand new campus of ESDES Lyon Business School !\" \/>\n<meta name=\"robots\" content=\"index, follow, max-snippet:-1, max-image-preview:large, max-video-preview:-1\" \/>\n<link rel=\"canonical\" href=\"https:\/\/www.esdes.fr\/en\/welcome\/student-life-services\/campus-life\/facilities-campus\/the-annecy-campus\/\" \/>\n<meta property=\"og:locale\" content=\"en_US\" \/>\n<meta property=\"og:type\" content=\"article\" \/>\n<meta property=\"og:title\" content=\"The Annecy campus - ESDES\" \/>\n<meta property=\"og:description\" content=\"Discover the brand new campus of ESDES Lyon Business School !\" \/>\n<meta property=\"og:url\" content=\"https:\/\/www.esdes.fr\/en\/welcome\/student-life-services\/campus-life\/facilities-campus\/the-annecy-campus\/\" \/>\n<meta property=\"og:site_name\" content=\"ESDES Business School\" \/>\n<meta property=\"article:modified_time\" content=\"2022-07-08T14:14:58+00:00\" \/>\n<meta property=\"og:image\" content=\"https:\/\/www.esdes.fr\/wp-content\/uploads\/sites\/12\/2020\/01\/1920x575-campus-annecy-2.jpg\" \/>\n\t<meta property=\"og:image:width\" content=\"1920\" \/>\n\t<meta property=\"og:image:height\" content=\"575\" \/>\n\t<meta property=\"og:image:type\" content=\"image\/jpeg\" \/>\n<meta name=\"twitter:card\" content=\"summary_large_image\" \/>\n<meta name=\"twitter:label1\" content=\"Est. reading time\" \/>\n\t<meta name=\"twitter:data1\" content=\"2 minutes\" \/>\n<script type=\"application\/ld+json\" class=\"yoast-schema-graph\">{\"@context\":\"https:\/\/schema.org\",\"@graph\":[{\"@type\":\"WebPage\",\"@id\":\"https:\/\/www.esdes.fr\/en\/welcome\/student-life-services\/campus-life\/facilities-campus\/the-annecy-campus\/\",\"url\":\"https:\/\/www.esdes.fr\/en\/welcome\/student-life-services\/campus-life\/facilities-campus\/the-annecy-campus\/\",\"name\":\"The Annecy campus - ESDES\",\"isPartOf\":{\"@id\":\"https:\/\/www.esdes.fr\/en\/#website\"},\"primaryImageOfPage\":{\"@id\":\"https:\/\/www.esdes.fr\/en\/welcome\/student-life-services\/campus-life\/facilities-campus\/the-annecy-campus\/#primaryimage\"},\"image\":{\"@id\":\"https:\/\/www.esdes.fr\/en\/welcome\/student-life-services\/campus-life\/facilities-campus\/the-annecy-campus\/#primaryimage\"},\"thumbnailUrl\":\"https:\/\/www.esdes.fr\/wp-content\/uploads\/sites\/12\/2025\/12\/le-campus-dannecy-campus-alpes-europe.png\",\"datePublished\":\"2020-06-16T12:33:09+00:00\",\"dateModified\":\"2022-07-08T14:14:58+00:00\",\"description\":\"Discover the brand new campus of ESDES Lyon Business School !\",\"breadcrumb\":{\"@id\":\"https:\/\/www.esdes.fr\/en\/welcome\/student-life-services\/campus-life\/facilities-campus\/the-annecy-campus\/#breadcrumb\"},\"inLanguage\":\"en-US\",\"potentialAction\":[{\"@type\":\"ReadAction\",\"target\":[\"https:\/\/www.esdes.fr\/en\/welcome\/student-life-services\/campus-life\/facilities-campus\/the-annecy-campus\/\"]}]},{\"@type\":\"ImageObject\",\"inLanguage\":\"en-US\",\"@id\":\"https:\/\/www.esdes.fr\/en\/welcome\/student-life-services\/campus-life\/facilities-campus\/the-annecy-campus\/#primaryimage\",\"url\":\"https:\/\/www.esdes.fr\/wp-content\/uploads\/sites\/12\/2025\/12\/le-campus-dannecy-campus-alpes-europe.png\",\"contentUrl\":\"https:\/\/www.esdes.fr\/wp-content\/uploads\/sites\/12\/2025\/12\/le-campus-dannecy-campus-alpes-europe.png\",\"width\":1920,\"height\":575},{\"@type\":\"BreadcrumbList\",\"@id\":\"https:\/\/www.esdes.fr\/en\/welcome\/student-life-services\/campus-life\/facilities-campus\/the-annecy-campus\/#breadcrumb\",\"itemListElement\":[{\"@type\":\"ListItem\",\"position\":1,\"name\":\"Accueil\",\"item\":\"https:\/\/www.esdes.fr\/en\/\"},{\"@type\":\"ListItem\",\"position\":2,\"name\":\"Welcome\",\"item\":\"https:\/\/www.esdes.fr\/en\/\"},{\"@type\":\"ListItem\",\"position\":3,\"name\":\"Student Life &#038; Services\",\"item\":\"https:\/\/www.esdes.fr\/en\/welcome\/student-life-services\/\"},{\"@type\":\"ListItem\",\"position\":4,\"name\":\"Campus life\",\"item\":\"https:\/\/www.esdes.fr\/en\/welcome\/student-life-services\/campus-life\/\"},{\"@type\":\"ListItem\",\"position\":5,\"name\":\"Facilities, campus\",\"item\":\"https:\/\/www.esdes.fr\/en\/welcome\/student-life-services\/campus-life\/facilities-campus\/\"},{\"@type\":\"ListItem\",\"position\":6,\"name\":\"The Annecy campus\"}]},{\"@type\":\"WebSite\",\"@id\":\"https:\/\/www.esdes.fr\/en\/#website\",\"url\":\"https:\/\/www.esdes.fr\/en\/\",\"name\":\"ESDES Business School\",\"description\":\"ESDES - Grande \u00c9cole de management et commerce\",\"publisher\":{\"@id\":\"https:\/\/www.esdes.fr\/en\/#organization\"},\"potentialAction\":[{\"@type\":\"SearchAction\",\"target\":{\"@type\":\"EntryPoint\",\"urlTemplate\":\"https:\/\/www.esdes.fr\/en\/?s={search_term_string}\"},\"query-input\":{\"@type\":\"PropertyValueSpecification\",\"valueRequired\":true,\"valueName\":\"search_term_string\"}}],\"inLanguage\":\"en-US\"},{\"@type\":\"Organization\",\"@id\":\"https:\/\/www.esdes.fr\/en\/#organization\",\"name\":\"ESDES Business School\",\"url\":\"https:\/\/www.esdes.fr\/en\/\",\"logo\":{\"@type\":\"ImageObject\",\"inLanguage\":\"en-US\",\"@id\":\"https:\/\/www.esdes.fr\/en\/#\/schema\/logo\/image\/\",\"url\":\"https:\/\/www.esdes.fr\/wp-content\/uploads\/sites\/12\/2020\/05\/logo-esdes-ucly_blanc-website-5.svg\",\"contentUrl\":\"https:\/\/www.esdes.fr\/wp-content\/uploads\/sites\/12\/2020\/05\/logo-esdes-ucly_blanc-website-5.svg\",\"caption\":\"ESDES Business School\"},\"image\":{\"@id\":\"https:\/\/www.esdes.fr\/en\/#\/schema\/logo\/image\/\"}}]}<\/script>\n<!-- \/ Yoast SEO plugin. -->","yoast_head_json":{"title":"The Annecy campus - ESDES","description":"Discover the brand new campus of ESDES Lyon Business School !","robots":{"index":"index","follow":"follow","max-snippet":"max-snippet:-1","max-image-preview":"max-image-preview:large","max-video-preview":"max-video-preview:-1"},"canonical":"https:\/\/www.esdes.fr\/en\/welcome\/student-life-services\/campus-life\/facilities-campus\/the-annecy-campus\/","og_locale":"en_US","og_type":"article","og_title":"The Annecy campus - ESDES","og_description":"Discover the brand new campus of ESDES Lyon Business School !","og_url":"https:\/\/www.esdes.fr\/en\/welcome\/student-life-services\/campus-life\/facilities-campus\/the-annecy-campus\/","og_site_name":"ESDES Business School","article_modified_time":"2022-07-08T14:14:58+00:00","og_image":[{"width":1920,"height":575,"url":"https:\/\/www.esdes.fr\/wp-content\/uploads\/sites\/12\/2020\/01\/1920x575-campus-annecy-2.jpg","type":"image\/jpeg"}],"twitter_card":"summary_large_image","twitter_misc":{"Est. reading time":"2 minutes"},"schema":{"@context":"https:\/\/schema.org","@graph":[{"@type":"WebPage","@id":"https:\/\/www.esdes.fr\/en\/welcome\/student-life-services\/campus-life\/facilities-campus\/the-annecy-campus\/","url":"https:\/\/www.esdes.fr\/en\/welcome\/student-life-services\/campus-life\/facilities-campus\/the-annecy-campus\/","name":"The Annecy campus - ESDES","isPartOf":{"@id":"https:\/\/www.esdes.fr\/en\/#website"},"primaryImageOfPage":{"@id":"https:\/\/www.esdes.fr\/en\/welcome\/student-life-services\/campus-life\/facilities-campus\/the-annecy-campus\/#primaryimage"},"image":{"@id":"https:\/\/www.esdes.fr\/en\/welcome\/student-life-services\/campus-life\/facilities-campus\/the-annecy-campus\/#primaryimage"},"thumbnailUrl":"https:\/\/www.esdes.fr\/wp-content\/uploads\/sites\/12\/2025\/12\/le-campus-dannecy-campus-alpes-europe.png","datePublished":"2020-06-16T12:33:09+00:00","dateModified":"2022-07-08T14:14:58+00:00","description":"Discover the brand new campus of ESDES Lyon Business School !","breadcrumb":{"@id":"https:\/\/www.esdes.fr\/en\/welcome\/student-life-services\/campus-life\/facilities-campus\/the-annecy-campus\/#breadcrumb"},"inLanguage":"en-US","potentialAction":[{"@type":"ReadAction","target":["https:\/\/www.esdes.fr\/en\/welcome\/student-life-services\/campus-life\/facilities-campus\/the-annecy-campus\/"]}]},{"@type":"ImageObject","inLanguage":"en-US","@id":"https:\/\/www.esdes.fr\/en\/welcome\/student-life-services\/campus-life\/facilities-campus\/the-annecy-campus\/#primaryimage","url":"https:\/\/www.esdes.fr\/wp-content\/uploads\/sites\/12\/2025\/12\/le-campus-dannecy-campus-alpes-europe.png","contentUrl":"https:\/\/www.esdes.fr\/wp-content\/uploads\/sites\/12\/2025\/12\/le-campus-dannecy-campus-alpes-europe.png","width":1920,"height":575},{"@type":"BreadcrumbList","@id":"https:\/\/www.esdes.fr\/en\/welcome\/student-life-services\/campus-life\/facilities-campus\/the-annecy-campus\/#breadcrumb","itemListElement":[{"@type":"ListItem","position":1,"name":"Accueil","item":"https:\/\/www.esdes.fr\/en\/"},{"@type":"ListItem","position":2,"name":"Welcome","item":"https:\/\/www.esdes.fr\/en\/"},{"@type":"ListItem","position":3,"name":"Student Life &#038; Services","item":"https:\/\/www.esdes.fr\/en\/welcome\/student-life-services\/"},{"@type":"ListItem","position":4,"name":"Campus life","item":"https:\/\/www.esdes.fr\/en\/welcome\/student-life-services\/campus-life\/"},{"@type":"ListItem","position":5,"name":"Facilities, campus","item":"https:\/\/www.esdes.fr\/en\/welcome\/student-life-services\/campus-life\/facilities-campus\/"},{"@type":"ListItem","position":6,"name":"The Annecy campus"}]},{"@type":"WebSite","@id":"https:\/\/www.esdes.fr\/en\/#website","url":"https:\/\/www.esdes.fr\/en\/","name":"ESDES Business School","description":"ESDES - Grande \u00c9cole de management et commerce","publisher":{"@id":"https:\/\/www.esdes.fr\/en\/#organization"},"potentialAction":[{"@type":"SearchAction","target":{"@type":"EntryPoint","urlTemplate":"https:\/\/www.esdes.fr\/en\/?s={search_term_string}"},"query-input":{"@type":"PropertyValueSpecification","valueRequired":true,"valueName":"search_term_string"}}],"inLanguage":"en-US"},{"@type":"Organization","@id":"https:\/\/www.esdes.fr\/en\/#organization","name":"ESDES Business School","url":"https:\/\/www.esdes.fr\/en\/","logo":{"@type":"ImageObject","inLanguage":"en-US","@id":"https:\/\/www.esdes.fr\/en\/#\/schema\/logo\/image\/","url":"https:\/\/www.esdes.fr\/wp-content\/uploads\/sites\/12\/2020\/05\/logo-esdes-ucly_blanc-website-5.svg","contentUrl":"https:\/\/www.esdes.fr\/wp-content\/uploads\/sites\/12\/2020\/05\/logo-esdes-ucly_blanc-website-5.svg","caption":"ESDES Business School"},"image":{"@id":"https:\/\/www.esdes.fr\/en\/#\/schema\/logo\/image\/"}}]}},"_links":{"self":[{"href":"https:\/\/www.esdes.fr\/en\/wp-json\/wp\/v2\/pages\/24824","targetHints":{"allow":["GET"]}}],"collection":[{"href":"https:\/\/www.esdes.fr\/en\/wp-json\/wp\/v2\/pages"}],"about":[{"href":"https:\/\/www.esdes.fr\/en\/wp-json\/wp\/v2\/types\/page"}],"author":[{"embeddable":true,"href":"https:\/\/www.esdes.fr\/en\/wp-json\/wp\/v2\/users\/217"}],"replies":[{"embeddable":true,"href":"https:\/\/www.esdes.fr\/en\/wp-json\/wp\/v2\/comments?post=24824"}],"version-history":[{"count":2,"href":"https:\/\/www.esdes.fr\/en\/wp-json\/wp\/v2\/pages\/24824\/revisions"}],"predecessor-version":[{"id":24826,"href":"https:\/\/www.esdes.fr\/en\/wp-json\/wp\/v2\/pages\/24824\/revisions\/24826"}],"up":[{"embeddable":true,"href":"https:\/\/www.esdes.fr\/en\/wp-json\/wp\/v2\/pages\/7189"}],"wp:featuredmedia":[{"embeddable":true,"href":"https:\/\/www.esdes.fr\/en\/wp-json\/wp\/v2\/media\/50219"}],"wp:attachment":[{"href":"https:\/\/www.esdes.fr\/en\/wp-json\/wp\/v2\/media?parent=24824"}],"curies":[{"name":"wp","href":"https:\/\/api.w.org\/{rel}","templated":true}]}}