{"id":14990,"date":"2020-02-14T15:35:44","date_gmt":"2020-02-14T14:35:44","guid":{"rendered":"https:\/\/www.esdes.fr\/?page_id=14990"},"modified":"2021-12-08T17:20:24","modified_gmt":"2021-12-08T16:20:24","slug":"parents-of-students","status":"publish","type":"page","link":"https:\/\/www.esdes.fr\/en\/parents-of-students\/","title":{"rendered":"Parents of students"},"content":{"rendered":"<p>ESDES Lyon Business School is a top business and management school AACSB accredited and member of the Conf\u00e9rence des Grandes \u00c9coles (CGE). Its Grande Ecole Program (Master in Management) is EFMD accredited. Based on the Anglo-Saxon model, ESDES is a business school at the heart of a large university: UCLy. Its students benefit from shared campuses (in Lyon and Annecy) and a wealth of educational and cultural experiences in contact with the faculties of law, philosophy, sciences...<\/p><p>ESDES is a secular and international school, which welcomes students from all over the world every year.<\/p><div class=\"wp-block-button js-fade-scroll\">\n\n    <a href=\"https:\/\/www.ucly.fr\/wp-content\/uploads\/2021\/03\/international_students_guide_2020.pdf\" target=\"_blank\" title=\"Download the International Student Guide\" class=\"button primary\">Download the International Student Guide<\/a>\n\n  <\/div><div class=\"wp-block-cross-content js-fade-scroll\">\n    <p class=\"wp-block-cross-content-title\">ESDES Business School<\/p>\n            <div class=\"row wp-block-cross-content-row\">\n                                <div class=\"column small-12 medium-6 large-4 wp-block-cross-content-col\">\n                        <a class=\"wp-block-cross-content-top\" href=\"https:\/\/www.esdes.fr\/en\/welcome\/student-life-services\/campus-life\/\" title=\"Campus life\">\n                            <span class=\"wp-block-cross-content-name\">Campus life<\/span>\n                            <span class=\"wp-block-cross-content-image\"><img loading=\"lazy\" decoding=\"async\" width=\"630\" height=\"570\" src=\"https:\/\/www.esdes.fr\/wp-content\/uploads\/sites\/12\/2020\/05\/1920x575-campus-5-630x570.jpg\" class=\" wp-post-image\" alt=\"header hall saint paul campus\" \/><\/span>\n                            <span class=\"wp-block-cross-content-more\">\n                                <span class=\"icon-more\"><\/span>\n                            <\/span>\n                        <\/a>\n                        <div class=\"wp-block-cross-content-excerpt\"><\/div>\n                    <\/div>\n                                                <div class=\"column small-12 medium-6 large-4 wp-block-cross-content-col\">\n                        <a class=\"wp-block-cross-content-top\" href=\"https:\/\/www.esdes.fr\/en\/welcome\/student-life-services\/international-student-support\/\" title=\"International Student support\">\n                            <span class=\"wp-block-cross-content-name\">International Student support<\/span>\n                            <span class=\"wp-block-cross-content-image\"><img loading=\"lazy\" decoding=\"async\" width=\"630\" height=\"570\" src=\"https:\/\/www.esdes.fr\/wp-content\/uploads\/sites\/12\/2019\/12\/1920x575-amphi-4-630x570.jpg\" class=\" wp-post-image\" alt=\"header \u00e9tudiants amphi\" \/><\/span>\n                            <span class=\"wp-block-cross-content-more\">\n                                <span class=\"icon-more\"><\/span>\n                            <\/span>\n                        <\/a>\n                        <div class=\"wp-block-cross-content-excerpt\"><\/div>\n                    <\/div>\n                                                <div class=\"column small-12 medium-6 large-4 wp-block-cross-content-col\">\n                        <a class=\"wp-block-cross-content-top\" href=\"https:\/\/www.esdes.fr\/en\/welcome\/student-life-services\/financing\/\" title=\"Financing\">\n                            <span class=\"wp-block-cross-content-name\">Financing<\/span>\n                            <span class=\"wp-block-cross-content-image\"><img loading=\"lazy\" decoding=\"async\" width=\"630\" height=\"570\" src=\"https:\/\/www.esdes.fr\/wp-content\/uploads\/sites\/12\/2020\/10\/header-finance-et-logement-630x570.png\" class=\" wp-post-image\" alt=\"header-finance-et-logement\" \/><\/span>\n                            <span class=\"wp-block-cross-content-more\">\n                                <span class=\"icon-more\"><\/span>\n                            <\/span>\n                        <\/a>\n                        <div class=\"wp-block-cross-content-excerpt\"><\/div>\n                    <\/div>\n                                    <\/div>\n    <\/div>","protected":false},"excerpt":{"rendered":"<p>ESDES Lyon Business School is a top business and management school AACSB accredited and member of the Conf\u00e9rence des Grandes \u00c9coles (CGE). Its Grande [&hellip;]<\/p>\n","protected":false},"author":64,"featured_media":2396,"parent":0,"menu_order":0,"comment_status":"closed","ping_status":"closed","template":"","meta":{"_acf_changed":false,"footnotes":""},"class_list":["post-14990","page","type-page","status-publish","has-post-thumbnail","hentry"],"acf":[],"yoast_head":"<!-- This site is optimized with the Yoast SEO plugin v24.1 - https:\/\/yoast.com\/wordpress\/plugins\/seo\/ -->\n<title>Parents of students - ESDES Business School<\/title>\n<meta name=\"robots\" content=\"index, follow, max-snippet:-1, max-image-preview:large, max-video-preview:-1\" \/>\n<link rel=\"canonical\" href=\"https:\/\/www.esdes.fr\/en\/parents-of-students\/\" \/>\n<meta property=\"og:locale\" content=\"en_US\" \/>\n<meta property=\"og:type\" content=\"article\" \/>\n<meta property=\"og:title\" content=\"Parents of students - ESDES Business School\" \/>\n<meta property=\"og:description\" content=\"ESDES Lyon Business School is a top business and management school AACSB accredited and member of the Conf\u00e9rence des Grandes \u00c9coles (CGE). Its Grande [&hellip;]\" \/>\n<meta property=\"og:url\" content=\"https:\/\/www.esdes.fr\/en\/parents-of-students\/\" \/>\n<meta property=\"og:site_name\" content=\"ESDES Business School\" \/>\n<meta property=\"article:modified_time\" content=\"2021-12-08T16:20:24+00:00\" \/>\n<meta property=\"og:image\" content=\"https:\/\/www.esdes.fr\/wp-content\/uploads\/sites\/12\/2020\/05\/1920x575-rdd.jpg\" \/>\n\t<meta property=\"og:image:width\" content=\"1920\" \/>\n\t<meta property=\"og:image:height\" content=\"575\" \/>\n\t<meta property=\"og:image:type\" content=\"image\/jpeg\" \/>\n<meta name=\"twitter:card\" content=\"summary_large_image\" \/>\n<meta name=\"twitter:label1\" content=\"Est. reading time\" \/>\n\t<meta name=\"twitter:data1\" content=\"1 minute\" \/>\n<script type=\"application\/ld+json\" class=\"yoast-schema-graph\">{\"@context\":\"https:\/\/schema.org\",\"@graph\":[{\"@type\":\"WebPage\",\"@id\":\"https:\/\/www.esdes.fr\/en\/parents-of-students\/\",\"url\":\"https:\/\/www.esdes.fr\/en\/parents-of-students\/\",\"name\":\"Parents of students - ESDES Business School\",\"isPartOf\":{\"@id\":\"https:\/\/www.esdes.fr\/en\/#website\"},\"primaryImageOfPage\":{\"@id\":\"https:\/\/www.esdes.fr\/en\/parents-of-students\/#primaryimage\"},\"image\":{\"@id\":\"https:\/\/www.esdes.fr\/en\/parents-of-students\/#primaryimage\"},\"thumbnailUrl\":\"https:\/\/www.esdes.fr\/wp-content\/uploads\/sites\/12\/2020\/05\/1920x575-rdd.jpg\",\"datePublished\":\"2020-02-14T14:35:44+00:00\",\"dateModified\":\"2021-12-08T16:20:24+00:00\",\"breadcrumb\":{\"@id\":\"https:\/\/www.esdes.fr\/en\/parents-of-students\/#breadcrumb\"},\"inLanguage\":\"en-US\",\"potentialAction\":[{\"@type\":\"ReadAction\",\"target\":[\"https:\/\/www.esdes.fr\/en\/parents-of-students\/\"]}]},{\"@type\":\"ImageObject\",\"inLanguage\":\"en-US\",\"@id\":\"https:\/\/www.esdes.fr\/en\/parents-of-students\/#primaryimage\",\"url\":\"https:\/\/www.esdes.fr\/wp-content\/uploads\/sites\/12\/2020\/05\/1920x575-rdd.jpg\",\"contentUrl\":\"https:\/\/www.esdes.fr\/wp-content\/uploads\/sites\/12\/2020\/05\/1920x575-rdd.jpg\",\"width\":1920,\"height\":575,\"caption\":\"header remise des dipl\u00f4mes RDD ESDES dipl\u00f4m\u00e9s chapeau\"},{\"@type\":\"BreadcrumbList\",\"@id\":\"https:\/\/www.esdes.fr\/en\/parents-of-students\/#breadcrumb\",\"itemListElement\":[{\"@type\":\"ListItem\",\"position\":1,\"name\":\"Accueil\",\"item\":\"https:\/\/www.esdes.fr\/en\/\"},{\"@type\":\"ListItem\",\"position\":2,\"name\":\"Parents of students\"}]},{\"@type\":\"WebSite\",\"@id\":\"https:\/\/www.esdes.fr\/en\/#website\",\"url\":\"https:\/\/www.esdes.fr\/en\/\",\"name\":\"ESDES Business School\",\"description\":\"ESDES - Grande \u00c9cole de management et commerce\",\"publisher\":{\"@id\":\"https:\/\/www.esdes.fr\/en\/#organization\"},\"potentialAction\":[{\"@type\":\"SearchAction\",\"target\":{\"@type\":\"EntryPoint\",\"urlTemplate\":\"https:\/\/www.esdes.fr\/en\/?s={search_term_string}\"},\"query-input\":{\"@type\":\"PropertyValueSpecification\",\"valueRequired\":true,\"valueName\":\"search_term_string\"}}],\"inLanguage\":\"en-US\"},{\"@type\":\"Organization\",\"@id\":\"https:\/\/www.esdes.fr\/en\/#organization\",\"name\":\"ESDES Business School\",\"url\":\"https:\/\/www.esdes.fr\/en\/\",\"logo\":{\"@type\":\"ImageObject\",\"inLanguage\":\"en-US\",\"@id\":\"https:\/\/www.esdes.fr\/en\/#\/schema\/logo\/image\/\",\"url\":\"https:\/\/www.esdes.fr\/wp-content\/uploads\/sites\/12\/2020\/05\/logo-esdes-ucly_blanc-website-5.svg\",\"contentUrl\":\"https:\/\/www.esdes.fr\/wp-content\/uploads\/sites\/12\/2020\/05\/logo-esdes-ucly_blanc-website-5.svg\",\"caption\":\"ESDES Business School\"},\"image\":{\"@id\":\"https:\/\/www.esdes.fr\/en\/#\/schema\/logo\/image\/\"}}]}<\/script>\n<!-- \/ Yoast SEO plugin. -->","yoast_head_json":{"title":"Parents of students - ESDES Business School","robots":{"index":"index","follow":"follow","max-snippet":"max-snippet:-1","max-image-preview":"max-image-preview:large","max-video-preview":"max-video-preview:-1"},"canonical":"https:\/\/www.esdes.fr\/en\/parents-of-students\/","og_locale":"en_US","og_type":"article","og_title":"Parents of students - ESDES Business School","og_description":"ESDES Lyon Business School is a top business and management school AACSB accredited and member of the Conf\u00e9rence des Grandes \u00c9coles (CGE). Its Grande [&hellip;]","og_url":"https:\/\/www.esdes.fr\/en\/parents-of-students\/","og_site_name":"ESDES Business School","article_modified_time":"2021-12-08T16:20:24+00:00","og_image":[{"width":1920,"height":575,"url":"https:\/\/www.esdes.fr\/wp-content\/uploads\/sites\/12\/2020\/05\/1920x575-rdd.jpg","type":"image\/jpeg"}],"twitter_card":"summary_large_image","twitter_misc":{"Est. reading time":"1 minute"},"schema":{"@context":"https:\/\/schema.org","@graph":[{"@type":"WebPage","@id":"https:\/\/www.esdes.fr\/en\/parents-of-students\/","url":"https:\/\/www.esdes.fr\/en\/parents-of-students\/","name":"Parents of students - ESDES Business School","isPartOf":{"@id":"https:\/\/www.esdes.fr\/en\/#website"},"primaryImageOfPage":{"@id":"https:\/\/www.esdes.fr\/en\/parents-of-students\/#primaryimage"},"image":{"@id":"https:\/\/www.esdes.fr\/en\/parents-of-students\/#primaryimage"},"thumbnailUrl":"https:\/\/www.esdes.fr\/wp-content\/uploads\/sites\/12\/2020\/05\/1920x575-rdd.jpg","datePublished":"2020-02-14T14:35:44+00:00","dateModified":"2021-12-08T16:20:24+00:00","breadcrumb":{"@id":"https:\/\/www.esdes.fr\/en\/parents-of-students\/#breadcrumb"},"inLanguage":"en-US","potentialAction":[{"@type":"ReadAction","target":["https:\/\/www.esdes.fr\/en\/parents-of-students\/"]}]},{"@type":"ImageObject","inLanguage":"en-US","@id":"https:\/\/www.esdes.fr\/en\/parents-of-students\/#primaryimage","url":"https:\/\/www.esdes.fr\/wp-content\/uploads\/sites\/12\/2020\/05\/1920x575-rdd.jpg","contentUrl":"https:\/\/www.esdes.fr\/wp-content\/uploads\/sites\/12\/2020\/05\/1920x575-rdd.jpg","width":1920,"height":575,"caption":"header remise des dipl\u00f4mes RDD ESDES dipl\u00f4m\u00e9s chapeau"},{"@type":"BreadcrumbList","@id":"https:\/\/www.esdes.fr\/en\/parents-of-students\/#breadcrumb","itemListElement":[{"@type":"ListItem","position":1,"name":"Accueil","item":"https:\/\/www.esdes.fr\/en\/"},{"@type":"ListItem","position":2,"name":"Parents of students"}]},{"@type":"WebSite","@id":"https:\/\/www.esdes.fr\/en\/#website","url":"https:\/\/www.esdes.fr\/en\/","name":"ESDES Business School","description":"ESDES - Grande \u00c9cole de management et commerce","publisher":{"@id":"https:\/\/www.esdes.fr\/en\/#organization"},"potentialAction":[{"@type":"SearchAction","target":{"@type":"EntryPoint","urlTemplate":"https:\/\/www.esdes.fr\/en\/?s={search_term_string}"},"query-input":{"@type":"PropertyValueSpecification","valueRequired":true,"valueName":"search_term_string"}}],"inLanguage":"en-US"},{"@type":"Organization","@id":"https:\/\/www.esdes.fr\/en\/#organization","name":"ESDES Business School","url":"https:\/\/www.esdes.fr\/en\/","logo":{"@type":"ImageObject","inLanguage":"en-US","@id":"https:\/\/www.esdes.fr\/en\/#\/schema\/logo\/image\/","url":"https:\/\/www.esdes.fr\/wp-content\/uploads\/sites\/12\/2020\/05\/logo-esdes-ucly_blanc-website-5.svg","contentUrl":"https:\/\/www.esdes.fr\/wp-content\/uploads\/sites\/12\/2020\/05\/logo-esdes-ucly_blanc-website-5.svg","caption":"ESDES Business School"},"image":{"@id":"https:\/\/www.esdes.fr\/en\/#\/schema\/logo\/image\/"}}]}},"_links":{"self":[{"href":"https:\/\/www.esdes.fr\/en\/wp-json\/wp\/v2\/pages\/14990","targetHints":{"allow":["GET"]}}],"collection":[{"href":"https:\/\/www.esdes.fr\/en\/wp-json\/wp\/v2\/pages"}],"about":[{"href":"https:\/\/www.esdes.fr\/en\/wp-json\/wp\/v2\/types\/page"}],"author":[{"embeddable":true,"href":"https:\/\/www.esdes.fr\/en\/wp-json\/wp\/v2\/users\/64"}],"replies":[{"embeddable":true,"href":"https:\/\/www.esdes.fr\/en\/wp-json\/wp\/v2\/comments?post=14990"}],"version-history":[{"count":13,"href":"https:\/\/www.esdes.fr\/en\/wp-json\/wp\/v2\/pages\/14990\/revisions"}],"predecessor-version":[{"id":19607,"href":"https:\/\/www.esdes.fr\/en\/wp-json\/wp\/v2\/pages\/14990\/revisions\/19607"}],"wp:featuredmedia":[{"embeddable":true,"href":"https:\/\/www.esdes.fr\/en\/wp-json\/wp\/v2\/media\/2396"}],"wp:attachment":[{"href":"https:\/\/www.esdes.fr\/en\/wp-json\/wp\/v2\/media?parent=14990"}],"curies":[{"name":"wp","href":"https:\/\/api.w.org\/{rel}","templated":true}]}}